{"id":87,"date":"2020-09-17T15:43:06","date_gmt":"2020-09-17T13:43:06","guid":{"rendered":"https:\/\/mei.ms-dev.it\/?page_id=87"},"modified":"2022-03-10T12:04:36","modified_gmt":"2022-03-10T11:04:36","slug":"magazine-si-magazine","status":"publish","type":"page","link":"https:\/\/www.museoemigrazioneitaliana.org\/ro\/il-lavoro\/negozi-e-negozi\/","title":{"rendered":"Magazine \u0219i magazine"},"content":{"rendered":"<p>Pentru emigran\u021bii care s-au orientat c\u0103tre comer\u021b, \u00eenceputurile au fost mai mult sau mai pu\u021bin acelea\u0219i: dup\u0103 sosirea \u00een noua \u021bar\u0103, ace\u0219tia au lucrat timp de c\u00e2\u021biva ani ca angaja\u021bi ai rudelor sau prietenilor care i-au \u00eendemnat \u0219i i-au ajutat s\u0103 emigreze. Fire\u0219te, aceast\u0103 faz\u0103 ini\u021bial\u0103 a fost s\u0103rit\u0103 de cei care, dota\u021bi deja cu capital propriu, oric\u00e2t de mic, au \u00eenceput direct \u00een comer\u021bul foarte mic. Pe aceast\u0103 cale, familia a jucat \u00eentotdeauna un rol fundamental, nu numai ca furnizor al mijloacelor economice ini\u021biale, ci \u0219i, \u00een cazul emigr\u0103rii, totale sau par\u021biale, a nucleului familial, prin implicarea direct\u0103 \u00een gestionarea \u00eentreprinderii.<\/p>\n<p>Primele magazine au fost mici magazine, \u00een special \u00een sectorul alimentar, \u0219i au avut ca prim\u0103 clientel\u0103 comunitatea italian\u0103. Pe vitrinele multor magazine, de fapt, era scris cu m\u00e2ndrie c\u0103 se vindeau produse italiene autentice.<\/p>\n<p>Prin urmare, pentru majoritatea comercian\u021bilor, culmea norocului a fost atins\u0103 odat\u0103 cu \u00eenfiin\u021barea unei \u00eentreprinderi de o anumit\u0103 amploare. Cu toate acestea, unele dintre aceste \u00eentreprinderi au reu\u0219it s\u0103 se consolideze \u00een timp \u0219i c\u00e2teva magazine s-au transformat \u00een \u00eentreprinderi puternice de produc\u021bie \u0219i prelucrare a produselor din sol \u0219i animale sau \u00een mari \u00eentreprinderi de distribu\u021bie interna\u021bional\u0103.<\/p>\n<p>Faptul c\u0103 ace\u0219ti noi industria\u0219i proveneau din sectoarele comerciale le-a oferit un avantaj datorit\u0103 cunoa\u0219terii prealabile a situa\u021biei pie\u021bei interne, a surselor de aprovizionare \u0219i a posibilit\u0103\u021bilor de acces mai u\u0219or la credite.<\/p>\n\t\t\t\t\t<ul id=\"menu-il-lavoro\"><li id=\"menu-item-410\"><a href=\"https:\/\/www.museoemigrazioneitaliana.org\/ro\/munca\/\">Activitatea<\/a>\n<ul>\n\t<li id=\"menu-item-416\"><a href=\"https:\/\/www.museoemigrazioneitaliana.org\/ro\/munca\/pe-strada-vanzatorii-ambulanti-si-copiii\/\">Pe strad\u0103 v\u00e2nz\u0103tori ambulan\u021bi \u0219i copii<\/a><\/li>\n\t<li id=\"menu-item-411\"><a href=\"https:\/\/www.museoemigrazioneitaliana.org\/ro\/munca\/brate-puternice-si-munca-grea\/\">Bra\u021be puternice \u0219i munc\u0103 grea<\/a><\/li>\n\t<li id=\"menu-item-415\"><a href=\"https:\/\/www.museoemigrazioneitaliana.org\/ro\/munca\/lucrari-marete-si-averi-remarcabile\/\">Lucr\u0103ri m\u0103re\u021be \u0219i averi remarcabile<\/a><\/li>\n\t<li id=\"menu-item-413\"><a href=\"https:\/\/www.museoemigrazioneitaliana.org\/ro\/munca\/femei-fragile\/\">Femei \"fragile<\/a><\/li>\n\t<li id=\"menu-item-414\"><a href=\"https:\/\/www.museoemigrazioneitaliana.org\/ro\/munca\/magazine-si-magazine\/\">Magazine \u0219i magazine<\/a><\/li>\n\t<li id=\"menu-item-412\"><a href=\"https:\/\/www.museoemigrazioneitaliana.org\/ro\/munca\/de-la-scullions-la-maestri\/\">De la scullions la mae\u0219tri<\/a><\/li>\n<\/ul>\n<\/li>\n<\/ul>","protected":false},"excerpt":{"rendered":"<p>Per gli emigrati che si dedicarono al commercio gli inizi furono pressoch\u00e9 uguali: dopo l&#8217;arrivo nel nuovo paese lavorarono per alcuni anni come dipendenti dei parenti o degli amici che li avevano esortati e aiutati a emigrare. Naturalmente questa fase iniziale venne saltata da coloro che, gi\u00e0 dotati di un proprio capitale, per quanto minimo, [&hellip;]<\/p>\n","protected":false},"author":1,"featured_media":0,"parent":77,"menu_order":0,"comment_status":"closed","ping_status":"open","template":"","meta":{"_acf_changed":false,"site-sidebar-layout":"default","site-content-layout":"default","ast-site-content-layout":"default","site-content-style":"default","site-sidebar-style":"default","ast-global-header-display":"","ast-banner-title-visibility":"","ast-main-header-display":"","ast-hfb-above-header-display":"","ast-hfb-below-header-display":"","ast-hfb-mobile-header-display":"","site-post-title":"","ast-breadcrumbs-content":"","ast-featured-img":"","footer-sml-layout":"","ast-disable-related-posts":"","theme-transparent-header-meta":"default","adv-header-id-meta":"","stick-header-meta":"","header-above-stick-meta":"","header-main-stick-meta":"","header-below-stick-meta":"","astra-migrate-meta-layouts":"default","ast-page-background-enabled":"default","ast-page-background-meta":{"desktop":{"background-color":"","background-image":"","background-repeat":"repeat","background-position":"center center","background-size":"auto","background-attachment":"scroll","background-type":"","background-media":"","overlay-type":"","overlay-color":"","overlay-opacity":"","overlay-gradient":""},"tablet":{"background-color":"","background-image":"","background-repeat":"repeat","background-position":"center center","background-size":"auto","background-attachment":"scroll","background-type":"","background-media":"","overlay-type":"","overlay-color":"","overlay-opacity":"","overlay-gradient":""},"mobile":{"background-color":"","background-image":"","background-repeat":"repeat","background-position":"center center","background-size":"auto","background-attachment":"scroll","background-type":"","background-media":"","overlay-type":"","overlay-color":"","overlay-opacity":"","overlay-gradient":""}},"ast-content-background-meta":{"desktop":{"background-color":"var(--ast-global-color-5)","background-image":"","background-repeat":"repeat","background-position":"center center","background-size":"auto","background-attachment":"scroll","background-type":"","background-media":"","overlay-type":"","overlay-color":"","overlay-opacity":"","overlay-gradient":""},"tablet":{"background-color":"var(--ast-global-color-5)","background-image":"","background-repeat":"repeat","background-position":"center center","background-size":"auto","background-attachment":"scroll","background-type":"","background-media":"","overlay-type":"","overlay-color":"","overlay-opacity":"","overlay-gradient":""},"mobile":{"background-color":"var(--ast-global-color-5)","background-image":"","background-repeat":"repeat","background-position":"center center","background-size":"auto","background-attachment":"scroll","background-type":"","background-media":"","overlay-type":"","overlay-color":"","overlay-opacity":"","overlay-gradient":""}},"footnotes":""},"class_list":["post-87","page","type-page","status-publish","hentry"],"acf":[],"_links":{"self":[{"href":"https:\/\/www.museoemigrazioneitaliana.org\/ro\/wp-json\/wp\/v2\/pages\/87","targetHints":{"allow":["GET"]}}],"collection":[{"href":"https:\/\/www.museoemigrazioneitaliana.org\/ro\/wp-json\/wp\/v2\/pages"}],"about":[{"href":"https:\/\/www.museoemigrazioneitaliana.org\/ro\/wp-json\/wp\/v2\/types\/page"}],"author":[{"embeddable":true,"href":"https:\/\/www.museoemigrazioneitaliana.org\/ro\/wp-json\/wp\/v2\/users\/1"}],"replies":[{"embeddable":true,"href":"https:\/\/www.museoemigrazioneitaliana.org\/ro\/wp-json\/wp\/v2\/comments?post=87"}],"version-history":[{"count":2,"href":"https:\/\/www.museoemigrazioneitaliana.org\/ro\/wp-json\/wp\/v2\/pages\/87\/revisions"}],"predecessor-version":[{"id":3197,"href":"https:\/\/www.museoemigrazioneitaliana.org\/ro\/wp-json\/wp\/v2\/pages\/87\/revisions\/3197"}],"up":[{"embeddable":true,"href":"https:\/\/www.museoemigrazioneitaliana.org\/ro\/wp-json\/wp\/v2\/pages\/77"}],"wp:attachment":[{"href":"https:\/\/www.museoemigrazioneitaliana.org\/ro\/wp-json\/wp\/v2\/media?parent=87"}],"curies":[{"name":"wp","href":"https:\/\/api.w.org\/{rel}","templated":true}]}}