{"id":71,"date":"2020-09-17T15:40:13","date_gmt":"2020-09-17T13:40:13","guid":{"rendered":"https:\/\/mei.ms-dev.it\/?page_id=71"},"modified":"2022-03-10T11:01:14","modified_gmt":"2022-03-10T10:01:14","slug":"australia","status":"publish","type":"page","link":"https:\/\/www.museoemigrazioneitaliana.org\/ro\/le-mete\/australia\/","title":{"rendered":"Australia"},"content":{"rendered":"<p>\u00cen timpul primelor valuri de migra\u021bie italian\u0103, \u00eentre sf\u00e2r\u0219itul secolului al XIX-lea \u0219i primele decenii ale secolului al XX-lea, Australia nu a fost o destina\u021bie foarte popular\u0103 pentru compatrio\u021bii no\u0219tri. Acest lucru se datora, probabil, faptului c\u0103 era o regiune pu\u021bin cunoscut\u0103, mult mai \u00eendep\u0103rtat\u0103 \u0219i mai greu de atins dec\u00e2t alte \u021b\u0103ri, inclusiv din cauza costurilor ridicate de c\u0103l\u0103torie.<\/p>\n<p>\u00cen deceniile urm\u0103toare, interesul pentru Australia a crescut, dar abia odat\u0103 cu ambi\u021biosul program al ministrului australian al imigra\u021biei, Arthur Caldwell, care era foarte avantajos pentru emigran\u021bii din Europa, a \u00eenceput un adev\u0103rat flux migrator din Italia. \u00centre 1951 \u0219i 1969, peste 200.000 de italieni au sosit \u00een ora\u0219e precum Sydney, Melbourne, Perth \u0219i Adelaide, unde au g\u0103sit de lucru \u00een construc\u021bii \u0219i \u00een domeniul construc\u021biilor rutiere \u0219i feroviare. Al\u021bii au ales mediul rural australian, ajung\u00e2nd, de exemplu, \u00een teritoriile din nord-estul \u021b\u0103rii, cum ar fi Queensland, unde exista o mare cerere de for\u021b\u0103 de munc\u0103 pentru cultivarea trestiei de zah\u0103r.<\/p>\n<p>\u00cencep\u00e2nd cu 1970, fluxul de emigrare a sc\u0103zut, dar, datorit\u0103 emigran\u021bilor, italiana a devenit a doua cea mai vorbit\u0103 \u0219i \u00eenv\u0103\u021bat\u0103 limb\u0103 din Australia, dup\u0103 englez\u0103, iar italienii au avut o influen\u021b\u0103 semnificativ\u0103 asupra culturii \u0219i societ\u0103\u021bii australiene.<\/p>\n\t\t\t\t<img loading=\"lazy\" decoding=\"async\" src=\"https:\/\/www.museoemigrazioneitaliana.org\/wp-content\/uploads\/2022\/01\/Tagliatori-di-canna-ok.jpg\" alt=\"Australia, Queensland, \u00een jurul anului 1920. T\u0103ietori de trestie de zah\u0103r\" itemprop=\"image\" height=\"607\" width=\"800\" title=\"T\u0103ietori de trestie OK\" onerror=\"this.style.display='none'\"  \/>\n\t\tAustralia, Queensland, \u00een jurul anului 1920. T\u0103ietori de trestie de zah\u0103r\n\t\t\t\t\t<ul id=\"menu-le-mete\"><li id=\"menu-item-403\"><a href=\"https:\/\/www.museoemigrazioneitaliana.org\/ro\/destinatii\/\">Destina\u021bii<\/a>\n<ul>\n\t<li id=\"menu-item-409\"><a href=\"https:\/\/www.museoemigrazioneitaliana.org\/ro\/destinatii\/larrivo\/\">Sosire<\/a><\/li>\n\t<li id=\"menu-item-1529\"><a href=\"https:\/\/www.museoemigrazioneitaliana.org\/ro\/destinatii\/america-de-nord\/\">America de Nord<\/a><\/li>\n\t<li id=\"menu-item-1530\"><a href=\"https:\/\/www.museoemigrazioneitaliana.org\/ro\/destinatii\/america-de-sud\/\">America de Sud<\/a><\/li>\n\t<li id=\"menu-item-1532\"><a href=\"https:\/\/www.museoemigrazioneitaliana.org\/ro\/destinatii\/europa\/\">Europa<\/a><\/li>\n\t<li id=\"menu-item-1531\"><a href=\"https:\/\/www.museoemigrazioneitaliana.org\/ro\/destinatii\/australia\/\">Australia<\/a><\/li>\n\t<li id=\"menu-item-1528\"><a href=\"https:\/\/www.museoemigrazioneitaliana.org\/ro\/destinatii\/africa\/\">Africa<\/a><\/li>\n<\/ul>\n<\/li>\n<\/ul>","protected":false},"excerpt":{"rendered":"<p>Durante le prime ondate migratorie italiane, tra la fine dell&#8217;Ottocento e i primi decenni del Novecento, l&#8217;Australia non ha rappresentato una meta molto ambita per i nostri connazionali. Probabilmente questo \u00e8 dovuto al fatto che si trattava di una regione scarsamente conosciuta, molto pi\u00f9 lontana e pi\u00f9 difficile, anche per i costi elevati del viaggio, [&hellip;]<\/p>\n","protected":false},"author":1,"featured_media":0,"parent":63,"menu_order":0,"comment_status":"closed","ping_status":"open","template":"","meta":{"_acf_changed":false,"site-sidebar-layout":"default","site-content-layout":"default","ast-site-content-layout":"default","site-content-style":"default","site-sidebar-style":"default","ast-global-header-display":"","ast-banner-title-visibility":"","ast-main-header-display":"","ast-hfb-above-header-display":"","ast-hfb-below-header-display":"","ast-hfb-mobile-header-display":"","site-post-title":"","ast-breadcrumbs-content":"","ast-featured-img":"","footer-sml-layout":"","ast-disable-related-posts":"","theme-transparent-header-meta":"default","adv-header-id-meta":"","stick-header-meta":"","header-above-stick-meta":"","header-main-stick-meta":"","header-below-stick-meta":"","astra-migrate-meta-layouts":"default","ast-page-background-enabled":"default","ast-page-background-meta":{"desktop":{"background-color":"","background-image":"","background-repeat":"repeat","background-position":"center center","background-size":"auto","background-attachment":"scroll","background-type":"","background-media":"","overlay-type":"","overlay-color":"","overlay-opacity":"","overlay-gradient":""},"tablet":{"background-color":"","background-image":"","background-repeat":"repeat","background-position":"center center","background-size":"auto","background-attachment":"scroll","background-type":"","background-media":"","overlay-type":"","overlay-color":"","overlay-opacity":"","overlay-gradient":""},"mobile":{"background-color":"","background-image":"","background-repeat":"repeat","background-position":"center center","background-size":"auto","background-attachment":"scroll","background-type":"","background-media":"","overlay-type":"","overlay-color":"","overlay-opacity":"","overlay-gradient":""}},"ast-content-background-meta":{"desktop":{"background-color":"var(--ast-global-color-5)","background-image":"","background-repeat":"repeat","background-position":"center center","background-size":"auto","background-attachment":"scroll","background-type":"","background-media":"","overlay-type":"","overlay-color":"","overlay-opacity":"","overlay-gradient":""},"tablet":{"background-color":"var(--ast-global-color-5)","background-image":"","background-repeat":"repeat","background-position":"center center","background-size":"auto","background-attachment":"scroll","background-type":"","background-media":"","overlay-type":"","overlay-color":"","overlay-opacity":"","overlay-gradient":""},"mobile":{"background-color":"var(--ast-global-color-5)","background-image":"","background-repeat":"repeat","background-position":"center center","background-size":"auto","background-attachment":"scroll","background-type":"","background-media":"","overlay-type":"","overlay-color":"","overlay-opacity":"","overlay-gradient":""}},"footnotes":""},"class_list":["post-71","page","type-page","status-publish","hentry"],"acf":[],"_links":{"self":[{"href":"https:\/\/www.museoemigrazioneitaliana.org\/ro\/wp-json\/wp\/v2\/pages\/71","targetHints":{"allow":["GET"]}}],"collection":[{"href":"https:\/\/www.museoemigrazioneitaliana.org\/ro\/wp-json\/wp\/v2\/pages"}],"about":[{"href":"https:\/\/www.museoemigrazioneitaliana.org\/ro\/wp-json\/wp\/v2\/types\/page"}],"author":[{"embeddable":true,"href":"https:\/\/www.museoemigrazioneitaliana.org\/ro\/wp-json\/wp\/v2\/users\/1"}],"replies":[{"embeddable":true,"href":"https:\/\/www.museoemigrazioneitaliana.org\/ro\/wp-json\/wp\/v2\/comments?post=71"}],"version-history":[{"count":2,"href":"https:\/\/www.museoemigrazioneitaliana.org\/ro\/wp-json\/wp\/v2\/pages\/71\/revisions"}],"predecessor-version":[{"id":3184,"href":"https:\/\/www.museoemigrazioneitaliana.org\/ro\/wp-json\/wp\/v2\/pages\/71\/revisions\/3184"}],"up":[{"embeddable":true,"href":"https:\/\/www.museoemigrazioneitaliana.org\/ro\/wp-json\/wp\/v2\/pages\/63"}],"wp:attachment":[{"href":"https:\/\/www.museoemigrazioneitaliana.org\/ro\/wp-json\/wp\/v2\/media?parent=71"}],"curies":[{"name":"wp","href":"https:\/\/api.w.org\/{rel}","templated":true}]}}