{"id":65,"date":"2020-09-17T15:39:15","date_gmt":"2020-09-17T13:39:15","guid":{"rendered":"https:\/\/mei.ms-dev.it\/?page_id=65"},"modified":"2022-01-27T10:29:07","modified_gmt":"2022-01-27T09:29:07","slug":"america-de-nord","status":"publish","type":"page","link":"https:\/\/www.museoemigrazioneitaliana.org\/ro\/le-mete\/america-del-nord\/","title":{"rendered":"America de Nord"},"content":{"rendered":"Fluxul migrator italian c\u0103tre Canada \u0219i Statele Unite a avut unele caracteristici comune \u0219i o diferen\u021biere notabil\u0103 \u00een ceea ce prive\u0219te num\u0103rul \u0219i momentul.<br \/>\nCifrele generale sunt clare: Canada, \u00eentre 1876 \u0219i 1976, a primit pu\u021bin peste jum\u0103tate de milion de emigran\u021bi, fa\u021b\u0103 de aproximativ \u0219ase milioane \u00een Statele Unite.<br \/>\nLa \u00eenceputul secolului al XX-lea, \u00een Canada erau 6.854 de italieni. \u00cen Statele Unite, aproximativ un milion.<br \/>\nDe fapt, Canada nu a devenit o \u021bar\u0103 de emigrare dec\u00e2t dup\u0103 cel de-al Doilea R\u0103zboi Mondial c\u00e2nd, ca urmare a cre\u0219terii sale economice, fluxul din Italia a crescut brusc. Cel din Statele Unite a fost mic \u0219i constant \u00een cursul acelora\u0219i ani.<br \/>\n\u00cen ambele state, o mare parte dintre imigran\u021bi \u0219i-au g\u0103sit ini\u021bial de lucru \u00een construc\u021bia pe scar\u0103 larg\u0103 de c\u0103i ferate sau alte lucr\u0103ri publice.<br \/>\nAngajamentul lor fa\u021b\u0103 de munc\u0103 i-a determinat pe italieni s\u0103 fac\u0103 un salt decisiv \u00een rol: ini\u021bial, ei erau de \"na\u021bionalitate nepreferabil\u0103\". \u00cen timp, ei au ajuns s\u0103 fie aprecia\u021bi \u0219i stima\u021bi.\n\t\t\t\t\t<ul id=\"menu-le-mete\"><li id=\"menu-item-403\"><a href=\"https:\/\/www.museoemigrazioneitaliana.org\/ro\/destinatii\/\">Destina\u021bii<\/a>\n<ul>\n\t<li id=\"menu-item-409\"><a href=\"https:\/\/www.museoemigrazioneitaliana.org\/ro\/destinatii\/larrivo\/\">Sosire<\/a><\/li>\n\t<li id=\"menu-item-1529\"><a href=\"https:\/\/www.museoemigrazioneitaliana.org\/ro\/destinatii\/america-de-nord\/\">America de Nord<\/a><\/li>\n\t<li id=\"menu-item-1530\"><a href=\"https:\/\/www.museoemigrazioneitaliana.org\/ro\/destinatii\/america-de-sud\/\">America de Sud<\/a><\/li>\n\t<li id=\"menu-item-1532\"><a href=\"https:\/\/www.museoemigrazioneitaliana.org\/ro\/destinatii\/europa\/\">Europa<\/a><\/li>\n\t<li id=\"menu-item-1531\"><a href=\"https:\/\/www.museoemigrazioneitaliana.org\/ro\/destinatii\/australia\/\">Australia<\/a><\/li>\n\t<li id=\"menu-item-1528\"><a href=\"https:\/\/www.museoemigrazioneitaliana.org\/ro\/destinatii\/africa\/\">Africa<\/a><\/li>\n<\/ul>\n<\/li>\n<\/ul>\t\n\t<h5>\n\t\tInsights\n\t<\/h5>\n\t<h6><strong>Merica\" este Miss Liberty<\/strong><\/h6>\n<p>Statuia Libert\u0103\u021bii - numit\u0103 \u00eentotdeauna Miss Liberty - a fost donat\u0103 de Fran\u021ba Statelor Unite \u00een semn de prietenie \u0219i a fost str\u00e2ns legat\u0103 de fenomenul emigra\u021biei ... (<a href=\"https:\/\/www.museoemigrazioneitaliana.org\/ro\/perspective\/merica-si-miss-liberty\/\">urmeaz\u0103<\/a>)<\/p>\n\t\t\t\t<img loading=\"lazy\" decoding=\"async\" src=\"https:\/\/www.museoemigrazioneitaliana.org\/wp-content\/uploads\/2022\/01\/6936-ok.jpg\" alt=\"Av\u00e2nd \u00een vedere New York\" itemprop=\"image\" height=\"519\" width=\"800\" title=\"6936 OK\" onerror=\"this.style.display='none'\"  \/>\n\t\tAv\u00e2nd \u00een vedere New York","protected":false},"excerpt":{"rendered":"<p>Il flusso migratorio italiano in Canada e negli Stati Uniti ha avuto alcune caratteristiche comuni ed una notevole differenziazione per numeri e tempi. Le cifre complessive sono chiare: il Canada, tra il 1876 e il 1976, ha accolto poco pi\u00f9 di mezzo milione di emigrati di fronte ai circa sei milioni degli Stati Uniti. All&#8217;inizio [&hellip;]<\/p>\n","protected":false},"author":1,"featured_media":0,"parent":63,"menu_order":0,"comment_status":"closed","ping_status":"open","template":"","meta":{"_acf_changed":false,"site-sidebar-layout":"default","site-content-layout":"default","ast-site-content-layout":"default","site-content-style":"default","site-sidebar-style":"default","ast-global-header-display":"","ast-banner-title-visibility":"","ast-main-header-display":"","ast-hfb-above-header-display":"","ast-hfb-below-header-display":"","ast-hfb-mobile-header-display":"","site-post-title":"","ast-breadcrumbs-content":"","ast-featured-img":"","footer-sml-layout":"","ast-disable-related-posts":"","theme-transparent-header-meta":"default","adv-header-id-meta":"","stick-header-meta":"","header-above-stick-meta":"","header-main-stick-meta":"","header-below-stick-meta":"","astra-migrate-meta-layouts":"default","ast-page-background-enabled":"default","ast-page-background-meta":{"desktop":{"background-color":"","background-image":"","background-repeat":"repeat","background-position":"center center","background-size":"auto","background-attachment":"scroll","background-type":"","background-media":"","overlay-type":"","overlay-color":"","overlay-opacity":"","overlay-gradient":""},"tablet":{"background-color":"","background-image":"","background-repeat":"repeat","background-position":"center center","background-size":"auto","background-attachment":"scroll","background-type":"","background-media":"","overlay-type":"","overlay-color":"","overlay-opacity":"","overlay-gradient":""},"mobile":{"background-color":"","background-image":"","background-repeat":"repeat","background-position":"center center","background-size":"auto","background-attachment":"scroll","background-type":"","background-media":"","overlay-type":"","overlay-color":"","overlay-opacity":"","overlay-gradient":""}},"ast-content-background-meta":{"desktop":{"background-color":"var(--ast-global-color-5)","background-image":"","background-repeat":"repeat","background-position":"center center","background-size":"auto","background-attachment":"scroll","background-type":"","background-media":"","overlay-type":"","overlay-color":"","overlay-opacity":"","overlay-gradient":""},"tablet":{"background-color":"var(--ast-global-color-5)","background-image":"","background-repeat":"repeat","background-position":"center center","background-size":"auto","background-attachment":"scroll","background-type":"","background-media":"","overlay-type":"","overlay-color":"","overlay-opacity":"","overlay-gradient":""},"mobile":{"background-color":"var(--ast-global-color-5)","background-image":"","background-repeat":"repeat","background-position":"center center","background-size":"auto","background-attachment":"scroll","background-type":"","background-media":"","overlay-type":"","overlay-color":"","overlay-opacity":"","overlay-gradient":""}},"footnotes":""},"class_list":["post-65","page","type-page","status-publish","hentry"],"acf":[],"_links":{"self":[{"href":"https:\/\/www.museoemigrazioneitaliana.org\/ro\/wp-json\/wp\/v2\/pages\/65","targetHints":{"allow":["GET"]}}],"collection":[{"href":"https:\/\/www.museoemigrazioneitaliana.org\/ro\/wp-json\/wp\/v2\/pages"}],"about":[{"href":"https:\/\/www.museoemigrazioneitaliana.org\/ro\/wp-json\/wp\/v2\/types\/page"}],"author":[{"embeddable":true,"href":"https:\/\/www.museoemigrazioneitaliana.org\/ro\/wp-json\/wp\/v2\/users\/1"}],"replies":[{"embeddable":true,"href":"https:\/\/www.museoemigrazioneitaliana.org\/ro\/wp-json\/wp\/v2\/comments?post=65"}],"version-history":[{"count":2,"href":"https:\/\/www.museoemigrazioneitaliana.org\/ro\/wp-json\/wp\/v2\/pages\/65\/revisions"}],"predecessor-version":[{"id":1725,"href":"https:\/\/www.museoemigrazioneitaliana.org\/ro\/wp-json\/wp\/v2\/pages\/65\/revisions\/1725"}],"up":[{"embeddable":true,"href":"https:\/\/www.museoemigrazioneitaliana.org\/ro\/wp-json\/wp\/v2\/pages\/63"}],"wp:attachment":[{"href":"https:\/\/www.museoemigrazioneitaliana.org\/ro\/wp-json\/wp\/v2\/media?parent=65"}],"curies":[{"name":"wp","href":"https:\/\/api.w.org\/{rel}","templated":true}]}}