{"id":63,"date":"2020-09-17T15:38:55","date_gmt":"2020-09-17T13:38:55","guid":{"rendered":"https:\/\/mei.ms-dev.it\/?page_id=63"},"modified":"2022-01-26T11:53:16","modified_gmt":"2022-01-26T10:53:16","slug":"destinatii","status":"publish","type":"page","link":"https:\/\/www.museoemigrazioneitaliana.org\/ro\/le-mete\/","title":{"rendered":"Destina\u021bii"},"content":{"rendered":"<h4>Te duci... unde?<\/h4>\n<p>De\u0219i spre mijlocul secolului al XIX-lea au existat mici nuclee de emigran\u021bi italieni \u00een America, care au plecat adesea \u00een str\u0103in\u0103tate dup\u0103 e\u0219ecul diferitelor revolte Risorgimento, un flux migrator de o anumit\u0103 amploare s-a \u00eendreptat, \u00eencep\u00e2nd cu ultimele decenii ale secolului al XIX-lea, mai \u00eent\u00e2i spre \u021b\u0103rile europene \u0219i a implicat mai \u00eent\u00e2i regiunile nordice - mai ales Liguria - \u0219i abia mai t\u00e2rziu pe cele sudice, care au manifestat totu\u0219i o preferin\u021b\u0103 clar\u0103 pentru destina\u021biile de peste m\u0103ri.<\/p>\n<p>Ceea ce a marcat alegerea dintre cele dou\u0103 Americi a fost dac\u0103 avea sau nu bani de investit \u00een expatriere. Era mai scump s\u0103 mergi \u00een America Latin\u0103, unde perspectivele economice erau mai bune, problemele lingvistice mai u\u0219or de dep\u0103\u0219it \u0219i diferen\u021bele culturale mai mici. Pe de alt\u0103 parte, biletul de avion spre Statele Unite costa mai pu\u021bin \u0219i era u\u0219or, \u00eentr-o \u021bar\u0103 \u00een curs de dezvoltare rapid\u0103, s\u0103 g\u0103se\u0219ti de lucru, chiar dac\u0103 slab calificat sau necalificat, \u00een agricultur\u0103 sau \u00een \u00eentreprinderi industriale. \u00cen plus, lucrul \u00een domeniul construc\u021biilor de infrastructur\u0103 permitea uneori un ritm sezonier care permitea \u00eentoarcerea periodic\u0103 acas\u0103, dac\u0103 se dorea.<\/p>\n\t\t\t\t\t<ul id=\"menu-le-mete\"><li id=\"menu-item-403\"><a href=\"https:\/\/www.museoemigrazioneitaliana.org\/ro\/destinatii\/\">Destina\u021bii<\/a>\n<ul>\n\t<li id=\"menu-item-409\"><a href=\"https:\/\/www.museoemigrazioneitaliana.org\/ro\/destinatii\/larrivo\/\">Sosire<\/a><\/li>\n\t<li id=\"menu-item-1529\"><a href=\"https:\/\/www.museoemigrazioneitaliana.org\/ro\/destinatii\/america-de-nord\/\">America de Nord<\/a><\/li>\n\t<li id=\"menu-item-1530\"><a href=\"https:\/\/www.museoemigrazioneitaliana.org\/ro\/destinatii\/america-de-sud\/\">America de Sud<\/a><\/li>\n\t<li id=\"menu-item-1532\"><a href=\"https:\/\/www.museoemigrazioneitaliana.org\/ro\/destinatii\/europa\/\">Europa<\/a><\/li>\n\t<li id=\"menu-item-1531\"><a href=\"https:\/\/www.museoemigrazioneitaliana.org\/ro\/destinatii\/australia\/\">Australia<\/a><\/li>\n\t<li id=\"menu-item-1528\"><a href=\"https:\/\/www.museoemigrazioneitaliana.org\/ro\/destinatii\/africa\/\">Africa<\/a><\/li>\n<\/ul>\n<\/li>\n<\/ul>","protected":false},"excerpt":{"rendered":"<p>Si va&#8230; dove? Anche se verso la met\u00e0 dell&#8217;Ottocento esistevano nelle Americhe piccoli nuclei di emigrati italiani spesso andati all&#8217;estero dopo il fallimento dei vari moti risorgimentali, un flusso migratorio di una certa consistenza si diresse, con inizio negli ultimi decenni dell&#8217;Ottocento, dapprima verso i paesi europei e coinvolse per prime le regioni settentrionali &#8211; [&hellip;]<\/p>\n","protected":false},"author":1,"featured_media":0,"parent":0,"menu_order":0,"comment_status":"closed","ping_status":"open","template":"","meta":{"_acf_changed":false,"site-sidebar-layout":"default","site-content-layout":"default","ast-site-content-layout":"default","site-content-style":"default","site-sidebar-style":"default","ast-global-header-display":"","ast-banner-title-visibility":"","ast-main-header-display":"","ast-hfb-above-header-display":"","ast-hfb-below-header-display":"","ast-hfb-mobile-header-display":"","site-post-title":"","ast-breadcrumbs-content":"","ast-featured-img":"","footer-sml-layout":"","ast-disable-related-posts":"","theme-transparent-header-meta":"default","adv-header-id-meta":"","stick-header-meta":"","header-above-stick-meta":"","header-main-stick-meta":"","header-below-stick-meta":"","astra-migrate-meta-layouts":"default","ast-page-background-enabled":"default","ast-page-background-meta":{"desktop":{"background-color":"","background-image":"","background-repeat":"repeat","background-position":"center center","background-size":"auto","background-attachment":"scroll","background-type":"","background-media":"","overlay-type":"","overlay-color":"","overlay-opacity":"","overlay-gradient":""},"tablet":{"background-color":"","background-image":"","background-repeat":"repeat","background-position":"center center","background-size":"auto","background-attachment":"scroll","background-type":"","background-media":"","overlay-type":"","overlay-color":"","overlay-opacity":"","overlay-gradient":""},"mobile":{"background-color":"","background-image":"","background-repeat":"repeat","background-position":"center center","background-size":"auto","background-attachment":"scroll","background-type":"","background-media":"","overlay-type":"","overlay-color":"","overlay-opacity":"","overlay-gradient":""}},"ast-content-background-meta":{"desktop":{"background-color":"var(--ast-global-color-5)","background-image":"","background-repeat":"repeat","background-position":"center center","background-size":"auto","background-attachment":"scroll","background-type":"","background-media":"","overlay-type":"","overlay-color":"","overlay-opacity":"","overlay-gradient":""},"tablet":{"background-color":"var(--ast-global-color-5)","background-image":"","background-repeat":"repeat","background-position":"center center","background-size":"auto","background-attachment":"scroll","background-type":"","background-media":"","overlay-type":"","overlay-color":"","overlay-opacity":"","overlay-gradient":""},"mobile":{"background-color":"var(--ast-global-color-5)","background-image":"","background-repeat":"repeat","background-position":"center center","background-size":"auto","background-attachment":"scroll","background-type":"","background-media":"","overlay-type":"","overlay-color":"","overlay-opacity":"","overlay-gradient":""}},"footnotes":""},"class_list":["post-63","page","type-page","status-publish","hentry"],"acf":[],"_links":{"self":[{"href":"https:\/\/www.museoemigrazioneitaliana.org\/ro\/wp-json\/wp\/v2\/pages\/63","targetHints":{"allow":["GET"]}}],"collection":[{"href":"https:\/\/www.museoemigrazioneitaliana.org\/ro\/wp-json\/wp\/v2\/pages"}],"about":[{"href":"https:\/\/www.museoemigrazioneitaliana.org\/ro\/wp-json\/wp\/v2\/types\/page"}],"author":[{"embeddable":true,"href":"https:\/\/www.museoemigrazioneitaliana.org\/ro\/wp-json\/wp\/v2\/users\/1"}],"replies":[{"embeddable":true,"href":"https:\/\/www.museoemigrazioneitaliana.org\/ro\/wp-json\/wp\/v2\/comments?post=63"}],"version-history":[{"count":2,"href":"https:\/\/www.museoemigrazioneitaliana.org\/ro\/wp-json\/wp\/v2\/pages\/63\/revisions"}],"predecessor-version":[{"id":1533,"href":"https:\/\/www.museoemigrazioneitaliana.org\/ro\/wp-json\/wp\/v2\/pages\/63\/revisions\/1533"}],"wp:attachment":[{"href":"https:\/\/www.museoemigrazioneitaliana.org\/ro\/wp-json\/wp\/v2\/media?parent=63"}],"curies":[{"name":"wp","href":"https:\/\/api.w.org\/{rel}","templated":true}]}}