{"id":55,"date":"2020-09-17T15:37:24","date_gmt":"2020-09-17T13:37:24","guid":{"rendered":"https:\/\/mei.ms-dev.it\/?page_id=55"},"modified":"2022-03-10T10:46:13","modified_gmt":"2022-03-10T09:46:13","slug":"in-asteptarea-plecarii","status":"publish","type":"page","link":"https:\/\/www.museoemigrazioneitaliana.org\/ro\/il-viaggio\/in-attesa-della-partenza\/","title":{"rendered":"A\u0219teptarea plec\u0103rii"},"content":{"rendered":"<p>Porturile de \u00eembarcare ale emigran\u021bilor au fost Genova, Napoli \u0219i Palermo.<\/p>\n<p>La \u021b\u0103rile europene se ajungea cu trenul, dar \u0219i \u00een portul francez Le Havre, de unde emigran\u021bii din nord se puteau \u00eembarca mai u\u0219or spre destina\u021biile americane. Num\u0103rul de plec\u0103ri a crescut - toren\u021bial - p\u00e2n\u0103 \u00een ajunul Primului R\u0103zboi Mondial: a fost \"marea emigra\u021bie\".<\/p>\n<p>La sf\u00e2r\u0219itul conflictului \u0219i datorit\u0103 \u00eenchiderii progresive a pie\u021belor de desfacere americane, exodul c\u0103tre destina\u021biile europene a fost reluat, dar cu un num\u0103r redus de expatria\u021bi. La celelalte porturi s-a ad\u0103ugat Trieste.<\/p>\n<p>Dup\u0103 cel de-al Doilea R\u0103zboi Mondial, plec\u0103rile c\u0103tre toate destina\u021biile, fie ele continentale sau intercontinentale, au fost reluate cu o cre\u0219tere considerabil\u0103 a num\u0103rului de zboruri.<\/p>\n\t\t\t\t\t<ul id=\"menu-il-viaggio\"><li id=\"menu-item-398\"><a href=\"https:\/\/www.museoemigrazioneitaliana.org\/ro\/calatoria\/\">C\u0103l\u0103toria<\/a>\n<ul>\n\t<li id=\"menu-item-399\"><a href=\"https:\/\/www.museoemigrazioneitaliana.org\/ro\/calatoria\/in-asteptarea-plecarii\/\">A\u0219teptarea plec\u0103rii<\/a><\/li>\n\t<li id=\"menu-item-401\"><a href=\"https:\/\/www.museoemigrazioneitaliana.org\/ro\/calatoria\/cu-trenul\/\">Cu trenul<\/a><\/li>\n\t<li id=\"menu-item-400\"><a href=\"https:\/\/www.museoemigrazioneitaliana.org\/ro\/calatoria\/pe-nava\/\">Pe nav\u0103<\/a><\/li>\n\t<li id=\"menu-item-402\"><a href=\"https:\/\/www.museoemigrazioneitaliana.org\/ro\/calatoria\/unitati-de-ingrijire\/\">Centre de \u00eengrijire<\/a><\/li>\n<\/ul>\n<\/li>\n<\/ul>","protected":false},"excerpt":{"rendered":"<p>I porti d&#8217;imbarco degli emigranti erano Genova, Napoli, Palermo. In treno si raggiungevano i paesi europei e anche il porto francese di Le Havre da cui era pi\u00f9 agevole, per gli emigranti del Nord, imbarcarsi per le destinazioni americane. Il numero delle partenze crebbe &#8211; torrenziale &#8211; sino alla vigilia della prima guerra mondiale: era [&hellip;]<\/p>\n","protected":false},"author":1,"featured_media":0,"parent":53,"menu_order":0,"comment_status":"closed","ping_status":"open","template":"","meta":{"_acf_changed":false,"site-sidebar-layout":"default","site-content-layout":"default","ast-site-content-layout":"default","site-content-style":"default","site-sidebar-style":"default","ast-global-header-display":"","ast-banner-title-visibility":"","ast-main-header-display":"","ast-hfb-above-header-display":"","ast-hfb-below-header-display":"","ast-hfb-mobile-header-display":"","site-post-title":"","ast-breadcrumbs-content":"","ast-featured-img":"","footer-sml-layout":"","ast-disable-related-posts":"","theme-transparent-header-meta":"default","adv-header-id-meta":"","stick-header-meta":"","header-above-stick-meta":"","header-main-stick-meta":"","header-below-stick-meta":"","astra-migrate-meta-layouts":"default","ast-page-background-enabled":"default","ast-page-background-meta":{"desktop":{"background-color":"","background-image":"","background-repeat":"repeat","background-position":"center center","background-size":"auto","background-attachment":"scroll","background-type":"","background-media":"","overlay-type":"","overlay-color":"","overlay-opacity":"","overlay-gradient":""},"tablet":{"background-color":"","background-image":"","background-repeat":"repeat","background-position":"center center","background-size":"auto","background-attachment":"scroll","background-type":"","background-media":"","overlay-type":"","overlay-color":"","overlay-opacity":"","overlay-gradient":""},"mobile":{"background-color":"","background-image":"","background-repeat":"repeat","background-position":"center center","background-size":"auto","background-attachment":"scroll","background-type":"","background-media":"","overlay-type":"","overlay-color":"","overlay-opacity":"","overlay-gradient":""}},"ast-content-background-meta":{"desktop":{"background-color":"var(--ast-global-color-5)","background-image":"","background-repeat":"repeat","background-position":"center center","background-size":"auto","background-attachment":"scroll","background-type":"","background-media":"","overlay-type":"","overlay-color":"","overlay-opacity":"","overlay-gradient":""},"tablet":{"background-color":"var(--ast-global-color-5)","background-image":"","background-repeat":"repeat","background-position":"center center","background-size":"auto","background-attachment":"scroll","background-type":"","background-media":"","overlay-type":"","overlay-color":"","overlay-opacity":"","overlay-gradient":""},"mobile":{"background-color":"var(--ast-global-color-5)","background-image":"","background-repeat":"repeat","background-position":"center center","background-size":"auto","background-attachment":"scroll","background-type":"","background-media":"","overlay-type":"","overlay-color":"","overlay-opacity":"","overlay-gradient":""}},"footnotes":""},"class_list":["post-55","page","type-page","status-publish","hentry"],"acf":[],"_links":{"self":[{"href":"https:\/\/www.museoemigrazioneitaliana.org\/ro\/wp-json\/wp\/v2\/pages\/55","targetHints":{"allow":["GET"]}}],"collection":[{"href":"https:\/\/www.museoemigrazioneitaliana.org\/ro\/wp-json\/wp\/v2\/pages"}],"about":[{"href":"https:\/\/www.museoemigrazioneitaliana.org\/ro\/wp-json\/wp\/v2\/types\/page"}],"author":[{"embeddable":true,"href":"https:\/\/www.museoemigrazioneitaliana.org\/ro\/wp-json\/wp\/v2\/users\/1"}],"replies":[{"embeddable":true,"href":"https:\/\/www.museoemigrazioneitaliana.org\/ro\/wp-json\/wp\/v2\/comments?post=55"}],"version-history":[{"count":2,"href":"https:\/\/www.museoemigrazioneitaliana.org\/ro\/wp-json\/wp\/v2\/pages\/55\/revisions"}],"predecessor-version":[{"id":3165,"href":"https:\/\/www.museoemigrazioneitaliana.org\/ro\/wp-json\/wp\/v2\/pages\/55\/revisions\/3165"}],"up":[{"embeddable":true,"href":"https:\/\/www.museoemigrazioneitaliana.org\/ro\/wp-json\/wp\/v2\/pages\/53"}],"wp:attachment":[{"href":"https:\/\/www.museoemigrazioneitaliana.org\/ro\/wp-json\/wp\/v2\/media?parent=55"}],"curies":[{"name":"wp","href":"https:\/\/api.w.org\/{rel}","templated":true}]}}