{"id":53,"date":"2020-09-17T15:36:53","date_gmt":"2020-09-17T13:36:53","guid":{"rendered":"https:\/\/mei.ms-dev.it\/?page_id=53"},"modified":"2023-06-09T21:43:36","modified_gmt":"2023-06-09T19:43:36","slug":"calatoria","status":"publish","type":"page","link":"https:\/\/www.museoemigrazioneitaliana.org\/ro\/il-viaggio\/","title":{"rendered":"C\u0103l\u0103toria"},"content":{"rendered":"C\u0103l\u0103toria - adic\u0103 timpul necesar pentru a ajunge \u00een \u021bara de destina\u021bie - este elementul simbolic al \u00eentregului proces de migra\u021bie, al desprinderii de un \"\u00eenainte\" - cunoscut \u0219i iubit, de\u0219i nesatisf\u0103c\u0103tor - pentru a ajunge la un \"dup\u0103\" - cu siguran\u021b\u0103 atractiv, dar aproape complet necunoscut. Este un moment la fel de dificil de tr\u0103it ca \u0219i momentele de cotitur\u0103 din via\u021ba fiec\u0103ruia.<br>\nAm pornit pe jos, cu trenul, cu vapoare lente sau cu nave maritime rapide \u0219i, \u00een cele din urm\u0103, cu avionul.<br>\nAcesta provine \u00een principal din c\u00e2teva porturi italiene. Genova este cea care gestioneaz\u0103 cel mai mult trafic migrator din perioada de dinaintea unific\u0103rii. Mai t\u00e2rziu, odat\u0103 cu sudizarea fluxului \u0219i alegerea preferen\u021bial\u0103 a Americii de Nord, Napoli a fost ora\u0219ul care a avut \u00eent\u00e2ietatea plec\u0103rilor. La mare distan\u021b\u0103 a urmat Palermo \u0219i, dup\u0103 sf\u00e2r\u0219itul Primului R\u0103zboi Mondial, Trieste. La plec\u0103rile din str\u0103in\u0103tate, portul francez Le Havre a ocupat primul loc.\n\t<iframe loading=\"lazy\" title=\"C\u0103l\u0103toria - Emigra\u021bia italian\u0103\" width=\"500\" height=\"281\" src=\"https:\/\/www.youtube.com\/embed\/xbSt_cZw4d4?feature=oembed\" frameborder=\"0\" allow=\"accelerometer; autoplay; clipboard-write; encrypted-media; gyroscope; picture-in-picture\" allowfullscreen=\"\"><\/iframe>\n\t\t\t\t\t<ul id=\"menu-il-viaggio\"><li id=\"menu-item-398\"><a href=\"https:\/\/www.museoemigrazioneitaliana.org\/ro\/calatoria\/\">C\u0103l\u0103toria<\/a>\n<ul>\n\t<li id=\"menu-item-399\"><a href=\"https:\/\/www.museoemigrazioneitaliana.org\/ro\/calatoria\/in-asteptarea-plecarii\/\">A\u0219teptarea plec\u0103rii<\/a><\/li>\n\t<li id=\"menu-item-401\"><a href=\"https:\/\/www.museoemigrazioneitaliana.org\/ro\/calatoria\/cu-trenul\/\">Cu trenul<\/a><\/li>\n\t<li id=\"menu-item-400\"><a href=\"https:\/\/www.museoemigrazioneitaliana.org\/ro\/calatoria\/pe-nava\/\">Pe nav\u0103<\/a><\/li>\n\t<li id=\"menu-item-402\"><a href=\"https:\/\/www.museoemigrazioneitaliana.org\/ro\/calatoria\/unitati-de-ingrijire\/\">Centre de \u00eengrijire<\/a><\/li>\n<\/ul>\n<\/li>\n<\/ul>","protected":false},"excerpt":{"rendered":"<p>Il viaggio &#8211; il tempo cio\u00e8 che si impiega per raggiungere il paese di destinazione &#8211; \u00e8 l&#8217;elemento simbolo di tutto il processo migratorio, del distacco da un &#8220;prima&#8221; &#8211; conosciuto e amato, bench\u00e9 insoddisfacente &#8211; per raggiungere un &#8220;dopo&#8221; &#8211; sicuramente attraente ma quasi del tutto ignoto. E&#8217; un tempo difficile da vivere come [&hellip;]<\/p>\n","protected":false},"author":1,"featured_media":0,"parent":0,"menu_order":0,"comment_status":"closed","ping_status":"open","template":"","meta":{"_acf_changed":false,"site-sidebar-layout":"default","site-content-layout":"default","ast-site-content-layout":"default","site-content-style":"default","site-sidebar-style":"default","ast-global-header-display":"","ast-banner-title-visibility":"","ast-main-header-display":"","ast-hfb-above-header-display":"","ast-hfb-below-header-display":"","ast-hfb-mobile-header-display":"","site-post-title":"","ast-breadcrumbs-content":"","ast-featured-img":"","footer-sml-layout":"","ast-disable-related-posts":"","theme-transparent-header-meta":"default","adv-header-id-meta":"","stick-header-meta":"","header-above-stick-meta":"","header-main-stick-meta":"","header-below-stick-meta":"","astra-migrate-meta-layouts":"default","ast-page-background-enabled":"default","ast-page-background-meta":{"desktop":{"background-color":"","background-image":"","background-repeat":"repeat","background-position":"center center","background-size":"auto","background-attachment":"scroll","background-type":"","background-media":"","overlay-type":"","overlay-color":"","overlay-opacity":"","overlay-gradient":""},"tablet":{"background-color":"","background-image":"","background-repeat":"repeat","background-position":"center center","background-size":"auto","background-attachment":"scroll","background-type":"","background-media":"","overlay-type":"","overlay-color":"","overlay-opacity":"","overlay-gradient":""},"mobile":{"background-color":"","background-image":"","background-repeat":"repeat","background-position":"center center","background-size":"auto","background-attachment":"scroll","background-type":"","background-media":"","overlay-type":"","overlay-color":"","overlay-opacity":"","overlay-gradient":""}},"ast-content-background-meta":{"desktop":{"background-color":"var(--ast-global-color-5)","background-image":"","background-repeat":"repeat","background-position":"center center","background-size":"auto","background-attachment":"scroll","background-type":"","background-media":"","overlay-type":"","overlay-color":"","overlay-opacity":"","overlay-gradient":""},"tablet":{"background-color":"var(--ast-global-color-5)","background-image":"","background-repeat":"repeat","background-position":"center center","background-size":"auto","background-attachment":"scroll","background-type":"","background-media":"","overlay-type":"","overlay-color":"","overlay-opacity":"","overlay-gradient":""},"mobile":{"background-color":"var(--ast-global-color-5)","background-image":"","background-repeat":"repeat","background-position":"center center","background-size":"auto","background-attachment":"scroll","background-type":"","background-media":"","overlay-type":"","overlay-color":"","overlay-opacity":"","overlay-gradient":""}},"footnotes":""},"class_list":["post-53","page","type-page","status-publish","hentry"],"acf":[],"_links":{"self":[{"href":"https:\/\/www.museoemigrazioneitaliana.org\/ro\/wp-json\/wp\/v2\/pages\/53","targetHints":{"allow":["GET"]}}],"collection":[{"href":"https:\/\/www.museoemigrazioneitaliana.org\/ro\/wp-json\/wp\/v2\/pages"}],"about":[{"href":"https:\/\/www.museoemigrazioneitaliana.org\/ro\/wp-json\/wp\/v2\/types\/page"}],"author":[{"embeddable":true,"href":"https:\/\/www.museoemigrazioneitaliana.org\/ro\/wp-json\/wp\/v2\/users\/1"}],"replies":[{"embeddable":true,"href":"https:\/\/www.museoemigrazioneitaliana.org\/ro\/wp-json\/wp\/v2\/comments?post=53"}],"version-history":[{"count":2,"href":"https:\/\/www.museoemigrazioneitaliana.org\/ro\/wp-json\/wp\/v2\/pages\/53\/revisions"}],"predecessor-version":[{"id":3463,"href":"https:\/\/www.museoemigrazioneitaliana.org\/ro\/wp-json\/wp\/v2\/pages\/53\/revisions\/3463"}],"wp:attachment":[{"href":"https:\/\/www.museoemigrazioneitaliana.org\/ro\/wp-json\/wp\/v2\/media?parent=53"}],"curies":[{"name":"wp","href":"https:\/\/api.w.org\/{rel}","templated":true}]}}