{"id":3135,"date":"2022-03-10T09:56:38","date_gmt":"2022-03-10T08:56:38","guid":{"rendered":"https:\/\/mei.ms-dev.it\/?page_id=3135"},"modified":"2022-03-11T02:17:07","modified_gmt":"2022-03-11T01:17:07","slug":"copyright","status":"publish","type":"page","link":"https:\/\/www.museoemigrazioneitaliana.org\/ro\/copyright\/","title":{"rendered":"Drepturi de autor"},"content":{"rendered":"Textele, fotografiile, elementele grafice, materialele audio-vizuale \u0219i software-ul de pe acest site sunt protejate de legile \u00een vigoare privind drepturile de autor, brevetele \u0219i proprietatea intelectual\u0103.<br \/>\nM\u0103rcile comerciale \u0219i numele entit\u0103\u021bilor, organiza\u021biilor \u0219i companiilor men\u021bionate pe site apar\u021bin proprietarilor sau de\u021bin\u0103torilor respectivi \u0219i pot fi protejate prin brevete \u0219i\/sau drepturi de autor acordate sau \u00eenregistrate de autorit\u0103\u021bile relevante.\n<h2>Utilizarea site-ului<\/h2>\nTextele de pe site pot fi utilizate \u00een mod liber \u00een scopuri culturale \u0219i, \u00een orice caz, non-profit, cu condi\u021bia s\u0103 se men\u021bioneze \u00een mod clar sursa de origine, autorii textului, dac\u0103 exist\u0103, atunci c\u00e2nd sunt indica\u021bi, datele de redactare \u0219i de actualizare, atunci c\u00e2nd sunt indicate, \u0219i url-ul relevant.<br \/>\nFiecare obiect de pe site pentru desc\u0103rcare (download), cu excep\u021bia cazului \u00een care se specific\u0103 altfel, este disponibil \u00een mod liber \u0219i gratuit, cu condi\u021bia s\u0103 nu fie utilizat \u00een scop lucrativ sau pentru a atinge scopuri ilegale.<br \/>\n\u00cen niciun caz Fondazione Paolo Cresci per la storia dell'emigrazione italiana nu poate fi tras\u0103 la r\u0103spundere pentru daunele de orice fel cauzate direct sau indirect de accesarea site-ului, de incapacitatea sau imposibilitatea de accesare a acestuia, de utilizarea instrumentelor interactive sau de utilizarea informa\u021biilor con\u021binute \u00een acesta.\n<h2>Raportarea erorilor<\/h2>\n<p>Erorile, inexactit\u0103\u021bile sau disfunc\u021bionalit\u0103\u021bile pot fi raportate la urm\u0103toarea adres\u0103 de e-mail: <a href=\"mailto:info@fondazionepaolocresci.it\">info@fondazionepaolocresci.it<\/a><\/p>\n<h2>Accesul la site-uri externe legate<\/h2>\n<p>Fondazione Paolo Cresci per la storia dell'emigrazione italiana \u00ee\u0219i declin\u0103 orice responsabilitate pentru con\u021binutul \u0219i starea de actualizare a site-urilor la care se poate ajunge prin intermediul link-urilor de pe acest site.<\/p>\n<h2>Protec\u021bia vie\u021bii private<\/h2>\nFondazione Paolo Cresci per la storia dell'emigrazione italiana garanteaz\u0103 c\u0103 toate datele cu caracter personal primite prin e-mail vor fi prelucrate \u00een conformitate cu prevederile legisla\u021biei \u00een vigoare privind confiden\u021bialitatea (Decretul legislativ nr. 196 din 30 iunie 2003, \u00een vigoare de la 1 ianuarie 2004 \u0219i modific\u0103rile \u0219i complet\u0103rile ulterioare).<br \/>\n\u00cen special, acestea nu vor fi transmise unor ter\u021be p\u0103r\u021bi, utilizarea lor va fi exclusiv pentru comunic\u0103ri legate de site \u0219i de con\u021binutul acestuia \u0219i pentru trimiterea eventual\u0103 de informa\u021bii pe teme legate de con\u021binutul site-ului.<br \/>\nDatele cu caracter personal vor fi prelucrate exclusiv \u00een scopul desf\u0103\u0219ur\u0103rii activit\u0103\u021bilor men\u021bionate la articolul 24 din Codul de confiden\u021bialitate, pentru care nu este necesar consim\u021b\u0103m\u00e2ntul persoanei \u00een cauz\u0103.<br \/>\nDrepturile persoanei vizate sunt cele prev\u0103zute \u00een mod expres la articolul 7 din Codul de confiden\u021bialitate \u0219i pot fi exercitate printr-o cerere adresat\u0103 operatorului sau persoanei \u00eemputernicite de operator f\u0103r\u0103 formalit\u0103\u021bi, inclusiv prin scrisoare recomandat\u0103, fax sau e-mail.","protected":false},"excerpt":{"rendered":"<p>I testi, le fotografie, la grafica, i materiali audiovisivi e il software presenti su questo sito sono protetti ai sensi delle normative vigenti sul diritto d&#8217;autore, sui brevetti e sulla propriet\u00e0 intellettuale. I marchi e le denominazioni di enti, organismi e ditte menzionati nel sito appartengono ai rispettivi proprietari o titolari e possono essere protetti [&hellip;]<\/p>\n","protected":false},"author":1,"featured_media":0,"parent":0,"menu_order":0,"comment_status":"closed","ping_status":"open","template":"","meta":{"_acf_changed":false,"site-sidebar-layout":"default","site-content-layout":"","ast-site-content-layout":"default","site-content-style":"default","site-sidebar-style":"default","ast-global-header-display":"","ast-banner-title-visibility":"","ast-main-header-display":"","ast-hfb-above-header-display":"","ast-hfb-below-header-display":"","ast-hfb-mobile-header-display":"","site-post-title":"","ast-breadcrumbs-content":"","ast-featured-img":"","footer-sml-layout":"","ast-disable-related-posts":"","theme-transparent-header-meta":"","adv-header-id-meta":"","stick-header-meta":"","header-above-stick-meta":"","header-main-stick-meta":"","header-below-stick-meta":"","astra-migrate-meta-layouts":"default","ast-page-background-enabled":"default","ast-page-background-meta":{"desktop":{"background-color":"","background-image":"","background-repeat":"repeat","background-position":"center center","background-size":"auto","background-attachment":"scroll","background-type":"","background-media":"","overlay-type":"","overlay-color":"","overlay-opacity":"","overlay-gradient":""},"tablet":{"background-color":"","background-image":"","background-repeat":"repeat","background-position":"center center","background-size":"auto","background-attachment":"scroll","background-type":"","background-media":"","overlay-type":"","overlay-color":"","overlay-opacity":"","overlay-gradient":""},"mobile":{"background-color":"","background-image":"","background-repeat":"repeat","background-position":"center center","background-size":"auto","background-attachment":"scroll","background-type":"","background-media":"","overlay-type":"","overlay-color":"","overlay-opacity":"","overlay-gradient":""}},"ast-content-background-meta":{"desktop":{"background-color":"var(--ast-global-color-5)","background-image":"","background-repeat":"repeat","background-position":"center center","background-size":"auto","background-attachment":"scroll","background-type":"","background-media":"","overlay-type":"","overlay-color":"","overlay-opacity":"","overlay-gradient":""},"tablet":{"background-color":"var(--ast-global-color-5)","background-image":"","background-repeat":"repeat","background-position":"center center","background-size":"auto","background-attachment":"scroll","background-type":"","background-media":"","overlay-type":"","overlay-color":"","overlay-opacity":"","overlay-gradient":""},"mobile":{"background-color":"var(--ast-global-color-5)","background-image":"","background-repeat":"repeat","background-position":"center center","background-size":"auto","background-attachment":"scroll","background-type":"","background-media":"","overlay-type":"","overlay-color":"","overlay-opacity":"","overlay-gradient":""}},"footnotes":""},"class_list":["post-3135","page","type-page","status-publish","hentry"],"acf":[],"_links":{"self":[{"href":"https:\/\/www.museoemigrazioneitaliana.org\/ro\/wp-json\/wp\/v2\/pages\/3135","targetHints":{"allow":["GET"]}}],"collection":[{"href":"https:\/\/www.museoemigrazioneitaliana.org\/ro\/wp-json\/wp\/v2\/pages"}],"about":[{"href":"https:\/\/www.museoemigrazioneitaliana.org\/ro\/wp-json\/wp\/v2\/types\/page"}],"author":[{"embeddable":true,"href":"https:\/\/www.museoemigrazioneitaliana.org\/ro\/wp-json\/wp\/v2\/users\/1"}],"replies":[{"embeddable":true,"href":"https:\/\/www.museoemigrazioneitaliana.org\/ro\/wp-json\/wp\/v2\/comments?post=3135"}],"version-history":[{"count":2,"href":"https:\/\/www.museoemigrazioneitaliana.org\/ro\/wp-json\/wp\/v2\/pages\/3135\/revisions"}],"predecessor-version":[{"id":3207,"href":"https:\/\/www.museoemigrazioneitaliana.org\/ro\/wp-json\/wp\/v2\/pages\/3135\/revisions\/3207"}],"wp:attachment":[{"href":"https:\/\/www.museoemigrazioneitaliana.org\/ro\/wp-json\/wp\/v2\/media?parent=3135"}],"curies":[{"name":"wp","href":"https:\/\/api.w.org\/{rel}","templated":true}]}}