{"id":117,"date":"2020-09-17T15:48:47","date_gmt":"2020-09-17T13:48:47","guid":{"rendered":"https:\/\/mei.ms-dev.it\/?page_id=117"},"modified":"2022-03-10T12:06:52","modified_gmt":"2022-03-10T11:06:52","slug":"din-nou-pe-drum","status":"publish","type":"page","link":"https:\/\/www.museoemigrazioneitaliana.org\/ro\/di-nuovo-in-cammino\/","title":{"rendered":"Din nou pe drum"},"content":{"rendered":"<p>Dup\u0103 cel de-al Doilea R\u0103zboi Mondial, italienii au \u00eenceput s\u0103 plece din nou, cu ajutorul acordurilor interstatale - arme \u0219i informa\u021bii \u00een schimbul materiilor prime - c\u0103tre \u021b\u0103rile din Europa \u0219i c\u0103tre Argentina \u0219i Australia<\/p>\n<p>Acestea pl\u0103tesc \u00eenc\u0103 un tribut greu: \u00een Marcinelle, Belgia, \u00een august 1956, de exemplu, o tragedie minier\u0103 a f\u0103cut 237 de victime, dintre care 139 de italieni.<\/p>\n<p>Fluxul s-a oprit \u00een anii 1970. Ministerul Afacerilor Externe a calculat c\u0103, \u00een 1994, num\u0103rul de oriundi italieni \u00een lume se ridica la peste 58 de milioane: o alt\u0103 Italie \u00een afara Italiei.<\/p>\n\t\t\t\t<img loading=\"lazy\" decoding=\"async\" src=\"https:\/\/www.museoemigrazioneitaliana.org\/wp-content\/uploads\/2022\/03\/SetWidth300-01.jpg\" alt=\"Orar de ie\u0219ire\" itemprop=\"image\" height=\"306\" width=\"300\" title=\"SetWidth300-01\" onerror=\"this.style.display='none'\"  \/>\n\t\tOrele de plecare","protected":false},"excerpt":{"rendered":"<p>Nel secondo dopoguerra gli italiani hanno ripreso a partire, con l&#8217;aiuto di accordi interstatali &#8211; braccia e intelligenze in cambio di materie prime &#8211; verso i paesi dell&#8217;Europa e verso l&#8217;Argentina e l&#8217;Australia Pagano ancora un pesante pedaggio: a Marcinelle, in Belgio, nell&#8217;agosto del 1956, ad esempio, una tragedia in miniera fa 237 vittime, 139 [&hellip;]<\/p>\n","protected":false},"author":1,"featured_media":0,"parent":0,"menu_order":0,"comment_status":"closed","ping_status":"open","template":"","meta":{"_acf_changed":false,"site-sidebar-layout":"default","site-content-layout":"default","ast-site-content-layout":"default","site-content-style":"default","site-sidebar-style":"default","ast-global-header-display":"","ast-banner-title-visibility":"","ast-main-header-display":"","ast-hfb-above-header-display":"","ast-hfb-below-header-display":"","ast-hfb-mobile-header-display":"","site-post-title":"","ast-breadcrumbs-content":"","ast-featured-img":"","footer-sml-layout":"","ast-disable-related-posts":"","theme-transparent-header-meta":"default","adv-header-id-meta":"","stick-header-meta":"","header-above-stick-meta":"","header-main-stick-meta":"","header-below-stick-meta":"","astra-migrate-meta-layouts":"default","ast-page-background-enabled":"default","ast-page-background-meta":{"desktop":{"background-color":"","background-image":"","background-repeat":"repeat","background-position":"center center","background-size":"auto","background-attachment":"scroll","background-type":"","background-media":"","overlay-type":"","overlay-color":"","overlay-opacity":"","overlay-gradient":""},"tablet":{"background-color":"","background-image":"","background-repeat":"repeat","background-position":"center center","background-size":"auto","background-attachment":"scroll","background-type":"","background-media":"","overlay-type":"","overlay-color":"","overlay-opacity":"","overlay-gradient":""},"mobile":{"background-color":"","background-image":"","background-repeat":"repeat","background-position":"center center","background-size":"auto","background-attachment":"scroll","background-type":"","background-media":"","overlay-type":"","overlay-color":"","overlay-opacity":"","overlay-gradient":""}},"ast-content-background-meta":{"desktop":{"background-color":"var(--ast-global-color-5)","background-image":"","background-repeat":"repeat","background-position":"center center","background-size":"auto","background-attachment":"scroll","background-type":"","background-media":"","overlay-type":"","overlay-color":"","overlay-opacity":"","overlay-gradient":""},"tablet":{"background-color":"var(--ast-global-color-5)","background-image":"","background-repeat":"repeat","background-position":"center center","background-size":"auto","background-attachment":"scroll","background-type":"","background-media":"","overlay-type":"","overlay-color":"","overlay-opacity":"","overlay-gradient":""},"mobile":{"background-color":"var(--ast-global-color-5)","background-image":"","background-repeat":"repeat","background-position":"center center","background-size":"auto","background-attachment":"scroll","background-type":"","background-media":"","overlay-type":"","overlay-color":"","overlay-opacity":"","overlay-gradient":""}},"footnotes":""},"class_list":["post-117","page","type-page","status-publish","hentry"],"acf":[],"_links":{"self":[{"href":"https:\/\/www.museoemigrazioneitaliana.org\/ro\/wp-json\/wp\/v2\/pages\/117","targetHints":{"allow":["GET"]}}],"collection":[{"href":"https:\/\/www.museoemigrazioneitaliana.org\/ro\/wp-json\/wp\/v2\/pages"}],"about":[{"href":"https:\/\/www.museoemigrazioneitaliana.org\/ro\/wp-json\/wp\/v2\/types\/page"}],"author":[{"embeddable":true,"href":"https:\/\/www.museoemigrazioneitaliana.org\/ro\/wp-json\/wp\/v2\/users\/1"}],"replies":[{"embeddable":true,"href":"https:\/\/www.museoemigrazioneitaliana.org\/ro\/wp-json\/wp\/v2\/comments?post=117"}],"version-history":[{"count":2,"href":"https:\/\/www.museoemigrazioneitaliana.org\/ro\/wp-json\/wp\/v2\/pages\/117\/revisions"}],"predecessor-version":[{"id":3201,"href":"https:\/\/www.museoemigrazioneitaliana.org\/ro\/wp-json\/wp\/v2\/pages\/117\/revisions\/3201"}],"wp:attachment":[{"href":"https:\/\/www.museoemigrazioneitaliana.org\/ro\/wp-json\/wp\/v2\/media?parent=117"}],"curies":[{"name":"wp","href":"https:\/\/api.w.org\/{rel}","templated":true}]}}