{"id":111,"date":"2020-09-17T15:47:22","date_gmt":"2020-09-17T13:47:22","guid":{"rendered":"https:\/\/mei.ms-dev.it\/?page_id=111"},"modified":"2022-03-10T10:55:02","modified_gmt":"2022-03-10T09:55:02","slug":"povesti-de-intoleranta","status":"publish","type":"page","link":"https:\/\/www.museoemigrazioneitaliana.org\/ro\/la-vita-sociale\/storie-di-intolleranza\/","title":{"rendered":"Pove\u0219ti de intoleran\u021b\u0103"},"content":{"rendered":"<p>Istoria emigra\u021biei italiene este punctat\u0103 de episoade tragice de xenofobie, care au avut loc at\u00e2t \u00een Europa, c\u00e2t \u0219i \u00een America, \u00een special \u00een ultimul deceniu al secolului al XIX-lea. Cifrele vorbesc de la sine.<\/p>\n<p>\u00cen SUA: \u00een 1891, 11 lin\u0219aje \u00een New Orleans; \u00een 1893, un lin\u0219aj \u00een Denver; \u00een 1895, 6 crime \u00een Walsenburg; \u00een 1896, 5 lin\u0219aje \u00een Tallulah. \u00cen Europa: \u00een 1893, mai multe victime \u00een incidentele din Aigues Mortes, Fran\u021ba; \u00een 1896, 3 crime \u00een Zurich. \u00cen plus, o serie de incidente - \u00eentotdeauna s\u00e2ngeroase, dar cu rezultate neletale - au marcat \u00eentreaga perioad\u0103 a marii emigra\u021bii.<\/p>\n<p>Elementele comune tuturor episoadelor au fost: prejudec\u0103\u021bile rasiale \u0219i culturale; temerile legate de repercusiunile economice ale afluxului masiv de imigran\u021bi; \u0219i influen\u021ba situa\u021biei politice generale din \u021b\u0103rile implicate \u00een fenomenul migra\u021biei.<\/p>\n<p>C\u00e2t de puternic\u0103 era aversiunea rasial\u0103, \u00een special fa\u021b\u0103 de italieni, considera\u021bi pu\u021bin mai mult dec\u00e2t ni\u0219te negri, obi\u0219nui\u021bi cu cele mai grele munci \u0219i tr\u0103ind cu foarte pu\u021bin\u0103 economie, reiese clar din nenum\u0103ratele caricaturi denigratoare publicate \u00een ziare \u0219i reviste din multe \u021b\u0103ri.<\/p>\n\t\t\t\t\t<ul id=\"menu-la-vita-sociale\"><li id=\"menu-item-424\"><a href=\"https:\/\/www.museoemigrazioneitaliana.org\/ro\/viata-sociala\/\">Via\u021ba social\u0103<\/a>\n<ul>\n\t<li id=\"menu-item-428\"><a href=\"https:\/\/www.museoemigrazioneitaliana.org\/ro\/viata-sociala\/mica-italia-si-la-dolce-casa\/\">\"Micile Italii\" \u0219i \"La dolce casa<\/a><\/li>\n\t<li id=\"menu-item-426\"><a href=\"https:\/\/www.museoemigrazioneitaliana.org\/ro\/viata-sociala\/fondatori-si-colonizatori-de-orase\/\">Fondatori \u0219i colonizatori de ora\u0219e<\/a><\/li>\n\t<li id=\"menu-item-425\"><a href=\"https:\/\/www.museoemigrazioneitaliana.org\/ro\/viata-sociala\/team-building\/\">Gruparea<\/a><\/li>\n\t<li id=\"menu-item-427\"><a href=\"https:\/\/www.museoemigrazioneitaliana.org\/ro\/viata-sociala\/scoala-intre-doua-lumi\/\">\u0218coala \u00eentre dou\u0103 lumi<\/a><\/li>\n\t<li id=\"menu-item-429\"><a href=\"https:\/\/www.museoemigrazioneitaliana.org\/ro\/viata-sociala\/povesti-de-intoleranta\/\">Pove\u0219ti de intoleran\u021b\u0103<\/a><\/li>\n\t<li id=\"menu-item-430\"><a href=\"https:\/\/www.museoemigrazioneitaliana.org\/ro\/viata-sociala\/catre-o-identitate-complexa\/\">C\u0103tre o identitate complex\u0103<\/a><\/li>\n<\/ul>\n<\/li>\n<\/ul>","protected":false},"excerpt":{"rendered":"<p>La storia dell&#8217;emigrazione italiana \u00e8 costellata da tragici episodi di xenofobia, verificatisi sia in Europa che in America specialmente nell&#8217;ultimo decennio dell&#8217;Ottocento. Le cifre si commentano da sole. Negli Stati Uniti: nel 1891, 11 linciaggi a New Orleans; nel 1893, un linciaggio a Denver; nel 1895, 6 assassinii a Walsenburg; nel 1896, 5 linciaggi a [&hellip;]<\/p>\n","protected":false},"author":1,"featured_media":0,"parent":101,"menu_order":0,"comment_status":"closed","ping_status":"open","template":"","meta":{"_acf_changed":false,"site-sidebar-layout":"default","site-content-layout":"default","ast-site-content-layout":"default","site-content-style":"default","site-sidebar-style":"default","ast-global-header-display":"","ast-banner-title-visibility":"","ast-main-header-display":"","ast-hfb-above-header-display":"","ast-hfb-below-header-display":"","ast-hfb-mobile-header-display":"","site-post-title":"","ast-breadcrumbs-content":"","ast-featured-img":"","footer-sml-layout":"","ast-disable-related-posts":"","theme-transparent-header-meta":"default","adv-header-id-meta":"","stick-header-meta":"","header-above-stick-meta":"","header-main-stick-meta":"","header-below-stick-meta":"","astra-migrate-meta-layouts":"default","ast-page-background-enabled":"default","ast-page-background-meta":{"desktop":{"background-color":"","background-image":"","background-repeat":"repeat","background-position":"center center","background-size":"auto","background-attachment":"scroll","background-type":"","background-media":"","overlay-type":"","overlay-color":"","overlay-opacity":"","overlay-gradient":""},"tablet":{"background-color":"","background-image":"","background-repeat":"repeat","background-position":"center center","background-size":"auto","background-attachment":"scroll","background-type":"","background-media":"","overlay-type":"","overlay-color":"","overlay-opacity":"","overlay-gradient":""},"mobile":{"background-color":"","background-image":"","background-repeat":"repeat","background-position":"center center","background-size":"auto","background-attachment":"scroll","background-type":"","background-media":"","overlay-type":"","overlay-color":"","overlay-opacity":"","overlay-gradient":""}},"ast-content-background-meta":{"desktop":{"background-color":"var(--ast-global-color-5)","background-image":"","background-repeat":"repeat","background-position":"center center","background-size":"auto","background-attachment":"scroll","background-type":"","background-media":"","overlay-type":"","overlay-color":"","overlay-opacity":"","overlay-gradient":""},"tablet":{"background-color":"var(--ast-global-color-5)","background-image":"","background-repeat":"repeat","background-position":"center center","background-size":"auto","background-attachment":"scroll","background-type":"","background-media":"","overlay-type":"","overlay-color":"","overlay-opacity":"","overlay-gradient":""},"mobile":{"background-color":"var(--ast-global-color-5)","background-image":"","background-repeat":"repeat","background-position":"center center","background-size":"auto","background-attachment":"scroll","background-type":"","background-media":"","overlay-type":"","overlay-color":"","overlay-opacity":"","overlay-gradient":""}},"footnotes":""},"class_list":["post-111","page","type-page","status-publish","hentry"],"acf":[],"_links":{"self":[{"href":"https:\/\/www.museoemigrazioneitaliana.org\/ro\/wp-json\/wp\/v2\/pages\/111","targetHints":{"allow":["GET"]}}],"collection":[{"href":"https:\/\/www.museoemigrazioneitaliana.org\/ro\/wp-json\/wp\/v2\/pages"}],"about":[{"href":"https:\/\/www.museoemigrazioneitaliana.org\/ro\/wp-json\/wp\/v2\/types\/page"}],"author":[{"embeddable":true,"href":"https:\/\/www.museoemigrazioneitaliana.org\/ro\/wp-json\/wp\/v2\/users\/1"}],"replies":[{"embeddable":true,"href":"https:\/\/www.museoemigrazioneitaliana.org\/ro\/wp-json\/wp\/v2\/comments?post=111"}],"version-history":[{"count":2,"href":"https:\/\/www.museoemigrazioneitaliana.org\/ro\/wp-json\/wp\/v2\/pages\/111\/revisions"}],"predecessor-version":[{"id":3178,"href":"https:\/\/www.museoemigrazioneitaliana.org\/ro\/wp-json\/wp\/v2\/pages\/111\/revisions\/3178"}],"up":[{"embeddable":true,"href":"https:\/\/www.museoemigrazioneitaliana.org\/ro\/wp-json\/wp\/v2\/pages\/101"}],"wp:attachment":[{"href":"https:\/\/www.museoemigrazioneitaliana.org\/ro\/wp-json\/wp\/v2\/media?parent=111"}],"curies":[{"name":"wp","href":"https:\/\/api.w.org\/{rel}","templated":true}]}}