{"id":107,"date":"2020-09-17T15:46:49","date_gmt":"2020-09-17T13:46:49","guid":{"rendered":"https:\/\/mei.ms-dev.it\/?page_id=107"},"modified":"2022-03-10T10:52:59","modified_gmt":"2022-03-10T09:52:59","slug":"team-building","status":"publish","type":"page","link":"https:\/\/www.museoemigrazioneitaliana.org\/ro\/la-vita-sociale\/fare-gruppo\/","title":{"rendered":"team-building"},"content":{"rendered":"<p>\u00cen timpul \"marii emigra\u021bii\", au luat na\u0219tere primele asocia\u021bii pentru ajutor reciproc \u00eentre membri \u0219i pentru a dep\u0103\u0219i dificult\u0103\u021bile instal\u0103rii \u00eentr-o nou\u0103 realitate. Prin plata unor mici cotiza\u021bii lunare de c\u0103tre to\u021bi membrii, a fost posibil s\u0103 \u00eei ajut\u0103m, pentru o perioad\u0103, pe cei care \u0219i-au pierdut locul de munc\u0103 \u0219i s\u0103 \u00eei \u00eengrijim pe cei bolnavi. De fapt, \u00een orice \u021bar\u0103, salariile, chiar \u0219i cele bune, erau pl\u0103tite doar pentru zilele efectiv lucrate \u0219i, \u00een plus, nu existau ajutoare \u00een caz de absen\u021b\u0103 din cauza bolii sau din alte motive.<\/p>\n<p>\u00cen unele cazuri, societatea a fost combinat\u0103 cu administrarea unui magazin care vindea produse de prim\u0103 necesitate la pre\u021buri mai mici dec\u00e2t cele de pe pia\u021b\u0103. To\u021bi membrii obi\u0219nui\u021bi pl\u0103teau mici sume lunare, \u00een timp ce calitatea de membru era aproape obligatorie pentru membrii de onoare sau pentru binef\u0103c\u0103tori, care completau capitalul social cu dona\u021bii sau ofereau gratuit servicii care altfel ar fi fost prea costisitoare pentru membri.<\/p>\n<p>Mai t\u00e2rziu, societ\u0103\u021bile \u0219i-au extins limitele activit\u0103\u021bilor: au efectuat stagii de plasament; au oferit educa\u021bie sanitar\u0103 pentru a reduce inciden\u021ba bolilor \u0219i au avut, de asemenea, proprii medici \u0219i cabinete medicale; au creat \u0219coli \u0219i biblioteci at\u00e2t pentru a preda limba italian\u0103 genera\u021biilor mai tinere, c\u00e2t \u0219i pentru a \u00eembun\u0103t\u0103\u021bi educa\u021bia tehnic\u0103 a membrilor; au organizat timpul liber al membrilor lor cu pr\u00e2nzuri sociale, dansuri, festivaluri politice \u0219i religioase \u0219i evenimente culturale \u0219i sportive. Aceste din urm\u0103 activit\u0103\u021bi au dus la crearea altor societ\u0103\u021bi dedicate acestora: astfel au fost create asocia\u021bii filarmonice \u0219i corale, \u00een timp ce asocia\u021biile sportive, cu excep\u021bia, se pare, a s\u0103lilor de box, au fost cu adev\u0103rat o \"inven\u021bie\" a noilor patrii. Singurul \"joc sportiv\" italian care a fost transplantat \u0219i practicat \u00een mod universal a fost cel de popice.<\/p>\n<p>\u00cen societ\u0103\u021bile care, \u00een general, erau abonate la unele ziare italiene, era posibil, \u00een cele din urm\u0103, s\u0103 se urm\u0103reasc\u0103 evenimentele din regiunea de origine prin intermediul ziarelor locale care, relat\u00e2nd despre afacerile italiene, ac\u021bionau ca o leg\u0103tur\u0103 cu comunit\u0103\u021bile din str\u0103in\u0103tate.<\/p>\n<p>Marea limitare a aproape tuturor asocia\u021biilor - chiar \u0219i cu diferen\u021bele care au rezultat din faptul c\u0103 au fost \u00eenfiin\u021bate \u00een \u021b\u0103ri foarte diferite \u0219i, de asemenea, din faptul c\u0103 s-au n\u0103scut \u00een medii urbane sau rurale - a fost parohialismul exagerat.<\/p>\n\t\t\t\t\t<ul id=\"menu-la-vita-sociale\"><li id=\"menu-item-424\"><a href=\"https:\/\/www.museoemigrazioneitaliana.org\/ro\/viata-sociala\/\">Via\u021ba social\u0103<\/a>\n<ul>\n\t<li id=\"menu-item-428\"><a href=\"https:\/\/www.museoemigrazioneitaliana.org\/ro\/viata-sociala\/mica-italia-si-la-dolce-casa\/\">\"Micile Italii\" \u0219i \"La dolce casa<\/a><\/li>\n\t<li id=\"menu-item-426\"><a href=\"https:\/\/www.museoemigrazioneitaliana.org\/ro\/viata-sociala\/fondatori-si-colonizatori-de-orase\/\">Fondatori \u0219i colonizatori de ora\u0219e<\/a><\/li>\n\t<li id=\"menu-item-425\"><a href=\"https:\/\/www.museoemigrazioneitaliana.org\/ro\/viata-sociala\/team-building\/\">Gruparea<\/a><\/li>\n\t<li id=\"menu-item-427\"><a href=\"https:\/\/www.museoemigrazioneitaliana.org\/ro\/viata-sociala\/scoala-intre-doua-lumi\/\">\u0218coala \u00eentre dou\u0103 lumi<\/a><\/li>\n\t<li id=\"menu-item-429\"><a href=\"https:\/\/www.museoemigrazioneitaliana.org\/ro\/viata-sociala\/povesti-de-intoleranta\/\">Pove\u0219ti de intoleran\u021b\u0103<\/a><\/li>\n\t<li id=\"menu-item-430\"><a href=\"https:\/\/www.museoemigrazioneitaliana.org\/ro\/viata-sociala\/catre-o-identitate-complexa\/\">C\u0103tre o identitate complex\u0103<\/a><\/li>\n<\/ul>\n<\/li>\n<\/ul>","protected":false},"excerpt":{"rendered":"<p>Durante la &#8220;grande emigrazione&#8221; le prime associazioni nacquero per il mutuo soccorso tra i soci e per superare le difficolt\u00e0 legate all&#8217;inserimento in una nuova realt\u00e0. Con il pagamento di piccole quote mensili da parte di tutti gli aderenti si provvedeva ad aiutare, per qualche tempo, quelli che perdevano il lavoro e a curare i [&hellip;]<\/p>\n","protected":false},"author":1,"featured_media":0,"parent":101,"menu_order":0,"comment_status":"closed","ping_status":"open","template":"","meta":{"_acf_changed":false,"site-sidebar-layout":"default","site-content-layout":"default","ast-site-content-layout":"default","site-content-style":"default","site-sidebar-style":"default","ast-global-header-display":"","ast-banner-title-visibility":"","ast-main-header-display":"","ast-hfb-above-header-display":"","ast-hfb-below-header-display":"","ast-hfb-mobile-header-display":"","site-post-title":"","ast-breadcrumbs-content":"","ast-featured-img":"","footer-sml-layout":"","ast-disable-related-posts":"","theme-transparent-header-meta":"default","adv-header-id-meta":"","stick-header-meta":"","header-above-stick-meta":"","header-main-stick-meta":"","header-below-stick-meta":"","astra-migrate-meta-layouts":"default","ast-page-background-enabled":"default","ast-page-background-meta":{"desktop":{"background-color":"","background-image":"","background-repeat":"repeat","background-position":"center center","background-size":"auto","background-attachment":"scroll","background-type":"","background-media":"","overlay-type":"","overlay-color":"","overlay-opacity":"","overlay-gradient":""},"tablet":{"background-color":"","background-image":"","background-repeat":"repeat","background-position":"center center","background-size":"auto","background-attachment":"scroll","background-type":"","background-media":"","overlay-type":"","overlay-color":"","overlay-opacity":"","overlay-gradient":""},"mobile":{"background-color":"","background-image":"","background-repeat":"repeat","background-position":"center center","background-size":"auto","background-attachment":"scroll","background-type":"","background-media":"","overlay-type":"","overlay-color":"","overlay-opacity":"","overlay-gradient":""}},"ast-content-background-meta":{"desktop":{"background-color":"var(--ast-global-color-5)","background-image":"","background-repeat":"repeat","background-position":"center center","background-size":"auto","background-attachment":"scroll","background-type":"","background-media":"","overlay-type":"","overlay-color":"","overlay-opacity":"","overlay-gradient":""},"tablet":{"background-color":"var(--ast-global-color-5)","background-image":"","background-repeat":"repeat","background-position":"center center","background-size":"auto","background-attachment":"scroll","background-type":"","background-media":"","overlay-type":"","overlay-color":"","overlay-opacity":"","overlay-gradient":""},"mobile":{"background-color":"var(--ast-global-color-5)","background-image":"","background-repeat":"repeat","background-position":"center center","background-size":"auto","background-attachment":"scroll","background-type":"","background-media":"","overlay-type":"","overlay-color":"","overlay-opacity":"","overlay-gradient":""}},"footnotes":""},"class_list":["post-107","page","type-page","status-publish","hentry"],"acf":[],"_links":{"self":[{"href":"https:\/\/www.museoemigrazioneitaliana.org\/ro\/wp-json\/wp\/v2\/pages\/107","targetHints":{"allow":["GET"]}}],"collection":[{"href":"https:\/\/www.museoemigrazioneitaliana.org\/ro\/wp-json\/wp\/v2\/pages"}],"about":[{"href":"https:\/\/www.museoemigrazioneitaliana.org\/ro\/wp-json\/wp\/v2\/types\/page"}],"author":[{"embeddable":true,"href":"https:\/\/www.museoemigrazioneitaliana.org\/ro\/wp-json\/wp\/v2\/users\/1"}],"replies":[{"embeddable":true,"href":"https:\/\/www.museoemigrazioneitaliana.org\/ro\/wp-json\/wp\/v2\/comments?post=107"}],"version-history":[{"count":2,"href":"https:\/\/www.museoemigrazioneitaliana.org\/ro\/wp-json\/wp\/v2\/pages\/107\/revisions"}],"predecessor-version":[{"id":3175,"href":"https:\/\/www.museoemigrazioneitaliana.org\/ro\/wp-json\/wp\/v2\/pages\/107\/revisions\/3175"}],"up":[{"embeddable":true,"href":"https:\/\/www.museoemigrazioneitaliana.org\/ro\/wp-json\/wp\/v2\/pages\/101"}],"wp:attachment":[{"href":"https:\/\/www.museoemigrazioneitaliana.org\/ro\/wp-json\/wp\/v2\/media?parent=107"}],"curies":[{"name":"wp","href":"https:\/\/api.w.org\/{rel}","templated":true}]}}