{"id":103,"date":"2020-09-17T15:45:59","date_gmt":"2020-09-17T13:45:59","guid":{"rendered":"https:\/\/mei.ms-dev.it\/?page_id=103"},"modified":"2022-03-10T10:51:20","modified_gmt":"2022-03-10T09:51:20","slug":"mica-italia-si-la-dolce-casa","status":"publish","type":"page","link":"https:\/\/www.museoemigrazioneitaliana.org\/ro\/la-vita-sociale\/le-piccole-italie-e-la-dolce-casa\/","title":{"rendered":"\"Micile Italii\" \u0219i \"La dolce casa"},"content":{"rendered":"<p>Str\u0103zile din Little Italy, cum era numit cartierul italian \u00een SUA, erau \u00eenguste, aglomerate, murdare \u0219i dominate de chirii d\u0103r\u0103p\u0103nate. Tenementul era un tenement mare: adesea, avea b\u0103i comune (pe paliere sau \u00een curte) \u0219i intrarea pe alei aproape nelocuibile \u0219i \u00eentunecate.<\/p>\n<p>Imigrantul abia sosit \u00een noua realitate \u00ee\u0219i g\u0103sea refugiul \u00een \"Mica Italie\" \u0219i, oprimat de nostalgie \u0219i de o profund\u0103 singur\u0103tate interioar\u0103, \u00ee\u0219i g\u0103sea alinarea \u0219i sc\u0103parea \u00een integrarea \u00eentr-un grup care reproducea \u00een mod substan\u021bial valorile \u0219i codurile comportamentale ale celui de origine. \u00cen schimb, \u00een Buenos Aires, emigran\u021bii, nu numai italieni, \u0219i-au g\u0103sit cazare, \u00een zona din apropierea portului, \u00een cl\u0103diri odinioar\u0103 impun\u0103toare care fuseser\u0103 transformate \u00een locuin\u021be pentru imigran\u021bi, conventillos.<\/p>\n<p>Schema clasic\u0103 de conventillo presupunea o form\u0103 paralelipipedic\u0103, parter \u0219i etaj, cu o curte interioar\u0103 \u00een care se \u00eemp\u0103r\u021beau serviciile esen\u021biale. Fotografiile vii ale conventillos din Buenos Aires \u0219i ale str\u0103zii Mulberry din New York ne ajut\u0103 s\u0103 \u00een\u021belegem cum aceste locuri au devenit centre comunitare de re-produc\u021bie \u0219i distribu\u021bie a culturii.<\/p>\n<p>Aceasta a fost originea cartierelor italiene din marile ora\u0219e americane, cu nume variate, dar \u00een care str\u0103zile aveau func\u021bia de pie\u021be s\u0103te\u0219ti, de locuri \u00een care o mo\u0219tenire cultural\u0103 comun\u0103 era restructurat\u0103 \u0219i condensat\u0103, suspendat\u0103 \u00eentre r\u0103d\u0103cini vechi \u0219i noi \"frontiere\".<\/p>\n<p>Mai t\u00e2rziu, achizi\u021bionarea unei locuin\u021be adecvate a devenit unul dintre cele mai lini\u0219titoare \"semne\" ale drumului parcurs \u0219i ale \"progresului\" f\u0103cut: casa este locul \u00een care fiecare poate fi pur \u0219i simplu el \u00eensu\u0219i.<\/p>\n<p>Casa este \u00een acela\u0219i timp cuib \u0219i fort\u0103rea\u021b\u0103; refugiu pentru cei care au \"\u00een Italia, \u00een afara Americii\", \u00eenc\u0103 mult de cucerit. Iar fotografiile sunt aproape biografii scrise chiar de emigran\u021bi.<\/p>\n<p>Din arhiva Cresci, dou\u0103 m\u0103rturii diferite: Augustin Storace este comerciant \u0219i bombero (pompier) \u00een Lima. Bine educat, el folose\u0219te obiectivul pentru a surprinde scene din via\u021ba de familie. Benny Moscardini, transplantat la Boston, folose\u0219te fotografia \u00eentr-un mod mai pu\u021bin intim: portretizeaz\u0103 tineri \u0219i tinere din cartier, str\u0103zile \u00eemp\u00e2nzite de steaguri \u00een onoarea generalului Diaz \u0219i, \u00eentr-o c\u0103l\u0103torie \u00een Italia, chiar \u0219i un doc din portul New York. Lumea lui Storace este legat\u0103 de cas\u0103 \u0219i de atelier; cea a lui Moscardini este proiectat\u0103 spre exterior.<\/p>\n\t\t\t\t\t<ul id=\"menu-la-vita-sociale\"><li id=\"menu-item-424\"><a href=\"https:\/\/www.museoemigrazioneitaliana.org\/ro\/viata-sociala\/\">Via\u021ba social\u0103<\/a>\n<ul>\n\t<li id=\"menu-item-428\"><a href=\"https:\/\/www.museoemigrazioneitaliana.org\/ro\/viata-sociala\/mica-italia-si-la-dolce-casa\/\">\"Micile Italii\" \u0219i \"La dolce casa<\/a><\/li>\n\t<li id=\"menu-item-426\"><a href=\"https:\/\/www.museoemigrazioneitaliana.org\/ro\/viata-sociala\/fondatori-si-colonizatori-de-orase\/\">Fondatori \u0219i colonizatori de ora\u0219e<\/a><\/li>\n\t<li id=\"menu-item-425\"><a href=\"https:\/\/www.museoemigrazioneitaliana.org\/ro\/viata-sociala\/team-building\/\">Gruparea<\/a><\/li>\n\t<li id=\"menu-item-427\"><a href=\"https:\/\/www.museoemigrazioneitaliana.org\/ro\/viata-sociala\/scoala-intre-doua-lumi\/\">\u0218coala \u00eentre dou\u0103 lumi<\/a><\/li>\n\t<li id=\"menu-item-429\"><a href=\"https:\/\/www.museoemigrazioneitaliana.org\/ro\/viata-sociala\/povesti-de-intoleranta\/\">Pove\u0219ti de intoleran\u021b\u0103<\/a><\/li>\n\t<li id=\"menu-item-430\"><a href=\"https:\/\/www.museoemigrazioneitaliana.org\/ro\/viata-sociala\/catre-o-identitate-complexa\/\">C\u0103tre o identitate complex\u0103<\/a><\/li>\n<\/ul>\n<\/li>\n<\/ul>","protected":false},"excerpt":{"rendered":"<p>Le strade della Little Italy, come veniva chiamato il quartiere italiano negli Stati Uniti, erano strette, affollate, sporche, sovrastate da tenements fatiscenti. Il tenement era un grande caseggiato: spesso, aveva i servizi in comune (sui pianerottoli o nel cortile) e l&#8217;ingresso in vicoli quasi inagibili e bui. L&#8217;immigrato appena arrivato nella nuova realt\u00e0 trovava rifugio [&hellip;]<\/p>\n","protected":false},"author":1,"featured_media":0,"parent":101,"menu_order":0,"comment_status":"closed","ping_status":"open","template":"","meta":{"_acf_changed":false,"site-sidebar-layout":"default","site-content-layout":"default","ast-site-content-layout":"default","site-content-style":"default","site-sidebar-style":"default","ast-global-header-display":"","ast-banner-title-visibility":"","ast-main-header-display":"","ast-hfb-above-header-display":"","ast-hfb-below-header-display":"","ast-hfb-mobile-header-display":"","site-post-title":"","ast-breadcrumbs-content":"","ast-featured-img":"","footer-sml-layout":"","ast-disable-related-posts":"","theme-transparent-header-meta":"default","adv-header-id-meta":"","stick-header-meta":"","header-above-stick-meta":"","header-main-stick-meta":"","header-below-stick-meta":"","astra-migrate-meta-layouts":"default","ast-page-background-enabled":"default","ast-page-background-meta":{"desktop":{"background-color":"","background-image":"","background-repeat":"repeat","background-position":"center center","background-size":"auto","background-attachment":"scroll","background-type":"","background-media":"","overlay-type":"","overlay-color":"","overlay-opacity":"","overlay-gradient":""},"tablet":{"background-color":"","background-image":"","background-repeat":"repeat","background-position":"center center","background-size":"auto","background-attachment":"scroll","background-type":"","background-media":"","overlay-type":"","overlay-color":"","overlay-opacity":"","overlay-gradient":""},"mobile":{"background-color":"","background-image":"","background-repeat":"repeat","background-position":"center center","background-size":"auto","background-attachment":"scroll","background-type":"","background-media":"","overlay-type":"","overlay-color":"","overlay-opacity":"","overlay-gradient":""}},"ast-content-background-meta":{"desktop":{"background-color":"var(--ast-global-color-5)","background-image":"","background-repeat":"repeat","background-position":"center center","background-size":"auto","background-attachment":"scroll","background-type":"","background-media":"","overlay-type":"","overlay-color":"","overlay-opacity":"","overlay-gradient":""},"tablet":{"background-color":"var(--ast-global-color-5)","background-image":"","background-repeat":"repeat","background-position":"center center","background-size":"auto","background-attachment":"scroll","background-type":"","background-media":"","overlay-type":"","overlay-color":"","overlay-opacity":"","overlay-gradient":""},"mobile":{"background-color":"var(--ast-global-color-5)","background-image":"","background-repeat":"repeat","background-position":"center center","background-size":"auto","background-attachment":"scroll","background-type":"","background-media":"","overlay-type":"","overlay-color":"","overlay-opacity":"","overlay-gradient":""}},"footnotes":""},"class_list":["post-103","page","type-page","status-publish","hentry"],"acf":[],"_links":{"self":[{"href":"https:\/\/www.museoemigrazioneitaliana.org\/ro\/wp-json\/wp\/v2\/pages\/103","targetHints":{"allow":["GET"]}}],"collection":[{"href":"https:\/\/www.museoemigrazioneitaliana.org\/ro\/wp-json\/wp\/v2\/pages"}],"about":[{"href":"https:\/\/www.museoemigrazioneitaliana.org\/ro\/wp-json\/wp\/v2\/types\/page"}],"author":[{"embeddable":true,"href":"https:\/\/www.museoemigrazioneitaliana.org\/ro\/wp-json\/wp\/v2\/users\/1"}],"replies":[{"embeddable":true,"href":"https:\/\/www.museoemigrazioneitaliana.org\/ro\/wp-json\/wp\/v2\/comments?post=103"}],"version-history":[{"count":2,"href":"https:\/\/www.museoemigrazioneitaliana.org\/ro\/wp-json\/wp\/v2\/pages\/103\/revisions"}],"predecessor-version":[{"id":3173,"href":"https:\/\/www.museoemigrazioneitaliana.org\/ro\/wp-json\/wp\/v2\/pages\/103\/revisions\/3173"}],"up":[{"embeddable":true,"href":"https:\/\/www.museoemigrazioneitaliana.org\/ro\/wp-json\/wp\/v2\/pages\/101"}],"wp:attachment":[{"href":"https:\/\/www.museoemigrazioneitaliana.org\/ro\/wp-json\/wp\/v2\/media?parent=103"}],"curies":[{"name":"wp","href":"https:\/\/api.w.org\/{rel}","templated":true}]}}