{"id":99,"date":"2020-09-17T15:45:16","date_gmt":"2020-09-17T13:45:16","guid":{"rendered":"https:\/\/mei.ms-dev.it\/?page_id=99"},"modified":"2022-03-10T10:44:16","modified_gmt":"2022-03-10T09:44:16","slug":"para-a-patria","status":"publish","type":"page","link":"https:\/\/www.museoemigrazioneitaliana.org\/pt\/il-legame-con-litalia\/per-la-patria\/","title":{"rendered":"Pela p\u00e1tria"},"content":{"rendered":"<p>A caneta \u00e9 um instrumento que n\u00e3o \u00e9 d\u00f3cil nas m\u00e3os de quem n\u00e3o a sabe utilizar e, por isso, as cartas dos emigrantes diziam muitas vezes \"nada\". As remessas, pelo contr\u00e1rio, atestavam, sem qualquer possibilidade de mal-entendido, que n\u00e3o faltava trabalho e sa\u00fade e que o projeto migrat\u00f3rio estava a ser realizado. Essas poupan\u00e7as duramente obtidas, que elevaram a sorte de tantas fam\u00edlias, foram tamb\u00e9m um pilar do desenvolvimento industrial do nosso pa\u00eds.<\/p>\n<p>De acordo com um estudo de Francesco Balletta, nos primeiros quinze anos do s\u00e9culo XX, o montante das remessas do estrangeiro ultrapassou anualmente as receitas dos impostos directos cobrados pelo Estado italiano.<\/p>\n<p>Na realidade, eram ainda maiores, uma vez que o estudo se refere apenas ao que foi recolhido atrav\u00e9s do Banco di Napoli, a \u00fanica institui\u00e7\u00e3o de cr\u00e9dito encarregada institucionalmente desta tarefa desde 1901. Por conseguinte, escapam ao c\u00e1lculo as poupan\u00e7as enviadas do estrangeiro atrav\u00e9s de um n\u00famero incont\u00e1vel de \"banqueiros\" e de pequenos banqueiros, para n\u00e3o falar das enviadas ou trazidas \"em m\u00e3o\" para It\u00e1lia. Naturalmente, as remessas serviam, antes de mais, para saldar as d\u00edvidas passadas da fam\u00edlia e as contra\u00eddas para financiar a expatria\u00e7\u00e3o.<\/p>\n<p>A rela\u00e7\u00e3o com a It\u00e1lia n\u00e3o terminou, naturalmente, com as remessas de dinheiro para as fam\u00edlias. Mesmo durante cat\u00e1strofes naturais, como terramotos e inunda\u00e7\u00f5es, as comunidades de todo o mundo enviavam dinheiro para casa. Uma rea\u00e7\u00e3o igualmente generosa ocorreu durante a Primeira e a Segunda Guerras Mundiais, quando n\u00e3o s\u00f3 o dinheiro, mas tamb\u00e9m os homens prontos para se alistarem vieram do estrangeiro.<\/p>\n<p>Mesmo nos anos 30, durante as san\u00e7\u00f5es contra a It\u00e1lia por causa da guerra na Eti\u00f3pia, os emigrantes e os seus descendentes deram o seu contributo concreto.<\/p>\n\t\t\t\t\t<ul id=\"menu-il-legame-con-litalia\"><li id=\"menu-item-417\"><a href=\"https:\/\/www.museoemigrazioneitaliana.org\/pt\/a-ligacao-com-a-italia\/\">A liga\u00e7\u00e3o com a It\u00e1lia<\/a>\n<ul>\n\t<li id=\"menu-item-423\"><a href=\"https:\/\/www.museoemigrazioneitaliana.org\/pt\/a-ligacao-com-a-italia\/estou-a-escrever-esta-carta-para-si\/\">Estou a escrever esta carta para si<\/a><\/li>\n\t<li id=\"menu-item-420\"><a href=\"https:\/\/www.museoemigrazioneitaliana.org\/pt\/a-ligacao-com-a-italia\/toda-a-minha-vida\/\">Toda a minha vida<\/a><\/li>\n\t<li id=\"menu-item-419\"><a href=\"https:\/\/www.museoemigrazioneitaliana.org\/pt\/a-ligacao-com-a-italia\/santos-e-procissoes\/\">Santos e prociss\u00f5es<\/a><\/li>\n\t<li id=\"menu-item-418\"><a href=\"https:\/\/www.museoemigrazioneitaliana.org\/pt\/a-ligacao-com-a-italia\/para-a-patria\/\">Pela p\u00e1tria<\/a><\/li>\n<\/ul>\n<\/li>\n<\/ul>","protected":false},"excerpt":{"rendered":"<p>La penna \u00e8 uno strumento non docile nelle mani di chi non sa usarla e perci\u00f2 le lettere degli emigrati spesso non dicevano &#8220;niente&#8221;. Le rimesse, invece, attestavano, senza possibilit\u00e0 di equivoci, che il lavoro e la salute non mancavano e che il progetto migratorio si stava realizzando. Quei sudati risparmi, che sollevarono le sorti [&hellip;]<\/p>\n","protected":false},"author":1,"featured_media":0,"parent":91,"menu_order":0,"comment_status":"closed","ping_status":"open","template":"","meta":{"_acf_changed":false,"site-sidebar-layout":"default","site-content-layout":"default","ast-site-content-layout":"default","site-content-style":"default","site-sidebar-style":"default","ast-global-header-display":"","ast-banner-title-visibility":"","ast-main-header-display":"","ast-hfb-above-header-display":"","ast-hfb-below-header-display":"","ast-hfb-mobile-header-display":"","site-post-title":"","ast-breadcrumbs-content":"","ast-featured-img":"","footer-sml-layout":"","ast-disable-related-posts":"","theme-transparent-header-meta":"default","adv-header-id-meta":"","stick-header-meta":"","header-above-stick-meta":"","header-main-stick-meta":"","header-below-stick-meta":"","astra-migrate-meta-layouts":"default","ast-page-background-enabled":"default","ast-page-background-meta":{"desktop":{"background-color":"","background-image":"","background-repeat":"repeat","background-position":"center center","background-size":"auto","background-attachment":"scroll","background-type":"","background-media":"","overlay-type":"","overlay-color":"","overlay-opacity":"","overlay-gradient":""},"tablet":{"background-color":"","background-image":"","background-repeat":"repeat","background-position":"center center","background-size":"auto","background-attachment":"scroll","background-type":"","background-media":"","overlay-type":"","overlay-color":"","overlay-opacity":"","overlay-gradient":""},"mobile":{"background-color":"","background-image":"","background-repeat":"repeat","background-position":"center center","background-size":"auto","background-attachment":"scroll","background-type":"","background-media":"","overlay-type":"","overlay-color":"","overlay-opacity":"","overlay-gradient":""}},"ast-content-background-meta":{"desktop":{"background-color":"var(--ast-global-color-5)","background-image":"","background-repeat":"repeat","background-position":"center center","background-size":"auto","background-attachment":"scroll","background-type":"","background-media":"","overlay-type":"","overlay-color":"","overlay-opacity":"","overlay-gradient":""},"tablet":{"background-color":"var(--ast-global-color-5)","background-image":"","background-repeat":"repeat","background-position":"center center","background-size":"auto","background-attachment":"scroll","background-type":"","background-media":"","overlay-type":"","overlay-color":"","overlay-opacity":"","overlay-gradient":""},"mobile":{"background-color":"var(--ast-global-color-5)","background-image":"","background-repeat":"repeat","background-position":"center center","background-size":"auto","background-attachment":"scroll","background-type":"","background-media":"","overlay-type":"","overlay-color":"","overlay-opacity":"","overlay-gradient":""}},"footnotes":""},"class_list":["post-99","page","type-page","status-publish","hentry"],"acf":[],"_links":{"self":[{"href":"https:\/\/www.museoemigrazioneitaliana.org\/pt\/wp-json\/wp\/v2\/pages\/99","targetHints":{"allow":["GET"]}}],"collection":[{"href":"https:\/\/www.museoemigrazioneitaliana.org\/pt\/wp-json\/wp\/v2\/pages"}],"about":[{"href":"https:\/\/www.museoemigrazioneitaliana.org\/pt\/wp-json\/wp\/v2\/types\/page"}],"author":[{"embeddable":true,"href":"https:\/\/www.museoemigrazioneitaliana.org\/pt\/wp-json\/wp\/v2\/users\/1"}],"replies":[{"embeddable":true,"href":"https:\/\/www.museoemigrazioneitaliana.org\/pt\/wp-json\/wp\/v2\/comments?post=99"}],"version-history":[{"count":2,"href":"https:\/\/www.museoemigrazioneitaliana.org\/pt\/wp-json\/wp\/v2\/pages\/99\/revisions"}],"predecessor-version":[{"id":3162,"href":"https:\/\/www.museoemigrazioneitaliana.org\/pt\/wp-json\/wp\/v2\/pages\/99\/revisions\/3162"}],"up":[{"embeddable":true,"href":"https:\/\/www.museoemigrazioneitaliana.org\/pt\/wp-json\/wp\/v2\/pages\/91"}],"wp:attachment":[{"href":"https:\/\/www.museoemigrazioneitaliana.org\/pt\/wp-json\/wp\/v2\/media?parent=99"}],"curies":[{"name":"wp","href":"https:\/\/api.w.org\/{rel}","templated":true}]}}