{"id":97,"date":"2020-09-17T15:45:03","date_gmt":"2020-09-17T13:45:03","guid":{"rendered":"https:\/\/mei.ms-dev.it\/?page_id=97"},"modified":"2022-03-10T10:43:16","modified_gmt":"2022-03-10T09:43:16","slug":"santos-e-procissoes","status":"publish","type":"page","link":"https:\/\/www.museoemigrazioneitaliana.org\/pt\/il-legame-con-litalia\/santi-e-processioni\/","title":{"rendered":"Santos e prociss\u00f5es"},"content":{"rendered":"<p>Entre os rituais comunit\u00e1rios, ou seja, aqueles que podiam envolver primeiro toda a fam\u00edlia e depois toda a comunidade, encontravam-se as festas religiosas; especialmente, para al\u00e9m do Natal e da P\u00e1scoa, as relacionadas com a celebra\u00e7\u00e3o dos santos padroeiros.<\/p>\n<p>Os emigrantes, atrav\u00e9s da sua participa\u00e7\u00e3o neles, ligados aos ritmos e \u00e0 vida da sua comunidade de origem, sentiam os santos como companheiros que os tinham seguido no ex\u00edlio e cuja \"presen\u00e7a\" os confortava e ajudava.<\/p>\n<p>Esta religiosidade \"popular\", ainda hoje viva, suscitou muitas vezes cr\u00edticas mesmo por parte das hierarquias eclesi\u00e1sticas que, muitas vezes pertencentes a outros grupos \u00e9tnicos, se mostraram incapazes de compreender uma cultura que, na sua opini\u00e3o, se aproximava do folclore.<\/p>\n<p>De facto, os ritos religiosos sempre fizeram parte da bagagem dos emigrantes e ajudaram a preservar a sua identidade. E a import\u00e2ncia da religi\u00e3o nas v\u00e1rias comunidades de origem italiana \u00e9 demonstrada pela evolu\u00e7\u00e3o dos locais de culto: da simples capela de madeira \u00e0 igreja de pedra com poucos ornamentos e, por fim, \u00e0s grandes igrejas com uma torre sineira imponente, constru\u00eddas segundo estilos arquitect\u00f3nicos de inspira\u00e7\u00e3o italiana.<\/p>\n\t\t\t\t\t<ul id=\"menu-il-legame-con-litalia\"><li id=\"menu-item-417\"><a href=\"https:\/\/www.museoemigrazioneitaliana.org\/pt\/a-ligacao-com-a-italia\/\">A liga\u00e7\u00e3o com a It\u00e1lia<\/a>\n<ul>\n\t<li id=\"menu-item-423\"><a href=\"https:\/\/www.museoemigrazioneitaliana.org\/pt\/a-ligacao-com-a-italia\/estou-a-escrever-esta-carta-para-si\/\">Estou a escrever esta carta para si<\/a><\/li>\n\t<li id=\"menu-item-420\"><a href=\"https:\/\/www.museoemigrazioneitaliana.org\/pt\/a-ligacao-com-a-italia\/toda-a-minha-vida\/\">Toda a minha vida<\/a><\/li>\n\t<li id=\"menu-item-419\"><a href=\"https:\/\/www.museoemigrazioneitaliana.org\/pt\/a-ligacao-com-a-italia\/santos-e-procissoes\/\">Santos e prociss\u00f5es<\/a><\/li>\n\t<li id=\"menu-item-418\"><a href=\"https:\/\/www.museoemigrazioneitaliana.org\/pt\/a-ligacao-com-a-italia\/para-a-patria\/\">Pela p\u00e1tria<\/a><\/li>\n<\/ul>\n<\/li>\n<\/ul>","protected":false},"excerpt":{"rendered":"<p>Tra i riti comunitari, cio\u00e8 quelli che potevano coinvolgere prima tutta la famiglia e poi l&#8217;intera comunit\u00e0, ci sono le feste religiose; specialmente, oltre a Natale e Pasqua, quelle legate alla celebrazione dei santi patroni. Gli emigrati, attraverso la partecipazione ad esse, si raccordavano ai ritmi e alla vita della comunit\u00e0 d&#8217;origine, sentivano i santi [&hellip;]<\/p>\n","protected":false},"author":1,"featured_media":0,"parent":91,"menu_order":0,"comment_status":"closed","ping_status":"open","template":"","meta":{"_acf_changed":false,"site-sidebar-layout":"default","site-content-layout":"default","ast-site-content-layout":"default","site-content-style":"default","site-sidebar-style":"default","ast-global-header-display":"","ast-banner-title-visibility":"","ast-main-header-display":"","ast-hfb-above-header-display":"","ast-hfb-below-header-display":"","ast-hfb-mobile-header-display":"","site-post-title":"","ast-breadcrumbs-content":"","ast-featured-img":"","footer-sml-layout":"","ast-disable-related-posts":"","theme-transparent-header-meta":"default","adv-header-id-meta":"","stick-header-meta":"","header-above-stick-meta":"","header-main-stick-meta":"","header-below-stick-meta":"","astra-migrate-meta-layouts":"default","ast-page-background-enabled":"default","ast-page-background-meta":{"desktop":{"background-color":"","background-image":"","background-repeat":"repeat","background-position":"center center","background-size":"auto","background-attachment":"scroll","background-type":"","background-media":"","overlay-type":"","overlay-color":"","overlay-opacity":"","overlay-gradient":""},"tablet":{"background-color":"","background-image":"","background-repeat":"repeat","background-position":"center center","background-size":"auto","background-attachment":"scroll","background-type":"","background-media":"","overlay-type":"","overlay-color":"","overlay-opacity":"","overlay-gradient":""},"mobile":{"background-color":"","background-image":"","background-repeat":"repeat","background-position":"center center","background-size":"auto","background-attachment":"scroll","background-type":"","background-media":"","overlay-type":"","overlay-color":"","overlay-opacity":"","overlay-gradient":""}},"ast-content-background-meta":{"desktop":{"background-color":"var(--ast-global-color-5)","background-image":"","background-repeat":"repeat","background-position":"center center","background-size":"auto","background-attachment":"scroll","background-type":"","background-media":"","overlay-type":"","overlay-color":"","overlay-opacity":"","overlay-gradient":""},"tablet":{"background-color":"var(--ast-global-color-5)","background-image":"","background-repeat":"repeat","background-position":"center center","background-size":"auto","background-attachment":"scroll","background-type":"","background-media":"","overlay-type":"","overlay-color":"","overlay-opacity":"","overlay-gradient":""},"mobile":{"background-color":"var(--ast-global-color-5)","background-image":"","background-repeat":"repeat","background-position":"center center","background-size":"auto","background-attachment":"scroll","background-type":"","background-media":"","overlay-type":"","overlay-color":"","overlay-opacity":"","overlay-gradient":""}},"footnotes":""},"class_list":["post-97","page","type-page","status-publish","hentry"],"acf":[],"_links":{"self":[{"href":"https:\/\/www.museoemigrazioneitaliana.org\/pt\/wp-json\/wp\/v2\/pages\/97","targetHints":{"allow":["GET"]}}],"collection":[{"href":"https:\/\/www.museoemigrazioneitaliana.org\/pt\/wp-json\/wp\/v2\/pages"}],"about":[{"href":"https:\/\/www.museoemigrazioneitaliana.org\/pt\/wp-json\/wp\/v2\/types\/page"}],"author":[{"embeddable":true,"href":"https:\/\/www.museoemigrazioneitaliana.org\/pt\/wp-json\/wp\/v2\/users\/1"}],"replies":[{"embeddable":true,"href":"https:\/\/www.museoemigrazioneitaliana.org\/pt\/wp-json\/wp\/v2\/comments?post=97"}],"version-history":[{"count":2,"href":"https:\/\/www.museoemigrazioneitaliana.org\/pt\/wp-json\/wp\/v2\/pages\/97\/revisions"}],"predecessor-version":[{"id":3161,"href":"https:\/\/www.museoemigrazioneitaliana.org\/pt\/wp-json\/wp\/v2\/pages\/97\/revisions\/3161"}],"up":[{"embeddable":true,"href":"https:\/\/www.museoemigrazioneitaliana.org\/pt\/wp-json\/wp\/v2\/pages\/91"}],"wp:attachment":[{"href":"https:\/\/www.museoemigrazioneitaliana.org\/pt\/wp-json\/wp\/v2\/media?parent=97"}],"curies":[{"name":"wp","href":"https:\/\/api.w.org\/{rel}","templated":true}]}}