{"id":89,"date":"2020-09-17T15:43:47","date_gmt":"2020-09-17T13:43:47","guid":{"rendered":"https:\/\/mei.ms-dev.it\/?page_id=89"},"modified":"2022-03-10T12:05:34","modified_gmt":"2022-03-10T11:05:34","slug":"de-escultores-a-mestres","status":"publish","type":"page","link":"https:\/\/www.museoemigrazioneitaliana.org\/pt\/il-lavoro\/da-sguatteri-a-padroni\/","title":{"rendered":"De escultores a mestres"},"content":{"rendered":"<p>\u00c9 o sector da restaura\u00e7\u00e3o em que os emigrantes italianos e os seus descendentes trabalharam e continuam a trabalhar em grande n\u00famero e com sucesso em todos os pa\u00edses do mundo. No in\u00edcio, eram vendedores ambulantes de gelados no ver\u00e3o e de castanhas assadas no inverno; a presen\u00e7a de pessoas de Lucca e de Parma era predominante entre eles. Quando se tornaram residentes permanentes, tiveram as suas primeiras experi\u00eancias como trabalhadores subordinados: empregados de mesa, escultores e depois cozinheiros em restaurantes e hot\u00e9is. Finalmente: propriet\u00e1rios. Se os primeiros restaurantes eram locais de conv\u00edvio para os nossos compatriotas, depressa atra\u00edram clientes de todas as etnias e espalharam-se como um inc\u00eandio pelo territ\u00f3rio de cada cidade.<\/p>\n<p>Tamb\u00e9m neste sector, a fam\u00edlia sempre foi uma parte decisiva do desenvolvimento de qualquer projeto migrat\u00f3rio, uma vez que a gest\u00e3o das v\u00e1rias actividades \u00e9 quase exclusivamente da responsabilidade da fam\u00edlia. Al\u00e9m disso, agora que muitos cozinheiros e restaurantes italianos s\u00e3o considerados entre os melhores do mundo, vale a pena recordar os primeiros \"cucinieri\" n\u00e3o iniciados, homens que se improvisaram como tal, recuperando da mem\u00f3ria fragmentos das actividades culin\u00e1rias das suas mulheres e esfor\u00e7ando-se por reproduzi-las.<\/p>\n<p>\u00c9 exemplar o desenvolvimento deste tipo de emigra\u00e7\u00e3o para o Reino Unido. De Londres, primeiro ponto de atra\u00e7\u00e3o, deslocaram-se progressivamente para as grandes cidades de prov\u00edncia, de Manchester a Liverpool; para as zonas industriais do Sul do Pa\u00eds de Gales; para a Esc\u00f3cia, nomeadamente Glasgow; e tamb\u00e9m para a Irlanda, para Dublin, abrindo lojas e bares em todos estes locais.<\/p>\n<p>Estes locais de refresco, que se espalharam como um fogo selvagem mesmo em cidades muito pequenas, tornaram-se locais de socializa\u00e7\u00e3o, ajudando os nossos compatriotas a integrarem-se num ambiente que, devido a dificuldades lingu\u00edsticas, costumes e tradi\u00e7\u00f5es, lhes parecia pouco agrad\u00e1vel.<\/p>\n<p>O mesmo se passou com as geladarias: o primeiro passo foi a venda de ver\u00e3o em carrinhos, depois vieram as geladarias, nas quais, devido \u00e0s condi\u00e7\u00f5es clim\u00e1ticas desfavor\u00e1veis durante a maior parte do ano, se vendiam tamb\u00e9m outros produtos: \u00e1gua mineral, refrigerantes diversos, caf\u00e9, bolos, compotas e chocolate. Foi a Esc\u00f3cia que foi particularmente \"invadida\": nos primeiros anos do s\u00e9culo XX, em cerca de duzentas localidades, existiam cerca de mil gelatarias com cerca de cinco mil empregados.<\/p>\n<p>Nos primeiros tempos da sua atividade \"empresarial\", uma raz\u00e3o curiosa para o sucesso dos pubs, que muitas vezes se limitavam a vender peixe e batatas fritas, era o facto de se diferenciarem dos pubs tradicionais, que eram frequentados apenas por homens (n\u00e3o eram permitidos menores devido \u00e0 grande quantidade de \u00e1lcool consumida). Os pubs italianos, pelo contr\u00e1rio, estavam abertos \u00e0s mulheres e aos rapazes pela mesma raz\u00e3o (n\u00e3o eram vendidas bebidas alco\u00f3licas).<\/p>\n\t\t\t\t\t<ul id=\"menu-il-lavoro\"><li id=\"menu-item-410\"><a href=\"https:\/\/www.museoemigrazioneitaliana.org\/pt\/trabalho\/\">O trabalho<\/a>\n<ul>\n\t<li id=\"menu-item-416\"><a href=\"https:\/\/www.museoemigrazioneitaliana.org\/pt\/trabalho\/nos-vendedores-ambulantes-e-nas-criancas\/\">Na rua, vendedores ambulantes e crian\u00e7as<\/a><\/li>\n\t<li id=\"menu-item-411\"><a href=\"https:\/\/www.museoemigrazioneitaliana.org\/pt\/trabalho\/bracos-fortes-e-trabalho-pesado\/\">Bra\u00e7os fortes e trabalho pesado<\/a><\/li>\n\t<li id=\"menu-item-415\"><a href=\"https:\/\/www.museoemigrazioneitaliana.org\/pt\/trabalho\/grandes-obras-e-fortunas-conspicuas\/\">Grandes obras e fortunas not\u00e1veis<\/a><\/li>\n\t<li id=\"menu-item-413\"><a href=\"https:\/\/www.museoemigrazioneitaliana.org\/pt\/trabalho\/mulheres-frageis\/\">Mulheres \"fr\u00e1geis<\/a><\/li>\n\t<li id=\"menu-item-414\"><a href=\"https:\/\/www.museoemigrazioneitaliana.org\/pt\/trabalho\/lojas-e-lojas\/\">Lojas e estabelecimentos comerciais<\/a><\/li>\n\t<li id=\"menu-item-412\"><a href=\"https:\/\/www.museoemigrazioneitaliana.org\/pt\/trabalho\/de-escultores-a-mestres\/\">De escultores a mestres<\/a><\/li>\n<\/ul>\n<\/li>\n<\/ul>","protected":false},"excerpt":{"rendered":"<p>E&#8217; il settore della ristorazione quello in cui hanno operato e operano in gran numero e con successo gli emigrati italiani e i loro discendenti in ogni paese del mondo. All&#8217;inizio erano venditori ambulanti di gelati, d&#8217;estate, e di caldarroste in inverno; tra essi era preponderante la presenza di lucchesi e parmensi. Una volta diventati [&hellip;]<\/p>\n","protected":false},"author":1,"featured_media":0,"parent":77,"menu_order":0,"comment_status":"closed","ping_status":"open","template":"","meta":{"_acf_changed":false,"site-sidebar-layout":"default","site-content-layout":"default","ast-site-content-layout":"default","site-content-style":"default","site-sidebar-style":"default","ast-global-header-display":"","ast-banner-title-visibility":"","ast-main-header-display":"","ast-hfb-above-header-display":"","ast-hfb-below-header-display":"","ast-hfb-mobile-header-display":"","site-post-title":"","ast-breadcrumbs-content":"","ast-featured-img":"","footer-sml-layout":"","ast-disable-related-posts":"","theme-transparent-header-meta":"default","adv-header-id-meta":"","stick-header-meta":"","header-above-stick-meta":"","header-main-stick-meta":"","header-below-stick-meta":"","astra-migrate-meta-layouts":"default","ast-page-background-enabled":"default","ast-page-background-meta":{"desktop":{"background-color":"","background-image":"","background-repeat":"repeat","background-position":"center center","background-size":"auto","background-attachment":"scroll","background-type":"","background-media":"","overlay-type":"","overlay-color":"","overlay-opacity":"","overlay-gradient":""},"tablet":{"background-color":"","background-image":"","background-repeat":"repeat","background-position":"center center","background-size":"auto","background-attachment":"scroll","background-type":"","background-media":"","overlay-type":"","overlay-color":"","overlay-opacity":"","overlay-gradient":""},"mobile":{"background-color":"","background-image":"","background-repeat":"repeat","background-position":"center center","background-size":"auto","background-attachment":"scroll","background-type":"","background-media":"","overlay-type":"","overlay-color":"","overlay-opacity":"","overlay-gradient":""}},"ast-content-background-meta":{"desktop":{"background-color":"var(--ast-global-color-5)","background-image":"","background-repeat":"repeat","background-position":"center center","background-size":"auto","background-attachment":"scroll","background-type":"","background-media":"","overlay-type":"","overlay-color":"","overlay-opacity":"","overlay-gradient":""},"tablet":{"background-color":"var(--ast-global-color-5)","background-image":"","background-repeat":"repeat","background-position":"center center","background-size":"auto","background-attachment":"scroll","background-type":"","background-media":"","overlay-type":"","overlay-color":"","overlay-opacity":"","overlay-gradient":""},"mobile":{"background-color":"var(--ast-global-color-5)","background-image":"","background-repeat":"repeat","background-position":"center center","background-size":"auto","background-attachment":"scroll","background-type":"","background-media":"","overlay-type":"","overlay-color":"","overlay-opacity":"","overlay-gradient":""}},"footnotes":""},"class_list":["post-89","page","type-page","status-publish","hentry"],"acf":[],"_links":{"self":[{"href":"https:\/\/www.museoemigrazioneitaliana.org\/pt\/wp-json\/wp\/v2\/pages\/89","targetHints":{"allow":["GET"]}}],"collection":[{"href":"https:\/\/www.museoemigrazioneitaliana.org\/pt\/wp-json\/wp\/v2\/pages"}],"about":[{"href":"https:\/\/www.museoemigrazioneitaliana.org\/pt\/wp-json\/wp\/v2\/types\/page"}],"author":[{"embeddable":true,"href":"https:\/\/www.museoemigrazioneitaliana.org\/pt\/wp-json\/wp\/v2\/users\/1"}],"replies":[{"embeddable":true,"href":"https:\/\/www.museoemigrazioneitaliana.org\/pt\/wp-json\/wp\/v2\/comments?post=89"}],"version-history":[{"count":2,"href":"https:\/\/www.museoemigrazioneitaliana.org\/pt\/wp-json\/wp\/v2\/pages\/89\/revisions"}],"predecessor-version":[{"id":3199,"href":"https:\/\/www.museoemigrazioneitaliana.org\/pt\/wp-json\/wp\/v2\/pages\/89\/revisions\/3199"}],"up":[{"embeddable":true,"href":"https:\/\/www.museoemigrazioneitaliana.org\/pt\/wp-json\/wp\/v2\/pages\/77"}],"wp:attachment":[{"href":"https:\/\/www.museoemigrazioneitaliana.org\/pt\/wp-json\/wp\/v2\/media?parent=89"}],"curies":[{"name":"wp","href":"https:\/\/api.w.org\/{rel}","templated":true}]}}