{"id":87,"date":"2020-09-17T15:43:06","date_gmt":"2020-09-17T13:43:06","guid":{"rendered":"https:\/\/mei.ms-dev.it\/?page_id=87"},"modified":"2022-03-10T12:04:36","modified_gmt":"2022-03-10T11:04:36","slug":"lojas-e-lojas","status":"publish","type":"page","link":"https:\/\/www.museoemigrazioneitaliana.org\/pt\/il-lavoro\/negozi-e-negozi\/","title":{"rendered":"Lojas e estabelecimentos comerciais"},"content":{"rendered":"<p>Para os emigrantes que se dedicaram ao com\u00e9rcio, os in\u00edcios foram mais ou menos os mesmos: depois de chegarem ao novo pa\u00eds, trabalharam durante alguns anos como empregados dos familiares ou amigos que os tinham incentivado e ajudado a emigrar. \u00c9 claro que esta fase inicial era ignorada por aqueles que, j\u00e1 dotados de um capital pr\u00f3prio, ainda que reduzido, come\u00e7avam diretamente no com\u00e9rcio muito pequeno. Neste percurso, a fam\u00edlia desempenhou sempre um papel fundamental, n\u00e3o s\u00f3 como fornecedora dos meios econ\u00f3micos iniciais, mas tamb\u00e9m, no caso de emigra\u00e7\u00e3o do agregado familiar, no todo ou em parte, com envolvimento direto na gest\u00e3o da empresa.<\/p>\n<p>As primeiras lojas eram pequenos estabelecimentos, principalmente no sector alimentar, e tinham como clientela inicial a comunidade italiana. De facto, nas montras de muitas lojas, estava escrito com orgulho que se vendiam produtos italianos aut\u00eanticos.<\/p>\n<p>Assim, para a maior parte dos comerciantes, o auge da fortuna foi atingido com a cria\u00e7\u00e3o de uma empresa de alguma dimens\u00e3o. No entanto, algumas destas empresas conseguiram consolidar-se ao longo do tempo e v\u00e1rias lojas transformaram-se em poderosas empresas de produ\u00e7\u00e3o e transforma\u00e7\u00e3o de produtos do solo e da pecu\u00e1ria ou em grandes empresas de distribui\u00e7\u00e3o internacional.<\/p>\n<p>O facto de estes novos industriais serem oriundos do sector comercial conferiu-lhes uma vantagem devido ao seu conhecimento pr\u00e9vio da situa\u00e7\u00e3o do mercado nacional, das fontes de abastecimento e das possibilidades de acesso mais f\u00e1cil ao cr\u00e9dito.<\/p>\n\t\t\t\t\t<ul id=\"menu-il-lavoro\"><li id=\"menu-item-410\"><a href=\"https:\/\/www.museoemigrazioneitaliana.org\/pt\/trabalho\/\">O trabalho<\/a>\n<ul>\n\t<li id=\"menu-item-416\"><a href=\"https:\/\/www.museoemigrazioneitaliana.org\/pt\/trabalho\/nos-vendedores-ambulantes-e-nas-criancas\/\">Na rua, vendedores ambulantes e crian\u00e7as<\/a><\/li>\n\t<li id=\"menu-item-411\"><a href=\"https:\/\/www.museoemigrazioneitaliana.org\/pt\/trabalho\/bracos-fortes-e-trabalho-pesado\/\">Bra\u00e7os fortes e trabalho pesado<\/a><\/li>\n\t<li id=\"menu-item-415\"><a href=\"https:\/\/www.museoemigrazioneitaliana.org\/pt\/trabalho\/grandes-obras-e-fortunas-conspicuas\/\">Grandes obras e fortunas not\u00e1veis<\/a><\/li>\n\t<li id=\"menu-item-413\"><a href=\"https:\/\/www.museoemigrazioneitaliana.org\/pt\/trabalho\/mulheres-frageis\/\">Mulheres \"fr\u00e1geis<\/a><\/li>\n\t<li id=\"menu-item-414\"><a href=\"https:\/\/www.museoemigrazioneitaliana.org\/pt\/trabalho\/lojas-e-lojas\/\">Lojas e estabelecimentos comerciais<\/a><\/li>\n\t<li id=\"menu-item-412\"><a href=\"https:\/\/www.museoemigrazioneitaliana.org\/pt\/trabalho\/de-escultores-a-mestres\/\">De escultores a mestres<\/a><\/li>\n<\/ul>\n<\/li>\n<\/ul>","protected":false},"excerpt":{"rendered":"<p>Per gli emigrati che si dedicarono al commercio gli inizi furono pressoch\u00e9 uguali: dopo l&#8217;arrivo nel nuovo paese lavorarono per alcuni anni come dipendenti dei parenti o degli amici che li avevano esortati e aiutati a emigrare. Naturalmente questa fase iniziale venne saltata da coloro che, gi\u00e0 dotati di un proprio capitale, per quanto minimo, [&hellip;]<\/p>\n","protected":false},"author":1,"featured_media":0,"parent":77,"menu_order":0,"comment_status":"closed","ping_status":"open","template":"","meta":{"_acf_changed":false,"site-sidebar-layout":"default","site-content-layout":"default","ast-site-content-layout":"default","site-content-style":"default","site-sidebar-style":"default","ast-global-header-display":"","ast-banner-title-visibility":"","ast-main-header-display":"","ast-hfb-above-header-display":"","ast-hfb-below-header-display":"","ast-hfb-mobile-header-display":"","site-post-title":"","ast-breadcrumbs-content":"","ast-featured-img":"","footer-sml-layout":"","ast-disable-related-posts":"","theme-transparent-header-meta":"default","adv-header-id-meta":"","stick-header-meta":"","header-above-stick-meta":"","header-main-stick-meta":"","header-below-stick-meta":"","astra-migrate-meta-layouts":"default","ast-page-background-enabled":"default","ast-page-background-meta":{"desktop":{"background-color":"","background-image":"","background-repeat":"repeat","background-position":"center center","background-size":"auto","background-attachment":"scroll","background-type":"","background-media":"","overlay-type":"","overlay-color":"","overlay-opacity":"","overlay-gradient":""},"tablet":{"background-color":"","background-image":"","background-repeat":"repeat","background-position":"center center","background-size":"auto","background-attachment":"scroll","background-type":"","background-media":"","overlay-type":"","overlay-color":"","overlay-opacity":"","overlay-gradient":""},"mobile":{"background-color":"","background-image":"","background-repeat":"repeat","background-position":"center center","background-size":"auto","background-attachment":"scroll","background-type":"","background-media":"","overlay-type":"","overlay-color":"","overlay-opacity":"","overlay-gradient":""}},"ast-content-background-meta":{"desktop":{"background-color":"var(--ast-global-color-5)","background-image":"","background-repeat":"repeat","background-position":"center center","background-size":"auto","background-attachment":"scroll","background-type":"","background-media":"","overlay-type":"","overlay-color":"","overlay-opacity":"","overlay-gradient":""},"tablet":{"background-color":"var(--ast-global-color-5)","background-image":"","background-repeat":"repeat","background-position":"center center","background-size":"auto","background-attachment":"scroll","background-type":"","background-media":"","overlay-type":"","overlay-color":"","overlay-opacity":"","overlay-gradient":""},"mobile":{"background-color":"var(--ast-global-color-5)","background-image":"","background-repeat":"repeat","background-position":"center center","background-size":"auto","background-attachment":"scroll","background-type":"","background-media":"","overlay-type":"","overlay-color":"","overlay-opacity":"","overlay-gradient":""}},"footnotes":""},"class_list":["post-87","page","type-page","status-publish","hentry"],"acf":[],"_links":{"self":[{"href":"https:\/\/www.museoemigrazioneitaliana.org\/pt\/wp-json\/wp\/v2\/pages\/87","targetHints":{"allow":["GET"]}}],"collection":[{"href":"https:\/\/www.museoemigrazioneitaliana.org\/pt\/wp-json\/wp\/v2\/pages"}],"about":[{"href":"https:\/\/www.museoemigrazioneitaliana.org\/pt\/wp-json\/wp\/v2\/types\/page"}],"author":[{"embeddable":true,"href":"https:\/\/www.museoemigrazioneitaliana.org\/pt\/wp-json\/wp\/v2\/users\/1"}],"replies":[{"embeddable":true,"href":"https:\/\/www.museoemigrazioneitaliana.org\/pt\/wp-json\/wp\/v2\/comments?post=87"}],"version-history":[{"count":2,"href":"https:\/\/www.museoemigrazioneitaliana.org\/pt\/wp-json\/wp\/v2\/pages\/87\/revisions"}],"predecessor-version":[{"id":3197,"href":"https:\/\/www.museoemigrazioneitaliana.org\/pt\/wp-json\/wp\/v2\/pages\/87\/revisions\/3197"}],"up":[{"embeddable":true,"href":"https:\/\/www.museoemigrazioneitaliana.org\/pt\/wp-json\/wp\/v2\/pages\/77"}],"wp:attachment":[{"href":"https:\/\/www.museoemigrazioneitaliana.org\/pt\/wp-json\/wp\/v2\/media?parent=87"}],"curies":[{"name":"wp","href":"https:\/\/api.w.org\/{rel}","templated":true}]}}