{"id":73,"date":"2020-09-17T15:41:02","date_gmt":"2020-09-17T13:41:02","guid":{"rendered":"https:\/\/mei.ms-dev.it\/?page_id=73"},"modified":"2022-03-10T11:03:52","modified_gmt":"2022-03-10T10:03:52","slug":"africa","status":"publish","type":"page","link":"https:\/\/www.museoemigrazioneitaliana.org\/pt\/le-mete\/africa\/","title":{"rendered":"\u00c1frica"},"content":{"rendered":"<p>A emigra\u00e7\u00e3o italiana para \u00c1frica representa um fen\u00f3meno menor em compara\u00e7\u00e3o com os fluxos de expatriados para o ultramar e para o resto da Europa, mas j\u00e1 no in\u00edcio do s\u00e9culo XIX encontramos os primeiros italianos instalados no Norte de \u00c1frica. Esta emigra\u00e7\u00e3o provinha sobretudo do Sul de It\u00e1lia, geograficamente mais pr\u00f3ximo do continente africano. A presen\u00e7a italiana nestas regi\u00f5es ir\u00e1 aumentar a partir de cerca de 1880, concentrando-se sobretudo no Egipto, onde j\u00e1 se tinha instalado uma grande comunidade italiana de trabalhadores devido \u00e0 abertura do Canal do Suez, e na Tun\u00edsia, pa\u00edses onde a Gr\u00e3-Bretanha e a Fran\u00e7a tinham estabelecido, respetivamente, os seus protectorados.<\/p>\n<p>Nos anos seguintes, a emigra\u00e7\u00e3o italiana para o continente africano entrela\u00e7ou-se com a coloniza\u00e7\u00e3o, que come\u00e7ou na Eritreia e continuou na Som\u00e1lia, na L\u00edbia e na Eti\u00f3pia com a anexa\u00e7\u00e3o de 1936, a constitui\u00e7\u00e3o da \u00c1frica Oriental Italiana e a proclama\u00e7\u00e3o do Imp\u00e9rio.<\/p>\n<p>Com a subida ao poder de Benito Mussolini, o fascismo tentou conter os fluxos migrat\u00f3rios de italianos para as Am\u00e9ricas, desviando-os para as col\u00f3nias italianas na \u00c1frica Oriental Italiana (Som\u00e1lia, Eritreia e Eti\u00f3pia) e para a L\u00edbia.<\/p>\n<p>Ap\u00f3s a Segunda Guerra Mundial e o subsequente processo de descoloniza\u00e7\u00e3o, iniciou-se o repatriamento de muitos italianos, que culminou em 1970 com a ascens\u00e3o de Mu'ammar Kadhafi ao poder na L\u00edbia. <\/p>\n\t\t\t\t<img loading=\"lazy\" decoding=\"async\" src=\"https:\/\/www.museoemigrazioneitaliana.org\/wp-content\/uploads\/2022\/01\/989-ok-3.jpg\" alt=\"T\u00fanez, Sfax, trabalhadores no trabalho numa cantera de m\u00e1rmore\" itemprop=\"image\" height=\"604\" width=\"1000\" title=\"989 OK\" onerror=\"this.style.display='none'\"  \/>\n\t\tT\u00fanez, Sfax, trabalhadores no trabalho numa cantera de m\u00e1rmore\n\t\t\t\t\t<ul id=\"menu-le-mete\"><li id=\"menu-item-403\"><a href=\"https:\/\/www.museoemigrazioneitaliana.org\/pt\/destinos\/\">Destinos<\/a>\n<ul>\n\t<li id=\"menu-item-409\"><a href=\"https:\/\/www.museoemigrazioneitaliana.org\/pt\/destinos\/larrivo\/\">Chegada<\/a><\/li>\n\t<li id=\"menu-item-1529\"><a href=\"https:\/\/www.museoemigrazioneitaliana.org\/pt\/destinos\/america-do-norte\/\">Am\u00e9rica do Norte<\/a><\/li>\n\t<li id=\"menu-item-1530\"><a href=\"https:\/\/www.museoemigrazioneitaliana.org\/pt\/destinos\/america-do-sul\/\">Am\u00e9rica do Sul<\/a><\/li>\n\t<li id=\"menu-item-1532\"><a href=\"https:\/\/www.museoemigrazioneitaliana.org\/pt\/destinos\/europa\/\">Europa<\/a><\/li>\n\t<li id=\"menu-item-1531\"><a href=\"https:\/\/www.museoemigrazioneitaliana.org\/pt\/destinos\/australia\/\">Austr\u00e1lia<\/a><\/li>\n\t<li id=\"menu-item-1528\"><a href=\"https:\/\/www.museoemigrazioneitaliana.org\/pt\/destinos\/africa\/\">\u00c1frica<\/a><\/li>\n<\/ul>\n<\/li>\n<\/ul>","protected":false},"excerpt":{"rendered":"<p>L&#8217;emigrazione italiana in Africa rappresenta un fenomeno minore rispetto ai flussi di espatri diretti oltreoceano e verso il resto d&#8217;Europa,\u00a0tuttavia gi\u00e0 dai primi anni dell&#8217;Ottocento troviamo i primi italiani insediati nel Nord Africa. Si tratta di un&#8217;emigrazione proveniente in prevalenza dall&#8217;Italia del sud, geograficamente pi\u00f9 vicina al continente africano. La presenza italiana in queste regioni [&hellip;]<\/p>\n","protected":false},"author":1,"featured_media":0,"parent":63,"menu_order":0,"comment_status":"closed","ping_status":"open","template":"","meta":{"_acf_changed":false,"site-sidebar-layout":"default","site-content-layout":"default","ast-site-content-layout":"default","site-content-style":"default","site-sidebar-style":"default","ast-global-header-display":"","ast-banner-title-visibility":"","ast-main-header-display":"","ast-hfb-above-header-display":"","ast-hfb-below-header-display":"","ast-hfb-mobile-header-display":"","site-post-title":"","ast-breadcrumbs-content":"","ast-featured-img":"","footer-sml-layout":"","ast-disable-related-posts":"","theme-transparent-header-meta":"default","adv-header-id-meta":"","stick-header-meta":"","header-above-stick-meta":"","header-main-stick-meta":"","header-below-stick-meta":"","astra-migrate-meta-layouts":"default","ast-page-background-enabled":"default","ast-page-background-meta":{"desktop":{"background-color":"","background-image":"","background-repeat":"repeat","background-position":"center center","background-size":"auto","background-attachment":"scroll","background-type":"","background-media":"","overlay-type":"","overlay-color":"","overlay-opacity":"","overlay-gradient":""},"tablet":{"background-color":"","background-image":"","background-repeat":"repeat","background-position":"center center","background-size":"auto","background-attachment":"scroll","background-type":"","background-media":"","overlay-type":"","overlay-color":"","overlay-opacity":"","overlay-gradient":""},"mobile":{"background-color":"","background-image":"","background-repeat":"repeat","background-position":"center center","background-size":"auto","background-attachment":"scroll","background-type":"","background-media":"","overlay-type":"","overlay-color":"","overlay-opacity":"","overlay-gradient":""}},"ast-content-background-meta":{"desktop":{"background-color":"var(--ast-global-color-5)","background-image":"","background-repeat":"repeat","background-position":"center center","background-size":"auto","background-attachment":"scroll","background-type":"","background-media":"","overlay-type":"","overlay-color":"","overlay-opacity":"","overlay-gradient":""},"tablet":{"background-color":"var(--ast-global-color-5)","background-image":"","background-repeat":"repeat","background-position":"center center","background-size":"auto","background-attachment":"scroll","background-type":"","background-media":"","overlay-type":"","overlay-color":"","overlay-opacity":"","overlay-gradient":""},"mobile":{"background-color":"var(--ast-global-color-5)","background-image":"","background-repeat":"repeat","background-position":"center center","background-size":"auto","background-attachment":"scroll","background-type":"","background-media":"","overlay-type":"","overlay-color":"","overlay-opacity":"","overlay-gradient":""}},"footnotes":""},"class_list":["post-73","page","type-page","status-publish","hentry"],"acf":[],"_links":{"self":[{"href":"https:\/\/www.museoemigrazioneitaliana.org\/pt\/wp-json\/wp\/v2\/pages\/73","targetHints":{"allow":["GET"]}}],"collection":[{"href":"https:\/\/www.museoemigrazioneitaliana.org\/pt\/wp-json\/wp\/v2\/pages"}],"about":[{"href":"https:\/\/www.museoemigrazioneitaliana.org\/pt\/wp-json\/wp\/v2\/types\/page"}],"author":[{"embeddable":true,"href":"https:\/\/www.museoemigrazioneitaliana.org\/pt\/wp-json\/wp\/v2\/users\/1"}],"replies":[{"embeddable":true,"href":"https:\/\/www.museoemigrazioneitaliana.org\/pt\/wp-json\/wp\/v2\/comments?post=73"}],"version-history":[{"count":2,"href":"https:\/\/www.museoemigrazioneitaliana.org\/pt\/wp-json\/wp\/v2\/pages\/73\/revisions"}],"predecessor-version":[{"id":3185,"href":"https:\/\/www.museoemigrazioneitaliana.org\/pt\/wp-json\/wp\/v2\/pages\/73\/revisions\/3185"}],"up":[{"embeddable":true,"href":"https:\/\/www.museoemigrazioneitaliana.org\/pt\/wp-json\/wp\/v2\/pages\/63"}],"wp:attachment":[{"href":"https:\/\/www.museoemigrazioneitaliana.org\/pt\/wp-json\/wp\/v2\/media?parent=73"}],"curies":[{"name":"wp","href":"https:\/\/api.w.org\/{rel}","templated":true}]}}