{"id":67,"date":"2020-09-17T15:39:37","date_gmt":"2020-09-17T13:39:37","guid":{"rendered":"https:\/\/mei.ms-dev.it\/?page_id=67"},"modified":"2022-03-10T10:58:21","modified_gmt":"2022-03-10T09:58:21","slug":"america-do-sul","status":"publish","type":"page","link":"https:\/\/www.museoemigrazioneitaliana.org\/pt\/le-mete\/america-del-sud\/","title":{"rendered":"Am\u00e9rica do Sul"},"content":{"rendered":"<p>Inicialmente, eram os emigrantes das regi\u00f5es agr\u00edcolas do norte de It\u00e1lia que povoavam os navios com destino \u00e0 Am\u00e9rica do Sul. Os que podiam pagar um bilhete mais caro iam para a Am\u00e9rica do Sul, onde a integra\u00e7\u00e3o era certamente mais f\u00e1cil. A cultura sul-americana era de facto muito pr\u00f3xima da italiana, mesmo a religiosa, e havia menos problemas com a l\u00edngua. Para o Brasil, a partida foi sobretudo do Veneto e do Friuli, para a Argentina foi sobretudo do Piemonte. Tratava-se de dois Estados sem fronteiras, pouco habitados, que os governos locais queriam povoar encorajando a imigra\u00e7\u00e3o europeia. A emigra\u00e7\u00e3o para o Brasil e para a Argentina, que durou mais de um s\u00e9culo, s\u00f3 parou no final dos anos 50, na sequ\u00eancia da recess\u00e3o econ\u00f3mica.<\/p>\n<p>Se o Brasil e a Argentina, com o pequeno Uruguai, representavam os destinos mais imediatos, estando nas rotas dos transatl\u00e2nticos, n\u00e3o se deve esquecer a emigra\u00e7\u00e3o italiana para outros Estados latino-americanos, como o Chile, o Peru, o Equador, a Col\u00f4mbia e a Venezuela. Neste \u00faltimo pa\u00eds, em particular, registou-se um verdadeiro boom migrat\u00f3rio nos anos 50, ligado \u00e0 descoberta de jazidas de petr\u00f3leo e ao consequente desenvolvimento industrial do pa\u00eds.<\/p>\n\t\t\t\t<img loading=\"lazy\" decoding=\"async\" src=\"https:\/\/www.museoemigrazioneitaliana.org\/wp-content\/uploads\/2022\/01\/1138-ok.jpg\" alt=\"Brasil, Rio Grande do Sul, Caxias, 1905. A fam\u00edlia Ronca\" itemprop=\"image\" height=\"507\" width=\"800\" title=\"1138 OK\" onerror=\"this.style.display='none'\"  \/>\n\t\tBrasil, Rio Grande do Sul, Caxias, 1905. A fam\u00edlia Ronca\n\t\t\t\t\t<ul id=\"menu-le-mete\"><li id=\"menu-item-403\"><a href=\"https:\/\/www.museoemigrazioneitaliana.org\/pt\/destinos\/\">Destinos<\/a>\n<ul>\n\t<li id=\"menu-item-409\"><a href=\"https:\/\/www.museoemigrazioneitaliana.org\/pt\/destinos\/larrivo\/\">Chegada<\/a><\/li>\n\t<li id=\"menu-item-1529\"><a href=\"https:\/\/www.museoemigrazioneitaliana.org\/pt\/destinos\/america-do-norte\/\">Am\u00e9rica do Norte<\/a><\/li>\n\t<li id=\"menu-item-1530\"><a href=\"https:\/\/www.museoemigrazioneitaliana.org\/pt\/destinos\/america-do-sul\/\">Am\u00e9rica do Sul<\/a><\/li>\n\t<li id=\"menu-item-1532\"><a href=\"https:\/\/www.museoemigrazioneitaliana.org\/pt\/destinos\/europa\/\">Europa<\/a><\/li>\n\t<li id=\"menu-item-1531\"><a href=\"https:\/\/www.museoemigrazioneitaliana.org\/pt\/destinos\/australia\/\">Austr\u00e1lia<\/a><\/li>\n\t<li id=\"menu-item-1528\"><a href=\"https:\/\/www.museoemigrazioneitaliana.org\/pt\/destinos\/africa\/\">\u00c1frica<\/a><\/li>\n<\/ul>\n<\/li>\n<\/ul>","protected":false},"excerpt":{"rendered":"<p>A popolare i bastimenti diretti verso l&#8217;America del Sud furono inizialmente gli emigranti provenienti dalle regioni agricole del Nord Italia. Chi si poteva permettere un biglietto pi\u00f9 costoso andava in Sudamerica, dove l&#8217;integrazione era sicuramente pi\u00f9 facile. La cultura sudamericana era infatti molto vicina a quella italiana, anche quella religiosa, e c&#8217;erano minori problemi con [&hellip;]<\/p>\n","protected":false},"author":1,"featured_media":0,"parent":63,"menu_order":0,"comment_status":"closed","ping_status":"open","template":"","meta":{"_acf_changed":false,"site-sidebar-layout":"default","site-content-layout":"default","ast-site-content-layout":"default","site-content-style":"default","site-sidebar-style":"default","ast-global-header-display":"","ast-banner-title-visibility":"","ast-main-header-display":"","ast-hfb-above-header-display":"","ast-hfb-below-header-display":"","ast-hfb-mobile-header-display":"","site-post-title":"","ast-breadcrumbs-content":"","ast-featured-img":"","footer-sml-layout":"","ast-disable-related-posts":"","theme-transparent-header-meta":"default","adv-header-id-meta":"","stick-header-meta":"","header-above-stick-meta":"","header-main-stick-meta":"","header-below-stick-meta":"","astra-migrate-meta-layouts":"default","ast-page-background-enabled":"default","ast-page-background-meta":{"desktop":{"background-color":"","background-image":"","background-repeat":"repeat","background-position":"center center","background-size":"auto","background-attachment":"scroll","background-type":"","background-media":"","overlay-type":"","overlay-color":"","overlay-opacity":"","overlay-gradient":""},"tablet":{"background-color":"","background-image":"","background-repeat":"repeat","background-position":"center center","background-size":"auto","background-attachment":"scroll","background-type":"","background-media":"","overlay-type":"","overlay-color":"","overlay-opacity":"","overlay-gradient":""},"mobile":{"background-color":"","background-image":"","background-repeat":"repeat","background-position":"center center","background-size":"auto","background-attachment":"scroll","background-type":"","background-media":"","overlay-type":"","overlay-color":"","overlay-opacity":"","overlay-gradient":""}},"ast-content-background-meta":{"desktop":{"background-color":"var(--ast-global-color-5)","background-image":"","background-repeat":"repeat","background-position":"center center","background-size":"auto","background-attachment":"scroll","background-type":"","background-media":"","overlay-type":"","overlay-color":"","overlay-opacity":"","overlay-gradient":""},"tablet":{"background-color":"var(--ast-global-color-5)","background-image":"","background-repeat":"repeat","background-position":"center center","background-size":"auto","background-attachment":"scroll","background-type":"","background-media":"","overlay-type":"","overlay-color":"","overlay-opacity":"","overlay-gradient":""},"mobile":{"background-color":"var(--ast-global-color-5)","background-image":"","background-repeat":"repeat","background-position":"center center","background-size":"auto","background-attachment":"scroll","background-type":"","background-media":"","overlay-type":"","overlay-color":"","overlay-opacity":"","overlay-gradient":""}},"footnotes":""},"class_list":["post-67","page","type-page","status-publish","hentry"],"acf":[],"_links":{"self":[{"href":"https:\/\/www.museoemigrazioneitaliana.org\/pt\/wp-json\/wp\/v2\/pages\/67","targetHints":{"allow":["GET"]}}],"collection":[{"href":"https:\/\/www.museoemigrazioneitaliana.org\/pt\/wp-json\/wp\/v2\/pages"}],"about":[{"href":"https:\/\/www.museoemigrazioneitaliana.org\/pt\/wp-json\/wp\/v2\/types\/page"}],"author":[{"embeddable":true,"href":"https:\/\/www.museoemigrazioneitaliana.org\/pt\/wp-json\/wp\/v2\/users\/1"}],"replies":[{"embeddable":true,"href":"https:\/\/www.museoemigrazioneitaliana.org\/pt\/wp-json\/wp\/v2\/comments?post=67"}],"version-history":[{"count":2,"href":"https:\/\/www.museoemigrazioneitaliana.org\/pt\/wp-json\/wp\/v2\/pages\/67\/revisions"}],"predecessor-version":[{"id":3182,"href":"https:\/\/www.museoemigrazioneitaliana.org\/pt\/wp-json\/wp\/v2\/pages\/67\/revisions\/3182"}],"up":[{"embeddable":true,"href":"https:\/\/www.museoemigrazioneitaliana.org\/pt\/wp-json\/wp\/v2\/pages\/63"}],"wp:attachment":[{"href":"https:\/\/www.museoemigrazioneitaliana.org\/pt\/wp-json\/wp\/v2\/media?parent=67"}],"curies":[{"name":"wp","href":"https:\/\/api.w.org\/{rel}","templated":true}]}}