{"id":65,"date":"2020-09-17T15:39:15","date_gmt":"2020-09-17T13:39:15","guid":{"rendered":"https:\/\/mei.ms-dev.it\/?page_id=65"},"modified":"2022-01-27T10:29:07","modified_gmt":"2022-01-27T09:29:07","slug":"america-do-norte","status":"publish","type":"page","link":"https:\/\/www.museoemigrazioneitaliana.org\/pt\/le-mete\/america-del-nord\/","title":{"rendered":"Am\u00e9rica do Norte"},"content":{"rendered":"O fluxo migrat\u00f3rio italiano para o Canad\u00e1 e os Estados Unidos tem tido algumas caracter\u00edsticas comuns e uma not\u00e1vel diferencia\u00e7\u00e3o em termos de n\u00famero e de calend\u00e1rio.<br \/>\nOs n\u00fameros globais s\u00e3o claros: o Canad\u00e1, entre 1876 e 1976, acolheu pouco mais de meio milh\u00e3o de emigrantes, contra cerca de seis milh\u00f5es nos Estados Unidos.<br \/>\nNo in\u00edcio do s\u00e9culo XX, havia 6.854 italianos no Canad\u00e1. Nos Estados Unidos, cerca de um milh\u00e3o.<br \/>\nDe facto, o Canad\u00e1 s\u00f3 se tornou um pa\u00eds de emigra\u00e7\u00e3o ap\u00f3s a Segunda Guerra Mundial, quando, em consequ\u00eancia do seu crescimento econ\u00f3mico, o fluxo proveniente de It\u00e1lia aumentou acentuadamente. O dos Estados Unidos foi pequeno e constante durante os mesmos anos.<br \/>\nEm ambos os Estados, uma grande parte dos imigrantes come\u00e7ou por trabalhar na constru\u00e7\u00e3o em grande escala de caminhos-de-ferro ou de outras obras p\u00fablicas.<br \/>\nO seu empenhamento no trabalho levou os italianos a um salto decisivo: inicialmente, eram de \"nacionalidade n\u00e3o preferida\". Com o tempo, passaram a ser apreciados e estimados.\n\t\t\t\t\t<ul id=\"menu-le-mete\"><li id=\"menu-item-403\"><a href=\"https:\/\/www.museoemigrazioneitaliana.org\/pt\/destinos\/\">Destinos<\/a>\n<ul>\n\t<li id=\"menu-item-409\"><a href=\"https:\/\/www.museoemigrazioneitaliana.org\/pt\/destinos\/larrivo\/\">Chegada<\/a><\/li>\n\t<li id=\"menu-item-1529\"><a href=\"https:\/\/www.museoemigrazioneitaliana.org\/pt\/destinos\/america-do-norte\/\">Am\u00e9rica do Norte<\/a><\/li>\n\t<li id=\"menu-item-1530\"><a href=\"https:\/\/www.museoemigrazioneitaliana.org\/pt\/destinos\/america-do-sul\/\">Am\u00e9rica do Sul<\/a><\/li>\n\t<li id=\"menu-item-1532\"><a href=\"https:\/\/www.museoemigrazioneitaliana.org\/pt\/destinos\/europa\/\">Europa<\/a><\/li>\n\t<li id=\"menu-item-1531\"><a href=\"https:\/\/www.museoemigrazioneitaliana.org\/pt\/destinos\/australia\/\">Austr\u00e1lia<\/a><\/li>\n\t<li id=\"menu-item-1528\"><a href=\"https:\/\/www.museoemigrazioneitaliana.org\/pt\/destinos\/africa\/\">\u00c1frica<\/a><\/li>\n<\/ul>\n<\/li>\n<\/ul>\t\n\t<h5>\n\t\tConhecimentos\n\t<\/h5>\n\t<h6><strong>A \"Am\u00e9rica\" \u00e9 a Miss Liberdade<\/strong><\/h6>\n<p>A Est\u00e1tua da Liberdade - sempre chamada Miss Liberty - foi doada pela Fran\u00e7a aos Estados Unidos como sinal de amizade e esteve intimamente ligada ao fen\u00f3meno da emigra\u00e7\u00e3o ... (<a href=\"https:\/\/www.museoemigrazioneitaliana.org\/pt\/percepcoes\/a-america-e-a-miss-liberdade\/\">segue<\/a>)<\/p>\n\t\t\t\t<img loading=\"lazy\" decoding=\"async\" src=\"https:\/\/www.museoemigrazioneitaliana.org\/wp-content\/uploads\/2022\/01\/6936-ok.jpg\" alt=\"Tendo em conta Nova Iorque\" itemprop=\"image\" height=\"519\" width=\"800\" title=\"6936 OK\" onerror=\"this.style.display='none'\"  \/>\n\t\tTendo em conta Nova Iorque","protected":false},"excerpt":{"rendered":"<p>Il flusso migratorio italiano in Canada e negli Stati Uniti ha avuto alcune caratteristiche comuni ed una notevole differenziazione per numeri e tempi. Le cifre complessive sono chiare: il Canada, tra il 1876 e il 1976, ha accolto poco pi\u00f9 di mezzo milione di emigrati di fronte ai circa sei milioni degli Stati Uniti. All&#8217;inizio [&hellip;]<\/p>\n","protected":false},"author":1,"featured_media":0,"parent":63,"menu_order":0,"comment_status":"closed","ping_status":"open","template":"","meta":{"_acf_changed":false,"site-sidebar-layout":"default","site-content-layout":"default","ast-site-content-layout":"default","site-content-style":"default","site-sidebar-style":"default","ast-global-header-display":"","ast-banner-title-visibility":"","ast-main-header-display":"","ast-hfb-above-header-display":"","ast-hfb-below-header-display":"","ast-hfb-mobile-header-display":"","site-post-title":"","ast-breadcrumbs-content":"","ast-featured-img":"","footer-sml-layout":"","ast-disable-related-posts":"","theme-transparent-header-meta":"default","adv-header-id-meta":"","stick-header-meta":"","header-above-stick-meta":"","header-main-stick-meta":"","header-below-stick-meta":"","astra-migrate-meta-layouts":"default","ast-page-background-enabled":"default","ast-page-background-meta":{"desktop":{"background-color":"","background-image":"","background-repeat":"repeat","background-position":"center center","background-size":"auto","background-attachment":"scroll","background-type":"","background-media":"","overlay-type":"","overlay-color":"","overlay-opacity":"","overlay-gradient":""},"tablet":{"background-color":"","background-image":"","background-repeat":"repeat","background-position":"center center","background-size":"auto","background-attachment":"scroll","background-type":"","background-media":"","overlay-type":"","overlay-color":"","overlay-opacity":"","overlay-gradient":""},"mobile":{"background-color":"","background-image":"","background-repeat":"repeat","background-position":"center center","background-size":"auto","background-attachment":"scroll","background-type":"","background-media":"","overlay-type":"","overlay-color":"","overlay-opacity":"","overlay-gradient":""}},"ast-content-background-meta":{"desktop":{"background-color":"var(--ast-global-color-5)","background-image":"","background-repeat":"repeat","background-position":"center center","background-size":"auto","background-attachment":"scroll","background-type":"","background-media":"","overlay-type":"","overlay-color":"","overlay-opacity":"","overlay-gradient":""},"tablet":{"background-color":"var(--ast-global-color-5)","background-image":"","background-repeat":"repeat","background-position":"center center","background-size":"auto","background-attachment":"scroll","background-type":"","background-media":"","overlay-type":"","overlay-color":"","overlay-opacity":"","overlay-gradient":""},"mobile":{"background-color":"var(--ast-global-color-5)","background-image":"","background-repeat":"repeat","background-position":"center center","background-size":"auto","background-attachment":"scroll","background-type":"","background-media":"","overlay-type":"","overlay-color":"","overlay-opacity":"","overlay-gradient":""}},"footnotes":""},"class_list":["post-65","page","type-page","status-publish","hentry"],"acf":[],"_links":{"self":[{"href":"https:\/\/www.museoemigrazioneitaliana.org\/pt\/wp-json\/wp\/v2\/pages\/65","targetHints":{"allow":["GET"]}}],"collection":[{"href":"https:\/\/www.museoemigrazioneitaliana.org\/pt\/wp-json\/wp\/v2\/pages"}],"about":[{"href":"https:\/\/www.museoemigrazioneitaliana.org\/pt\/wp-json\/wp\/v2\/types\/page"}],"author":[{"embeddable":true,"href":"https:\/\/www.museoemigrazioneitaliana.org\/pt\/wp-json\/wp\/v2\/users\/1"}],"replies":[{"embeddable":true,"href":"https:\/\/www.museoemigrazioneitaliana.org\/pt\/wp-json\/wp\/v2\/comments?post=65"}],"version-history":[{"count":2,"href":"https:\/\/www.museoemigrazioneitaliana.org\/pt\/wp-json\/wp\/v2\/pages\/65\/revisions"}],"predecessor-version":[{"id":1725,"href":"https:\/\/www.museoemigrazioneitaliana.org\/pt\/wp-json\/wp\/v2\/pages\/65\/revisions\/1725"}],"up":[{"embeddable":true,"href":"https:\/\/www.museoemigrazioneitaliana.org\/pt\/wp-json\/wp\/v2\/pages\/63"}],"wp:attachment":[{"href":"https:\/\/www.museoemigrazioneitaliana.org\/pt\/wp-json\/wp\/v2\/media?parent=65"}],"curies":[{"name":"wp","href":"https:\/\/api.w.org\/{rel}","templated":true}]}}