{"id":61,"date":"2020-09-17T15:38:41","date_gmt":"2020-09-17T13:38:41","guid":{"rendered":"https:\/\/mei.ms-dev.it\/?page_id=61"},"modified":"2022-03-10T10:48:19","modified_gmt":"2022-03-10T09:48:19","slug":"por-navio","status":"publish","type":"page","link":"https:\/\/www.museoemigrazioneitaliana.org\/pt\/il-viaggio\/in-nave\/","title":{"rendered":"Por navio"},"content":{"rendered":"<p>Pelo menos at\u00e9 ao final do s\u00e9culo XIX, os armadores italianos transportavam os emigrantes com uma frota obsoleta de navios \u00e0 vela que eram justamente designados por \"navios de L\u00e1zaro\". A viagem, que, mesmo nos primeiros anos do s\u00e9culo passado, podia durar at\u00e9 um m\u00eas, era efectuada em condi\u00e7\u00f5es de vida inimagin\u00e1veis nos dias de hoje. A pior situa\u00e7\u00e3o era a do alojamento.<\/p>\n<p>Os beliches, todos na parte inferior da nave, estavam virados para corredores que, na sua maioria, s\u00f3 recebiam ar das escotilhas. N\u00e3o havia literalmente qualquer espa\u00e7o habit\u00e1vel. Consequentemente, de manh\u00e3, independentemente das condi\u00e7\u00f5es climat\u00e9ricas, todos eram obrigados a deslocar-se para o conv\u00e9s: as doen\u00e7as - pulmonares e intestinais, sobretudo - estavam na ordem do dia e a mortalidade tamb\u00e9m era elevada.<\/p>\n<p>Com a constru\u00e7\u00e3o dos grandes vapores de cruzeiro nos anos 20, que continuavam a transportar um grande n\u00famero de emigrantes, a dura\u00e7\u00e3o da viagem e as condi\u00e7\u00f5es de vida a bordo melhoraram consideravelmente.<\/p>\n\t\t\t\t\t<ul id=\"menu-il-viaggio\"><li id=\"menu-item-398\"><a href=\"https:\/\/www.museoemigrazioneitaliana.org\/pt\/a-viagem\/\">A viagem<\/a>\n<ul>\n\t<li id=\"menu-item-399\"><a href=\"https:\/\/www.museoemigrazioneitaliana.org\/pt\/a-viagem\/a-espera-da-partida\/\">\u00c0 espera da partida<\/a><\/li>\n\t<li id=\"menu-item-401\"><a href=\"https:\/\/www.museoemigrazioneitaliana.org\/pt\/a-viagem\/de-comboio\/\">De comboio<\/a><\/li>\n\t<li id=\"menu-item-400\"><a href=\"https:\/\/www.museoemigrazioneitaliana.org\/pt\/a-viagem\/por-navio\/\">Por navio<\/a><\/li>\n\t<li id=\"menu-item-402\"><a href=\"https:\/\/www.museoemigrazioneitaliana.org\/pt\/a-viagem\/instalacoes-de-cuidados\/\">Instala\u00e7\u00f5es de cuidados<\/a><\/li>\n<\/ul>\n<\/li>\n<\/ul>","protected":false},"excerpt":{"rendered":"<p>Almeno sino alla fine dell&#8217;Ottocento, gli armatori italiani effettuarono il trasporto degli emigranti con una flotta obsoleta di velieri che furono, a ragione, chiamati &#8220;le navi di Lazzaro&#8221;. Il viaggio che, ancora nei primi anni dello scorso secolo, poteva durare anche un mese si compiva in condizioni di vita oggi inimmaginabili. La situazione peggiore era [&hellip;]<\/p>\n","protected":false},"author":1,"featured_media":0,"parent":53,"menu_order":0,"comment_status":"closed","ping_status":"open","template":"","meta":{"_acf_changed":false,"site-sidebar-layout":"default","site-content-layout":"default","ast-site-content-layout":"default","site-content-style":"default","site-sidebar-style":"default","ast-global-header-display":"","ast-banner-title-visibility":"","ast-main-header-display":"","ast-hfb-above-header-display":"","ast-hfb-below-header-display":"","ast-hfb-mobile-header-display":"","site-post-title":"","ast-breadcrumbs-content":"","ast-featured-img":"","footer-sml-layout":"","ast-disable-related-posts":"","theme-transparent-header-meta":"default","adv-header-id-meta":"","stick-header-meta":"","header-above-stick-meta":"","header-main-stick-meta":"","header-below-stick-meta":"","astra-migrate-meta-layouts":"default","ast-page-background-enabled":"default","ast-page-background-meta":{"desktop":{"background-color":"","background-image":"","background-repeat":"repeat","background-position":"center center","background-size":"auto","background-attachment":"scroll","background-type":"","background-media":"","overlay-type":"","overlay-color":"","overlay-opacity":"","overlay-gradient":""},"tablet":{"background-color":"","background-image":"","background-repeat":"repeat","background-position":"center center","background-size":"auto","background-attachment":"scroll","background-type":"","background-media":"","overlay-type":"","overlay-color":"","overlay-opacity":"","overlay-gradient":""},"mobile":{"background-color":"","background-image":"","background-repeat":"repeat","background-position":"center center","background-size":"auto","background-attachment":"scroll","background-type":"","background-media":"","overlay-type":"","overlay-color":"","overlay-opacity":"","overlay-gradient":""}},"ast-content-background-meta":{"desktop":{"background-color":"var(--ast-global-color-5)","background-image":"","background-repeat":"repeat","background-position":"center center","background-size":"auto","background-attachment":"scroll","background-type":"","background-media":"","overlay-type":"","overlay-color":"","overlay-opacity":"","overlay-gradient":""},"tablet":{"background-color":"var(--ast-global-color-5)","background-image":"","background-repeat":"repeat","background-position":"center center","background-size":"auto","background-attachment":"scroll","background-type":"","background-media":"","overlay-type":"","overlay-color":"","overlay-opacity":"","overlay-gradient":""},"mobile":{"background-color":"var(--ast-global-color-5)","background-image":"","background-repeat":"repeat","background-position":"center center","background-size":"auto","background-attachment":"scroll","background-type":"","background-media":"","overlay-type":"","overlay-color":"","overlay-opacity":"","overlay-gradient":""}},"footnotes":""},"class_list":["post-61","page","type-page","status-publish","hentry"],"acf":[],"_links":{"self":[{"href":"https:\/\/www.museoemigrazioneitaliana.org\/pt\/wp-json\/wp\/v2\/pages\/61","targetHints":{"allow":["GET"]}}],"collection":[{"href":"https:\/\/www.museoemigrazioneitaliana.org\/pt\/wp-json\/wp\/v2\/pages"}],"about":[{"href":"https:\/\/www.museoemigrazioneitaliana.org\/pt\/wp-json\/wp\/v2\/types\/page"}],"author":[{"embeddable":true,"href":"https:\/\/www.museoemigrazioneitaliana.org\/pt\/wp-json\/wp\/v2\/users\/1"}],"replies":[{"embeddable":true,"href":"https:\/\/www.museoemigrazioneitaliana.org\/pt\/wp-json\/wp\/v2\/comments?post=61"}],"version-history":[{"count":2,"href":"https:\/\/www.museoemigrazioneitaliana.org\/pt\/wp-json\/wp\/v2\/pages\/61\/revisions"}],"predecessor-version":[{"id":3168,"href":"https:\/\/www.museoemigrazioneitaliana.org\/pt\/wp-json\/wp\/v2\/pages\/61\/revisions\/3168"}],"up":[{"embeddable":true,"href":"https:\/\/www.museoemigrazioneitaliana.org\/pt\/wp-json\/wp\/v2\/pages\/53"}],"wp:attachment":[{"href":"https:\/\/www.museoemigrazioneitaliana.org\/pt\/wp-json\/wp\/v2\/media?parent=61"}],"curies":[{"name":"wp","href":"https:\/\/api.w.org\/{rel}","templated":true}]}}