{"id":59,"date":"2020-09-17T15:38:25","date_gmt":"2020-09-17T13:38:25","guid":{"rendered":"https:\/\/mei.ms-dev.it\/?page_id=59"},"modified":"2022-03-10T10:47:19","modified_gmt":"2022-03-10T09:47:19","slug":"de-comboio","status":"publish","type":"page","link":"https:\/\/www.museoemigrazioneitaliana.org\/pt\/il-viaggio\/in-treno\/","title":{"rendered":"De comboio"},"content":{"rendered":"<p>A viagem - ou seja, o tempo necess\u00e1rio para chegar ao pa\u00eds de destino - \u00e9 o elemento simb\u00f3lico de todo o processo migrat\u00f3rio, do desprendimento de um \"antes\" - conhecido e amado, embora insatisfat\u00f3rio - para chegar a um \"depois\" - certamente atrativo, mas quase completamente desconhecido. \u00c9 um momento t\u00e3o dif\u00edcil de viver como os momentos de viragem na vida de cada um.<\/p>\n<p>Para muitos emigrantes italianos, o comboio era o principal meio de chegar aos principais portos de emigra\u00e7\u00e3o nacionais e europeus: G\u00e9nova, N\u00e1poles, Palermo, Havre... Tal como os navios, os comboios e as esta\u00e7\u00f5es de caminho de ferro tornaram-se, a partir de meados do s\u00e9culo XIX, o s\u00edmbolo da separa\u00e7\u00e3o das fam\u00edlias, que se despediam acompanhando os seus entes queridos at\u00e9 \u00e0 esta\u00e7\u00e3o de caminho de ferro, quando partiam para os seus portos de embarque. O emigrante Pascal D'Angelo escreve: \"Ouvi o rugido do comboio - sem mulas nem cavalos para o arrastar - e depois o aperto do meu pai, que me incitava a entrar na carruagem.<\/p>\n<p>Na sequ\u00eancia das pol\u00edticas de restri\u00e7\u00e3o \u00e0 imigra\u00e7\u00e3o implementadas pelos pa\u00edses ultramarinos, novos destinos foram acrescentados aos fluxos migrat\u00f3rios italianos ap\u00f3s a Segunda Guerra Mundial, agora direccionados para os pa\u00edses da Europa Central e do Norte. Assim, comboios carregados de emigrantes come\u00e7aram a atravessar a Europa, levando milh\u00f5es de italianos para Paris, Bruxelas, Estugarda, Zurique...<\/p>\n<p>A partir dos anos 70, os comboios tornaram-se tamb\u00e9m o s\u00edmbolo da emigra\u00e7\u00e3o interna, do sul para o norte industrializado de It\u00e1lia, onde os principais destinos passaram a ser o tri\u00e2ngulo industrial G\u00e9nova-Mil\u00e3o-Turim.<\/p>\n\t\t\t\t\t<ul id=\"menu-il-viaggio\"><li id=\"menu-item-398\"><a href=\"https:\/\/www.museoemigrazioneitaliana.org\/pt\/a-viagem\/\">A viagem<\/a>\n<ul>\n\t<li id=\"menu-item-399\"><a href=\"https:\/\/www.museoemigrazioneitaliana.org\/pt\/a-viagem\/a-espera-da-partida\/\">\u00c0 espera da partida<\/a><\/li>\n\t<li id=\"menu-item-401\"><a href=\"https:\/\/www.museoemigrazioneitaliana.org\/pt\/a-viagem\/de-comboio\/\">De comboio<\/a><\/li>\n\t<li id=\"menu-item-400\"><a href=\"https:\/\/www.museoemigrazioneitaliana.org\/pt\/a-viagem\/por-navio\/\">Por navio<\/a><\/li>\n\t<li id=\"menu-item-402\"><a href=\"https:\/\/www.museoemigrazioneitaliana.org\/pt\/a-viagem\/instalacoes-de-cuidados\/\">Instala\u00e7\u00f5es de cuidados<\/a><\/li>\n<\/ul>\n<\/li>\n<\/ul>","protected":false},"excerpt":{"rendered":"<p>Il viaggio &#8211; il tempo cio\u00e8 che si impiega per raggiungere il paese di destinazione &#8211; \u00e8 l&#8217;elemento simbolo di tutto il processo migratorio, del distacco da un &#8220;prima&#8221; &#8211; conosciuto e amato, bench\u00e9 insoddisfacente &#8211; per raggiungere un &#8220;dopo&#8221; &#8211; sicuramente attraente ma quasi del tutto ignoto. E&#8217; un tempo difficile da vivere come [&hellip;]<\/p>\n","protected":false},"author":1,"featured_media":0,"parent":53,"menu_order":0,"comment_status":"closed","ping_status":"open","template":"","meta":{"_acf_changed":false,"site-sidebar-layout":"default","site-content-layout":"default","ast-site-content-layout":"default","site-content-style":"default","site-sidebar-style":"default","ast-global-header-display":"","ast-banner-title-visibility":"","ast-main-header-display":"","ast-hfb-above-header-display":"","ast-hfb-below-header-display":"","ast-hfb-mobile-header-display":"","site-post-title":"","ast-breadcrumbs-content":"","ast-featured-img":"","footer-sml-layout":"","ast-disable-related-posts":"","theme-transparent-header-meta":"default","adv-header-id-meta":"","stick-header-meta":"","header-above-stick-meta":"","header-main-stick-meta":"","header-below-stick-meta":"","astra-migrate-meta-layouts":"default","ast-page-background-enabled":"default","ast-page-background-meta":{"desktop":{"background-color":"","background-image":"","background-repeat":"repeat","background-position":"center center","background-size":"auto","background-attachment":"scroll","background-type":"","background-media":"","overlay-type":"","overlay-color":"","overlay-opacity":"","overlay-gradient":""},"tablet":{"background-color":"","background-image":"","background-repeat":"repeat","background-position":"center center","background-size":"auto","background-attachment":"scroll","background-type":"","background-media":"","overlay-type":"","overlay-color":"","overlay-opacity":"","overlay-gradient":""},"mobile":{"background-color":"","background-image":"","background-repeat":"repeat","background-position":"center center","background-size":"auto","background-attachment":"scroll","background-type":"","background-media":"","overlay-type":"","overlay-color":"","overlay-opacity":"","overlay-gradient":""}},"ast-content-background-meta":{"desktop":{"background-color":"var(--ast-global-color-5)","background-image":"","background-repeat":"repeat","background-position":"center center","background-size":"auto","background-attachment":"scroll","background-type":"","background-media":"","overlay-type":"","overlay-color":"","overlay-opacity":"","overlay-gradient":""},"tablet":{"background-color":"var(--ast-global-color-5)","background-image":"","background-repeat":"repeat","background-position":"center center","background-size":"auto","background-attachment":"scroll","background-type":"","background-media":"","overlay-type":"","overlay-color":"","overlay-opacity":"","overlay-gradient":""},"mobile":{"background-color":"var(--ast-global-color-5)","background-image":"","background-repeat":"repeat","background-position":"center center","background-size":"auto","background-attachment":"scroll","background-type":"","background-media":"","overlay-type":"","overlay-color":"","overlay-opacity":"","overlay-gradient":""}},"footnotes":""},"class_list":["post-59","page","type-page","status-publish","hentry"],"acf":[],"_links":{"self":[{"href":"https:\/\/www.museoemigrazioneitaliana.org\/pt\/wp-json\/wp\/v2\/pages\/59","targetHints":{"allow":["GET"]}}],"collection":[{"href":"https:\/\/www.museoemigrazioneitaliana.org\/pt\/wp-json\/wp\/v2\/pages"}],"about":[{"href":"https:\/\/www.museoemigrazioneitaliana.org\/pt\/wp-json\/wp\/v2\/types\/page"}],"author":[{"embeddable":true,"href":"https:\/\/www.museoemigrazioneitaliana.org\/pt\/wp-json\/wp\/v2\/users\/1"}],"replies":[{"embeddable":true,"href":"https:\/\/www.museoemigrazioneitaliana.org\/pt\/wp-json\/wp\/v2\/comments?post=59"}],"version-history":[{"count":2,"href":"https:\/\/www.museoemigrazioneitaliana.org\/pt\/wp-json\/wp\/v2\/pages\/59\/revisions"}],"predecessor-version":[{"id":3167,"href":"https:\/\/www.museoemigrazioneitaliana.org\/pt\/wp-json\/wp\/v2\/pages\/59\/revisions\/3167"}],"up":[{"embeddable":true,"href":"https:\/\/www.museoemigrazioneitaliana.org\/pt\/wp-json\/wp\/v2\/pages\/53"}],"wp:attachment":[{"href":"https:\/\/www.museoemigrazioneitaliana.org\/pt\/wp-json\/wp\/v2\/media?parent=59"}],"curies":[{"name":"wp","href":"https:\/\/api.w.org\/{rel}","templated":true}]}}