{"id":3133,"date":"2022-03-10T09:29:15","date_gmt":"2022-03-10T08:29:15","guid":{"rendered":"https:\/\/mei.ms-dev.it\/?page_id=3133"},"modified":"2022-03-11T16:17:06","modified_gmt":"2022-03-11T15:17:06","slug":"creditos","status":"publish","type":"page","link":"https:\/\/www.museoemigrazioneitaliana.org\/pt\/credits\/","title":{"rendered":"Cr\u00e9ditos"},"content":{"rendered":"<strong>Projeto cient\u00edfico<\/strong><br>\nMaria Rosaria Ostuni, Pietro Luigi Biagioni\n<strong>Organiza\u00e7\u00e3o geral<\/strong><br>\nMarinella Mazzanti\n<strong>Textos<\/strong><br>\nMaria Rosaria Ostuni, Pietro Luigi Biagioni, Michele Campanini\n<strong>Fotos<\/strong><br>\nArquivo da Funda\u00e7\u00e3o Paolo Cresci para a Hist\u00f3ria da Emigra\u00e7\u00e3o Italiana - Lucca\n<strong>Tradu\u00e7\u00f5es em ingl\u00eas<\/strong><br>\nViviana Balestracci\n<strong>Tradu\u00e7\u00f5es espanholas<\/strong><br>\nMaria Silvina Capizzani\n<strong>Gr\u00e1ficos<\/strong><br>\nAlessandro Sesti, Ilaria Ferrari\n<strong>Realiza\u00e7\u00e3o multim\u00e9dia<\/strong><br>\nDireto Web Addicted Lucca - Desenvolvimento do s\u00edtio<br>\nMirko Sassetti - Programador WordPress<br>\nMarco C. Ferrari - Gest\u00e3o de projectos\n<strong>Visita virtual \"Ao longo do rasto de uma h\u00e9lice\".<\/strong><br>\nStefano Morelli, Fabio Natali, Andrea Dalle Luche\n<strong>Gostar\u00edamos de agradecer a valiosa colabora\u00e7\u00e3o prestada pelas seguintes entidades<\/strong><br>\nAnna Munaf\u00f2, Cecilia Iacopetti, Marco Taverni","protected":false},"excerpt":{"rendered":"<p>Progetto scientifico Maria Rosaria Ostuni, Pietro Luigi Biagioni Organizzazione generale Marinella Mazzanti Testi Maria Rosaria Ostuni, Pietro Luigi Biagioni, Michele Campanini Foto Archivio della Fondazione Paolo Cresci per la storia dell&#8217;emigrazione italiana &#8211; Lucca Traduzioni in inglese Viviana Balestracci Traduzioni in spagnolo Maria Silvina Capizzani Grafica Alessandro Sesti, Ilaria Ferrari Realizzazione multimediale Directo Web Addicted [&hellip;]<\/p>\n","protected":false},"author":1,"featured_media":0,"parent":0,"menu_order":0,"comment_status":"closed","ping_status":"open","template":"","meta":{"_acf_changed":false,"site-sidebar-layout":"default","site-content-layout":"","ast-site-content-layout":"default","site-content-style":"default","site-sidebar-style":"default","ast-global-header-display":"","ast-banner-title-visibility":"","ast-main-header-display":"","ast-hfb-above-header-display":"","ast-hfb-below-header-display":"","ast-hfb-mobile-header-display":"","site-post-title":"","ast-breadcrumbs-content":"","ast-featured-img":"","footer-sml-layout":"","ast-disable-related-posts":"","theme-transparent-header-meta":"","adv-header-id-meta":"","stick-header-meta":"","header-above-stick-meta":"","header-main-stick-meta":"","header-below-stick-meta":"","astra-migrate-meta-layouts":"default","ast-page-background-enabled":"default","ast-page-background-meta":{"desktop":{"background-color":"","background-image":"","background-repeat":"repeat","background-position":"center center","background-size":"auto","background-attachment":"scroll","background-type":"","background-media":"","overlay-type":"","overlay-color":"","overlay-opacity":"","overlay-gradient":""},"tablet":{"background-color":"","background-image":"","background-repeat":"repeat","background-position":"center center","background-size":"auto","background-attachment":"scroll","background-type":"","background-media":"","overlay-type":"","overlay-color":"","overlay-opacity":"","overlay-gradient":""},"mobile":{"background-color":"","background-image":"","background-repeat":"repeat","background-position":"center center","background-size":"auto","background-attachment":"scroll","background-type":"","background-media":"","overlay-type":"","overlay-color":"","overlay-opacity":"","overlay-gradient":""}},"ast-content-background-meta":{"desktop":{"background-color":"var(--ast-global-color-5)","background-image":"","background-repeat":"repeat","background-position":"center center","background-size":"auto","background-attachment":"scroll","background-type":"","background-media":"","overlay-type":"","overlay-color":"","overlay-opacity":"","overlay-gradient":""},"tablet":{"background-color":"var(--ast-global-color-5)","background-image":"","background-repeat":"repeat","background-position":"center center","background-size":"auto","background-attachment":"scroll","background-type":"","background-media":"","overlay-type":"","overlay-color":"","overlay-opacity":"","overlay-gradient":""},"mobile":{"background-color":"var(--ast-global-color-5)","background-image":"","background-repeat":"repeat","background-position":"center center","background-size":"auto","background-attachment":"scroll","background-type":"","background-media":"","overlay-type":"","overlay-color":"","overlay-opacity":"","overlay-gradient":""}},"footnotes":""},"class_list":["post-3133","page","type-page","status-publish","hentry"],"acf":[],"_links":{"self":[{"href":"https:\/\/www.museoemigrazioneitaliana.org\/pt\/wp-json\/wp\/v2\/pages\/3133","targetHints":{"allow":["GET"]}}],"collection":[{"href":"https:\/\/www.museoemigrazioneitaliana.org\/pt\/wp-json\/wp\/v2\/pages"}],"about":[{"href":"https:\/\/www.museoemigrazioneitaliana.org\/pt\/wp-json\/wp\/v2\/types\/page"}],"author":[{"embeddable":true,"href":"https:\/\/www.museoemigrazioneitaliana.org\/pt\/wp-json\/wp\/v2\/users\/1"}],"replies":[{"embeddable":true,"href":"https:\/\/www.museoemigrazioneitaliana.org\/pt\/wp-json\/wp\/v2\/comments?post=3133"}],"version-history":[{"count":2,"href":"https:\/\/www.museoemigrazioneitaliana.org\/pt\/wp-json\/wp\/v2\/pages\/3133\/revisions"}],"predecessor-version":[{"id":3220,"href":"https:\/\/www.museoemigrazioneitaliana.org\/pt\/wp-json\/wp\/v2\/pages\/3133\/revisions\/3220"}],"wp:attachment":[{"href":"https:\/\/www.museoemigrazioneitaliana.org\/pt\/wp-json\/wp\/v2\/media?parent=3133"}],"curies":[{"name":"wp","href":"https:\/\/api.w.org\/{rel}","templated":true}]}}