{"id":111,"date":"2020-09-17T15:47:22","date_gmt":"2020-09-17T13:47:22","guid":{"rendered":"https:\/\/mei.ms-dev.it\/?page_id=111"},"modified":"2022-03-10T10:55:02","modified_gmt":"2022-03-10T09:55:02","slug":"historias-de-intolerancia","status":"publish","type":"page","link":"https:\/\/www.museoemigrazioneitaliana.org\/pt\/la-vita-sociale\/storie-di-intolleranza\/","title":{"rendered":"Hist\u00f3rias de intoler\u00e2ncia"},"content":{"rendered":"<p>A hist\u00f3ria da emigra\u00e7\u00e3o italiana \u00e9 pontuada por tr\u00e1gicos epis\u00f3dios de xenofobia, ocorridos tanto na Europa como na Am\u00e9rica, sobretudo na \u00faltima d\u00e9cada do s\u00e9culo XIX. Os n\u00fameros falam por si.<\/p>\n<p>Nos EUA: em 1891, 11 linchamentos em Nova Orle\u00e3es; em 1893, um linchamento em Denver; em 1895, 6 assass\u00ednios em Walsenburg; em 1896, 5 linchamentos em Tallulah. Na Europa: em 1893, v\u00e1rias v\u00edtimas nos incidentes de Aigues Mortes, em Fran\u00e7a; em 1896, 3 assass\u00ednios em Zurique. Para al\u00e9m disso, uma s\u00e9rie de incidentes - sempre sangrentos mas com resultados n\u00e3o letais - marcaram todo o per\u00edodo da grande emigra\u00e7\u00e3o.<\/p>\n<p>Os elementos comuns a todos os epis\u00f3dios foram: preconceitos raciais e culturais; receios de repercuss\u00f5es econ\u00f3micas decorrentes do afluxo maci\u00e7o de imigrantes; e a influ\u00eancia da situa\u00e7\u00e3o pol\u00edtica geral nos pa\u00edses envolvidos no fen\u00f3meno migrat\u00f3rio.<\/p>\n<p>A avers\u00e3o racial era muito forte, sobretudo em rela\u00e7\u00e3o aos italianos, considerados pouco mais do que pretos, habituados aos trabalhos mais duros e que viviam muito pouco, como demonstram as in\u00fameras caricaturas depreciativas publicadas em jornais e revistas de muitos pa\u00edses.<\/p>\n\t\t\t\t\t<ul id=\"menu-la-vita-sociale\"><li id=\"menu-item-424\"><a href=\"https:\/\/www.museoemigrazioneitaliana.org\/pt\/vida-social\/\">Vida social<\/a>\n<ul>\n\t<li id=\"menu-item-428\"><a href=\"https:\/\/www.museoemigrazioneitaliana.org\/pt\/vida-social\/pequena-italia-e-la-dolce-casa\/\">As \"Pequenas It\u00e1lias\" e la dolce casa<\/a><\/li>\n\t<li id=\"menu-item-426\"><a href=\"https:\/\/www.museoemigrazioneitaliana.org\/pt\/vida-social\/fundadores-e-colonizadores-de-cidades\/\">Fundadores e colonizadores de cidades<\/a><\/li>\n\t<li id=\"menu-item-425\"><a href=\"https:\/\/www.museoemigrazioneitaliana.org\/pt\/vida-social\/formacao-de-equipas\/\">Agrupamento<\/a><\/li>\n\t<li id=\"menu-item-427\"><a href=\"https:\/\/www.museoemigrazioneitaliana.org\/pt\/vida-social\/a-escola-entre-dois-mundos\/\">A escola entre dois mundos<\/a><\/li>\n\t<li id=\"menu-item-429\"><a href=\"https:\/\/www.museoemigrazioneitaliana.org\/pt\/vida-social\/historias-de-intolerancia\/\">Hist\u00f3rias de intoler\u00e2ncia<\/a><\/li>\n\t<li id=\"menu-item-430\"><a href=\"https:\/\/www.museoemigrazioneitaliana.org\/pt\/vida-social\/rumo-a-uma-identidade-complexa\/\">Para uma identidade complexa<\/a><\/li>\n<\/ul>\n<\/li>\n<\/ul>","protected":false},"excerpt":{"rendered":"<p>La storia dell&#8217;emigrazione italiana \u00e8 costellata da tragici episodi di xenofobia, verificatisi sia in Europa che in America specialmente nell&#8217;ultimo decennio dell&#8217;Ottocento. Le cifre si commentano da sole. Negli Stati Uniti: nel 1891, 11 linciaggi a New Orleans; nel 1893, un linciaggio a Denver; nel 1895, 6 assassinii a Walsenburg; nel 1896, 5 linciaggi a [&hellip;]<\/p>\n","protected":false},"author":1,"featured_media":0,"parent":101,"menu_order":0,"comment_status":"closed","ping_status":"open","template":"","meta":{"_acf_changed":false,"site-sidebar-layout":"default","site-content-layout":"default","ast-site-content-layout":"default","site-content-style":"default","site-sidebar-style":"default","ast-global-header-display":"","ast-banner-title-visibility":"","ast-main-header-display":"","ast-hfb-above-header-display":"","ast-hfb-below-header-display":"","ast-hfb-mobile-header-display":"","site-post-title":"","ast-breadcrumbs-content":"","ast-featured-img":"","footer-sml-layout":"","ast-disable-related-posts":"","theme-transparent-header-meta":"default","adv-header-id-meta":"","stick-header-meta":"","header-above-stick-meta":"","header-main-stick-meta":"","header-below-stick-meta":"","astra-migrate-meta-layouts":"default","ast-page-background-enabled":"default","ast-page-background-meta":{"desktop":{"background-color":"","background-image":"","background-repeat":"repeat","background-position":"center center","background-size":"auto","background-attachment":"scroll","background-type":"","background-media":"","overlay-type":"","overlay-color":"","overlay-opacity":"","overlay-gradient":""},"tablet":{"background-color":"","background-image":"","background-repeat":"repeat","background-position":"center center","background-size":"auto","background-attachment":"scroll","background-type":"","background-media":"","overlay-type":"","overlay-color":"","overlay-opacity":"","overlay-gradient":""},"mobile":{"background-color":"","background-image":"","background-repeat":"repeat","background-position":"center center","background-size":"auto","background-attachment":"scroll","background-type":"","background-media":"","overlay-type":"","overlay-color":"","overlay-opacity":"","overlay-gradient":""}},"ast-content-background-meta":{"desktop":{"background-color":"var(--ast-global-color-5)","background-image":"","background-repeat":"repeat","background-position":"center center","background-size":"auto","background-attachment":"scroll","background-type":"","background-media":"","overlay-type":"","overlay-color":"","overlay-opacity":"","overlay-gradient":""},"tablet":{"background-color":"var(--ast-global-color-5)","background-image":"","background-repeat":"repeat","background-position":"center center","background-size":"auto","background-attachment":"scroll","background-type":"","background-media":"","overlay-type":"","overlay-color":"","overlay-opacity":"","overlay-gradient":""},"mobile":{"background-color":"var(--ast-global-color-5)","background-image":"","background-repeat":"repeat","background-position":"center center","background-size":"auto","background-attachment":"scroll","background-type":"","background-media":"","overlay-type":"","overlay-color":"","overlay-opacity":"","overlay-gradient":""}},"footnotes":""},"class_list":["post-111","page","type-page","status-publish","hentry"],"acf":[],"_links":{"self":[{"href":"https:\/\/www.museoemigrazioneitaliana.org\/pt\/wp-json\/wp\/v2\/pages\/111","targetHints":{"allow":["GET"]}}],"collection":[{"href":"https:\/\/www.museoemigrazioneitaliana.org\/pt\/wp-json\/wp\/v2\/pages"}],"about":[{"href":"https:\/\/www.museoemigrazioneitaliana.org\/pt\/wp-json\/wp\/v2\/types\/page"}],"author":[{"embeddable":true,"href":"https:\/\/www.museoemigrazioneitaliana.org\/pt\/wp-json\/wp\/v2\/users\/1"}],"replies":[{"embeddable":true,"href":"https:\/\/www.museoemigrazioneitaliana.org\/pt\/wp-json\/wp\/v2\/comments?post=111"}],"version-history":[{"count":2,"href":"https:\/\/www.museoemigrazioneitaliana.org\/pt\/wp-json\/wp\/v2\/pages\/111\/revisions"}],"predecessor-version":[{"id":3178,"href":"https:\/\/www.museoemigrazioneitaliana.org\/pt\/wp-json\/wp\/v2\/pages\/111\/revisions\/3178"}],"up":[{"embeddable":true,"href":"https:\/\/www.museoemigrazioneitaliana.org\/pt\/wp-json\/wp\/v2\/pages\/101"}],"wp:attachment":[{"href":"https:\/\/www.museoemigrazioneitaliana.org\/pt\/wp-json\/wp\/v2\/media?parent=111"}],"curies":[{"name":"wp","href":"https:\/\/api.w.org\/{rel}","templated":true}]}}