{"id":107,"date":"2020-09-17T15:46:49","date_gmt":"2020-09-17T13:46:49","guid":{"rendered":"https:\/\/mei.ms-dev.it\/?page_id=107"},"modified":"2022-03-10T10:52:59","modified_gmt":"2022-03-10T09:52:59","slug":"formacao-de-equipas","status":"publish","type":"page","link":"https:\/\/www.museoemigrazioneitaliana.org\/pt\/la-vita-sociale\/fare-gruppo\/","title":{"rendered":"forma\u00e7\u00e3o de equipas"},"content":{"rendered":"<p>Durante a \"grande emigra\u00e7\u00e3o\", surgiram as primeiras associa\u00e7\u00f5es para ajuda m\u00fatua entre os membros e para ultrapassar as dificuldades de instala\u00e7\u00e3o numa nova realidade. Com o pagamento de pequenas quotas mensais por todos os associados, foi poss\u00edvel ajudar, durante algum tempo, os que perderam o emprego e cuidar dos doentes. De facto, em qualquer pa\u00eds, os sal\u00e1rios, mesmo os bons, s\u00f3 eram pagos pelos dias efetivamente trabalhados e, al\u00e9m disso, n\u00e3o havia assist\u00eancia em caso de aus\u00eancia por doen\u00e7a ou outros motivos.<\/p>\n<p>Nalguns casos, a sociedade estava associada \u00e0 gest\u00e3o de uma loja que vendia produtos de primeira necessidade a pre\u00e7os inferiores aos do mercado. Todos os membros ordin\u00e1rios pagavam pequenas quantias mensais, ao passo que a ades\u00e3o era quase obrigat\u00f3ria para os membros honor\u00e1rios ou benfeitores, que complementavam o capital social com donativos ou prestavam gratuitamente servi\u00e7os que, de outro modo, seriam demasiado onerosos para os membros.<\/p>\n<p>Posteriormente, as sociedades alargaram os limites das suas actividades: realizavam est\u00e1gios profissionais; davam educa\u00e7\u00e3o sanit\u00e1ria para reduzir a incid\u00eancia de doen\u00e7as e tinham tamb\u00e9m os seus pr\u00f3prios m\u00e9dicos e cirurgias; criavam escolas e bibliotecas, tanto para ensinar italiano \u00e0s gera\u00e7\u00f5es mais jovens como para melhorar a educa\u00e7\u00e3o t\u00e9cnica dos membros; organizavam os tempos livres dos seus membros com almo\u00e7os sociais, bailes, festas pol\u00edticas e religiosas, eventos culturais e desportivos. Estas \u00faltimas actividades levaram \u00e0 cria\u00e7\u00e3o de outras sociedades a elas dedicadas: formaram-se assim associa\u00e7\u00f5es filarm\u00f3nicas e corais, enquanto as associa\u00e7\u00f5es desportivas, com exce\u00e7\u00e3o, ao que parece, dos gin\u00e1sios de boxe, foram realmente uma \"inven\u00e7\u00e3o\" das novas p\u00e1trias. O \u00fanico \"jogo desportivo\" italiano que foi transplantado e praticado universalmente foi o bowling.<\/p>\n<p>Nas sociedades que, de um modo geral, assinavam alguns jornais italianos, era finalmente poss\u00edvel acompanhar os acontecimentos na regi\u00e3o de origem atrav\u00e9s dos jornais locais que, ao noticiarem os assuntos italianos, funcionavam como elo de liga\u00e7\u00e3o com as comunidades do estrangeiro.<\/p>\n<p>A grande limita\u00e7\u00e3o de quase todas as associa\u00e7\u00f5es - mesmo com as diferen\u00e7as que resultaram do facto de estarem estabelecidas em pa\u00edses muito diferentes e tamb\u00e9m de terem nascido em ambientes urbanos ou rurais - foi o paroquialismo exagerado.<\/p>\n\t\t\t\t\t<ul id=\"menu-la-vita-sociale\"><li id=\"menu-item-424\"><a href=\"https:\/\/www.museoemigrazioneitaliana.org\/pt\/vida-social\/\">Vida social<\/a>\n<ul>\n\t<li id=\"menu-item-428\"><a href=\"https:\/\/www.museoemigrazioneitaliana.org\/pt\/vida-social\/pequena-italia-e-la-dolce-casa\/\">As \"Pequenas It\u00e1lias\" e la dolce casa<\/a><\/li>\n\t<li id=\"menu-item-426\"><a href=\"https:\/\/www.museoemigrazioneitaliana.org\/pt\/vida-social\/fundadores-e-colonizadores-de-cidades\/\">Fundadores e colonizadores de cidades<\/a><\/li>\n\t<li id=\"menu-item-425\"><a href=\"https:\/\/www.museoemigrazioneitaliana.org\/pt\/vida-social\/formacao-de-equipas\/\">Agrupamento<\/a><\/li>\n\t<li id=\"menu-item-427\"><a href=\"https:\/\/www.museoemigrazioneitaliana.org\/pt\/vida-social\/a-escola-entre-dois-mundos\/\">A escola entre dois mundos<\/a><\/li>\n\t<li id=\"menu-item-429\"><a href=\"https:\/\/www.museoemigrazioneitaliana.org\/pt\/vida-social\/historias-de-intolerancia\/\">Hist\u00f3rias de intoler\u00e2ncia<\/a><\/li>\n\t<li id=\"menu-item-430\"><a href=\"https:\/\/www.museoemigrazioneitaliana.org\/pt\/vida-social\/rumo-a-uma-identidade-complexa\/\">Para uma identidade complexa<\/a><\/li>\n<\/ul>\n<\/li>\n<\/ul>","protected":false},"excerpt":{"rendered":"<p>Durante la &#8220;grande emigrazione&#8221; le prime associazioni nacquero per il mutuo soccorso tra i soci e per superare le difficolt\u00e0 legate all&#8217;inserimento in una nuova realt\u00e0. Con il pagamento di piccole quote mensili da parte di tutti gli aderenti si provvedeva ad aiutare, per qualche tempo, quelli che perdevano il lavoro e a curare i [&hellip;]<\/p>\n","protected":false},"author":1,"featured_media":0,"parent":101,"menu_order":0,"comment_status":"closed","ping_status":"open","template":"","meta":{"_acf_changed":false,"site-sidebar-layout":"default","site-content-layout":"default","ast-site-content-layout":"default","site-content-style":"default","site-sidebar-style":"default","ast-global-header-display":"","ast-banner-title-visibility":"","ast-main-header-display":"","ast-hfb-above-header-display":"","ast-hfb-below-header-display":"","ast-hfb-mobile-header-display":"","site-post-title":"","ast-breadcrumbs-content":"","ast-featured-img":"","footer-sml-layout":"","ast-disable-related-posts":"","theme-transparent-header-meta":"default","adv-header-id-meta":"","stick-header-meta":"","header-above-stick-meta":"","header-main-stick-meta":"","header-below-stick-meta":"","astra-migrate-meta-layouts":"default","ast-page-background-enabled":"default","ast-page-background-meta":{"desktop":{"background-color":"","background-image":"","background-repeat":"repeat","background-position":"center center","background-size":"auto","background-attachment":"scroll","background-type":"","background-media":"","overlay-type":"","overlay-color":"","overlay-opacity":"","overlay-gradient":""},"tablet":{"background-color":"","background-image":"","background-repeat":"repeat","background-position":"center center","background-size":"auto","background-attachment":"scroll","background-type":"","background-media":"","overlay-type":"","overlay-color":"","overlay-opacity":"","overlay-gradient":""},"mobile":{"background-color":"","background-image":"","background-repeat":"repeat","background-position":"center center","background-size":"auto","background-attachment":"scroll","background-type":"","background-media":"","overlay-type":"","overlay-color":"","overlay-opacity":"","overlay-gradient":""}},"ast-content-background-meta":{"desktop":{"background-color":"var(--ast-global-color-5)","background-image":"","background-repeat":"repeat","background-position":"center center","background-size":"auto","background-attachment":"scroll","background-type":"","background-media":"","overlay-type":"","overlay-color":"","overlay-opacity":"","overlay-gradient":""},"tablet":{"background-color":"var(--ast-global-color-5)","background-image":"","background-repeat":"repeat","background-position":"center center","background-size":"auto","background-attachment":"scroll","background-type":"","background-media":"","overlay-type":"","overlay-color":"","overlay-opacity":"","overlay-gradient":""},"mobile":{"background-color":"var(--ast-global-color-5)","background-image":"","background-repeat":"repeat","background-position":"center center","background-size":"auto","background-attachment":"scroll","background-type":"","background-media":"","overlay-type":"","overlay-color":"","overlay-opacity":"","overlay-gradient":""}},"footnotes":""},"class_list":["post-107","page","type-page","status-publish","hentry"],"acf":[],"_links":{"self":[{"href":"https:\/\/www.museoemigrazioneitaliana.org\/pt\/wp-json\/wp\/v2\/pages\/107","targetHints":{"allow":["GET"]}}],"collection":[{"href":"https:\/\/www.museoemigrazioneitaliana.org\/pt\/wp-json\/wp\/v2\/pages"}],"about":[{"href":"https:\/\/www.museoemigrazioneitaliana.org\/pt\/wp-json\/wp\/v2\/types\/page"}],"author":[{"embeddable":true,"href":"https:\/\/www.museoemigrazioneitaliana.org\/pt\/wp-json\/wp\/v2\/users\/1"}],"replies":[{"embeddable":true,"href":"https:\/\/www.museoemigrazioneitaliana.org\/pt\/wp-json\/wp\/v2\/comments?post=107"}],"version-history":[{"count":2,"href":"https:\/\/www.museoemigrazioneitaliana.org\/pt\/wp-json\/wp\/v2\/pages\/107\/revisions"}],"predecessor-version":[{"id":3175,"href":"https:\/\/www.museoemigrazioneitaliana.org\/pt\/wp-json\/wp\/v2\/pages\/107\/revisions\/3175"}],"up":[{"embeddable":true,"href":"https:\/\/www.museoemigrazioneitaliana.org\/pt\/wp-json\/wp\/v2\/pages\/101"}],"wp:attachment":[{"href":"https:\/\/www.museoemigrazioneitaliana.org\/pt\/wp-json\/wp\/v2\/media?parent=107"}],"curies":[{"name":"wp","href":"https:\/\/api.w.org\/{rel}","templated":true}]}}