{"id":101,"date":"2020-09-17T15:45:36","date_gmt":"2020-09-17T13:45:36","guid":{"rendered":"https:\/\/mei.ms-dev.it\/?page_id=101"},"modified":"2022-03-10T10:50:29","modified_gmt":"2022-03-10T09:50:29","slug":"vida-social","status":"publish","type":"page","link":"https:\/\/www.museoemigrazioneitaliana.org\/pt\/la-vita-sociale\/","title":{"rendered":"Vida social"},"content":{"rendered":"<p>A vida social dos emigrantes desenrolava-se quase exclusivamente no interior das Pequenas It\u00e1lias. Os bairros italianos eram sempre densamente povoados e reproduziam a energia e a confus\u00e3o t\u00edpicas de It\u00e1lia, rodeados de vendedores ambulantes e de vendedores ambulantes.  A vida comunit\u00e1ria era muito sentida pelos emigrantes italianos, que se sentiam em casa nos seus bairros, e muitas vezes tamb\u00e9m manifestavam formas de fechamento em rela\u00e7\u00e3o ao mundo exterior, tamb\u00e9m devido \u00e0s dificuldades lingu\u00edsticas, especialmente nos pa\u00edses de l\u00edngua inglesa. Este facto atrasou muito qualquer forma de integra\u00e7\u00e3o, que foi mais r\u00e1pida nos pa\u00edses latino-americanos devido \u00e0 sua proximidade lingu\u00edstica e cultural.<\/p>\n<p>As Pequenas It\u00e1lias assumiram frequentemente uma conota\u00e7\u00e3o regional, alimentada pela cadeia migrat\u00f3ria. O ponto de refer\u00eancia era a igreja do bairro, cora\u00e7\u00e3o da festa do santo padroeiro, e todos os estabelecimentos onde se podia conviver com os compatriotas, como as tabernas, os bares, as lojas; aqui, era frequentemente poss\u00edvel comprar g\u00e9neros aliment\u00edcios da terra de origem.<\/p>\n<p>Nas It\u00e1lias Menores, nasceram associa\u00e7\u00f5es entre compatriotas: as primeiras a surgir foram as de entreajuda, fundamentais para ultrapassar eventuais dificuldades dos membros num pa\u00eds estrangeiro.<\/p>\n\t<iframe loading=\"lazy\" title=\"A L\u00cdNGUA - Emigra\u00e7\u00e3o italiana\" width=\"500\" height=\"281\" src=\"https:\/\/www.youtube.com\/embed\/ZOggnRur6gw?feature=oembed\" frameborder=\"0\" allow=\"accelerometer; autoplay; clipboard-write; encrypted-media; gyroscope; picture-in-picture\" allowfullscreen><\/iframe>\n\t\t\t\t\t<ul id=\"menu-la-vita-sociale\"><li id=\"menu-item-424\"><a href=\"https:\/\/www.museoemigrazioneitaliana.org\/pt\/vida-social\/\">Vida social<\/a>\n<ul>\n\t<li id=\"menu-item-428\"><a href=\"https:\/\/www.museoemigrazioneitaliana.org\/pt\/vida-social\/pequena-italia-e-la-dolce-casa\/\">As \"Pequenas It\u00e1lias\" e la dolce casa<\/a><\/li>\n\t<li id=\"menu-item-426\"><a href=\"https:\/\/www.museoemigrazioneitaliana.org\/pt\/vida-social\/fundadores-e-colonizadores-de-cidades\/\">Fundadores e colonizadores de cidades<\/a><\/li>\n\t<li id=\"menu-item-425\"><a href=\"https:\/\/www.museoemigrazioneitaliana.org\/pt\/vida-social\/formacao-de-equipas\/\">Agrupamento<\/a><\/li>\n\t<li id=\"menu-item-427\"><a href=\"https:\/\/www.museoemigrazioneitaliana.org\/pt\/vida-social\/a-escola-entre-dois-mundos\/\">A escola entre dois mundos<\/a><\/li>\n\t<li id=\"menu-item-429\"><a href=\"https:\/\/www.museoemigrazioneitaliana.org\/pt\/vida-social\/historias-de-intolerancia\/\">Hist\u00f3rias de intoler\u00e2ncia<\/a><\/li>\n\t<li id=\"menu-item-430\"><a href=\"https:\/\/www.museoemigrazioneitaliana.org\/pt\/vida-social\/rumo-a-uma-identidade-complexa\/\">Para uma identidade complexa<\/a><\/li>\n<\/ul>\n<\/li>\n<\/ul>","protected":false},"excerpt":{"rendered":"<p>La vita sociale degli emigranti si svolgeva quasi per intero all&#8217;interno delle Piccole Italie. I quartieri italiani erano sempre densamente popolati, e riproducevano quell&#8217;energia e quella confusione tipica dell&#8217;Italia, contornati da venditori di cibo di strada e ambulanti.\u00a0 La vita di comunit\u00e0 era molto sentita dagli emigranti italiani, che nel loro quartiere si sentivano a [&hellip;]<\/p>\n","protected":false},"author":1,"featured_media":0,"parent":0,"menu_order":0,"comment_status":"closed","ping_status":"open","template":"","meta":{"_acf_changed":false,"site-sidebar-layout":"default","site-content-layout":"default","ast-site-content-layout":"default","site-content-style":"default","site-sidebar-style":"default","ast-global-header-display":"","ast-banner-title-visibility":"","ast-main-header-display":"","ast-hfb-above-header-display":"","ast-hfb-below-header-display":"","ast-hfb-mobile-header-display":"","site-post-title":"","ast-breadcrumbs-content":"","ast-featured-img":"","footer-sml-layout":"","ast-disable-related-posts":"","theme-transparent-header-meta":"default","adv-header-id-meta":"","stick-header-meta":"","header-above-stick-meta":"","header-main-stick-meta":"","header-below-stick-meta":"","astra-migrate-meta-layouts":"default","ast-page-background-enabled":"default","ast-page-background-meta":{"desktop":{"background-color":"","background-image":"","background-repeat":"repeat","background-position":"center center","background-size":"auto","background-attachment":"scroll","background-type":"","background-media":"","overlay-type":"","overlay-color":"","overlay-opacity":"","overlay-gradient":""},"tablet":{"background-color":"","background-image":"","background-repeat":"repeat","background-position":"center center","background-size":"auto","background-attachment":"scroll","background-type":"","background-media":"","overlay-type":"","overlay-color":"","overlay-opacity":"","overlay-gradient":""},"mobile":{"background-color":"","background-image":"","background-repeat":"repeat","background-position":"center center","background-size":"auto","background-attachment":"scroll","background-type":"","background-media":"","overlay-type":"","overlay-color":"","overlay-opacity":"","overlay-gradient":""}},"ast-content-background-meta":{"desktop":{"background-color":"var(--ast-global-color-5)","background-image":"","background-repeat":"repeat","background-position":"center center","background-size":"auto","background-attachment":"scroll","background-type":"","background-media":"","overlay-type":"","overlay-color":"","overlay-opacity":"","overlay-gradient":""},"tablet":{"background-color":"var(--ast-global-color-5)","background-image":"","background-repeat":"repeat","background-position":"center center","background-size":"auto","background-attachment":"scroll","background-type":"","background-media":"","overlay-type":"","overlay-color":"","overlay-opacity":"","overlay-gradient":""},"mobile":{"background-color":"var(--ast-global-color-5)","background-image":"","background-repeat":"repeat","background-position":"center center","background-size":"auto","background-attachment":"scroll","background-type":"","background-media":"","overlay-type":"","overlay-color":"","overlay-opacity":"","overlay-gradient":""}},"footnotes":""},"class_list":["post-101","page","type-page","status-publish","hentry"],"acf":[],"_links":{"self":[{"href":"https:\/\/www.museoemigrazioneitaliana.org\/pt\/wp-json\/wp\/v2\/pages\/101","targetHints":{"allow":["GET"]}}],"collection":[{"href":"https:\/\/www.museoemigrazioneitaliana.org\/pt\/wp-json\/wp\/v2\/pages"}],"about":[{"href":"https:\/\/www.museoemigrazioneitaliana.org\/pt\/wp-json\/wp\/v2\/types\/page"}],"author":[{"embeddable":true,"href":"https:\/\/www.museoemigrazioneitaliana.org\/pt\/wp-json\/wp\/v2\/users\/1"}],"replies":[{"embeddable":true,"href":"https:\/\/www.museoemigrazioneitaliana.org\/pt\/wp-json\/wp\/v2\/comments?post=101"}],"version-history":[{"count":2,"href":"https:\/\/www.museoemigrazioneitaliana.org\/pt\/wp-json\/wp\/v2\/pages\/101\/revisions"}],"predecessor-version":[{"id":3172,"href":"https:\/\/www.museoemigrazioneitaliana.org\/pt\/wp-json\/wp\/v2\/pages\/101\/revisions\/3172"}],"wp:attachment":[{"href":"https:\/\/www.museoemigrazioneitaliana.org\/pt\/wp-json\/wp\/v2\/media?parent=101"}],"curies":[{"name":"wp","href":"https:\/\/api.w.org\/{rel}","templated":true}]}}