{"id":99,"date":"2020-09-17T15:45:16","date_gmt":"2020-09-17T13:45:16","guid":{"rendered":"https:\/\/mei.ms-dev.it\/?page_id=99"},"modified":"2022-03-10T10:44:16","modified_gmt":"2022-03-10T09:44:16","slug":"pour-la-patrie","status":"publish","type":"page","link":"https:\/\/www.museoemigrazioneitaliana.org\/fr\/il-legame-con-litalia\/per-la-patria\/","title":{"rendered":"Pour la patrie"},"content":{"rendered":"<p>Le stylo est un outil qui n'est pas docile entre les mains de ceux qui ne savent pas s'en servir et c'est pourquoi les lettres des \u00e9migrants disaient souvent \"rien\". Les envois de fonds, en revanche, attestent, sans \u00e9quivoque possible, que le travail et la sant\u00e9 ne manquent pas et que le projet migratoire se r\u00e9alise. Cette \u00e9pargne durement gagn\u00e9e, qui a permis \u00e0 tant de familles d'am\u00e9liorer leur sort, a \u00e9galement \u00e9t\u00e9 un pilier du d\u00e9veloppement industriel de notre pays.<\/p>\n<p>Selon une \u00e9tude de Francesco Balletta, au cours des quinze premi\u00e8res ann\u00e9es du XXe si\u00e8cle, le montant des transferts de fonds en provenance de l'\u00e9tranger a d\u00e9pass\u00e9 chaque ann\u00e9e le produit des imp\u00f4ts directs per\u00e7us par l'\u00c9tat italien.<\/p>\n<p>En r\u00e9alit\u00e9, ils \u00e9taient encore plus importants, car l'\u00e9tude se r\u00e9f\u00e8re uniquement \u00e0 ce qui a \u00e9t\u00e9 collect\u00e9 par l'interm\u00e9diaire du Banco di Napoli, le seul \u00e9tablissement de cr\u00e9dit institutionnellement charg\u00e9 de cette t\u00e2che depuis 1901. L'\u00e9pargne envoy\u00e9e de l'\u00e9tranger par l'interm\u00e9diaire d'un nombre incalculable de \"banquiers\" et de petits banquiers \u00e9chappe donc au calcul, sans parler de celle envoy\u00e9e ou apport\u00e9e \"\u00e0 la main\" en Italie. Bien entendu, les envois de fonds servent avant tout \u00e0 r\u00e9gler les dettes pass\u00e9es de la famille et celles contract\u00e9es pour financer l'expatriation.<\/p>\n<p>La relation avec l'Italie ne s'est naturellement pas arr\u00eat\u00e9e aux envois de fonds aux familles. M\u00eame lors de catastrophes naturelles, comme les tremblements de terre et les inondations, les communaut\u00e9s du monde entier ont envoy\u00e9 de l'argent \u00e0 leurs familles. Une r\u00e9ponse tout aussi g\u00e9n\u00e9reuse a \u00e9t\u00e9 apport\u00e9e pendant la Premi\u00e8re et la Seconde Guerre mondiale, lorsque non seulement de l'argent mais aussi des hommes pr\u00eats \u00e0 s'enr\u00f4ler sont arriv\u00e9s de l'\u00e9tranger.<\/p>\n<p>M\u00eame dans les ann\u00e9es 1930, lors des sanctions contre l'Italie pour la guerre en \u00c9thiopie, les \u00e9migrants et leurs descendants ont apport\u00e9 leur contribution concr\u00e8te.<\/p>\n\t\t\t\t\t<ul id=\"menu-il-legame-con-litalia\"><li id=\"menu-item-417\"><a href=\"https:\/\/www.museoemigrazioneitaliana.org\/fr\/le-lien-avec-litalie\/\">Le lien avec l'Italie<\/a>\n<ul>\n\t<li id=\"menu-item-423\"><a href=\"https:\/\/www.museoemigrazioneitaliana.org\/fr\/le-lien-avec-litalie\/je-vous-ecris-cette-lettre\/\">Je vous \u00e9cris cette lettre<\/a><\/li>\n\t<li id=\"menu-item-420\"><a href=\"https:\/\/www.museoemigrazioneitaliana.org\/fr\/le-lien-avec-litalie\/toute-ma-vie\/\">Toute ma vie<\/a><\/li>\n\t<li id=\"menu-item-419\"><a href=\"https:\/\/www.museoemigrazioneitaliana.org\/fr\/le-lien-avec-litalie\/saints-et-processions\/\">Saints et processions<\/a><\/li>\n\t<li id=\"menu-item-418\"><a href=\"https:\/\/www.museoemigrazioneitaliana.org\/fr\/le-lien-avec-litalie\/pour-la-patrie\/\">Pour la patrie<\/a><\/li>\n<\/ul>\n<\/li>\n<\/ul>","protected":false},"excerpt":{"rendered":"<p>La penna \u00e8 uno strumento non docile nelle mani di chi non sa usarla e perci\u00f2 le lettere degli emigrati spesso non dicevano &#8220;niente&#8221;. Le rimesse, invece, attestavano, senza possibilit\u00e0 di equivoci, che il lavoro e la salute non mancavano e che il progetto migratorio si stava realizzando. Quei sudati risparmi, che sollevarono le sorti [&hellip;]<\/p>\n","protected":false},"author":1,"featured_media":0,"parent":91,"menu_order":0,"comment_status":"closed","ping_status":"open","template":"","meta":{"_acf_changed":false,"site-sidebar-layout":"default","site-content-layout":"default","ast-site-content-layout":"default","site-content-style":"default","site-sidebar-style":"default","ast-global-header-display":"","ast-banner-title-visibility":"","ast-main-header-display":"","ast-hfb-above-header-display":"","ast-hfb-below-header-display":"","ast-hfb-mobile-header-display":"","site-post-title":"","ast-breadcrumbs-content":"","ast-featured-img":"","footer-sml-layout":"","ast-disable-related-posts":"","theme-transparent-header-meta":"default","adv-header-id-meta":"","stick-header-meta":"","header-above-stick-meta":"","header-main-stick-meta":"","header-below-stick-meta":"","astra-migrate-meta-layouts":"default","ast-page-background-enabled":"default","ast-page-background-meta":{"desktop":{"background-color":"","background-image":"","background-repeat":"repeat","background-position":"center center","background-size":"auto","background-attachment":"scroll","background-type":"","background-media":"","overlay-type":"","overlay-color":"","overlay-opacity":"","overlay-gradient":""},"tablet":{"background-color":"","background-image":"","background-repeat":"repeat","background-position":"center center","background-size":"auto","background-attachment":"scroll","background-type":"","background-media":"","overlay-type":"","overlay-color":"","overlay-opacity":"","overlay-gradient":""},"mobile":{"background-color":"","background-image":"","background-repeat":"repeat","background-position":"center center","background-size":"auto","background-attachment":"scroll","background-type":"","background-media":"","overlay-type":"","overlay-color":"","overlay-opacity":"","overlay-gradient":""}},"ast-content-background-meta":{"desktop":{"background-color":"var(--ast-global-color-5)","background-image":"","background-repeat":"repeat","background-position":"center center","background-size":"auto","background-attachment":"scroll","background-type":"","background-media":"","overlay-type":"","overlay-color":"","overlay-opacity":"","overlay-gradient":""},"tablet":{"background-color":"var(--ast-global-color-5)","background-image":"","background-repeat":"repeat","background-position":"center center","background-size":"auto","background-attachment":"scroll","background-type":"","background-media":"","overlay-type":"","overlay-color":"","overlay-opacity":"","overlay-gradient":""},"mobile":{"background-color":"var(--ast-global-color-5)","background-image":"","background-repeat":"repeat","background-position":"center center","background-size":"auto","background-attachment":"scroll","background-type":"","background-media":"","overlay-type":"","overlay-color":"","overlay-opacity":"","overlay-gradient":""}},"footnotes":""},"class_list":["post-99","page","type-page","status-publish","hentry"],"acf":[],"_links":{"self":[{"href":"https:\/\/www.museoemigrazioneitaliana.org\/fr\/wp-json\/wp\/v2\/pages\/99","targetHints":{"allow":["GET"]}}],"collection":[{"href":"https:\/\/www.museoemigrazioneitaliana.org\/fr\/wp-json\/wp\/v2\/pages"}],"about":[{"href":"https:\/\/www.museoemigrazioneitaliana.org\/fr\/wp-json\/wp\/v2\/types\/page"}],"author":[{"embeddable":true,"href":"https:\/\/www.museoemigrazioneitaliana.org\/fr\/wp-json\/wp\/v2\/users\/1"}],"replies":[{"embeddable":true,"href":"https:\/\/www.museoemigrazioneitaliana.org\/fr\/wp-json\/wp\/v2\/comments?post=99"}],"version-history":[{"count":2,"href":"https:\/\/www.museoemigrazioneitaliana.org\/fr\/wp-json\/wp\/v2\/pages\/99\/revisions"}],"predecessor-version":[{"id":3162,"href":"https:\/\/www.museoemigrazioneitaliana.org\/fr\/wp-json\/wp\/v2\/pages\/99\/revisions\/3162"}],"up":[{"embeddable":true,"href":"https:\/\/www.museoemigrazioneitaliana.org\/fr\/wp-json\/wp\/v2\/pages\/91"}],"wp:attachment":[{"href":"https:\/\/www.museoemigrazioneitaliana.org\/fr\/wp-json\/wp\/v2\/media?parent=99"}],"curies":[{"name":"wp","href":"https:\/\/api.w.org\/{rel}","templated":true}]}}