{"id":87,"date":"2020-09-17T15:43:06","date_gmt":"2020-09-17T13:43:06","guid":{"rendered":"https:\/\/mei.ms-dev.it\/?page_id=87"},"modified":"2022-03-10T12:04:36","modified_gmt":"2022-03-10T11:04:36","slug":"magasins-et-boutiques","status":"publish","type":"page","link":"https:\/\/www.museoemigrazioneitaliana.org\/fr\/il-lavoro\/negozi-e-negozi\/","title":{"rendered":"Boutiques et magasins"},"content":{"rendered":"<p>Pour les \u00e9migrants qui se sont tourn\u00e9s vers le commerce, les d\u00e9buts ont \u00e9t\u00e9 plus ou moins les m\u00eames : apr\u00e8s leur arriv\u00e9e dans le nouveau pays, ils ont travaill\u00e9 pendant quelques ann\u00e9es en tant qu'employ\u00e9s des parents ou des amis qui les avaient incit\u00e9s et aid\u00e9s \u00e0 \u00e9migrer. Bien entendu, cette phase initiale \u00e9tait saut\u00e9e par ceux qui, d\u00e9j\u00e0 dot\u00e9s d'un capital propre, m\u00eame minime, se lan\u00e7aient directement dans le tr\u00e8s petit commerce. Tout au long de ce parcours, la famille a toujours jou\u00e9 un r\u00f4le fondamental, non seulement en fournissant les moyens \u00e9conomiques initiaux, mais aussi, en cas d'\u00e9migration de la cellule familiale, en tout ou en partie, en participant directement \u00e0 la gestion de l'entreprise.<\/p>\n<p>Les premiers magasins \u00e9taient de petits points de vente, principalement dans le secteur de l'alimentation, et leur client\u00e8le initiale \u00e9tait la communaut\u00e9 italienne. En effet, sur les vitrines de nombreux magasins, on pouvait lire fi\u00e8rement que l'on vendait des produits italiens authentiques.<\/p>\n<p>Pour la plupart des commer\u00e7ants, le sommet de la fortune a donc \u00e9t\u00e9 atteint avec la cr\u00e9ation d'une entreprise d'une certaine ampleur. Certaines de ces entreprises ont toutefois r\u00e9ussi \u00e0 se consolider au fil du temps et plusieurs magasins se sont transform\u00e9s en puissantes entreprises de production et de transformation de produits du sol et du b\u00e9tail ou en grandes entreprises de distribution internationale.<\/p>\n<p>Le fait que ces nouveaux industriels soient issus des secteurs commerciaux leur a donn\u00e9 un avantage en raison de leur connaissance pr\u00e9alable de la situation du march\u00e9 int\u00e9rieur, des sources d'approvisionnement et des possibilit\u00e9s d'acc\u00e8s plus facile au cr\u00e9dit.<\/p>\n\t\t\t\t\t<ul id=\"menu-il-lavoro\"><li id=\"menu-item-410\"><a href=\"https:\/\/www.museoemigrazioneitaliana.org\/fr\/travail\/\">Le travail<\/a>\n<ul>\n\t<li id=\"menu-item-416\"><a href=\"https:\/\/www.museoemigrazioneitaliana.org\/fr\/travail\/dans-la-rue-des-marchands-ambulants-et-des-enfants\/\">Dans la rue, colporteurs et enfants<\/a><\/li>\n\t<li id=\"menu-item-411\"><a href=\"https:\/\/www.museoemigrazioneitaliana.org\/fr\/travail\/bras-forts-et-travaux-lourds\/\">Bras forts et travaux lourds<\/a><\/li>\n\t<li id=\"menu-item-415\"><a href=\"https:\/\/www.museoemigrazioneitaliana.org\/fr\/travail\/les-grandes-oeuvres-et-les-fortunes-remarquables\/\">Grandes \u0153uvres et fortunes \u00e9clatantes<\/a><\/li>\n\t<li id=\"menu-item-413\"><a href=\"https:\/\/www.museoemigrazioneitaliana.org\/fr\/travail\/femmes-fragiles\/\">Femmes \"fragiles<\/a><\/li>\n\t<li id=\"menu-item-414\"><a href=\"https:\/\/www.museoemigrazioneitaliana.org\/fr\/travail\/magasins-et-boutiques\/\">Boutiques et magasins<\/a><\/li>\n\t<li id=\"menu-item-412\"><a href=\"https:\/\/www.museoemigrazioneitaliana.org\/fr\/travail\/des-scullions-aux-maitres\/\">Des scullions aux ma\u00eetres<\/a><\/li>\n<\/ul>\n<\/li>\n<\/ul>","protected":false},"excerpt":{"rendered":"<p>Per gli emigrati che si dedicarono al commercio gli inizi furono pressoch\u00e9 uguali: dopo l&#8217;arrivo nel nuovo paese lavorarono per alcuni anni come dipendenti dei parenti o degli amici che li avevano esortati e aiutati a emigrare. Naturalmente questa fase iniziale venne saltata da coloro che, gi\u00e0 dotati di un proprio capitale, per quanto minimo, [&hellip;]<\/p>\n","protected":false},"author":1,"featured_media":0,"parent":77,"menu_order":0,"comment_status":"closed","ping_status":"open","template":"","meta":{"_acf_changed":false,"site-sidebar-layout":"default","site-content-layout":"default","ast-site-content-layout":"default","site-content-style":"default","site-sidebar-style":"default","ast-global-header-display":"","ast-banner-title-visibility":"","ast-main-header-display":"","ast-hfb-above-header-display":"","ast-hfb-below-header-display":"","ast-hfb-mobile-header-display":"","site-post-title":"","ast-breadcrumbs-content":"","ast-featured-img":"","footer-sml-layout":"","ast-disable-related-posts":"","theme-transparent-header-meta":"default","adv-header-id-meta":"","stick-header-meta":"","header-above-stick-meta":"","header-main-stick-meta":"","header-below-stick-meta":"","astra-migrate-meta-layouts":"default","ast-page-background-enabled":"default","ast-page-background-meta":{"desktop":{"background-color":"","background-image":"","background-repeat":"repeat","background-position":"center center","background-size":"auto","background-attachment":"scroll","background-type":"","background-media":"","overlay-type":"","overlay-color":"","overlay-opacity":"","overlay-gradient":""},"tablet":{"background-color":"","background-image":"","background-repeat":"repeat","background-position":"center center","background-size":"auto","background-attachment":"scroll","background-type":"","background-media":"","overlay-type":"","overlay-color":"","overlay-opacity":"","overlay-gradient":""},"mobile":{"background-color":"","background-image":"","background-repeat":"repeat","background-position":"center center","background-size":"auto","background-attachment":"scroll","background-type":"","background-media":"","overlay-type":"","overlay-color":"","overlay-opacity":"","overlay-gradient":""}},"ast-content-background-meta":{"desktop":{"background-color":"var(--ast-global-color-5)","background-image":"","background-repeat":"repeat","background-position":"center center","background-size":"auto","background-attachment":"scroll","background-type":"","background-media":"","overlay-type":"","overlay-color":"","overlay-opacity":"","overlay-gradient":""},"tablet":{"background-color":"var(--ast-global-color-5)","background-image":"","background-repeat":"repeat","background-position":"center center","background-size":"auto","background-attachment":"scroll","background-type":"","background-media":"","overlay-type":"","overlay-color":"","overlay-opacity":"","overlay-gradient":""},"mobile":{"background-color":"var(--ast-global-color-5)","background-image":"","background-repeat":"repeat","background-position":"center center","background-size":"auto","background-attachment":"scroll","background-type":"","background-media":"","overlay-type":"","overlay-color":"","overlay-opacity":"","overlay-gradient":""}},"footnotes":""},"class_list":["post-87","page","type-page","status-publish","hentry"],"acf":[],"_links":{"self":[{"href":"https:\/\/www.museoemigrazioneitaliana.org\/fr\/wp-json\/wp\/v2\/pages\/87","targetHints":{"allow":["GET"]}}],"collection":[{"href":"https:\/\/www.museoemigrazioneitaliana.org\/fr\/wp-json\/wp\/v2\/pages"}],"about":[{"href":"https:\/\/www.museoemigrazioneitaliana.org\/fr\/wp-json\/wp\/v2\/types\/page"}],"author":[{"embeddable":true,"href":"https:\/\/www.museoemigrazioneitaliana.org\/fr\/wp-json\/wp\/v2\/users\/1"}],"replies":[{"embeddable":true,"href":"https:\/\/www.museoemigrazioneitaliana.org\/fr\/wp-json\/wp\/v2\/comments?post=87"}],"version-history":[{"count":2,"href":"https:\/\/www.museoemigrazioneitaliana.org\/fr\/wp-json\/wp\/v2\/pages\/87\/revisions"}],"predecessor-version":[{"id":3197,"href":"https:\/\/www.museoemigrazioneitaliana.org\/fr\/wp-json\/wp\/v2\/pages\/87\/revisions\/3197"}],"up":[{"embeddable":true,"href":"https:\/\/www.museoemigrazioneitaliana.org\/fr\/wp-json\/wp\/v2\/pages\/77"}],"wp:attachment":[{"href":"https:\/\/www.museoemigrazioneitaliana.org\/fr\/wp-json\/wp\/v2\/media?parent=87"}],"curies":[{"name":"wp","href":"https:\/\/api.w.org\/{rel}","templated":true}]}}