{"id":83,"date":"2020-09-17T15:42:32","date_gmt":"2020-09-17T13:42:32","guid":{"rendered":"https:\/\/mei.ms-dev.it\/?page_id=83"},"modified":"2022-03-10T12:02:52","modified_gmt":"2022-03-10T11:02:52","slug":"les-grandes-oeuvres-et-les-fortunes-remarquables","status":"publish","type":"page","link":"https:\/\/www.museoemigrazioneitaliana.org\/fr\/il-lavoro\/opere-grandiose-e-fortune-cospicue\/","title":{"rendered":"Grandes \u0153uvres et fortunes \u00e9clatantes"},"content":{"rendered":"<p>Un tr\u00e8s grand nombre d'\u00e9migr\u00e9s italiens ont particip\u00e9 \u00e0 la r\u00e9alisation de travaux publics colossaux et nombreux sont ceux qui ont \u00e9t\u00e9 victimes d'accidents du travail. Les tunnels du Fr\u00e9jus, du Saint-Gothard et du Simplon ou les chemins de fer transsib\u00e9riens et tonkinois les ont vus \u00e0 l'\u0153uvre. La caract\u00e9ristique de l'emploi dans le secteur de la construction est d'\u00eatre souvent temporaire et de se d\u00e9placer dans des groupes de travail comprenant diff\u00e9rentes professions : des ouvriers aux techniciens. En revanche, un certain nombre d'\u00e9migrants ont r\u00e9ussi en tant qu'entrepreneurs.<\/p>\n<p>L'\u00e9conomiste Luigi Einaudi a invent\u00e9 l'expression heureuse de \"prince marchand\" pour d\u00e9finir des hommes qui, souvent partis de rien, ont su exploiter toutes les opportunit\u00e9s et atteindre des positions enviables. Les secteurs dans lesquels ils agissaient \u00e9taient diff\u00e9rents, mais ils \u00e9taient anim\u00e9s d'un m\u00eame esprit d'initiative.<\/p>\n<p>Il s'agit d'histoires d'hommes qui, en vitesse, sont pass\u00e9s, pour ne pas dire plus, de la pauvret\u00e9 \u00e0 la richesse et ont atteint le prestige et la satisfaction en se positionnant aux niveaux sociaux les plus \u00e9lev\u00e9s dans leur pays d'adoption. Leur succ\u00e8s a \u00e9galement contribu\u00e9 \u00e0 la diffusion des produits italiens, \u00e0 commencer par les produits alimentaires, dans le monde entier.<\/p>\n<p>Un exemple de ces r\u00e9ussites peut \u00eatre donn\u00e9 : au Br\u00e9sil, il y a eu l'histoire exceptionnelle de Giuseppe Giorgi, qui, de simple ouvrier, est devenu constructeur de chemins de fer gr\u00e2ce \u00e0 ses comp\u00e9tences techniques et organisationnelles ; il a r\u00e9ussi \u00e0 obtenir de bonnes commandes de l'administration publique locale et \u00e0 percer dans un secteur tr\u00e8s rentable qui, il faut le souligner, \u00e9tait d\u00e9j\u00e0 occup\u00e9 et domin\u00e9 par les Britanniques.<\/p>\n\t\t\t\t\t<ul id=\"menu-il-lavoro\"><li id=\"menu-item-410\"><a href=\"https:\/\/www.museoemigrazioneitaliana.org\/fr\/travail\/\">Le travail<\/a>\n<ul>\n\t<li id=\"menu-item-416\"><a href=\"https:\/\/www.museoemigrazioneitaliana.org\/fr\/travail\/dans-la-rue-des-marchands-ambulants-et-des-enfants\/\">Dans la rue, colporteurs et enfants<\/a><\/li>\n\t<li id=\"menu-item-411\"><a href=\"https:\/\/www.museoemigrazioneitaliana.org\/fr\/travail\/bras-forts-et-travaux-lourds\/\">Bras forts et travaux lourds<\/a><\/li>\n\t<li id=\"menu-item-415\"><a href=\"https:\/\/www.museoemigrazioneitaliana.org\/fr\/travail\/les-grandes-oeuvres-et-les-fortunes-remarquables\/\">Grandes \u0153uvres et fortunes \u00e9clatantes<\/a><\/li>\n\t<li id=\"menu-item-413\"><a href=\"https:\/\/www.museoemigrazioneitaliana.org\/fr\/travail\/femmes-fragiles\/\">Femmes \"fragiles<\/a><\/li>\n\t<li id=\"menu-item-414\"><a href=\"https:\/\/www.museoemigrazioneitaliana.org\/fr\/travail\/magasins-et-boutiques\/\">Boutiques et magasins<\/a><\/li>\n\t<li id=\"menu-item-412\"><a href=\"https:\/\/www.museoemigrazioneitaliana.org\/fr\/travail\/des-scullions-aux-maitres\/\">Des scullions aux ma\u00eetres<\/a><\/li>\n<\/ul>\n<\/li>\n<\/ul>","protected":false},"excerpt":{"rendered":"<p>Alla realizzazione di colossali opere pubbliche partecip\u00f2 un numero immenso di emigrati italiani e numerose furono le vittime di incidenti sul lavoro. I trafori del Frejus, del San Gottardo, del Sempione o la ferrovia transiberiana e quella del Tonkino li videro all&#8217;opera. Caratteristica dell&#8217;impiego nel settore dell&#8217;edilizia fu spesso la temporaneit\u00e0 e il muoversi in [&hellip;]<\/p>\n","protected":false},"author":1,"featured_media":0,"parent":77,"menu_order":0,"comment_status":"closed","ping_status":"open","template":"","meta":{"_acf_changed":false,"site-sidebar-layout":"default","site-content-layout":"default","ast-site-content-layout":"default","site-content-style":"default","site-sidebar-style":"default","ast-global-header-display":"","ast-banner-title-visibility":"","ast-main-header-display":"","ast-hfb-above-header-display":"","ast-hfb-below-header-display":"","ast-hfb-mobile-header-display":"","site-post-title":"","ast-breadcrumbs-content":"","ast-featured-img":"","footer-sml-layout":"","ast-disable-related-posts":"","theme-transparent-header-meta":"default","adv-header-id-meta":"","stick-header-meta":"","header-above-stick-meta":"","header-main-stick-meta":"","header-below-stick-meta":"","astra-migrate-meta-layouts":"default","ast-page-background-enabled":"default","ast-page-background-meta":{"desktop":{"background-color":"","background-image":"","background-repeat":"repeat","background-position":"center center","background-size":"auto","background-attachment":"scroll","background-type":"","background-media":"","overlay-type":"","overlay-color":"","overlay-opacity":"","overlay-gradient":""},"tablet":{"background-color":"","background-image":"","background-repeat":"repeat","background-position":"center center","background-size":"auto","background-attachment":"scroll","background-type":"","background-media":"","overlay-type":"","overlay-color":"","overlay-opacity":"","overlay-gradient":""},"mobile":{"background-color":"","background-image":"","background-repeat":"repeat","background-position":"center center","background-size":"auto","background-attachment":"scroll","background-type":"","background-media":"","overlay-type":"","overlay-color":"","overlay-opacity":"","overlay-gradient":""}},"ast-content-background-meta":{"desktop":{"background-color":"var(--ast-global-color-5)","background-image":"","background-repeat":"repeat","background-position":"center center","background-size":"auto","background-attachment":"scroll","background-type":"","background-media":"","overlay-type":"","overlay-color":"","overlay-opacity":"","overlay-gradient":""},"tablet":{"background-color":"var(--ast-global-color-5)","background-image":"","background-repeat":"repeat","background-position":"center center","background-size":"auto","background-attachment":"scroll","background-type":"","background-media":"","overlay-type":"","overlay-color":"","overlay-opacity":"","overlay-gradient":""},"mobile":{"background-color":"var(--ast-global-color-5)","background-image":"","background-repeat":"repeat","background-position":"center center","background-size":"auto","background-attachment":"scroll","background-type":"","background-media":"","overlay-type":"","overlay-color":"","overlay-opacity":"","overlay-gradient":""}},"footnotes":""},"class_list":["post-83","page","type-page","status-publish","hentry"],"acf":[],"_links":{"self":[{"href":"https:\/\/www.museoemigrazioneitaliana.org\/fr\/wp-json\/wp\/v2\/pages\/83","targetHints":{"allow":["GET"]}}],"collection":[{"href":"https:\/\/www.museoemigrazioneitaliana.org\/fr\/wp-json\/wp\/v2\/pages"}],"about":[{"href":"https:\/\/www.museoemigrazioneitaliana.org\/fr\/wp-json\/wp\/v2\/types\/page"}],"author":[{"embeddable":true,"href":"https:\/\/www.museoemigrazioneitaliana.org\/fr\/wp-json\/wp\/v2\/users\/1"}],"replies":[{"embeddable":true,"href":"https:\/\/www.museoemigrazioneitaliana.org\/fr\/wp-json\/wp\/v2\/comments?post=83"}],"version-history":[{"count":2,"href":"https:\/\/www.museoemigrazioneitaliana.org\/fr\/wp-json\/wp\/v2\/pages\/83\/revisions"}],"predecessor-version":[{"id":3193,"href":"https:\/\/www.museoemigrazioneitaliana.org\/fr\/wp-json\/wp\/v2\/pages\/83\/revisions\/3193"}],"up":[{"embeddable":true,"href":"https:\/\/www.museoemigrazioneitaliana.org\/fr\/wp-json\/wp\/v2\/pages\/77"}],"wp:attachment":[{"href":"https:\/\/www.museoemigrazioneitaliana.org\/fr\/wp-json\/wp\/v2\/media?parent=83"}],"curies":[{"name":"wp","href":"https:\/\/api.w.org\/{rel}","templated":true}]}}