{"id":77,"date":"2020-09-17T15:41:40","date_gmt":"2020-09-17T13:41:40","guid":{"rendered":"https:\/\/mei.ms-dev.it\/?page_id=77"},"modified":"2022-03-10T11:52:48","modified_gmt":"2022-03-10T10:52:48","slug":"travail","status":"publish","type":"page","link":"https:\/\/www.museoemigrazioneitaliana.org\/fr\/il-lavoro\/","title":{"rendered":"Le travail"},"content":{"rendered":"<p>L'\u00e9migration italienne a eu de nombreux visages et s'est \u00e9galement caract\u00e9ris\u00e9e par l'exportation de comp\u00e9tences \u00e9lev\u00e9es dans le monde entier. Le capital des \u00e9migrants a \u00e9t\u00e9 le travail, toujours accompagn\u00e9 d'une s\u00e9rie de ressources immat\u00e9rielles : la d\u00e9termination \u00e0 travailler dans n'importe quel cas et dans n'importe quelles conditions ; la pers\u00e9v\u00e9rance m\u00eame face \u00e0 de grands obstacles ; l'inventivit\u00e9 qui, parfois, a permis d'obtenir de grands r\u00e9sultats tant sur le plan social que sur le plan \u00e9conomique.<\/p>\n\t\t\t\t<img decoding=\"async\" src=\"https:\/\/www.museoemigrazioneitaliana.org\/wp-content\/uploads\/2021\/01\/WatermarkedImage-lavorocommemorazione.jpg\" alt=\"\" itemprop=\"image\" onerror=\"this.style.display='none'\"  \/>\n\t<iframe loading=\"lazy\" title=\"L&#039;\u0152UVRE - L&#039;\u00e9migration italienne\" width=\"500\" height=\"281\" src=\"https:\/\/www.youtube.com\/embed\/WI9ov2dZC5Y?feature=oembed\" frameborder=\"0\" allow=\"accelerometer; autoplay; clipboard-write; encrypted-media; gyroscope; picture-in-picture\" allowfullscreen><\/iframe>\n\t\t\t\t\t<ul id=\"menu-il-lavoro\"><li id=\"menu-item-410\"><a href=\"https:\/\/www.museoemigrazioneitaliana.org\/fr\/travail\/\">Le travail<\/a>\n<ul>\n\t<li id=\"menu-item-416\"><a href=\"https:\/\/www.museoemigrazioneitaliana.org\/fr\/travail\/dans-la-rue-des-marchands-ambulants-et-des-enfants\/\">Dans la rue, colporteurs et enfants<\/a><\/li>\n\t<li id=\"menu-item-411\"><a href=\"https:\/\/www.museoemigrazioneitaliana.org\/fr\/travail\/bras-forts-et-travaux-lourds\/\">Bras forts et travaux lourds<\/a><\/li>\n\t<li id=\"menu-item-415\"><a href=\"https:\/\/www.museoemigrazioneitaliana.org\/fr\/travail\/les-grandes-oeuvres-et-les-fortunes-remarquables\/\">Grandes \u0153uvres et fortunes \u00e9clatantes<\/a><\/li>\n\t<li id=\"menu-item-413\"><a href=\"https:\/\/www.museoemigrazioneitaliana.org\/fr\/travail\/femmes-fragiles\/\">Femmes \"fragiles<\/a><\/li>\n\t<li id=\"menu-item-414\"><a href=\"https:\/\/www.museoemigrazioneitaliana.org\/fr\/travail\/magasins-et-boutiques\/\">Boutiques et magasins<\/a><\/li>\n\t<li id=\"menu-item-412\"><a href=\"https:\/\/www.museoemigrazioneitaliana.org\/fr\/travail\/des-scullions-aux-maitres\/\">Des scullions aux ma\u00eetres<\/a><\/li>\n<\/ul>\n<\/li>\n<\/ul>","protected":false},"excerpt":{"rendered":"<p>L&#8217;emigrazione italiana ha avuto molte facce e si \u00e8 caratterizzata anche per aver esportato in tutto il mondo alte competenze di mestiere. Il capitale degli emigranti \u00e8 stato il lavoro accompagnato, sempre, da una serie di risorse non materiali: determinazione a lavorare comunque e in qualsiasi condizione; perseveranza anche di fronte a grandi ostacoli; inventiva [&hellip;]<\/p>\n","protected":false},"author":1,"featured_media":0,"parent":0,"menu_order":0,"comment_status":"closed","ping_status":"open","template":"","meta":{"_acf_changed":false,"site-sidebar-layout":"default","site-content-layout":"default","ast-site-content-layout":"default","site-content-style":"default","site-sidebar-style":"default","ast-global-header-display":"","ast-banner-title-visibility":"","ast-main-header-display":"","ast-hfb-above-header-display":"","ast-hfb-below-header-display":"","ast-hfb-mobile-header-display":"","site-post-title":"","ast-breadcrumbs-content":"","ast-featured-img":"","footer-sml-layout":"","ast-disable-related-posts":"","theme-transparent-header-meta":"default","adv-header-id-meta":"","stick-header-meta":"","header-above-stick-meta":"","header-main-stick-meta":"","header-below-stick-meta":"","astra-migrate-meta-layouts":"default","ast-page-background-enabled":"default","ast-page-background-meta":{"desktop":{"background-color":"","background-image":"","background-repeat":"repeat","background-position":"center center","background-size":"auto","background-attachment":"scroll","background-type":"","background-media":"","overlay-type":"","overlay-color":"","overlay-opacity":"","overlay-gradient":""},"tablet":{"background-color":"","background-image":"","background-repeat":"repeat","background-position":"center center","background-size":"auto","background-attachment":"scroll","background-type":"","background-media":"","overlay-type":"","overlay-color":"","overlay-opacity":"","overlay-gradient":""},"mobile":{"background-color":"","background-image":"","background-repeat":"repeat","background-position":"center center","background-size":"auto","background-attachment":"scroll","background-type":"","background-media":"","overlay-type":"","overlay-color":"","overlay-opacity":"","overlay-gradient":""}},"ast-content-background-meta":{"desktop":{"background-color":"var(--ast-global-color-5)","background-image":"","background-repeat":"repeat","background-position":"center center","background-size":"auto","background-attachment":"scroll","background-type":"","background-media":"","overlay-type":"","overlay-color":"","overlay-opacity":"","overlay-gradient":""},"tablet":{"background-color":"var(--ast-global-color-5)","background-image":"","background-repeat":"repeat","background-position":"center center","background-size":"auto","background-attachment":"scroll","background-type":"","background-media":"","overlay-type":"","overlay-color":"","overlay-opacity":"","overlay-gradient":""},"mobile":{"background-color":"var(--ast-global-color-5)","background-image":"","background-repeat":"repeat","background-position":"center center","background-size":"auto","background-attachment":"scroll","background-type":"","background-media":"","overlay-type":"","overlay-color":"","overlay-opacity":"","overlay-gradient":""}},"footnotes":""},"class_list":["post-77","page","type-page","status-publish","hentry"],"acf":[],"_links":{"self":[{"href":"https:\/\/www.museoemigrazioneitaliana.org\/fr\/wp-json\/wp\/v2\/pages\/77","targetHints":{"allow":["GET"]}}],"collection":[{"href":"https:\/\/www.museoemigrazioneitaliana.org\/fr\/wp-json\/wp\/v2\/pages"}],"about":[{"href":"https:\/\/www.museoemigrazioneitaliana.org\/fr\/wp-json\/wp\/v2\/types\/page"}],"author":[{"embeddable":true,"href":"https:\/\/www.museoemigrazioneitaliana.org\/fr\/wp-json\/wp\/v2\/users\/1"}],"replies":[{"embeddable":true,"href":"https:\/\/www.museoemigrazioneitaliana.org\/fr\/wp-json\/wp\/v2\/comments?post=77"}],"version-history":[{"count":2,"href":"https:\/\/www.museoemigrazioneitaliana.org\/fr\/wp-json\/wp\/v2\/pages\/77\/revisions"}],"predecessor-version":[{"id":3187,"href":"https:\/\/www.museoemigrazioneitaliana.org\/fr\/wp-json\/wp\/v2\/pages\/77\/revisions\/3187"}],"wp:attachment":[{"href":"https:\/\/www.museoemigrazioneitaliana.org\/fr\/wp-json\/wp\/v2\/media?parent=77"}],"curies":[{"name":"wp","href":"https:\/\/api.w.org\/{rel}","templated":true}]}}