{"id":71,"date":"2020-09-17T15:40:13","date_gmt":"2020-09-17T13:40:13","guid":{"rendered":"https:\/\/mei.ms-dev.it\/?page_id=71"},"modified":"2022-03-10T11:01:14","modified_gmt":"2022-03-10T10:01:14","slug":"australie","status":"publish","type":"page","link":"https:\/\/www.museoemigrazioneitaliana.org\/fr\/le-mete\/australia\/","title":{"rendered":"Australie"},"content":{"rendered":"<p>Lors des premi\u00e8res vagues de migration italienne, entre la fin du XIXe si\u00e8cle et les premi\u00e8res d\u00e9cennies du XXe si\u00e8cle, l'Australie n'\u00e9tait pas une destination tr\u00e8s populaire pour nos compatriotes. Cela \u00e9tait probablement d\u00fb au fait qu'il s'agissait d'une r\u00e9gion peu connue, beaucoup plus \u00e9loign\u00e9e et plus difficile \u00e0 atteindre que d'autres pays, notamment en raison du co\u00fbt \u00e9lev\u00e9 du voyage.<\/p>\n<p>Au cours des d\u00e9cennies suivantes, l'int\u00e9r\u00eat pour l'Australie s'est accru, mais ce n'est qu'avec l'ambitieux programme du ministre australien de l'immigration Arthur Caldwell, tr\u00e8s favorable aux \u00e9migrants d'Europe, qu'un v\u00e9ritable flux migratoire en provenance d'Italie a commenc\u00e9. Entre 1951 et 1969, plus de 200 000 Italiens sont arriv\u00e9s dans des villes comme Sydney, Melbourne, Perth et Ad\u00e9la\u00efde, o\u00f9 ils ont trouv\u00e9 du travail dans le b\u00e2timent et la construction de routes et de voies ferr\u00e9es. D'autres ont choisi la campagne australienne, rejoignant par exemple les territoires du nord-est, comme le Queensland, o\u00f9 la demande de main-d'\u0153uvre pour la culture de la canne \u00e0 sucre \u00e9tait importante.<\/p>\n<p>\u00c0 partir de 1970, le flux d'\u00e9migration a diminu\u00e9, mais gr\u00e2ce aux \u00e9migrants, l'italien est devenu la deuxi\u00e8me langue la plus parl\u00e9e et enseign\u00e9e en Australie apr\u00e8s l'anglais, et les Italiens ont eu une influence significative sur la culture et la soci\u00e9t\u00e9 australiennes.<\/p>\n\t\t\t\t<img loading=\"lazy\" decoding=\"async\" src=\"https:\/\/www.museoemigrazioneitaliana.org\/wp-content\/uploads\/2022\/01\/Tagliatori-di-canna-ok.jpg\" alt=\"Australie, Queensland, vers 1920. Coupeurs de canne \u00e0 sucre\" itemprop=\"image\" height=\"607\" width=\"800\" title=\"Coupe-cannes OK\" onerror=\"this.style.display='none'\"  \/>\n\t\tAustralie, Queensland, vers 1920. Coupeurs de canne \u00e0 sucre\n\t\t\t\t\t<ul id=\"menu-le-mete\"><li id=\"menu-item-403\"><a href=\"https:\/\/www.museoemigrazioneitaliana.org\/fr\/destinations\/\">Destinations<\/a>\n<ul>\n\t<li id=\"menu-item-409\"><a href=\"https:\/\/www.museoemigrazioneitaliana.org\/fr\/destinations\/larrivo\/\">Arriv\u00e9e<\/a><\/li>\n\t<li id=\"menu-item-1529\"><a href=\"https:\/\/www.museoemigrazioneitaliana.org\/fr\/destinations\/amerique-du-nord\/\">Am\u00e9rique du Nord<\/a><\/li>\n\t<li id=\"menu-item-1530\"><a href=\"https:\/\/www.museoemigrazioneitaliana.org\/fr\/destinations\/amerique-du-sud\/\">Am\u00e9rique du Sud<\/a><\/li>\n\t<li id=\"menu-item-1532\"><a href=\"https:\/\/www.museoemigrazioneitaliana.org\/fr\/destinations\/leurope\/\">L'Europe<\/a><\/li>\n\t<li id=\"menu-item-1531\"><a href=\"https:\/\/www.museoemigrazioneitaliana.org\/fr\/destinations\/australie\/\">Australie<\/a><\/li>\n\t<li id=\"menu-item-1528\"><a href=\"https:\/\/www.museoemigrazioneitaliana.org\/fr\/destinations\/afrique\/\">Afrique<\/a><\/li>\n<\/ul>\n<\/li>\n<\/ul>","protected":false},"excerpt":{"rendered":"<p>Durante le prime ondate migratorie italiane, tra la fine dell&#8217;Ottocento e i primi decenni del Novecento, l&#8217;Australia non ha rappresentato una meta molto ambita per i nostri connazionali. Probabilmente questo \u00e8 dovuto al fatto che si trattava di una regione scarsamente conosciuta, molto pi\u00f9 lontana e pi\u00f9 difficile, anche per i costi elevati del viaggio, [&hellip;]<\/p>\n","protected":false},"author":1,"featured_media":0,"parent":63,"menu_order":0,"comment_status":"closed","ping_status":"open","template":"","meta":{"_acf_changed":false,"site-sidebar-layout":"default","site-content-layout":"default","ast-site-content-layout":"default","site-content-style":"default","site-sidebar-style":"default","ast-global-header-display":"","ast-banner-title-visibility":"","ast-main-header-display":"","ast-hfb-above-header-display":"","ast-hfb-below-header-display":"","ast-hfb-mobile-header-display":"","site-post-title":"","ast-breadcrumbs-content":"","ast-featured-img":"","footer-sml-layout":"","ast-disable-related-posts":"","theme-transparent-header-meta":"default","adv-header-id-meta":"","stick-header-meta":"","header-above-stick-meta":"","header-main-stick-meta":"","header-below-stick-meta":"","astra-migrate-meta-layouts":"default","ast-page-background-enabled":"default","ast-page-background-meta":{"desktop":{"background-color":"","background-image":"","background-repeat":"repeat","background-position":"center center","background-size":"auto","background-attachment":"scroll","background-type":"","background-media":"","overlay-type":"","overlay-color":"","overlay-opacity":"","overlay-gradient":""},"tablet":{"background-color":"","background-image":"","background-repeat":"repeat","background-position":"center center","background-size":"auto","background-attachment":"scroll","background-type":"","background-media":"","overlay-type":"","overlay-color":"","overlay-opacity":"","overlay-gradient":""},"mobile":{"background-color":"","background-image":"","background-repeat":"repeat","background-position":"center center","background-size":"auto","background-attachment":"scroll","background-type":"","background-media":"","overlay-type":"","overlay-color":"","overlay-opacity":"","overlay-gradient":""}},"ast-content-background-meta":{"desktop":{"background-color":"var(--ast-global-color-5)","background-image":"","background-repeat":"repeat","background-position":"center center","background-size":"auto","background-attachment":"scroll","background-type":"","background-media":"","overlay-type":"","overlay-color":"","overlay-opacity":"","overlay-gradient":""},"tablet":{"background-color":"var(--ast-global-color-5)","background-image":"","background-repeat":"repeat","background-position":"center center","background-size":"auto","background-attachment":"scroll","background-type":"","background-media":"","overlay-type":"","overlay-color":"","overlay-opacity":"","overlay-gradient":""},"mobile":{"background-color":"var(--ast-global-color-5)","background-image":"","background-repeat":"repeat","background-position":"center center","background-size":"auto","background-attachment":"scroll","background-type":"","background-media":"","overlay-type":"","overlay-color":"","overlay-opacity":"","overlay-gradient":""}},"footnotes":""},"class_list":["post-71","page","type-page","status-publish","hentry"],"acf":[],"_links":{"self":[{"href":"https:\/\/www.museoemigrazioneitaliana.org\/fr\/wp-json\/wp\/v2\/pages\/71","targetHints":{"allow":["GET"]}}],"collection":[{"href":"https:\/\/www.museoemigrazioneitaliana.org\/fr\/wp-json\/wp\/v2\/pages"}],"about":[{"href":"https:\/\/www.museoemigrazioneitaliana.org\/fr\/wp-json\/wp\/v2\/types\/page"}],"author":[{"embeddable":true,"href":"https:\/\/www.museoemigrazioneitaliana.org\/fr\/wp-json\/wp\/v2\/users\/1"}],"replies":[{"embeddable":true,"href":"https:\/\/www.museoemigrazioneitaliana.org\/fr\/wp-json\/wp\/v2\/comments?post=71"}],"version-history":[{"count":2,"href":"https:\/\/www.museoemigrazioneitaliana.org\/fr\/wp-json\/wp\/v2\/pages\/71\/revisions"}],"predecessor-version":[{"id":3184,"href":"https:\/\/www.museoemigrazioneitaliana.org\/fr\/wp-json\/wp\/v2\/pages\/71\/revisions\/3184"}],"up":[{"embeddable":true,"href":"https:\/\/www.museoemigrazioneitaliana.org\/fr\/wp-json\/wp\/v2\/pages\/63"}],"wp:attachment":[{"href":"https:\/\/www.museoemigrazioneitaliana.org\/fr\/wp-json\/wp\/v2\/media?parent=71"}],"curies":[{"name":"wp","href":"https:\/\/api.w.org\/{rel}","templated":true}]}}