{"id":67,"date":"2020-09-17T15:39:37","date_gmt":"2020-09-17T13:39:37","guid":{"rendered":"https:\/\/mei.ms-dev.it\/?page_id=67"},"modified":"2022-03-10T10:58:21","modified_gmt":"2022-03-10T09:58:21","slug":"amerique-du-sud","status":"publish","type":"page","link":"https:\/\/www.museoemigrazioneitaliana.org\/fr\/le-mete\/america-del-sud\/","title":{"rendered":"Am\u00e9rique du Sud"},"content":{"rendered":"<p>Ce sont d'abord les \u00e9migrants des r\u00e9gions agricoles du nord de l'Italie qui ont peupl\u00e9 les navires \u00e0 destination de l'Am\u00e9rique du Sud. Ceux qui pouvaient s'offrir un billet plus cher se rendaient en Am\u00e9rique du Sud, o\u00f9 l'int\u00e9gration \u00e9tait certainement plus facile. La culture sud-am\u00e9ricaine \u00e9tait en effet tr\u00e8s proche de la culture italienne, m\u00eame sur le plan religieux, et il y avait moins de probl\u00e8mes avec la langue. Pour le Br\u00e9sil, le d\u00e9part se faisait principalement de la V\u00e9n\u00e9tie et du Frioul, pour l'Argentine du Pi\u00e9mont. Il s'agissait de deux \u00c9tats illimit\u00e9s et peu peupl\u00e9s, que les gouvernements locaux voulaient peupler en encourageant l'immigration en provenance d'Europe. L'\u00e9migration vers le Br\u00e9sil et l'Argentine, qui a dur\u00e9 plus d'un si\u00e8cle, ne s'est arr\u00eat\u00e9e qu'\u00e0 la fin des ann\u00e9es 1950, \u00e0 la suite de la r\u00e9cession \u00e9conomique.<\/p>\n<p>Si le Br\u00e9sil et l'Argentine, avec un peu d'Uruguay, repr\u00e9sentent les destinations les plus imm\u00e9diates, \u00e9tant sur les routes des paquebots transatlantiques, il ne faut pas oublier l'\u00e9migration italienne vers d'autres \u00c9tats d'Am\u00e9rique latine, comme le Chili, le P\u00e9rou, l'\u00c9quateur, la Colombie et le Venezuela. Ce dernier \u00c9tat, en particulier, a connu un v\u00e9ritable boom migratoire dans les ann\u00e9es 1950, li\u00e9 \u00e0 la d\u00e9couverte de gisements de p\u00e9trole et au d\u00e9veloppement industriel du pays qui en a d\u00e9coul\u00e9.<\/p>\n\t\t\t\t<img loading=\"lazy\" decoding=\"async\" src=\"https:\/\/www.museoemigrazioneitaliana.org\/wp-content\/uploads\/2022\/01\/1138-ok.jpg\" alt=\"Br\u00e9sil, Rio Grande del Sud, Caxias, 1905. La famille Ronca\" itemprop=\"image\" height=\"507\" width=\"800\" title=\"1138 OK\" onerror=\"this.style.display='none'\"  \/>\n\t\tBr\u00e9sil, Rio Grande del Sud, Caxias, 1905. La famille Ronca\n\t\t\t\t\t<ul id=\"menu-le-mete\"><li id=\"menu-item-403\"><a href=\"https:\/\/www.museoemigrazioneitaliana.org\/fr\/destinations\/\">Destinations<\/a>\n<ul>\n\t<li id=\"menu-item-409\"><a href=\"https:\/\/www.museoemigrazioneitaliana.org\/fr\/destinations\/larrivo\/\">Arriv\u00e9e<\/a><\/li>\n\t<li id=\"menu-item-1529\"><a href=\"https:\/\/www.museoemigrazioneitaliana.org\/fr\/destinations\/amerique-du-nord\/\">Am\u00e9rique du Nord<\/a><\/li>\n\t<li id=\"menu-item-1530\"><a href=\"https:\/\/www.museoemigrazioneitaliana.org\/fr\/destinations\/amerique-du-sud\/\">Am\u00e9rique du Sud<\/a><\/li>\n\t<li id=\"menu-item-1532\"><a href=\"https:\/\/www.museoemigrazioneitaliana.org\/fr\/destinations\/leurope\/\">L'Europe<\/a><\/li>\n\t<li id=\"menu-item-1531\"><a href=\"https:\/\/www.museoemigrazioneitaliana.org\/fr\/destinations\/australie\/\">Australie<\/a><\/li>\n\t<li id=\"menu-item-1528\"><a href=\"https:\/\/www.museoemigrazioneitaliana.org\/fr\/destinations\/afrique\/\">Afrique<\/a><\/li>\n<\/ul>\n<\/li>\n<\/ul>","protected":false},"excerpt":{"rendered":"<p>A popolare i bastimenti diretti verso l&#8217;America del Sud furono inizialmente gli emigranti provenienti dalle regioni agricole del Nord Italia. Chi si poteva permettere un biglietto pi\u00f9 costoso andava in Sudamerica, dove l&#8217;integrazione era sicuramente pi\u00f9 facile. La cultura sudamericana era infatti molto vicina a quella italiana, anche quella religiosa, e c&#8217;erano minori problemi con [&hellip;]<\/p>\n","protected":false},"author":1,"featured_media":0,"parent":63,"menu_order":0,"comment_status":"closed","ping_status":"open","template":"","meta":{"_acf_changed":false,"site-sidebar-layout":"default","site-content-layout":"default","ast-site-content-layout":"default","site-content-style":"default","site-sidebar-style":"default","ast-global-header-display":"","ast-banner-title-visibility":"","ast-main-header-display":"","ast-hfb-above-header-display":"","ast-hfb-below-header-display":"","ast-hfb-mobile-header-display":"","site-post-title":"","ast-breadcrumbs-content":"","ast-featured-img":"","footer-sml-layout":"","ast-disable-related-posts":"","theme-transparent-header-meta":"default","adv-header-id-meta":"","stick-header-meta":"","header-above-stick-meta":"","header-main-stick-meta":"","header-below-stick-meta":"","astra-migrate-meta-layouts":"default","ast-page-background-enabled":"default","ast-page-background-meta":{"desktop":{"background-color":"","background-image":"","background-repeat":"repeat","background-position":"center center","background-size":"auto","background-attachment":"scroll","background-type":"","background-media":"","overlay-type":"","overlay-color":"","overlay-opacity":"","overlay-gradient":""},"tablet":{"background-color":"","background-image":"","background-repeat":"repeat","background-position":"center center","background-size":"auto","background-attachment":"scroll","background-type":"","background-media":"","overlay-type":"","overlay-color":"","overlay-opacity":"","overlay-gradient":""},"mobile":{"background-color":"","background-image":"","background-repeat":"repeat","background-position":"center center","background-size":"auto","background-attachment":"scroll","background-type":"","background-media":"","overlay-type":"","overlay-color":"","overlay-opacity":"","overlay-gradient":""}},"ast-content-background-meta":{"desktop":{"background-color":"var(--ast-global-color-5)","background-image":"","background-repeat":"repeat","background-position":"center center","background-size":"auto","background-attachment":"scroll","background-type":"","background-media":"","overlay-type":"","overlay-color":"","overlay-opacity":"","overlay-gradient":""},"tablet":{"background-color":"var(--ast-global-color-5)","background-image":"","background-repeat":"repeat","background-position":"center center","background-size":"auto","background-attachment":"scroll","background-type":"","background-media":"","overlay-type":"","overlay-color":"","overlay-opacity":"","overlay-gradient":""},"mobile":{"background-color":"var(--ast-global-color-5)","background-image":"","background-repeat":"repeat","background-position":"center center","background-size":"auto","background-attachment":"scroll","background-type":"","background-media":"","overlay-type":"","overlay-color":"","overlay-opacity":"","overlay-gradient":""}},"footnotes":""},"class_list":["post-67","page","type-page","status-publish","hentry"],"acf":[],"_links":{"self":[{"href":"https:\/\/www.museoemigrazioneitaliana.org\/fr\/wp-json\/wp\/v2\/pages\/67","targetHints":{"allow":["GET"]}}],"collection":[{"href":"https:\/\/www.museoemigrazioneitaliana.org\/fr\/wp-json\/wp\/v2\/pages"}],"about":[{"href":"https:\/\/www.museoemigrazioneitaliana.org\/fr\/wp-json\/wp\/v2\/types\/page"}],"author":[{"embeddable":true,"href":"https:\/\/www.museoemigrazioneitaliana.org\/fr\/wp-json\/wp\/v2\/users\/1"}],"replies":[{"embeddable":true,"href":"https:\/\/www.museoemigrazioneitaliana.org\/fr\/wp-json\/wp\/v2\/comments?post=67"}],"version-history":[{"count":2,"href":"https:\/\/www.museoemigrazioneitaliana.org\/fr\/wp-json\/wp\/v2\/pages\/67\/revisions"}],"predecessor-version":[{"id":3182,"href":"https:\/\/www.museoemigrazioneitaliana.org\/fr\/wp-json\/wp\/v2\/pages\/67\/revisions\/3182"}],"up":[{"embeddable":true,"href":"https:\/\/www.museoemigrazioneitaliana.org\/fr\/wp-json\/wp\/v2\/pages\/63"}],"wp:attachment":[{"href":"https:\/\/www.museoemigrazioneitaliana.org\/fr\/wp-json\/wp\/v2\/media?parent=67"}],"curies":[{"name":"wp","href":"https:\/\/api.w.org\/{rel}","templated":true}]}}