{"id":63,"date":"2020-09-17T15:38:55","date_gmt":"2020-09-17T13:38:55","guid":{"rendered":"https:\/\/mei.ms-dev.it\/?page_id=63"},"modified":"2022-01-26T11:53:16","modified_gmt":"2022-01-26T10:53:16","slug":"destinations","status":"publish","type":"page","link":"https:\/\/www.museoemigrazioneitaliana.org\/fr\/le-mete\/","title":{"rendered":"Destinations"},"content":{"rendered":"<h4>Vous allez... o\u00f9 ?<\/h4>\n<p>Bien que vers le milieu du XIXe si\u00e8cle il y ait eu de petits noyaux d'\u00e9migrants italiens en Am\u00e9rique qui se sont souvent rendus \u00e0 l'\u00e9tranger apr\u00e8s l'\u00e9chec des diff\u00e9rents soul\u00e8vements du Risorgimento, un flux migratoire d'une certaine ampleur s'est dirig\u00e9, \u00e0 partir des derni\u00e8res d\u00e9cennies du XIXe si\u00e8cle, d'abord vers les pays europ\u00e9ens et a d'abord concern\u00e9 les r\u00e9gions du nord - surtout la Ligurie - et seulement plus tard celles du sud, qui ont toutefois montr\u00e9 une nette pr\u00e9f\u00e9rence pour les destinations outre-mer.<\/p>\n<p>Ce qui a marqu\u00e9 le choix entre les deux Am\u00e9riques, c'est le fait d'avoir ou non de l'argent \u00e0 investir dans l'expatriation. Il \u00e9tait plus co\u00fbteux d'aller en Am\u00e9rique latine o\u00f9 les perspectives \u00e9conomiques \u00e9taient meilleures, les probl\u00e8mes linguistiques plus faciles \u00e0 surmonter et les diff\u00e9rences culturelles moindres. En revanche, le billet pour les \u00c9tats-Unis co\u00fbte moins cher et il est facile, dans un pays en plein d\u00e9veloppement, de trouver du travail, m\u00eame peu ou pas qualifi\u00e9, dans l'agriculture ou les entreprises industrielles. De plus, le travail dans la construction d'infrastructures permettait parfois un rythme saisonnier qui autorisait des retours p\u00e9riodiques dans le pays d'origine si on le souhaitait.<\/p>\n\t\t\t\t\t<ul id=\"menu-le-mete\"><li id=\"menu-item-403\"><a href=\"https:\/\/www.museoemigrazioneitaliana.org\/fr\/destinations\/\">Destinations<\/a>\n<ul>\n\t<li id=\"menu-item-409\"><a href=\"https:\/\/www.museoemigrazioneitaliana.org\/fr\/destinations\/larrivo\/\">Arriv\u00e9e<\/a><\/li>\n\t<li id=\"menu-item-1529\"><a href=\"https:\/\/www.museoemigrazioneitaliana.org\/fr\/destinations\/amerique-du-nord\/\">Am\u00e9rique du Nord<\/a><\/li>\n\t<li id=\"menu-item-1530\"><a href=\"https:\/\/www.museoemigrazioneitaliana.org\/fr\/destinations\/amerique-du-sud\/\">Am\u00e9rique du Sud<\/a><\/li>\n\t<li id=\"menu-item-1532\"><a href=\"https:\/\/www.museoemigrazioneitaliana.org\/fr\/destinations\/leurope\/\">L'Europe<\/a><\/li>\n\t<li id=\"menu-item-1531\"><a href=\"https:\/\/www.museoemigrazioneitaliana.org\/fr\/destinations\/australie\/\">Australie<\/a><\/li>\n\t<li id=\"menu-item-1528\"><a href=\"https:\/\/www.museoemigrazioneitaliana.org\/fr\/destinations\/afrique\/\">Afrique<\/a><\/li>\n<\/ul>\n<\/li>\n<\/ul>","protected":false},"excerpt":{"rendered":"<p>Si va&#8230; dove? Anche se verso la met\u00e0 dell&#8217;Ottocento esistevano nelle Americhe piccoli nuclei di emigrati italiani spesso andati all&#8217;estero dopo il fallimento dei vari moti risorgimentali, un flusso migratorio di una certa consistenza si diresse, con inizio negli ultimi decenni dell&#8217;Ottocento, dapprima verso i paesi europei e coinvolse per prime le regioni settentrionali &#8211; [&hellip;]<\/p>\n","protected":false},"author":1,"featured_media":0,"parent":0,"menu_order":0,"comment_status":"closed","ping_status":"open","template":"","meta":{"_acf_changed":false,"site-sidebar-layout":"default","site-content-layout":"default","ast-site-content-layout":"default","site-content-style":"default","site-sidebar-style":"default","ast-global-header-display":"","ast-banner-title-visibility":"","ast-main-header-display":"","ast-hfb-above-header-display":"","ast-hfb-below-header-display":"","ast-hfb-mobile-header-display":"","site-post-title":"","ast-breadcrumbs-content":"","ast-featured-img":"","footer-sml-layout":"","ast-disable-related-posts":"","theme-transparent-header-meta":"default","adv-header-id-meta":"","stick-header-meta":"","header-above-stick-meta":"","header-main-stick-meta":"","header-below-stick-meta":"","astra-migrate-meta-layouts":"default","ast-page-background-enabled":"default","ast-page-background-meta":{"desktop":{"background-color":"","background-image":"","background-repeat":"repeat","background-position":"center center","background-size":"auto","background-attachment":"scroll","background-type":"","background-media":"","overlay-type":"","overlay-color":"","overlay-opacity":"","overlay-gradient":""},"tablet":{"background-color":"","background-image":"","background-repeat":"repeat","background-position":"center center","background-size":"auto","background-attachment":"scroll","background-type":"","background-media":"","overlay-type":"","overlay-color":"","overlay-opacity":"","overlay-gradient":""},"mobile":{"background-color":"","background-image":"","background-repeat":"repeat","background-position":"center center","background-size":"auto","background-attachment":"scroll","background-type":"","background-media":"","overlay-type":"","overlay-color":"","overlay-opacity":"","overlay-gradient":""}},"ast-content-background-meta":{"desktop":{"background-color":"var(--ast-global-color-5)","background-image":"","background-repeat":"repeat","background-position":"center center","background-size":"auto","background-attachment":"scroll","background-type":"","background-media":"","overlay-type":"","overlay-color":"","overlay-opacity":"","overlay-gradient":""},"tablet":{"background-color":"var(--ast-global-color-5)","background-image":"","background-repeat":"repeat","background-position":"center center","background-size":"auto","background-attachment":"scroll","background-type":"","background-media":"","overlay-type":"","overlay-color":"","overlay-opacity":"","overlay-gradient":""},"mobile":{"background-color":"var(--ast-global-color-5)","background-image":"","background-repeat":"repeat","background-position":"center center","background-size":"auto","background-attachment":"scroll","background-type":"","background-media":"","overlay-type":"","overlay-color":"","overlay-opacity":"","overlay-gradient":""}},"footnotes":""},"class_list":["post-63","page","type-page","status-publish","hentry"],"acf":[],"_links":{"self":[{"href":"https:\/\/www.museoemigrazioneitaliana.org\/fr\/wp-json\/wp\/v2\/pages\/63","targetHints":{"allow":["GET"]}}],"collection":[{"href":"https:\/\/www.museoemigrazioneitaliana.org\/fr\/wp-json\/wp\/v2\/pages"}],"about":[{"href":"https:\/\/www.museoemigrazioneitaliana.org\/fr\/wp-json\/wp\/v2\/types\/page"}],"author":[{"embeddable":true,"href":"https:\/\/www.museoemigrazioneitaliana.org\/fr\/wp-json\/wp\/v2\/users\/1"}],"replies":[{"embeddable":true,"href":"https:\/\/www.museoemigrazioneitaliana.org\/fr\/wp-json\/wp\/v2\/comments?post=63"}],"version-history":[{"count":2,"href":"https:\/\/www.museoemigrazioneitaliana.org\/fr\/wp-json\/wp\/v2\/pages\/63\/revisions"}],"predecessor-version":[{"id":1533,"href":"https:\/\/www.museoemigrazioneitaliana.org\/fr\/wp-json\/wp\/v2\/pages\/63\/revisions\/1533"}],"wp:attachment":[{"href":"https:\/\/www.museoemigrazioneitaliana.org\/fr\/wp-json\/wp\/v2\/media?parent=63"}],"curies":[{"name":"wp","href":"https:\/\/api.w.org\/{rel}","templated":true}]}}