{"id":47,"date":"2020-09-17T15:35:55","date_gmt":"2020-09-17T13:35:55","guid":{"rendered":"https:\/\/mei.ms-dev.it\/?page_id=47"},"modified":"2022-02-10T21:43:38","modified_gmt":"2022-02-10T20:43:38","slug":"agents-de-demigration","status":"publish","type":"page","link":"https:\/\/www.museoemigrazioneitaliana.org\/fr\/dallitalia-nel-mondo\/gli-agenti-demigrazione\/","title":{"rendered":"Agents d'\u00e9migration"},"content":{"rendered":"<p>Les agents \u00e9taient parfois de v\u00e9ritables \u00e9missaires d'entreprises ou de gouvernements \u00e9trangers. C'est notamment le cas du Br\u00e9sil qui, au cours des derni\u00e8res d\u00e9cennies du XIXe si\u00e8cle, a augment\u00e9 l'immigration en provenance d'Europe en offrant un voyage gratuit du port de d\u00e9part \u00e0 la destination finale dans des fazendas o\u00f9 chaque famille d'\u00e9migrants se voyait \u00e9galement attribuer un lopin de terre arable.<\/p>\n\t\t\t\t<a\n\t\t\thref=\"https:\/\/www.museoemigrazioneitaliana.org\/wp-content\/uploads\/2020\/09\/6958-450x640-1.jpg\"\n\t\t\t\t\t\tdata-fancybox=\"images\" \n\t\t\ttitle=\"6958-450x640\" \n\t\t\t\t\t\tdata-description=\"\" \n\t\t\titemprop=\"contentUrl\">\n\t\t\t<img loading=\"lazy\" decoding=\"async\" src=\"https:\/\/www.museoemigrazioneitaliana.org\/wp-content\/uploads\/2020\/09\/6958-450x640-1.jpg\" alt=\"\" data-no-lazy=\"1\" itemprop=\"thumbnail\" width=\"450\" height=\"640\" \/>\n\t\t\t<!-- Overlay Wrapper -->\n\t\t\t <!-- Overlay Wrapper Closed -->\n\t\t\t\t<\/a>\n\t\t\t\t\t\t\t<meta itemprop=\"width\" content=\"450\" \/>\n\t\t\t<meta itemprop=\"height\" content=\"640\" \/>\n\t\tGallicano, Lucques, 1900. Agence de voyage\n\t\t\t\t<a\n\t\t\thref=\"https:\/\/www.museoemigrazioneitaliana.org\/wp-content\/uploads\/2020\/09\/agentiimmigrazione04.jpg\"\n\t\t\t\t\t\tdata-fancybox=\"images\" \n\t\t\ttitle=\"agentsimmigration04\" \n\t\t\t\t\t\tdata-description=\"\" \n\t\t\titemprop=\"contentUrl\">\n\t\t\t<img loading=\"lazy\" decoding=\"async\" src=\"https:\/\/www.museoemigrazioneitaliana.org\/wp-content\/uploads\/2020\/09\/agentiimmigrazione04.jpg\" alt=\"\" data-no-lazy=\"1\" itemprop=\"thumbnail\" width=\"400\" height=\"349\" \/>\n\t\t\t<!-- Overlay Wrapper -->\n\t\t\t <!-- Overlay Wrapper Closed -->\n\t\t\t\t<\/a>\n\t\t\t\t\t\t\t<meta itemprop=\"width\" content=\"400\" \/>\n\t\t\t<meta itemprop=\"height\" content=\"349\" \/>\n\t\tEmigrants au port de Livourne en attente de d\u00e9part\n\t\t\t\t\t<ul id=\"menu-dallitalia-nel-mondo\"><li id=\"menu-item-221\"><a href=\"https:\/\/www.museoemigrazioneitaliana.org\/fr\/de-litalie-dans-le-monde\/\">De l'Italie au monde<\/a>\n<ul>\n\t<li id=\"menu-item-224\"><a href=\"https:\/\/www.museoemigrazioneitaliana.org\/fr\/de-litalie-dans-le-monde\/les-causes-de-depart\/\">Les causes de d\u00e9part<\/a><\/li>\n\t<li id=\"menu-item-223\"><a href=\"https:\/\/www.museoemigrazioneitaliana.org\/fr\/de-litalie-dans-le-monde\/documents-a-quitter\/\">Documents de sortie<\/a><\/li>\n\t<li id=\"menu-item-222\"><a href=\"https:\/\/www.museoemigrazioneitaliana.org\/fr\/de-litalie-dans-le-monde\/agents-de-demigration\/\">Agents d'\u00e9migration<\/a><\/li>\n\t<li id=\"menu-item-225\"><a href=\"https:\/\/www.museoemigrazioneitaliana.org\/fr\/de-litalie-dans-le-monde\/guides-pour-les-emigrants\/\">Guides pour les \u00e9migrants<\/a><\/li>\n\t<li id=\"menu-item-226\"><a href=\"https:\/\/www.museoemigrazioneitaliana.org\/fr\/de-litalie-dans-le-monde\/pour-lemigrant\/\">Pour l'\u00e9migrant<\/a><\/li>\n<\/ul>\n<\/li>\n<\/ul>","protected":false},"excerpt":{"rendered":"<p>Gli agenti erano talvolta veri e propri emissari di societ\u00e0 o governi esteri. Tipico il caso del Brasile che, negli ultimi decenni dell&#8217;Ottocento, increment\u00f2 l&#8217;immigrazione dall&#8217;Europa offrendo il viaggio gratuito dal porto di partenza sino alla destinazione finale nelle fazendas nelle quali sarebbe stato concesso a ciascuna famiglia emigrata anche un lotto di terreno coltivabile [&hellip;]<\/p>\n","protected":false},"author":1,"featured_media":0,"parent":40,"menu_order":0,"comment_status":"closed","ping_status":"open","template":"","meta":{"_acf_changed":false,"site-sidebar-layout":"default","site-content-layout":"default","ast-site-content-layout":"default","site-content-style":"default","site-sidebar-style":"default","ast-global-header-display":"","ast-banner-title-visibility":"","ast-main-header-display":"","ast-hfb-above-header-display":"","ast-hfb-below-header-display":"","ast-hfb-mobile-header-display":"","site-post-title":"","ast-breadcrumbs-content":"","ast-featured-img":"","footer-sml-layout":"","ast-disable-related-posts":"","theme-transparent-header-meta":"default","adv-header-id-meta":"","stick-header-meta":"","header-above-stick-meta":"","header-main-stick-meta":"","header-below-stick-meta":"","astra-migrate-meta-layouts":"default","ast-page-background-enabled":"default","ast-page-background-meta":{"desktop":{"background-color":"","background-image":"","background-repeat":"repeat","background-position":"center center","background-size":"auto","background-attachment":"scroll","background-type":"","background-media":"","overlay-type":"","overlay-color":"","overlay-opacity":"","overlay-gradient":""},"tablet":{"background-color":"","background-image":"","background-repeat":"repeat","background-position":"center center","background-size":"auto","background-attachment":"scroll","background-type":"","background-media":"","overlay-type":"","overlay-color":"","overlay-opacity":"","overlay-gradient":""},"mobile":{"background-color":"","background-image":"","background-repeat":"repeat","background-position":"center center","background-size":"auto","background-attachment":"scroll","background-type":"","background-media":"","overlay-type":"","overlay-color":"","overlay-opacity":"","overlay-gradient":""}},"ast-content-background-meta":{"desktop":{"background-color":"var(--ast-global-color-5)","background-image":"","background-repeat":"repeat","background-position":"center center","background-size":"auto","background-attachment":"scroll","background-type":"","background-media":"","overlay-type":"","overlay-color":"","overlay-opacity":"","overlay-gradient":""},"tablet":{"background-color":"var(--ast-global-color-5)","background-image":"","background-repeat":"repeat","background-position":"center center","background-size":"auto","background-attachment":"scroll","background-type":"","background-media":"","overlay-type":"","overlay-color":"","overlay-opacity":"","overlay-gradient":""},"mobile":{"background-color":"var(--ast-global-color-5)","background-image":"","background-repeat":"repeat","background-position":"center center","background-size":"auto","background-attachment":"scroll","background-type":"","background-media":"","overlay-type":"","overlay-color":"","overlay-opacity":"","overlay-gradient":""}},"footnotes":""},"class_list":["post-47","page","type-page","status-publish","hentry"],"acf":[],"_links":{"self":[{"href":"https:\/\/www.museoemigrazioneitaliana.org\/fr\/wp-json\/wp\/v2\/pages\/47","targetHints":{"allow":["GET"]}}],"collection":[{"href":"https:\/\/www.museoemigrazioneitaliana.org\/fr\/wp-json\/wp\/v2\/pages"}],"about":[{"href":"https:\/\/www.museoemigrazioneitaliana.org\/fr\/wp-json\/wp\/v2\/types\/page"}],"author":[{"embeddable":true,"href":"https:\/\/www.museoemigrazioneitaliana.org\/fr\/wp-json\/wp\/v2\/users\/1"}],"replies":[{"embeddable":true,"href":"https:\/\/www.museoemigrazioneitaliana.org\/fr\/wp-json\/wp\/v2\/comments?post=47"}],"version-history":[{"count":2,"href":"https:\/\/www.museoemigrazioneitaliana.org\/fr\/wp-json\/wp\/v2\/pages\/47\/revisions"}],"predecessor-version":[{"id":2519,"href":"https:\/\/www.museoemigrazioneitaliana.org\/fr\/wp-json\/wp\/v2\/pages\/47\/revisions\/2519"}],"up":[{"embeddable":true,"href":"https:\/\/www.museoemigrazioneitaliana.org\/fr\/wp-json\/wp\/v2\/pages\/40"}],"wp:attachment":[{"href":"https:\/\/www.museoemigrazioneitaliana.org\/fr\/wp-json\/wp\/v2\/media?parent=47"}],"curies":[{"name":"wp","href":"https:\/\/api.w.org\/{rel}","templated":true}]}}