{"id":117,"date":"2020-09-17T15:48:47","date_gmt":"2020-09-17T13:48:47","guid":{"rendered":"https:\/\/mei.ms-dev.it\/?page_id=117"},"modified":"2022-03-10T12:06:52","modified_gmt":"2022-03-10T11:06:52","slug":"retour-sur-la-route","status":"publish","type":"page","link":"https:\/\/www.museoemigrazioneitaliana.org\/fr\/di-nuovo-in-cammino\/","title":{"rendered":"En route \u00e0 nouveau"},"content":{"rendered":"<p>Apr\u00e8s la Seconde Guerre mondiale, les Italiens ont recommenc\u00e9 \u00e0 partir, \u00e0 la faveur d'accords inter\u00e9tatiques - armes et renseignements en \u00e9change de mati\u00e8res premi\u00e8res - vers les pays d'Europe et vers l'Argentine et l'Australie<\/p>\n<p>Ils paient encore un lourd tribut : \u00e0 Marcinelle, en Belgique, en ao\u00fbt 1956, par exemple, la trag\u00e9die d'une mine a fait 237 victimes, dont 139 Italiens.<\/p>\n<p>Le flux s'est arr\u00eat\u00e9 dans les ann\u00e9es 1970. Le minist\u00e8re des affaires \u00e9trang\u00e8res a calcul\u00e9 qu'en 1994, le nombre d'oriundi italiens dans le monde s'\u00e9levait \u00e0 plus de 58 millions : une autre Italie en dehors de l'Italie.<\/p>\n\t\t\t\t<img loading=\"lazy\" decoding=\"async\" src=\"https:\/\/www.museoemigrazioneitaliana.org\/wp-content\/uploads\/2022\/03\/SetWidth300-01.jpg\" alt=\"Horaire de travail\" itemprop=\"image\" height=\"306\" width=\"300\" title=\"SetWidth300-01\" onerror=\"this.style.display='none'\"  \/>\n\t\tHeures de d\u00e9part","protected":false},"excerpt":{"rendered":"<p>Nel secondo dopoguerra gli italiani hanno ripreso a partire, con l&#8217;aiuto di accordi interstatali &#8211; braccia e intelligenze in cambio di materie prime &#8211; verso i paesi dell&#8217;Europa e verso l&#8217;Argentina e l&#8217;Australia Pagano ancora un pesante pedaggio: a Marcinelle, in Belgio, nell&#8217;agosto del 1956, ad esempio, una tragedia in miniera fa 237 vittime, 139 [&hellip;]<\/p>\n","protected":false},"author":1,"featured_media":0,"parent":0,"menu_order":0,"comment_status":"closed","ping_status":"open","template":"","meta":{"_acf_changed":false,"site-sidebar-layout":"default","site-content-layout":"default","ast-site-content-layout":"default","site-content-style":"default","site-sidebar-style":"default","ast-global-header-display":"","ast-banner-title-visibility":"","ast-main-header-display":"","ast-hfb-above-header-display":"","ast-hfb-below-header-display":"","ast-hfb-mobile-header-display":"","site-post-title":"","ast-breadcrumbs-content":"","ast-featured-img":"","footer-sml-layout":"","ast-disable-related-posts":"","theme-transparent-header-meta":"default","adv-header-id-meta":"","stick-header-meta":"","header-above-stick-meta":"","header-main-stick-meta":"","header-below-stick-meta":"","astra-migrate-meta-layouts":"default","ast-page-background-enabled":"default","ast-page-background-meta":{"desktop":{"background-color":"","background-image":"","background-repeat":"repeat","background-position":"center center","background-size":"auto","background-attachment":"scroll","background-type":"","background-media":"","overlay-type":"","overlay-color":"","overlay-opacity":"","overlay-gradient":""},"tablet":{"background-color":"","background-image":"","background-repeat":"repeat","background-position":"center center","background-size":"auto","background-attachment":"scroll","background-type":"","background-media":"","overlay-type":"","overlay-color":"","overlay-opacity":"","overlay-gradient":""},"mobile":{"background-color":"","background-image":"","background-repeat":"repeat","background-position":"center center","background-size":"auto","background-attachment":"scroll","background-type":"","background-media":"","overlay-type":"","overlay-color":"","overlay-opacity":"","overlay-gradient":""}},"ast-content-background-meta":{"desktop":{"background-color":"var(--ast-global-color-5)","background-image":"","background-repeat":"repeat","background-position":"center center","background-size":"auto","background-attachment":"scroll","background-type":"","background-media":"","overlay-type":"","overlay-color":"","overlay-opacity":"","overlay-gradient":""},"tablet":{"background-color":"var(--ast-global-color-5)","background-image":"","background-repeat":"repeat","background-position":"center center","background-size":"auto","background-attachment":"scroll","background-type":"","background-media":"","overlay-type":"","overlay-color":"","overlay-opacity":"","overlay-gradient":""},"mobile":{"background-color":"var(--ast-global-color-5)","background-image":"","background-repeat":"repeat","background-position":"center center","background-size":"auto","background-attachment":"scroll","background-type":"","background-media":"","overlay-type":"","overlay-color":"","overlay-opacity":"","overlay-gradient":""}},"footnotes":""},"class_list":["post-117","page","type-page","status-publish","hentry"],"acf":[],"_links":{"self":[{"href":"https:\/\/www.museoemigrazioneitaliana.org\/fr\/wp-json\/wp\/v2\/pages\/117","targetHints":{"allow":["GET"]}}],"collection":[{"href":"https:\/\/www.museoemigrazioneitaliana.org\/fr\/wp-json\/wp\/v2\/pages"}],"about":[{"href":"https:\/\/www.museoemigrazioneitaliana.org\/fr\/wp-json\/wp\/v2\/types\/page"}],"author":[{"embeddable":true,"href":"https:\/\/www.museoemigrazioneitaliana.org\/fr\/wp-json\/wp\/v2\/users\/1"}],"replies":[{"embeddable":true,"href":"https:\/\/www.museoemigrazioneitaliana.org\/fr\/wp-json\/wp\/v2\/comments?post=117"}],"version-history":[{"count":2,"href":"https:\/\/www.museoemigrazioneitaliana.org\/fr\/wp-json\/wp\/v2\/pages\/117\/revisions"}],"predecessor-version":[{"id":3201,"href":"https:\/\/www.museoemigrazioneitaliana.org\/fr\/wp-json\/wp\/v2\/pages\/117\/revisions\/3201"}],"wp:attachment":[{"href":"https:\/\/www.museoemigrazioneitaliana.org\/fr\/wp-json\/wp\/v2\/media?parent=117"}],"curies":[{"name":"wp","href":"https:\/\/api.w.org\/{rel}","templated":true}]}}