{"id":107,"date":"2020-09-17T15:46:49","date_gmt":"2020-09-17T13:46:49","guid":{"rendered":"https:\/\/mei.ms-dev.it\/?page_id=107"},"modified":"2022-03-10T10:52:59","modified_gmt":"2022-03-10T09:52:59","slug":"renforcement-de-lesprit-dequipe","status":"publish","type":"page","link":"https:\/\/www.museoemigrazioneitaliana.org\/fr\/la-vita-sociale\/fare-gruppo\/","title":{"rendered":"renforcement de l'esprit d'\u00e9quipe"},"content":{"rendered":"<p>Lors de la \"grande \u00e9migration\", les premi\u00e8res associations ont vu le jour pour permettre aux membres de s'entraider et de surmonter les difficult\u00e9s li\u00e9es \u00e0 l'installation dans une nouvelle r\u00e9alit\u00e9. Gr\u00e2ce au paiement de petites cotisations mensuelles par tous les membres, il \u00e9tait possible d'aider, pendant un certain temps, ceux qui perdaient leur emploi et de soigner les malades. En effet, dans tous les pays, les salaires, m\u00eame bons, ne sont pay\u00e9s que pour les jours effectivement travaill\u00e9s et, en outre, il n'y a pas d'aide en cas d'absence pour cause de maladie ou pour d'autres raisons.<\/p>\n<p>Dans certains cas, l'association \u00e9tait associ\u00e9e \u00e0 la gestion d'un magasin qui vendait des produits de premi\u00e8re n\u00e9cessit\u00e9 \u00e0 des prix inf\u00e9rieurs \u00e0 ceux du march\u00e9. Tous les membres ordinaires versaient de petites sommes mensuelles, tandis que l'adh\u00e9sion \u00e9tait presque obligatoire pour les membres honoraires ou les bienfaiteurs qui compl\u00e9taient le capital social par des dons ou fournissaient gratuitement des services qui, autrement, auraient \u00e9t\u00e9 trop co\u00fbteux pour les membres.<\/p>\n<p>Plus tard, les soci\u00e9t\u00e9s ont \u00e9largi les limites de leurs activit\u00e9s : elles effectuaient des placements professionnels ; elles fournissaient une \u00e9ducation sanitaire pour r\u00e9duire l'incidence des maladies et disposaient \u00e9galement de leurs propres m\u00e9decins et cabinets m\u00e9dicaux ; elles cr\u00e9aient des \u00e9coles et des biblioth\u00e8ques \u00e0 la fois pour enseigner l'italien aux jeunes g\u00e9n\u00e9rations et pour am\u00e9liorer l'\u00e9ducation technique des membres ; elles organisaient le temps libre de leurs membres avec des d\u00e9jeuners sociaux, des danses, des festivals politiques et religieux, et des \u00e9v\u00e9nements culturels et sportifs. Ces derni\u00e8res activit\u00e9s ont conduit \u00e0 la cr\u00e9ation d'autres soci\u00e9t\u00e9s qui leur \u00e9taient consacr\u00e9es : des associations philharmoniques et chorales ont ainsi vu le jour, tandis que les associations sportives, \u00e0 l'exception semble-t-il des salles de boxe, ont \u00e9t\u00e9 une v\u00e9ritable \"invention\" des nouvelles patries. Le seul \"jeu sportif\" italien qui a \u00e9t\u00e9 transplant\u00e9 et pratiqu\u00e9 universellement est le jeu de boules.<\/p>\n<p>Dans les soci\u00e9t\u00e9s, g\u00e9n\u00e9ralement abonn\u00e9es \u00e0 quelques journaux italiens, il \u00e9tait enfin possible de suivre les \u00e9v\u00e9nements dans la r\u00e9gion d'origine gr\u00e2ce aux journaux locaux qui, en relatant les affaires italiennes, servaient de lien avec les communaut\u00e9s \u00e0 l'\u00e9tranger.<\/p>\n<p>La grande limite de presque toutes les associations - m\u00eame avec les diff\u00e9rences qui d\u00e9coulent du fait qu'elles sont \u00e9tablies dans des pays tr\u00e8s diff\u00e9rents et qu'elles sont n\u00e9es dans des environnements urbains ou ruraux - \u00e9tait l'esprit de clocher exag\u00e9r\u00e9.<\/p>\n\t\t\t\t\t<ul id=\"menu-la-vita-sociale\"><li id=\"menu-item-424\"><a href=\"https:\/\/www.museoemigrazioneitaliana.org\/fr\/vie-sociale\/\">Vie sociale<\/a>\n<ul>\n\t<li id=\"menu-item-428\"><a href=\"https:\/\/www.museoemigrazioneitaliana.org\/fr\/vie-sociale\/la-petite-italie-et-la-dolce-casa\/\">Les \"petites Italies\" et la dolce casa<\/a><\/li>\n\t<li id=\"menu-item-426\"><a href=\"https:\/\/www.museoemigrazioneitaliana.org\/fr\/vie-sociale\/fondateurs-de-la-ville-et-colonisateurs\/\">Fondateurs de villes et colonisateurs<\/a><\/li>\n\t<li id=\"menu-item-425\"><a href=\"https:\/\/www.museoemigrazioneitaliana.org\/fr\/vie-sociale\/renforcement-de-lesprit-dequipe\/\">Regroupement<\/a><\/li>\n\t<li id=\"menu-item-427\"><a href=\"https:\/\/www.museoemigrazioneitaliana.org\/fr\/vie-sociale\/lecole-entre-deux-mondes\/\">L'\u00e9cole entre deux mondes<\/a><\/li>\n\t<li id=\"menu-item-429\"><a href=\"https:\/\/www.museoemigrazioneitaliana.org\/fr\/vie-sociale\/histoires-dintolerance\/\">Histoires d'intol\u00e9rance<\/a><\/li>\n\t<li id=\"menu-item-430\"><a href=\"https:\/\/www.museoemigrazioneitaliana.org\/fr\/vie-sociale\/vers-une-identite-complexe\/\">Vers une identit\u00e9 complexe<\/a><\/li>\n<\/ul>\n<\/li>\n<\/ul>","protected":false},"excerpt":{"rendered":"<p>Durante la &#8220;grande emigrazione&#8221; le prime associazioni nacquero per il mutuo soccorso tra i soci e per superare le difficolt\u00e0 legate all&#8217;inserimento in una nuova realt\u00e0. Con il pagamento di piccole quote mensili da parte di tutti gli aderenti si provvedeva ad aiutare, per qualche tempo, quelli che perdevano il lavoro e a curare i [&hellip;]<\/p>\n","protected":false},"author":1,"featured_media":0,"parent":101,"menu_order":0,"comment_status":"closed","ping_status":"open","template":"","meta":{"_acf_changed":false,"site-sidebar-layout":"default","site-content-layout":"default","ast-site-content-layout":"default","site-content-style":"default","site-sidebar-style":"default","ast-global-header-display":"","ast-banner-title-visibility":"","ast-main-header-display":"","ast-hfb-above-header-display":"","ast-hfb-below-header-display":"","ast-hfb-mobile-header-display":"","site-post-title":"","ast-breadcrumbs-content":"","ast-featured-img":"","footer-sml-layout":"","ast-disable-related-posts":"","theme-transparent-header-meta":"default","adv-header-id-meta":"","stick-header-meta":"","header-above-stick-meta":"","header-main-stick-meta":"","header-below-stick-meta":"","astra-migrate-meta-layouts":"default","ast-page-background-enabled":"default","ast-page-background-meta":{"desktop":{"background-color":"","background-image":"","background-repeat":"repeat","background-position":"center center","background-size":"auto","background-attachment":"scroll","background-type":"","background-media":"","overlay-type":"","overlay-color":"","overlay-opacity":"","overlay-gradient":""},"tablet":{"background-color":"","background-image":"","background-repeat":"repeat","background-position":"center center","background-size":"auto","background-attachment":"scroll","background-type":"","background-media":"","overlay-type":"","overlay-color":"","overlay-opacity":"","overlay-gradient":""},"mobile":{"background-color":"","background-image":"","background-repeat":"repeat","background-position":"center center","background-size":"auto","background-attachment":"scroll","background-type":"","background-media":"","overlay-type":"","overlay-color":"","overlay-opacity":"","overlay-gradient":""}},"ast-content-background-meta":{"desktop":{"background-color":"var(--ast-global-color-5)","background-image":"","background-repeat":"repeat","background-position":"center center","background-size":"auto","background-attachment":"scroll","background-type":"","background-media":"","overlay-type":"","overlay-color":"","overlay-opacity":"","overlay-gradient":""},"tablet":{"background-color":"var(--ast-global-color-5)","background-image":"","background-repeat":"repeat","background-position":"center center","background-size":"auto","background-attachment":"scroll","background-type":"","background-media":"","overlay-type":"","overlay-color":"","overlay-opacity":"","overlay-gradient":""},"mobile":{"background-color":"var(--ast-global-color-5)","background-image":"","background-repeat":"repeat","background-position":"center center","background-size":"auto","background-attachment":"scroll","background-type":"","background-media":"","overlay-type":"","overlay-color":"","overlay-opacity":"","overlay-gradient":""}},"footnotes":""},"class_list":["post-107","page","type-page","status-publish","hentry"],"acf":[],"_links":{"self":[{"href":"https:\/\/www.museoemigrazioneitaliana.org\/fr\/wp-json\/wp\/v2\/pages\/107","targetHints":{"allow":["GET"]}}],"collection":[{"href":"https:\/\/www.museoemigrazioneitaliana.org\/fr\/wp-json\/wp\/v2\/pages"}],"about":[{"href":"https:\/\/www.museoemigrazioneitaliana.org\/fr\/wp-json\/wp\/v2\/types\/page"}],"author":[{"embeddable":true,"href":"https:\/\/www.museoemigrazioneitaliana.org\/fr\/wp-json\/wp\/v2\/users\/1"}],"replies":[{"embeddable":true,"href":"https:\/\/www.museoemigrazioneitaliana.org\/fr\/wp-json\/wp\/v2\/comments?post=107"}],"version-history":[{"count":2,"href":"https:\/\/www.museoemigrazioneitaliana.org\/fr\/wp-json\/wp\/v2\/pages\/107\/revisions"}],"predecessor-version":[{"id":3175,"href":"https:\/\/www.museoemigrazioneitaliana.org\/fr\/wp-json\/wp\/v2\/pages\/107\/revisions\/3175"}],"up":[{"embeddable":true,"href":"https:\/\/www.museoemigrazioneitaliana.org\/fr\/wp-json\/wp\/v2\/pages\/101"}],"wp:attachment":[{"href":"https:\/\/www.museoemigrazioneitaliana.org\/fr\/wp-json\/wp\/v2\/media?parent=107"}],"curies":[{"name":"wp","href":"https:\/\/api.w.org\/{rel}","templated":true}]}}