{"id":99,"date":"2020-09-17T15:45:16","date_gmt":"2020-09-17T13:45:16","guid":{"rendered":"https:\/\/mei.ms-dev.it\/?page_id=99"},"modified":"2022-03-10T10:44:16","modified_gmt":"2022-03-10T09:44:16","slug":"por-la-patria","status":"publish","type":"page","link":"https:\/\/www.museoemigrazioneitaliana.org\/es\/il-legame-con-litalia\/per-la-patria\/","title":{"rendered":"Por la patria"},"content":{"rendered":"<p>La pluma es una herramienta poco d\u00f3cil en manos de quien no sabe utilizarla y, por eso, las cartas de los emigrantes a menudo no dec\u00edan \"nada\". Las remesas, en cambio, atestiguaban, sin posibilidad de equ\u00edvoco, que el trabajo y la salud no faltaban y que el proyecto migratorio se realizaba. Esos ahorros duramente ganados, que levantaron la fortuna de tantas familias, fueron tambi\u00e9n un pilar del desarrollo industrial de nuestro pa\u00eds.<\/p>\n<p>Seg\u00fan un estudio de Francesco Balletta, en los primeros quince a\u00f1os del siglo XX, el importe de las remesas procedentes del extranjero superaba anualmente los ingresos por impuestos directos cobrados por el Estado italiano.<\/p>\n<p>En realidad, eran a\u00fan mayores, ya que el estudio se refiere \u00fanicamente a lo recaudado a trav\u00e9s del Banco di Napoli, \u00fanica entidad de cr\u00e9dito a la que se encomend\u00f3 institucionalmente esta tarea desde 1901. Por tanto, escapan al c\u00e1lculo los ahorros enviados desde el extranjero a trav\u00e9s de un sinn\u00famero de \"banqueros\" y peque\u00f1os banqueros, por no hablar de los enviados o tra\u00eddos \"en mano\" a Italia. Por supuesto, las remesas serv\u00edan ante todo para saldar las deudas pasadas de la familia y las contra\u00eddas para financiar la expatriaci\u00f3n.<\/p>\n<p>Naturalmente, la relaci\u00f3n con Italia no terminaba con las remesas a las familias. Incluso durante las cat\u00e1strofes naturales, como terremotos e inundaciones, las comunidades de todo el mundo enviaban dinero a casa. Una respuesta igualmente generosa se produjo durante la Primera y la Segunda Guerras Mundiales, cuando no s\u00f3lo lleg\u00f3 dinero del extranjero, sino tambi\u00e9n hombres dispuestos a alistarse.<\/p>\n<p>Incluso en los a\u00f1os treinta, durante las sanciones contra Italia por la guerra de Etiop\u00eda, los emigrantes y sus descendientes aportaron su contribuci\u00f3n concreta.<\/p>\n\t\t\t\t\t<ul id=\"menu-il-legame-con-litalia\"><li id=\"menu-item-417\"><a href=\"https:\/\/www.museoemigrazioneitaliana.org\/es\/el-vinculo-con-italia\/\">El v\u00ednculo con Italia<\/a>\n<ul>\n\t<li id=\"menu-item-423\"><a href=\"https:\/\/www.museoemigrazioneitaliana.org\/es\/el-vinculo-con-italia\/le-escribo-esta-carta\/\">Le escribo esta carta<\/a><\/li>\n\t<li id=\"menu-item-420\"><a href=\"https:\/\/www.museoemigrazioneitaliana.org\/es\/el-vinculo-con-italia\/toda-mi-vida\/\">Toda mi vida<\/a><\/li>\n\t<li id=\"menu-item-419\"><a href=\"https:\/\/www.museoemigrazioneitaliana.org\/es\/el-vinculo-con-italia\/santos-y-procesiones\/\">Santos y procesiones<\/a><\/li>\n\t<li id=\"menu-item-418\"><a href=\"https:\/\/www.museoemigrazioneitaliana.org\/es\/el-vinculo-con-italia\/por-la-patria\/\">Por la patria<\/a><\/li>\n<\/ul>\n<\/li>\n<\/ul>","protected":false},"excerpt":{"rendered":"<p>La penna \u00e8 uno strumento non docile nelle mani di chi non sa usarla e perci\u00f2 le lettere degli emigrati spesso non dicevano &#8220;niente&#8221;. Le rimesse, invece, attestavano, senza possibilit\u00e0 di equivoci, che il lavoro e la salute non mancavano e che il progetto migratorio si stava realizzando. Quei sudati risparmi, che sollevarono le sorti [&hellip;]<\/p>\n","protected":false},"author":1,"featured_media":0,"parent":91,"menu_order":0,"comment_status":"closed","ping_status":"open","template":"","meta":{"_acf_changed":false,"site-sidebar-layout":"default","site-content-layout":"default","ast-site-content-layout":"default","site-content-style":"default","site-sidebar-style":"default","ast-global-header-display":"","ast-banner-title-visibility":"","ast-main-header-display":"","ast-hfb-above-header-display":"","ast-hfb-below-header-display":"","ast-hfb-mobile-header-display":"","site-post-title":"","ast-breadcrumbs-content":"","ast-featured-img":"","footer-sml-layout":"","ast-disable-related-posts":"","theme-transparent-header-meta":"default","adv-header-id-meta":"","stick-header-meta":"","header-above-stick-meta":"","header-main-stick-meta":"","header-below-stick-meta":"","astra-migrate-meta-layouts":"default","ast-page-background-enabled":"default","ast-page-background-meta":{"desktop":{"background-color":"","background-image":"","background-repeat":"repeat","background-position":"center center","background-size":"auto","background-attachment":"scroll","background-type":"","background-media":"","overlay-type":"","overlay-color":"","overlay-opacity":"","overlay-gradient":""},"tablet":{"background-color":"","background-image":"","background-repeat":"repeat","background-position":"center center","background-size":"auto","background-attachment":"scroll","background-type":"","background-media":"","overlay-type":"","overlay-color":"","overlay-opacity":"","overlay-gradient":""},"mobile":{"background-color":"","background-image":"","background-repeat":"repeat","background-position":"center center","background-size":"auto","background-attachment":"scroll","background-type":"","background-media":"","overlay-type":"","overlay-color":"","overlay-opacity":"","overlay-gradient":""}},"ast-content-background-meta":{"desktop":{"background-color":"var(--ast-global-color-5)","background-image":"","background-repeat":"repeat","background-position":"center center","background-size":"auto","background-attachment":"scroll","background-type":"","background-media":"","overlay-type":"","overlay-color":"","overlay-opacity":"","overlay-gradient":""},"tablet":{"background-color":"var(--ast-global-color-5)","background-image":"","background-repeat":"repeat","background-position":"center center","background-size":"auto","background-attachment":"scroll","background-type":"","background-media":"","overlay-type":"","overlay-color":"","overlay-opacity":"","overlay-gradient":""},"mobile":{"background-color":"var(--ast-global-color-5)","background-image":"","background-repeat":"repeat","background-position":"center center","background-size":"auto","background-attachment":"scroll","background-type":"","background-media":"","overlay-type":"","overlay-color":"","overlay-opacity":"","overlay-gradient":""}},"footnotes":""},"class_list":["post-99","page","type-page","status-publish","hentry"],"acf":[],"_links":{"self":[{"href":"https:\/\/www.museoemigrazioneitaliana.org\/es\/wp-json\/wp\/v2\/pages\/99","targetHints":{"allow":["GET"]}}],"collection":[{"href":"https:\/\/www.museoemigrazioneitaliana.org\/es\/wp-json\/wp\/v2\/pages"}],"about":[{"href":"https:\/\/www.museoemigrazioneitaliana.org\/es\/wp-json\/wp\/v2\/types\/page"}],"author":[{"embeddable":true,"href":"https:\/\/www.museoemigrazioneitaliana.org\/es\/wp-json\/wp\/v2\/users\/1"}],"replies":[{"embeddable":true,"href":"https:\/\/www.museoemigrazioneitaliana.org\/es\/wp-json\/wp\/v2\/comments?post=99"}],"version-history":[{"count":2,"href":"https:\/\/www.museoemigrazioneitaliana.org\/es\/wp-json\/wp\/v2\/pages\/99\/revisions"}],"predecessor-version":[{"id":3162,"href":"https:\/\/www.museoemigrazioneitaliana.org\/es\/wp-json\/wp\/v2\/pages\/99\/revisions\/3162"}],"up":[{"embeddable":true,"href":"https:\/\/www.museoemigrazioneitaliana.org\/es\/wp-json\/wp\/v2\/pages\/91"}],"wp:attachment":[{"href":"https:\/\/www.museoemigrazioneitaliana.org\/es\/wp-json\/wp\/v2\/media?parent=99"}],"curies":[{"name":"wp","href":"https:\/\/api.w.org\/{rel}","templated":true}]}}