{"id":87,"date":"2020-09-17T15:43:06","date_gmt":"2020-09-17T13:43:06","guid":{"rendered":"https:\/\/mei.ms-dev.it\/?page_id=87"},"modified":"2022-03-10T12:04:36","modified_gmt":"2022-03-10T11:04:36","slug":"tiendas-y-comercios","status":"publish","type":"page","link":"https:\/\/www.museoemigrazioneitaliana.org\/es\/il-lavoro\/negozi-e-negozi\/","title":{"rendered":"Tiendas y comercios"},"content":{"rendered":"<p>Para los emigrantes que se dedicaron al comercio, los comienzos fueron m\u00e1s o menos los mismos: tras llegar al nuevo pa\u00eds, trabajaron durante unos a\u00f1os como empleados de los parientes o amigos que les hab\u00edan instado y ayudado a emigrar. Naturalmente, esta fase inicial se la saltaban quienes, ya dotados de un capital propio, por peque\u00f1o que fuera, se iniciaban directamente en el peque\u00f1o comercio. En este camino, la familia siempre desempe\u00f1\u00f3 un papel fundamental, no s\u00f3lo como proveedora de los medios econ\u00f3micos iniciales, sino tambi\u00e9n, en el caso de la emigraci\u00f3n del n\u00facleo familiar, en todo o en parte, con la implicaci\u00f3n directa en la gesti\u00f3n del negocio.<\/p>\n<p>Las primeras tiendas eran peque\u00f1os establecimientos, la mayor\u00eda del sector alimentario, y ten\u00edan como clientela inicial a la comunidad italiana. De hecho, en los escaparates de muchas tiendas se pod\u00eda leer con orgullo que se vend\u00edan aut\u00e9nticos productos italianos.<\/p>\n<p>Para la mayor\u00eda de los comerciantes, por tanto, la cima de la fortuna se alcanz\u00f3 con el establecimiento de un negocio de cierta magnitud. Algunos de estos negocios, sin embargo, consiguieron consolidarse con el tiempo y varias tiendas se convirtieron en potentes empresas de producci\u00f3n y transformaci\u00f3n de productos de la tierra y el ganado o en grandes empresas de distribuci\u00f3n internacional.<\/p>\n<p>El hecho de que estos nuevos industriales procedieran de los sectores comerciales les daba ventaja por su conocimiento previo de la situaci\u00f3n del mercado nacional, de las fuentes de abastecimiento y de las posibilidades de acceder m\u00e1s f\u00e1cilmente al cr\u00e9dito.<\/p>\n\t\t\t\t\t<ul id=\"menu-il-lavoro\"><li id=\"menu-item-410\"><a href=\"https:\/\/www.museoemigrazioneitaliana.org\/es\/trabajo\/\">El trabajo<\/a>\n<ul>\n\t<li id=\"menu-item-416\"><a href=\"https:\/\/www.museoemigrazioneitaliana.org\/es\/trabajo\/en-la-calle-vendedores-ambulantes-y-ninos\/\">En la calle vendedores ambulantes y ni\u00f1os<\/a><\/li>\n\t<li id=\"menu-item-411\"><a href=\"https:\/\/www.museoemigrazioneitaliana.org\/es\/trabajo\/brazos-fuertes-y-trabajo-pesado\/\">Brazos fuertes y trabajo pesado<\/a><\/li>\n\t<li id=\"menu-item-415\"><a href=\"https:\/\/www.museoemigrazioneitaliana.org\/es\/trabajo\/grandes-obras-y-fortunas-conspicuas\/\">Grandes obras y fortunas conspicuas<\/a><\/li>\n\t<li id=\"menu-item-413\"><a href=\"https:\/\/www.museoemigrazioneitaliana.org\/es\/trabajo\/mujeres-fragiles\/\">Mujeres \"fr\u00e1giles<\/a><\/li>\n\t<li id=\"menu-item-414\"><a href=\"https:\/\/www.museoemigrazioneitaliana.org\/es\/trabajo\/tiendas-y-comercios\/\">Tiendas y comercios<\/a><\/li>\n\t<li id=\"menu-item-412\"><a href=\"https:\/\/www.museoemigrazioneitaliana.org\/es\/trabajo\/de-escultores-a-maestros\/\">De escultores a maestros<\/a><\/li>\n<\/ul>\n<\/li>\n<\/ul>","protected":false},"excerpt":{"rendered":"<p>Per gli emigrati che si dedicarono al commercio gli inizi furono pressoch\u00e9 uguali: dopo l&#8217;arrivo nel nuovo paese lavorarono per alcuni anni come dipendenti dei parenti o degli amici che li avevano esortati e aiutati a emigrare. Naturalmente questa fase iniziale venne saltata da coloro che, gi\u00e0 dotati di un proprio capitale, per quanto minimo, [&hellip;]<\/p>\n","protected":false},"author":1,"featured_media":0,"parent":77,"menu_order":0,"comment_status":"closed","ping_status":"open","template":"","meta":{"_acf_changed":false,"site-sidebar-layout":"default","site-content-layout":"default","ast-site-content-layout":"default","site-content-style":"default","site-sidebar-style":"default","ast-global-header-display":"","ast-banner-title-visibility":"","ast-main-header-display":"","ast-hfb-above-header-display":"","ast-hfb-below-header-display":"","ast-hfb-mobile-header-display":"","site-post-title":"","ast-breadcrumbs-content":"","ast-featured-img":"","footer-sml-layout":"","ast-disable-related-posts":"","theme-transparent-header-meta":"default","adv-header-id-meta":"","stick-header-meta":"","header-above-stick-meta":"","header-main-stick-meta":"","header-below-stick-meta":"","astra-migrate-meta-layouts":"default","ast-page-background-enabled":"default","ast-page-background-meta":{"desktop":{"background-color":"","background-image":"","background-repeat":"repeat","background-position":"center center","background-size":"auto","background-attachment":"scroll","background-type":"","background-media":"","overlay-type":"","overlay-color":"","overlay-opacity":"","overlay-gradient":""},"tablet":{"background-color":"","background-image":"","background-repeat":"repeat","background-position":"center center","background-size":"auto","background-attachment":"scroll","background-type":"","background-media":"","overlay-type":"","overlay-color":"","overlay-opacity":"","overlay-gradient":""},"mobile":{"background-color":"","background-image":"","background-repeat":"repeat","background-position":"center center","background-size":"auto","background-attachment":"scroll","background-type":"","background-media":"","overlay-type":"","overlay-color":"","overlay-opacity":"","overlay-gradient":""}},"ast-content-background-meta":{"desktop":{"background-color":"var(--ast-global-color-5)","background-image":"","background-repeat":"repeat","background-position":"center center","background-size":"auto","background-attachment":"scroll","background-type":"","background-media":"","overlay-type":"","overlay-color":"","overlay-opacity":"","overlay-gradient":""},"tablet":{"background-color":"var(--ast-global-color-5)","background-image":"","background-repeat":"repeat","background-position":"center center","background-size":"auto","background-attachment":"scroll","background-type":"","background-media":"","overlay-type":"","overlay-color":"","overlay-opacity":"","overlay-gradient":""},"mobile":{"background-color":"var(--ast-global-color-5)","background-image":"","background-repeat":"repeat","background-position":"center center","background-size":"auto","background-attachment":"scroll","background-type":"","background-media":"","overlay-type":"","overlay-color":"","overlay-opacity":"","overlay-gradient":""}},"footnotes":""},"class_list":["post-87","page","type-page","status-publish","hentry"],"acf":[],"_links":{"self":[{"href":"https:\/\/www.museoemigrazioneitaliana.org\/es\/wp-json\/wp\/v2\/pages\/87","targetHints":{"allow":["GET"]}}],"collection":[{"href":"https:\/\/www.museoemigrazioneitaliana.org\/es\/wp-json\/wp\/v2\/pages"}],"about":[{"href":"https:\/\/www.museoemigrazioneitaliana.org\/es\/wp-json\/wp\/v2\/types\/page"}],"author":[{"embeddable":true,"href":"https:\/\/www.museoemigrazioneitaliana.org\/es\/wp-json\/wp\/v2\/users\/1"}],"replies":[{"embeddable":true,"href":"https:\/\/www.museoemigrazioneitaliana.org\/es\/wp-json\/wp\/v2\/comments?post=87"}],"version-history":[{"count":2,"href":"https:\/\/www.museoemigrazioneitaliana.org\/es\/wp-json\/wp\/v2\/pages\/87\/revisions"}],"predecessor-version":[{"id":3197,"href":"https:\/\/www.museoemigrazioneitaliana.org\/es\/wp-json\/wp\/v2\/pages\/87\/revisions\/3197"}],"up":[{"embeddable":true,"href":"https:\/\/www.museoemigrazioneitaliana.org\/es\/wp-json\/wp\/v2\/pages\/77"}],"wp:attachment":[{"href":"https:\/\/www.museoemigrazioneitaliana.org\/es\/wp-json\/wp\/v2\/media?parent=87"}],"curies":[{"name":"wp","href":"https:\/\/api.w.org\/{rel}","templated":true}]}}