{"id":83,"date":"2020-09-17T15:42:32","date_gmt":"2020-09-17T13:42:32","guid":{"rendered":"https:\/\/mei.ms-dev.it\/?page_id=83"},"modified":"2022-03-10T12:02:52","modified_gmt":"2022-03-10T11:02:52","slug":"grandes-obras-y-fortunas-conspicuas","status":"publish","type":"page","link":"https:\/\/www.museoemigrazioneitaliana.org\/es\/il-lavoro\/opere-grandiose-e-fortune-cospicue\/","title":{"rendered":"Grandes obras y fortunas conspicuas"},"content":{"rendered":"<p>Un inmenso n\u00famero de emigrantes italianos particip\u00f3 en la realizaci\u00f3n de obras p\u00fablicas colosales y numerosos fueron las v\u00edctimas de accidentes laborales. Los t\u00faneles de Frejus, San Gotardo y Simpl\u00f3n o los ferrocarriles Transiberiano y de Tonk\u00edn los vieron trabajar. El empleo en el sector de la construcci\u00f3n se caracterizaba por ser a menudo temporal y por moverse en grupos de trabajo que comprend\u00edan distintas profesiones: desde peones hasta t\u00e9cnicos. En cambio, algunos emigrantes alcanzaron el \u00e9xito como empresarios.<\/p>\n<p>El economista Luigi Einaudi acu\u00f1\u00f3 la feliz expresi\u00f3n \"pr\u00edncipe mercader\" para definir a hombres que, partiendo a menudo de cero, supieron aprovechar todas las oportunidades y alcanzar posiciones envidiables. Los sectores en los que actuaban eran diferentes, pero les animaba un id\u00e9ntico esp\u00edritu de iniciativa.<\/p>\n<p>Son historias de hombres que, a gran velocidad, pasaron, por decirlo suavemente, de la pobreza a la riqueza y alcanzaron prestigio y satisfacci\u00f3n al situarse en los niveles sociales m\u00e1s altos de su pa\u00eds de adopci\u00f3n. Su \u00e9xito tambi\u00e9n contribuy\u00f3 a la difusi\u00f3n de los productos italianos, empezando por los alimenticios, por todo el mundo.<\/p>\n<p>Se puede citar un ejemplo de estas historias de \u00e9xito: en Brasil, la excepcional historia de Giuseppe Giorgi, que pas\u00f3 de simple obrero a constructor de ferrocarriles gracias a su capacidad t\u00e9cnica y organizativa; consigui\u00f3 buenos encargos de la administraci\u00f3n p\u00fablica local y abrirse paso en un sector muy rentable que, hay que subrayarlo, ya estaba ocupado y dominado por los brit\u00e1nicos.<\/p>\n\t\t\t\t\t<ul id=\"menu-il-lavoro\"><li id=\"menu-item-410\"><a href=\"https:\/\/www.museoemigrazioneitaliana.org\/es\/trabajo\/\">El trabajo<\/a>\n<ul>\n\t<li id=\"menu-item-416\"><a href=\"https:\/\/www.museoemigrazioneitaliana.org\/es\/trabajo\/en-la-calle-vendedores-ambulantes-y-ninos\/\">En la calle vendedores ambulantes y ni\u00f1os<\/a><\/li>\n\t<li id=\"menu-item-411\"><a href=\"https:\/\/www.museoemigrazioneitaliana.org\/es\/trabajo\/brazos-fuertes-y-trabajo-pesado\/\">Brazos fuertes y trabajo pesado<\/a><\/li>\n\t<li id=\"menu-item-415\"><a href=\"https:\/\/www.museoemigrazioneitaliana.org\/es\/trabajo\/grandes-obras-y-fortunas-conspicuas\/\">Grandes obras y fortunas conspicuas<\/a><\/li>\n\t<li id=\"menu-item-413\"><a href=\"https:\/\/www.museoemigrazioneitaliana.org\/es\/trabajo\/mujeres-fragiles\/\">Mujeres \"fr\u00e1giles<\/a><\/li>\n\t<li id=\"menu-item-414\"><a href=\"https:\/\/www.museoemigrazioneitaliana.org\/es\/trabajo\/tiendas-y-comercios\/\">Tiendas y comercios<\/a><\/li>\n\t<li id=\"menu-item-412\"><a href=\"https:\/\/www.museoemigrazioneitaliana.org\/es\/trabajo\/de-escultores-a-maestros\/\">De escultores a maestros<\/a><\/li>\n<\/ul>\n<\/li>\n<\/ul>","protected":false},"excerpt":{"rendered":"<p>Alla realizzazione di colossali opere pubbliche partecip\u00f2 un numero immenso di emigrati italiani e numerose furono le vittime di incidenti sul lavoro. I trafori del Frejus, del San Gottardo, del Sempione o la ferrovia transiberiana e quella del Tonkino li videro all&#8217;opera. Caratteristica dell&#8217;impiego nel settore dell&#8217;edilizia fu spesso la temporaneit\u00e0 e il muoversi in [&hellip;]<\/p>\n","protected":false},"author":1,"featured_media":0,"parent":77,"menu_order":0,"comment_status":"closed","ping_status":"open","template":"","meta":{"_acf_changed":false,"site-sidebar-layout":"default","site-content-layout":"default","ast-site-content-layout":"default","site-content-style":"default","site-sidebar-style":"default","ast-global-header-display":"","ast-banner-title-visibility":"","ast-main-header-display":"","ast-hfb-above-header-display":"","ast-hfb-below-header-display":"","ast-hfb-mobile-header-display":"","site-post-title":"","ast-breadcrumbs-content":"","ast-featured-img":"","footer-sml-layout":"","ast-disable-related-posts":"","theme-transparent-header-meta":"default","adv-header-id-meta":"","stick-header-meta":"","header-above-stick-meta":"","header-main-stick-meta":"","header-below-stick-meta":"","astra-migrate-meta-layouts":"default","ast-page-background-enabled":"default","ast-page-background-meta":{"desktop":{"background-color":"","background-image":"","background-repeat":"repeat","background-position":"center center","background-size":"auto","background-attachment":"scroll","background-type":"","background-media":"","overlay-type":"","overlay-color":"","overlay-opacity":"","overlay-gradient":""},"tablet":{"background-color":"","background-image":"","background-repeat":"repeat","background-position":"center center","background-size":"auto","background-attachment":"scroll","background-type":"","background-media":"","overlay-type":"","overlay-color":"","overlay-opacity":"","overlay-gradient":""},"mobile":{"background-color":"","background-image":"","background-repeat":"repeat","background-position":"center center","background-size":"auto","background-attachment":"scroll","background-type":"","background-media":"","overlay-type":"","overlay-color":"","overlay-opacity":"","overlay-gradient":""}},"ast-content-background-meta":{"desktop":{"background-color":"var(--ast-global-color-5)","background-image":"","background-repeat":"repeat","background-position":"center center","background-size":"auto","background-attachment":"scroll","background-type":"","background-media":"","overlay-type":"","overlay-color":"","overlay-opacity":"","overlay-gradient":""},"tablet":{"background-color":"var(--ast-global-color-5)","background-image":"","background-repeat":"repeat","background-position":"center center","background-size":"auto","background-attachment":"scroll","background-type":"","background-media":"","overlay-type":"","overlay-color":"","overlay-opacity":"","overlay-gradient":""},"mobile":{"background-color":"var(--ast-global-color-5)","background-image":"","background-repeat":"repeat","background-position":"center center","background-size":"auto","background-attachment":"scroll","background-type":"","background-media":"","overlay-type":"","overlay-color":"","overlay-opacity":"","overlay-gradient":""}},"footnotes":""},"class_list":["post-83","page","type-page","status-publish","hentry"],"acf":[],"_links":{"self":[{"href":"https:\/\/www.museoemigrazioneitaliana.org\/es\/wp-json\/wp\/v2\/pages\/83","targetHints":{"allow":["GET"]}}],"collection":[{"href":"https:\/\/www.museoemigrazioneitaliana.org\/es\/wp-json\/wp\/v2\/pages"}],"about":[{"href":"https:\/\/www.museoemigrazioneitaliana.org\/es\/wp-json\/wp\/v2\/types\/page"}],"author":[{"embeddable":true,"href":"https:\/\/www.museoemigrazioneitaliana.org\/es\/wp-json\/wp\/v2\/users\/1"}],"replies":[{"embeddable":true,"href":"https:\/\/www.museoemigrazioneitaliana.org\/es\/wp-json\/wp\/v2\/comments?post=83"}],"version-history":[{"count":2,"href":"https:\/\/www.museoemigrazioneitaliana.org\/es\/wp-json\/wp\/v2\/pages\/83\/revisions"}],"predecessor-version":[{"id":3193,"href":"https:\/\/www.museoemigrazioneitaliana.org\/es\/wp-json\/wp\/v2\/pages\/83\/revisions\/3193"}],"up":[{"embeddable":true,"href":"https:\/\/www.museoemigrazioneitaliana.org\/es\/wp-json\/wp\/v2\/pages\/77"}],"wp:attachment":[{"href":"https:\/\/www.museoemigrazioneitaliana.org\/es\/wp-json\/wp\/v2\/media?parent=83"}],"curies":[{"name":"wp","href":"https:\/\/api.w.org\/{rel}","templated":true}]}}