{"id":71,"date":"2020-09-17T15:40:13","date_gmt":"2020-09-17T13:40:13","guid":{"rendered":"https:\/\/mei.ms-dev.it\/?page_id=71"},"modified":"2022-03-10T11:01:14","modified_gmt":"2022-03-10T10:01:14","slug":"australia","status":"publish","type":"page","link":"https:\/\/www.museoemigrazioneitaliana.org\/es\/le-mete\/australia\/","title":{"rendered":"Australia"},"content":{"rendered":"<p>Durante las primeras oleadas migratorias italianas, entre finales del siglo XIX y las primeras d\u00e9cadas del XX, Australia no era un destino muy popular entre nuestros compatriotas. Esto se deb\u00eda probablemente a que era una regi\u00f3n poco conocida, mucho m\u00e1s lejana y m\u00e1s dif\u00edcil, tambi\u00e9n por el alto coste del viaje, de alcanzar que otros pa\u00edses.<\/p>\n<p>En las d\u00e9cadas siguientes aument\u00f3 el inter\u00e9s por Australia, pero s\u00f3lo con el ambicioso programa del ministro australiano de Inmigraci\u00f3n, Arthur Caldwell, muy beneficioso para los emigrantes procedentes de Europa, comenz\u00f3 un verdadero flujo migratorio desde Italia. Entre 1951 y 1969 llegaron m\u00e1s de 200.000 italianos a ciudades como Sydney, Melbourne, Perth y Adelaida, donde encontraron trabajo en la construcci\u00f3n y en la construcci\u00f3n de carreteras y ferrocarriles. Otros eligieron el campo australiano, llegando por ejemplo a los territorios del noreste, como Queensland, donde hab\u00eda mucha demanda de mano de obra para el cultivo de la ca\u00f1a de az\u00facar.<\/p>\n<p>A partir de 1970, el flujo de emigraci\u00f3n disminuy\u00f3, pero gracias a los emigrantes, el italiano se convirti\u00f3 en la segunda lengua m\u00e1s hablada y ense\u00f1ada en Australia despu\u00e9s del ingl\u00e9s, y los italianos ejercieron una importante influencia en la cultura y la sociedad australianas.<\/p>\n\t\t\t\t<img loading=\"lazy\" decoding=\"async\" src=\"https:\/\/www.museoemigrazioneitaliana.org\/wp-content\/uploads\/2022\/01\/Tagliatori-di-canna-ok.jpg\" alt=\"Australia, Queensland, hacia 1920. Cortadores de ca\u00f1a de az\u00facar\" itemprop=\"image\" height=\"607\" width=\"800\" title=\"Cortadores de ca\u00f1a OK\" onerror=\"this.style.display='none'\"  \/>\n\t\tAustralia, Queensland, hacia 1920. Cortadores de ca\u00f1a de az\u00facar\n\t\t\t\t\t<ul id=\"menu-le-mete\"><li id=\"menu-item-403\"><a href=\"https:\/\/www.museoemigrazioneitaliana.org\/es\/destinos\/\">Destinos<\/a>\n<ul>\n\t<li id=\"menu-item-409\"><a href=\"https:\/\/www.museoemigrazioneitaliana.org\/es\/destinos\/larrivo\/\">Llegada<\/a><\/li>\n\t<li id=\"menu-item-1529\"><a href=\"https:\/\/www.museoemigrazioneitaliana.org\/es\/destinos\/america-del-norte\/\">Norteam\u00e9rica<\/a><\/li>\n\t<li id=\"menu-item-1530\"><a href=\"https:\/\/www.museoemigrazioneitaliana.org\/es\/destinos\/america-del-sur\/\">Am\u00e9rica del Sur<\/a><\/li>\n\t<li id=\"menu-item-1532\"><a href=\"https:\/\/www.museoemigrazioneitaliana.org\/es\/destinos\/europa\/\">Europa<\/a><\/li>\n\t<li id=\"menu-item-1531\"><a href=\"https:\/\/www.museoemigrazioneitaliana.org\/es\/destinos\/australia\/\">Australia<\/a><\/li>\n\t<li id=\"menu-item-1528\"><a href=\"https:\/\/www.museoemigrazioneitaliana.org\/es\/destinos\/africa\/\">\u00c1frica<\/a><\/li>\n<\/ul>\n<\/li>\n<\/ul>","protected":false},"excerpt":{"rendered":"<p>Durante le prime ondate migratorie italiane, tra la fine dell&#8217;Ottocento e i primi decenni del Novecento, l&#8217;Australia non ha rappresentato una meta molto ambita per i nostri connazionali. Probabilmente questo \u00e8 dovuto al fatto che si trattava di una regione scarsamente conosciuta, molto pi\u00f9 lontana e pi\u00f9 difficile, anche per i costi elevati del viaggio, [&hellip;]<\/p>\n","protected":false},"author":1,"featured_media":0,"parent":63,"menu_order":0,"comment_status":"closed","ping_status":"open","template":"","meta":{"_acf_changed":false,"site-sidebar-layout":"default","site-content-layout":"default","ast-site-content-layout":"default","site-content-style":"default","site-sidebar-style":"default","ast-global-header-display":"","ast-banner-title-visibility":"","ast-main-header-display":"","ast-hfb-above-header-display":"","ast-hfb-below-header-display":"","ast-hfb-mobile-header-display":"","site-post-title":"","ast-breadcrumbs-content":"","ast-featured-img":"","footer-sml-layout":"","ast-disable-related-posts":"","theme-transparent-header-meta":"default","adv-header-id-meta":"","stick-header-meta":"","header-above-stick-meta":"","header-main-stick-meta":"","header-below-stick-meta":"","astra-migrate-meta-layouts":"default","ast-page-background-enabled":"default","ast-page-background-meta":{"desktop":{"background-color":"","background-image":"","background-repeat":"repeat","background-position":"center center","background-size":"auto","background-attachment":"scroll","background-type":"","background-media":"","overlay-type":"","overlay-color":"","overlay-opacity":"","overlay-gradient":""},"tablet":{"background-color":"","background-image":"","background-repeat":"repeat","background-position":"center center","background-size":"auto","background-attachment":"scroll","background-type":"","background-media":"","overlay-type":"","overlay-color":"","overlay-opacity":"","overlay-gradient":""},"mobile":{"background-color":"","background-image":"","background-repeat":"repeat","background-position":"center center","background-size":"auto","background-attachment":"scroll","background-type":"","background-media":"","overlay-type":"","overlay-color":"","overlay-opacity":"","overlay-gradient":""}},"ast-content-background-meta":{"desktop":{"background-color":"var(--ast-global-color-5)","background-image":"","background-repeat":"repeat","background-position":"center center","background-size":"auto","background-attachment":"scroll","background-type":"","background-media":"","overlay-type":"","overlay-color":"","overlay-opacity":"","overlay-gradient":""},"tablet":{"background-color":"var(--ast-global-color-5)","background-image":"","background-repeat":"repeat","background-position":"center center","background-size":"auto","background-attachment":"scroll","background-type":"","background-media":"","overlay-type":"","overlay-color":"","overlay-opacity":"","overlay-gradient":""},"mobile":{"background-color":"var(--ast-global-color-5)","background-image":"","background-repeat":"repeat","background-position":"center center","background-size":"auto","background-attachment":"scroll","background-type":"","background-media":"","overlay-type":"","overlay-color":"","overlay-opacity":"","overlay-gradient":""}},"footnotes":""},"class_list":["post-71","page","type-page","status-publish","hentry"],"acf":[],"_links":{"self":[{"href":"https:\/\/www.museoemigrazioneitaliana.org\/es\/wp-json\/wp\/v2\/pages\/71","targetHints":{"allow":["GET"]}}],"collection":[{"href":"https:\/\/www.museoemigrazioneitaliana.org\/es\/wp-json\/wp\/v2\/pages"}],"about":[{"href":"https:\/\/www.museoemigrazioneitaliana.org\/es\/wp-json\/wp\/v2\/types\/page"}],"author":[{"embeddable":true,"href":"https:\/\/www.museoemigrazioneitaliana.org\/es\/wp-json\/wp\/v2\/users\/1"}],"replies":[{"embeddable":true,"href":"https:\/\/www.museoemigrazioneitaliana.org\/es\/wp-json\/wp\/v2\/comments?post=71"}],"version-history":[{"count":2,"href":"https:\/\/www.museoemigrazioneitaliana.org\/es\/wp-json\/wp\/v2\/pages\/71\/revisions"}],"predecessor-version":[{"id":3184,"href":"https:\/\/www.museoemigrazioneitaliana.org\/es\/wp-json\/wp\/v2\/pages\/71\/revisions\/3184"}],"up":[{"embeddable":true,"href":"https:\/\/www.museoemigrazioneitaliana.org\/es\/wp-json\/wp\/v2\/pages\/63"}],"wp:attachment":[{"href":"https:\/\/www.museoemigrazioneitaliana.org\/es\/wp-json\/wp\/v2\/media?parent=71"}],"curies":[{"name":"wp","href":"https:\/\/api.w.org\/{rel}","templated":true}]}}