{"id":67,"date":"2020-09-17T15:39:37","date_gmt":"2020-09-17T13:39:37","guid":{"rendered":"https:\/\/mei.ms-dev.it\/?page_id=67"},"modified":"2022-03-10T10:58:21","modified_gmt":"2022-03-10T09:58:21","slug":"america-del-sur","status":"publish","type":"page","link":"https:\/\/www.museoemigrazioneitaliana.org\/es\/le-mete\/america-del-sud\/","title":{"rendered":"Am\u00e9rica del Sur"},"content":{"rendered":"<p>Inicialmente fueron los emigrantes de las regiones agr\u00edcolas del norte de Italia quienes poblaron los barcos con destino a Sudam\u00e9rica. Los que pod\u00edan permitirse un billete m\u00e1s caro iban a Sudam\u00e9rica, donde la integraci\u00f3n era sin duda m\u00e1s f\u00e1cil. De hecho, la cultura sudamericana era muy cercana a la italiana, incluso la religiosa, y hab\u00eda menos problemas con el idioma. Para Brasil se part\u00eda principalmente del V\u00e9neto y del Friuli, para Argentina del Piamonte. Eran dos estados sin l\u00edmites, poco habitados, que los gobiernos locales quer\u00edan poblar fomentando la inmigraci\u00f3n procedente de Europa. La emigraci\u00f3n a Brasil y Argentina, que dur\u00f3 m\u00e1s de un siglo, s\u00f3lo se detuvo a finales de la d\u00e9cada de 1950, tras la recesi\u00f3n econ\u00f3mica.<\/p>\n<p>Si Brasil y Argentina, con poco Uruguay, representaban los destinos m\u00e1s inmediatos, por encontrarse en las rutas de los transatl\u00e1nticos, no hay que olvidar la emigraci\u00f3n italiana a otros estados latinoamericanos, como Chile, Per\u00fa, Ecuador, Colombia y Venezuela. En este \u00faltimo Estado, en particular, se produjo un verdadero boom migratorio en los a\u00f1os cincuenta, vinculado al descubrimiento de yacimientos petrol\u00edferos y al consiguiente desarrollo industrial del pa\u00eds.<\/p>\n\t\t\t\t<img loading=\"lazy\" decoding=\"async\" src=\"https:\/\/www.museoemigrazioneitaliana.org\/wp-content\/uploads\/2022\/01\/1138-ok.jpg\" alt=\"Brasil, Rio Grande del Sud, Caxias, 1905. La familia Ronca\" itemprop=\"image\" height=\"507\" width=\"800\" title=\"1138 OK\" onerror=\"this.style.display='none'\"  \/>\n\t\tBrasil, Rio Grande del Sud, Caxias, 1905. La familia Ronca\n\t\t\t\t\t<ul id=\"menu-le-mete\"><li id=\"menu-item-403\"><a href=\"https:\/\/www.museoemigrazioneitaliana.org\/es\/destinos\/\">Destinos<\/a>\n<ul>\n\t<li id=\"menu-item-409\"><a href=\"https:\/\/www.museoemigrazioneitaliana.org\/es\/destinos\/larrivo\/\">Llegada<\/a><\/li>\n\t<li id=\"menu-item-1529\"><a href=\"https:\/\/www.museoemigrazioneitaliana.org\/es\/destinos\/america-del-norte\/\">Norteam\u00e9rica<\/a><\/li>\n\t<li id=\"menu-item-1530\"><a href=\"https:\/\/www.museoemigrazioneitaliana.org\/es\/destinos\/america-del-sur\/\">Am\u00e9rica del Sur<\/a><\/li>\n\t<li id=\"menu-item-1532\"><a href=\"https:\/\/www.museoemigrazioneitaliana.org\/es\/destinos\/europa\/\">Europa<\/a><\/li>\n\t<li id=\"menu-item-1531\"><a href=\"https:\/\/www.museoemigrazioneitaliana.org\/es\/destinos\/australia\/\">Australia<\/a><\/li>\n\t<li id=\"menu-item-1528\"><a href=\"https:\/\/www.museoemigrazioneitaliana.org\/es\/destinos\/africa\/\">\u00c1frica<\/a><\/li>\n<\/ul>\n<\/li>\n<\/ul>","protected":false},"excerpt":{"rendered":"<p>A popolare i bastimenti diretti verso l&#8217;America del Sud furono inizialmente gli emigranti provenienti dalle regioni agricole del Nord Italia. Chi si poteva permettere un biglietto pi\u00f9 costoso andava in Sudamerica, dove l&#8217;integrazione era sicuramente pi\u00f9 facile. La cultura sudamericana era infatti molto vicina a quella italiana, anche quella religiosa, e c&#8217;erano minori problemi con [&hellip;]<\/p>\n","protected":false},"author":1,"featured_media":0,"parent":63,"menu_order":0,"comment_status":"closed","ping_status":"open","template":"","meta":{"_acf_changed":false,"site-sidebar-layout":"default","site-content-layout":"default","ast-site-content-layout":"default","site-content-style":"default","site-sidebar-style":"default","ast-global-header-display":"","ast-banner-title-visibility":"","ast-main-header-display":"","ast-hfb-above-header-display":"","ast-hfb-below-header-display":"","ast-hfb-mobile-header-display":"","site-post-title":"","ast-breadcrumbs-content":"","ast-featured-img":"","footer-sml-layout":"","ast-disable-related-posts":"","theme-transparent-header-meta":"default","adv-header-id-meta":"","stick-header-meta":"","header-above-stick-meta":"","header-main-stick-meta":"","header-below-stick-meta":"","astra-migrate-meta-layouts":"default","ast-page-background-enabled":"default","ast-page-background-meta":{"desktop":{"background-color":"","background-image":"","background-repeat":"repeat","background-position":"center center","background-size":"auto","background-attachment":"scroll","background-type":"","background-media":"","overlay-type":"","overlay-color":"","overlay-opacity":"","overlay-gradient":""},"tablet":{"background-color":"","background-image":"","background-repeat":"repeat","background-position":"center center","background-size":"auto","background-attachment":"scroll","background-type":"","background-media":"","overlay-type":"","overlay-color":"","overlay-opacity":"","overlay-gradient":""},"mobile":{"background-color":"","background-image":"","background-repeat":"repeat","background-position":"center center","background-size":"auto","background-attachment":"scroll","background-type":"","background-media":"","overlay-type":"","overlay-color":"","overlay-opacity":"","overlay-gradient":""}},"ast-content-background-meta":{"desktop":{"background-color":"var(--ast-global-color-5)","background-image":"","background-repeat":"repeat","background-position":"center center","background-size":"auto","background-attachment":"scroll","background-type":"","background-media":"","overlay-type":"","overlay-color":"","overlay-opacity":"","overlay-gradient":""},"tablet":{"background-color":"var(--ast-global-color-5)","background-image":"","background-repeat":"repeat","background-position":"center center","background-size":"auto","background-attachment":"scroll","background-type":"","background-media":"","overlay-type":"","overlay-color":"","overlay-opacity":"","overlay-gradient":""},"mobile":{"background-color":"var(--ast-global-color-5)","background-image":"","background-repeat":"repeat","background-position":"center center","background-size":"auto","background-attachment":"scroll","background-type":"","background-media":"","overlay-type":"","overlay-color":"","overlay-opacity":"","overlay-gradient":""}},"footnotes":""},"class_list":["post-67","page","type-page","status-publish","hentry"],"acf":[],"_links":{"self":[{"href":"https:\/\/www.museoemigrazioneitaliana.org\/es\/wp-json\/wp\/v2\/pages\/67","targetHints":{"allow":["GET"]}}],"collection":[{"href":"https:\/\/www.museoemigrazioneitaliana.org\/es\/wp-json\/wp\/v2\/pages"}],"about":[{"href":"https:\/\/www.museoemigrazioneitaliana.org\/es\/wp-json\/wp\/v2\/types\/page"}],"author":[{"embeddable":true,"href":"https:\/\/www.museoemigrazioneitaliana.org\/es\/wp-json\/wp\/v2\/users\/1"}],"replies":[{"embeddable":true,"href":"https:\/\/www.museoemigrazioneitaliana.org\/es\/wp-json\/wp\/v2\/comments?post=67"}],"version-history":[{"count":2,"href":"https:\/\/www.museoemigrazioneitaliana.org\/es\/wp-json\/wp\/v2\/pages\/67\/revisions"}],"predecessor-version":[{"id":3182,"href":"https:\/\/www.museoemigrazioneitaliana.org\/es\/wp-json\/wp\/v2\/pages\/67\/revisions\/3182"}],"up":[{"embeddable":true,"href":"https:\/\/www.museoemigrazioneitaliana.org\/es\/wp-json\/wp\/v2\/pages\/63"}],"wp:attachment":[{"href":"https:\/\/www.museoemigrazioneitaliana.org\/es\/wp-json\/wp\/v2\/media?parent=67"}],"curies":[{"name":"wp","href":"https:\/\/api.w.org\/{rel}","templated":true}]}}