{"id":65,"date":"2020-09-17T15:39:15","date_gmt":"2020-09-17T13:39:15","guid":{"rendered":"https:\/\/mei.ms-dev.it\/?page_id=65"},"modified":"2022-01-27T10:29:07","modified_gmt":"2022-01-27T09:29:07","slug":"america-del-norte","status":"publish","type":"page","link":"https:\/\/www.museoemigrazioneitaliana.org\/es\/le-mete\/america-del-nord\/","title":{"rendered":"Norteam\u00e9rica"},"content":{"rendered":"El flujo migratorio italiano hacia Canad\u00e1 y Estados Unidos ha tenido algunas caracter\u00edsticas comunes y una notable diferenciaci\u00f3n en n\u00famero y calendario.<br \/>\nLas cifras globales son claras: Canad\u00e1, entre 1876 y 1976, acogi\u00f3 a poco m\u00e1s de medio mill\u00f3n de emigrantes, frente a los cerca de seis millones de Estados Unidos.<br \/>\nA principios del siglo XX, hab\u00eda 6.854 italianos en Canad\u00e1. En Estados Unidos, cerca de un mill\u00f3n.<br \/>\nDe hecho, Canad\u00e1 no se convirti\u00f3 en un pa\u00eds de emigraci\u00f3n hasta despu\u00e9s de la Segunda Guerra Mundial, cuando, como consecuencia de su crecimiento econ\u00f3mico, el flujo procedente de Italia aument\u00f3 bruscamente. El de Estados Unidos fue peque\u00f1o y constante durante los mismos a\u00f1os.<br \/>\nEn ambos Estados, gran parte de los inmigrantes encontraron trabajo inicialmente en la construcci\u00f3n a gran escala de ferrocarriles u otras obras p\u00fablicas.<br \/>\nSu compromiso con el trabajo llev\u00f3 a los italianos a dar un salto decisivo: al principio eran de \"nacionalidad no preferente\". Con el tiempo, llegaron a ser apreciados y estimados.\n\t\t\t\t\t<ul id=\"menu-le-mete\"><li id=\"menu-item-403\"><a href=\"https:\/\/www.museoemigrazioneitaliana.org\/es\/destinos\/\">Destinos<\/a>\n<ul>\n\t<li id=\"menu-item-409\"><a href=\"https:\/\/www.museoemigrazioneitaliana.org\/es\/destinos\/larrivo\/\">Llegada<\/a><\/li>\n\t<li id=\"menu-item-1529\"><a href=\"https:\/\/www.museoemigrazioneitaliana.org\/es\/destinos\/america-del-norte\/\">Norteam\u00e9rica<\/a><\/li>\n\t<li id=\"menu-item-1530\"><a href=\"https:\/\/www.museoemigrazioneitaliana.org\/es\/destinos\/america-del-sur\/\">Am\u00e9rica del Sur<\/a><\/li>\n\t<li id=\"menu-item-1532\"><a href=\"https:\/\/www.museoemigrazioneitaliana.org\/es\/destinos\/europa\/\">Europa<\/a><\/li>\n\t<li id=\"menu-item-1531\"><a href=\"https:\/\/www.museoemigrazioneitaliana.org\/es\/destinos\/australia\/\">Australia<\/a><\/li>\n\t<li id=\"menu-item-1528\"><a href=\"https:\/\/www.museoemigrazioneitaliana.org\/es\/destinos\/africa\/\">\u00c1frica<\/a><\/li>\n<\/ul>\n<\/li>\n<\/ul>\t\n\t<h5>\n\t\tPerspectivas\n\t<\/h5>\n\t<h6><strong>Merica' es Miss Libertad<\/strong><\/h6>\n<p>La Estatua de la Libertad -siempre llamada Miss Liberty- fue donada por Francia a Estados Unidos en se\u00f1al de amistad y estuvo estrechamente vinculada al fen\u00f3meno de la emigraci\u00f3n ... (<a href=\"https:\/\/www.museoemigrazioneitaliana.org\/es\/perspectivas\/merica-y-miss-liberty\/\">sigue<\/a>)<\/p>\n\t\t\t\t<img loading=\"lazy\" decoding=\"async\" src=\"https:\/\/www.museoemigrazioneitaliana.org\/wp-content\/uploads\/2022\/01\/6936-ok.jpg\" alt=\"En vista de Nueva York\" itemprop=\"image\" height=\"519\" width=\"800\" title=\"6936 OK\" onerror=\"this.style.display='none'\"  \/>\n\t\tEn vista de Nueva York","protected":false},"excerpt":{"rendered":"<p>Il flusso migratorio italiano in Canada e negli Stati Uniti ha avuto alcune caratteristiche comuni ed una notevole differenziazione per numeri e tempi. Le cifre complessive sono chiare: il Canada, tra il 1876 e il 1976, ha accolto poco pi\u00f9 di mezzo milione di emigrati di fronte ai circa sei milioni degli Stati Uniti. All&#8217;inizio [&hellip;]<\/p>\n","protected":false},"author":1,"featured_media":0,"parent":63,"menu_order":0,"comment_status":"closed","ping_status":"open","template":"","meta":{"_acf_changed":false,"site-sidebar-layout":"default","site-content-layout":"default","ast-site-content-layout":"default","site-content-style":"default","site-sidebar-style":"default","ast-global-header-display":"","ast-banner-title-visibility":"","ast-main-header-display":"","ast-hfb-above-header-display":"","ast-hfb-below-header-display":"","ast-hfb-mobile-header-display":"","site-post-title":"","ast-breadcrumbs-content":"","ast-featured-img":"","footer-sml-layout":"","ast-disable-related-posts":"","theme-transparent-header-meta":"default","adv-header-id-meta":"","stick-header-meta":"","header-above-stick-meta":"","header-main-stick-meta":"","header-below-stick-meta":"","astra-migrate-meta-layouts":"default","ast-page-background-enabled":"default","ast-page-background-meta":{"desktop":{"background-color":"","background-image":"","background-repeat":"repeat","background-position":"center center","background-size":"auto","background-attachment":"scroll","background-type":"","background-media":"","overlay-type":"","overlay-color":"","overlay-opacity":"","overlay-gradient":""},"tablet":{"background-color":"","background-image":"","background-repeat":"repeat","background-position":"center center","background-size":"auto","background-attachment":"scroll","background-type":"","background-media":"","overlay-type":"","overlay-color":"","overlay-opacity":"","overlay-gradient":""},"mobile":{"background-color":"","background-image":"","background-repeat":"repeat","background-position":"center center","background-size":"auto","background-attachment":"scroll","background-type":"","background-media":"","overlay-type":"","overlay-color":"","overlay-opacity":"","overlay-gradient":""}},"ast-content-background-meta":{"desktop":{"background-color":"var(--ast-global-color-5)","background-image":"","background-repeat":"repeat","background-position":"center center","background-size":"auto","background-attachment":"scroll","background-type":"","background-media":"","overlay-type":"","overlay-color":"","overlay-opacity":"","overlay-gradient":""},"tablet":{"background-color":"var(--ast-global-color-5)","background-image":"","background-repeat":"repeat","background-position":"center center","background-size":"auto","background-attachment":"scroll","background-type":"","background-media":"","overlay-type":"","overlay-color":"","overlay-opacity":"","overlay-gradient":""},"mobile":{"background-color":"var(--ast-global-color-5)","background-image":"","background-repeat":"repeat","background-position":"center center","background-size":"auto","background-attachment":"scroll","background-type":"","background-media":"","overlay-type":"","overlay-color":"","overlay-opacity":"","overlay-gradient":""}},"footnotes":""},"class_list":["post-65","page","type-page","status-publish","hentry"],"acf":[],"_links":{"self":[{"href":"https:\/\/www.museoemigrazioneitaliana.org\/es\/wp-json\/wp\/v2\/pages\/65","targetHints":{"allow":["GET"]}}],"collection":[{"href":"https:\/\/www.museoemigrazioneitaliana.org\/es\/wp-json\/wp\/v2\/pages"}],"about":[{"href":"https:\/\/www.museoemigrazioneitaliana.org\/es\/wp-json\/wp\/v2\/types\/page"}],"author":[{"embeddable":true,"href":"https:\/\/www.museoemigrazioneitaliana.org\/es\/wp-json\/wp\/v2\/users\/1"}],"replies":[{"embeddable":true,"href":"https:\/\/www.museoemigrazioneitaliana.org\/es\/wp-json\/wp\/v2\/comments?post=65"}],"version-history":[{"count":2,"href":"https:\/\/www.museoemigrazioneitaliana.org\/es\/wp-json\/wp\/v2\/pages\/65\/revisions"}],"predecessor-version":[{"id":1725,"href":"https:\/\/www.museoemigrazioneitaliana.org\/es\/wp-json\/wp\/v2\/pages\/65\/revisions\/1725"}],"up":[{"embeddable":true,"href":"https:\/\/www.museoemigrazioneitaliana.org\/es\/wp-json\/wp\/v2\/pages\/63"}],"wp:attachment":[{"href":"https:\/\/www.museoemigrazioneitaliana.org\/es\/wp-json\/wp\/v2\/media?parent=65"}],"curies":[{"name":"wp","href":"https:\/\/api.w.org\/{rel}","templated":true}]}}