{"id":63,"date":"2020-09-17T15:38:55","date_gmt":"2020-09-17T13:38:55","guid":{"rendered":"https:\/\/mei.ms-dev.it\/?page_id=63"},"modified":"2022-01-26T11:53:16","modified_gmt":"2022-01-26T10:53:16","slug":"destinos","status":"publish","type":"page","link":"https:\/\/www.museoemigrazioneitaliana.org\/es\/le-mete\/","title":{"rendered":"Destinos"},"content":{"rendered":"<h4>Te vas... \u00bfa d\u00f3nde?<\/h4>\n<p>Aunque hacia mediados del siglo XIX existieron peque\u00f1os n\u00facleos de emigrantes italianos en Am\u00e9rica que salieron con frecuencia al extranjero tras el fracaso de los diversos levantamientos del Risorgimento, un flujo migratorio de cierta envergadura se dirigi\u00f3, a partir de las \u00faltimas d\u00e9cadas del siglo XIX, primero hacia los pa\u00edses europeos e implic\u00f3 primero a las regiones septentrionales - Liguria sobre todo - y s\u00f3lo m\u00e1s tarde a las meridionales, que sin embargo mostraron una clara preferencia por los destinos ultramarinos.<\/p>\n<p>Lo que marcaba la elecci\u00f3n entre las dos Am\u00e9ricas era disponer o no de dinero para invertir en la expatriaci\u00f3n. Era m\u00e1s caro ir a Am\u00e9rica Latina, donde las perspectivas econ\u00f3micas eran mejores, los problemas ling\u00fc\u00edsticos m\u00e1s f\u00e1ciles de superar y las diferencias culturales menores. Por otra parte, el billete a Estados Unidos costaba menos y era f\u00e1cil, en un pa\u00eds en r\u00e1pido desarrollo, encontrar trabajo, aunque poco o nada cualificado, en la agricultura o en empresas industriales. Adem\u00e1s, trabajar en la construcci\u00f3n de infraestructuras permit\u00eda a veces un ritmo estacional que permit\u00eda regresar peri\u00f3dicamente a casa si se deseaba.<\/p>\n\t\t\t\t\t<ul id=\"menu-le-mete\"><li id=\"menu-item-403\"><a href=\"https:\/\/www.museoemigrazioneitaliana.org\/es\/destinos\/\">Destinos<\/a>\n<ul>\n\t<li id=\"menu-item-409\"><a href=\"https:\/\/www.museoemigrazioneitaliana.org\/es\/destinos\/larrivo\/\">Llegada<\/a><\/li>\n\t<li id=\"menu-item-1529\"><a href=\"https:\/\/www.museoemigrazioneitaliana.org\/es\/destinos\/america-del-norte\/\">Norteam\u00e9rica<\/a><\/li>\n\t<li id=\"menu-item-1530\"><a href=\"https:\/\/www.museoemigrazioneitaliana.org\/es\/destinos\/america-del-sur\/\">Am\u00e9rica del Sur<\/a><\/li>\n\t<li id=\"menu-item-1532\"><a href=\"https:\/\/www.museoemigrazioneitaliana.org\/es\/destinos\/europa\/\">Europa<\/a><\/li>\n\t<li id=\"menu-item-1531\"><a href=\"https:\/\/www.museoemigrazioneitaliana.org\/es\/destinos\/australia\/\">Australia<\/a><\/li>\n\t<li id=\"menu-item-1528\"><a href=\"https:\/\/www.museoemigrazioneitaliana.org\/es\/destinos\/africa\/\">\u00c1frica<\/a><\/li>\n<\/ul>\n<\/li>\n<\/ul>","protected":false},"excerpt":{"rendered":"<p>Si va&#8230; dove? Anche se verso la met\u00e0 dell&#8217;Ottocento esistevano nelle Americhe piccoli nuclei di emigrati italiani spesso andati all&#8217;estero dopo il fallimento dei vari moti risorgimentali, un flusso migratorio di una certa consistenza si diresse, con inizio negli ultimi decenni dell&#8217;Ottocento, dapprima verso i paesi europei e coinvolse per prime le regioni settentrionali &#8211; [&hellip;]<\/p>\n","protected":false},"author":1,"featured_media":0,"parent":0,"menu_order":0,"comment_status":"closed","ping_status":"open","template":"","meta":{"_acf_changed":false,"site-sidebar-layout":"default","site-content-layout":"default","ast-site-content-layout":"default","site-content-style":"default","site-sidebar-style":"default","ast-global-header-display":"","ast-banner-title-visibility":"","ast-main-header-display":"","ast-hfb-above-header-display":"","ast-hfb-below-header-display":"","ast-hfb-mobile-header-display":"","site-post-title":"","ast-breadcrumbs-content":"","ast-featured-img":"","footer-sml-layout":"","ast-disable-related-posts":"","theme-transparent-header-meta":"default","adv-header-id-meta":"","stick-header-meta":"","header-above-stick-meta":"","header-main-stick-meta":"","header-below-stick-meta":"","astra-migrate-meta-layouts":"default","ast-page-background-enabled":"default","ast-page-background-meta":{"desktop":{"background-color":"","background-image":"","background-repeat":"repeat","background-position":"center center","background-size":"auto","background-attachment":"scroll","background-type":"","background-media":"","overlay-type":"","overlay-color":"","overlay-opacity":"","overlay-gradient":""},"tablet":{"background-color":"","background-image":"","background-repeat":"repeat","background-position":"center center","background-size":"auto","background-attachment":"scroll","background-type":"","background-media":"","overlay-type":"","overlay-color":"","overlay-opacity":"","overlay-gradient":""},"mobile":{"background-color":"","background-image":"","background-repeat":"repeat","background-position":"center center","background-size":"auto","background-attachment":"scroll","background-type":"","background-media":"","overlay-type":"","overlay-color":"","overlay-opacity":"","overlay-gradient":""}},"ast-content-background-meta":{"desktop":{"background-color":"var(--ast-global-color-5)","background-image":"","background-repeat":"repeat","background-position":"center center","background-size":"auto","background-attachment":"scroll","background-type":"","background-media":"","overlay-type":"","overlay-color":"","overlay-opacity":"","overlay-gradient":""},"tablet":{"background-color":"var(--ast-global-color-5)","background-image":"","background-repeat":"repeat","background-position":"center center","background-size":"auto","background-attachment":"scroll","background-type":"","background-media":"","overlay-type":"","overlay-color":"","overlay-opacity":"","overlay-gradient":""},"mobile":{"background-color":"var(--ast-global-color-5)","background-image":"","background-repeat":"repeat","background-position":"center center","background-size":"auto","background-attachment":"scroll","background-type":"","background-media":"","overlay-type":"","overlay-color":"","overlay-opacity":"","overlay-gradient":""}},"footnotes":""},"class_list":["post-63","page","type-page","status-publish","hentry"],"acf":[],"_links":{"self":[{"href":"https:\/\/www.museoemigrazioneitaliana.org\/es\/wp-json\/wp\/v2\/pages\/63","targetHints":{"allow":["GET"]}}],"collection":[{"href":"https:\/\/www.museoemigrazioneitaliana.org\/es\/wp-json\/wp\/v2\/pages"}],"about":[{"href":"https:\/\/www.museoemigrazioneitaliana.org\/es\/wp-json\/wp\/v2\/types\/page"}],"author":[{"embeddable":true,"href":"https:\/\/www.museoemigrazioneitaliana.org\/es\/wp-json\/wp\/v2\/users\/1"}],"replies":[{"embeddable":true,"href":"https:\/\/www.museoemigrazioneitaliana.org\/es\/wp-json\/wp\/v2\/comments?post=63"}],"version-history":[{"count":2,"href":"https:\/\/www.museoemigrazioneitaliana.org\/es\/wp-json\/wp\/v2\/pages\/63\/revisions"}],"predecessor-version":[{"id":1533,"href":"https:\/\/www.museoemigrazioneitaliana.org\/es\/wp-json\/wp\/v2\/pages\/63\/revisions\/1533"}],"wp:attachment":[{"href":"https:\/\/www.museoemigrazioneitaliana.org\/es\/wp-json\/wp\/v2\/media?parent=63"}],"curies":[{"name":"wp","href":"https:\/\/api.w.org\/{rel}","templated":true}]}}