{"id":448,"date":"2020-12-17T15:24:09","date_gmt":"2020-12-17T14:24:09","guid":{"rendered":"https:\/\/mei.ms-dev.it\/?page_id=448"},"modified":"2022-01-26T16:50:33","modified_gmt":"2022-01-26T15:50:33","slug":"historia-de-los-emigrantes","status":"publish","type":"page","link":"https:\/\/www.museoemigrazioneitaliana.org\/es\/didattica\/migranti-storia\/","title":{"rendered":"Inmigrantes. Historia"},"content":{"rendered":"<p>Estudios hist\u00f3ricos e investigaci\u00f3n sobre migraci\u00f3n<\/p>\n\t\t\t<h3>Una gran epopeya olvidada<\/h3>\t\t\t\n\t\t\t<a href=\"https:\/\/www.museoemigrazioneitaliana.org\/wp-content\/uploads\/2022\/01\/Una-grande-epopea-dimenticata.pdf\" target=\"_blank\" rel=\"noopener\" role=\"button\" aria-label=\"Descargar\">\n\t\t\t\t\t\t\t\t\t\t\tDescargar\n\t\t<\/a>\n\t\t\t<h3>De italianos a italobelgas. La tragedia de Marcinelle<\/h3>\t\t\t\n\t\t\t<a href=\"https:\/\/www.museoemigrazioneitaliana.org\/wp-content\/uploads\/2022\/01\/Da-italiani-a-italobelgi-a-tragedia-di-Marcinelle.pdf\" target=\"_blank\" rel=\"noopener\" role=\"button\" aria-label=\"Descargar\">\n\t\t\t\t\t\t\t\t\t\t\tDescargar\n\t\t<\/a>\n\t\t\t<h3>Emigrantes italianos y movimientos obreros en Estados Unidos<\/h3>\t\t\t\n\t\t\t<a href=\"https:\/\/www.museoemigrazioneitaliana.org\/wp-content\/uploads\/2022\/01\/Emigranti-italiani-e-movimenti-operai-negli-Stati-Uniti.pdf\" target=\"_blank\" rel=\"noopener\" role=\"button\" aria-label=\"Descargar\">\n\t\t\t\t\t\t\t\t\t\t\tDescargar\n\t\t<\/a>\n\t\t\t<h3>La emigraci\u00f3n italiana como expansi\u00f3n de la naci\u00f3n italiana<\/h3>\t\t\t\n\t\t\t<a href=\"https:\/\/www.museoemigrazioneitaliana.org\/wp-content\/uploads\/2022\/01\/L-emigrazione-italiana-come-espansione-della-nazione-italiana.pdf\" target=\"_blank\" rel=\"noopener\" role=\"button\" aria-label=\"Descargar\">\n\t\t\t\t\t\t\t\t\t\t\tDescargar\n\t\t<\/a>\n\t\t\t<h3>La patria italiana nacida en el oc\u00e9ano<\/h3>\t\t\t\n\t\t\t<a href=\"https:\/\/www.museoemigrazioneitaliana.org\/wp-content\/uploads\/2022\/01\/La-patria-italiana-che-nasce-sullOceano.pdf\" target=\"_blank\" rel=\"noopener\" role=\"button\" aria-label=\"Descargar\">\n\t\t\t\t\t\t\t\t\t\t\tDescargar\n\t\t<\/a>\n\t\t\t<h3>Movilidad migratoria, conflictos, construcci\u00f3n de los nacionalismos<\/h3>\t\t\t\n\t\t\t<a href=\"https:\/\/www.museoemigrazioneitaliana.org\/wp-content\/uploads\/2022\/01\/Mobilit-migratoria-conflitti-fabbricazione-dei-nazionalismi.pdf\" target=\"_blank\" rel=\"noopener\" role=\"button\" aria-label=\"Descargar\">\n\t\t\t\t\t\t\t\t\t\t\tDescargar\n\t\t<\/a>\n\t\t\t\t\t<ul id=\"menu-didattica\"><li id=\"menu-item-462\"><a href=\"https:\/\/www.museoemigrazioneitaliana.org\/es\/didactica\/\">Did\u00e1ctica<\/a>\n<ul>\n\t<li id=\"menu-item-471\"><a href=\"https:\/\/www.museoemigrazioneitaliana.org\/es\/didactica\/kits-educativos-para-emigrantes\/\">Migrantes. Kit educativo-divulgativo<\/a><\/li>\n\t<li id=\"menu-item-470\"><a href=\"https:\/\/www.museoemigrazioneitaliana.org\/es\/didactica\/reportaje-sobre-emigrantes\/\">Migrantes. Reportaje<\/a><\/li>\n\t<li id=\"menu-item-469\"><a href=\"https:\/\/www.museoemigrazioneitaliana.org\/es\/didactica\/historia-de-los-emigrantes\/\">Inmigrantes. Historia<\/a><\/li>\n\t<li id=\"menu-item-467\"><a href=\"https:\/\/www.museoemigrazioneitaliana.org\/es\/didactica\/unidades-didacticas-secundaria-y-primaria\/\">Unidades Did\u00e1cticas. Primer ciclo de Secundaria y Primaria<\/a><\/li>\n\t<li id=\"menu-item-466\"><a href=\"https:\/\/www.museoemigrazioneitaliana.org\/es\/didactica\/unidades-didacticas-de-secundaria\/\">Unidades did\u00e1cticas. Centros de Secundaria<\/a><\/li>\n\t<li id=\"menu-item-463\"><a href=\"https:\/\/www.museoemigrazioneitaliana.org\/es\/didactica\/historias-de-emigracion\/\">Historias de emigraci\u00f3n<\/a><\/li>\n<\/ul>\n<\/li>\n<\/ul>","protected":false},"excerpt":{"rendered":"<p>Studi e ricerche storiche sul tema delle migrazioni Una grande epopea dimenticata Scarica Da italiani a italobelgi. La tragedia di Marcinelle Scarica Emigranti italiani e movimenti operai negli Stati Uniti Scarica L&#8217;emigrazione italiana come espansione della nazione italiana Scarica La patria italiana che nasce sull&#8217;Oceano Scarica Mobilita migratoria, conflitti, fabbricazione dei nazionalismi Scarica Didattica Migranti. [&hellip;]<\/p>\n","protected":false},"author":1,"featured_media":0,"parent":438,"menu_order":0,"comment_status":"closed","ping_status":"open","template":"","meta":{"_acf_changed":false,"site-sidebar-layout":"default","site-content-layout":"default","ast-site-content-layout":"default","site-content-style":"default","site-sidebar-style":"default","ast-global-header-display":"","ast-banner-title-visibility":"","ast-main-header-display":"","ast-hfb-above-header-display":"","ast-hfb-below-header-display":"","ast-hfb-mobile-header-display":"","site-post-title":"","ast-breadcrumbs-content":"","ast-featured-img":"","footer-sml-layout":"","ast-disable-related-posts":"","theme-transparent-header-meta":"default","adv-header-id-meta":"","stick-header-meta":"","header-above-stick-meta":"","header-main-stick-meta":"","header-below-stick-meta":"","astra-migrate-meta-layouts":"default","ast-page-background-enabled":"default","ast-page-background-meta":{"desktop":{"background-color":"","background-image":"","background-repeat":"repeat","background-position":"center center","background-size":"auto","background-attachment":"scroll","background-type":"","background-media":"","overlay-type":"","overlay-color":"","overlay-opacity":"","overlay-gradient":""},"tablet":{"background-color":"","background-image":"","background-repeat":"repeat","background-position":"center center","background-size":"auto","background-attachment":"scroll","background-type":"","background-media":"","overlay-type":"","overlay-color":"","overlay-opacity":"","overlay-gradient":""},"mobile":{"background-color":"","background-image":"","background-repeat":"repeat","background-position":"center center","background-size":"auto","background-attachment":"scroll","background-type":"","background-media":"","overlay-type":"","overlay-color":"","overlay-opacity":"","overlay-gradient":""}},"ast-content-background-meta":{"desktop":{"background-color":"var(--ast-global-color-5)","background-image":"","background-repeat":"repeat","background-position":"center center","background-size":"auto","background-attachment":"scroll","background-type":"","background-media":"","overlay-type":"","overlay-color":"","overlay-opacity":"","overlay-gradient":""},"tablet":{"background-color":"var(--ast-global-color-5)","background-image":"","background-repeat":"repeat","background-position":"center center","background-size":"auto","background-attachment":"scroll","background-type":"","background-media":"","overlay-type":"","overlay-color":"","overlay-opacity":"","overlay-gradient":""},"mobile":{"background-color":"var(--ast-global-color-5)","background-image":"","background-repeat":"repeat","background-position":"center center","background-size":"auto","background-attachment":"scroll","background-type":"","background-media":"","overlay-type":"","overlay-color":"","overlay-opacity":"","overlay-gradient":""}},"footnotes":""},"class_list":["post-448","page","type-page","status-publish","hentry"],"acf":[],"_links":{"self":[{"href":"https:\/\/www.museoemigrazioneitaliana.org\/es\/wp-json\/wp\/v2\/pages\/448","targetHints":{"allow":["GET"]}}],"collection":[{"href":"https:\/\/www.museoemigrazioneitaliana.org\/es\/wp-json\/wp\/v2\/pages"}],"about":[{"href":"https:\/\/www.museoemigrazioneitaliana.org\/es\/wp-json\/wp\/v2\/types\/page"}],"author":[{"embeddable":true,"href":"https:\/\/www.museoemigrazioneitaliana.org\/es\/wp-json\/wp\/v2\/users\/1"}],"replies":[{"embeddable":true,"href":"https:\/\/www.museoemigrazioneitaliana.org\/es\/wp-json\/wp\/v2\/comments?post=448"}],"version-history":[{"count":2,"href":"https:\/\/www.museoemigrazioneitaliana.org\/es\/wp-json\/wp\/v2\/pages\/448\/revisions"}],"predecessor-version":[{"id":1623,"href":"https:\/\/www.museoemigrazioneitaliana.org\/es\/wp-json\/wp\/v2\/pages\/448\/revisions\/1623"}],"up":[{"embeddable":true,"href":"https:\/\/www.museoemigrazioneitaliana.org\/es\/wp-json\/wp\/v2\/pages\/438"}],"wp:attachment":[{"href":"https:\/\/www.museoemigrazioneitaliana.org\/es\/wp-json\/wp\/v2\/media?parent=448"}],"curies":[{"name":"wp","href":"https:\/\/api.w.org\/{rel}","templated":true}]}}