{"id":3135,"date":"2022-03-10T09:56:38","date_gmt":"2022-03-10T08:56:38","guid":{"rendered":"https:\/\/mei.ms-dev.it\/?page_id=3135"},"modified":"2022-03-11T02:17:07","modified_gmt":"2022-03-11T01:17:07","slug":"copyright","status":"publish","type":"page","link":"https:\/\/www.museoemigrazioneitaliana.org\/es\/copyright\/","title":{"rendered":"Copyright"},"content":{"rendered":"Los textos, fotograf\u00edas, gr\u00e1ficos, materiales audiovisuales y programas inform\u00e1ticos de este sitio est\u00e1n protegidos por la legislaci\u00f3n vigente sobre derechos de autor, patentes y propiedad intelectual.<br \/>\nLas marcas y nombres de entidades, organizaciones y empresas mencionados en el sitio pertenecen a sus respectivos propietarios o titulares y pueden estar protegidos por patentes y\/o derechos de autor concedidos o registrados por las autoridades competentes.\n<h2>Uso del sitio<\/h2>\nLos textos del sitio pueden utilizarse libremente con fines culturales y, en cualquier caso, sin \u00e1nimo de lucro, siempre que se citen claramente la fuente de origen, los autores del texto, si los hay, cuando se indiquen, las fechas de redacci\u00f3n y actualizaci\u00f3n, cuando se indiquen, y la url correspondiente.<br \/>\nTodos los objetos presentes en el sitio para su descarga (downloading), salvo que se indique lo contrario, son de acceso libre y gratuito a condici\u00f3n de que no se utilicen con fines lucrativos o il\u00edcitos.<br \/>\nEn ning\u00fan caso la Fondazione Paolo Cresci per la storia dell'emigrazione italiana podr\u00e1 ser considerada responsable de los da\u00f1os de cualquier tipo causados directa o indirectamente por el acceso al sitio, por la incapacidad o imposibilidad de acceder a \u00e9l, por el uso de herramientas interactivas o por el uso de la informaci\u00f3n contenida en el mismo.\n<h2>Notificaci\u00f3n de errores<\/h2>\n<p>Los errores, imprecisiones o fallos de funcionamiento pueden notificarse a la siguiente direcci\u00f3n de correo electr\u00f3nico: <a href=\"mailto:info@fondazionepaolocresci.it\">info@fondazionepaolocresci.it<\/a><\/p>\n<h2>Acceso a enlaces externos<\/h2>\n<p>La Fondazione Paolo Cresci per la storia dell'emigrazione italiana declina toda responsabilidad por el contenido y el estado de actualizaci\u00f3n de los sitios a los que se pueda acceder desde los enlaces de este sitio.<\/p>\n<h2>Protecci\u00f3n de la intimidad<\/h2>\nLa Fondazione Paolo Cresci per la storia dell'emigrazione italiana garantiza que los datos personales recibidos por correo electr\u00f3nico se tratar\u00e1n de conformidad con lo dispuesto en la legislaci\u00f3n vigente en materia de privacidad (Decreto Legislativo n\u00ba 196 de 30 de junio de 2003, en vigor desde el 1 de enero de 2004 y sucesivas modificaciones y adiciones).<br \/>\nEn particular, no se ceder\u00e1n a terceros, su uso ser\u00e1 exclusivamente para comunicaciones relacionadas con el sitio y sus contenidos y para el posible env\u00edo de informaci\u00f3n sobre temas relacionados con los contenidos del sitio.<br \/>\nLos datos personales se tratar\u00e1n exclusivamente para llevar a cabo las actividades contempladas en el art\u00edculo 24 del C\u00f3digo de Privacidad, para las que no se requiere el consentimiento del interesado.<br \/>\nLos derechos del interesado son los establecidos expresamente en el art\u00edculo 7 del C\u00f3digo de Privacidad y pueden ejercerse presentando una solicitud al responsable o al encargado del tratamiento sin formalidades, incluso por carta certificada, fax o correo electr\u00f3nico.","protected":false},"excerpt":{"rendered":"<p>I testi, le fotografie, la grafica, i materiali audiovisivi e il software presenti su questo sito sono protetti ai sensi delle normative vigenti sul diritto d&#8217;autore, sui brevetti e sulla propriet\u00e0 intellettuale. I marchi e le denominazioni di enti, organismi e ditte menzionati nel sito appartengono ai rispettivi proprietari o titolari e possono essere protetti [&hellip;]<\/p>\n","protected":false},"author":1,"featured_media":0,"parent":0,"menu_order":0,"comment_status":"closed","ping_status":"open","template":"","meta":{"_acf_changed":false,"site-sidebar-layout":"default","site-content-layout":"","ast-site-content-layout":"default","site-content-style":"default","site-sidebar-style":"default","ast-global-header-display":"","ast-banner-title-visibility":"","ast-main-header-display":"","ast-hfb-above-header-display":"","ast-hfb-below-header-display":"","ast-hfb-mobile-header-display":"","site-post-title":"","ast-breadcrumbs-content":"","ast-featured-img":"","footer-sml-layout":"","ast-disable-related-posts":"","theme-transparent-header-meta":"","adv-header-id-meta":"","stick-header-meta":"","header-above-stick-meta":"","header-main-stick-meta":"","header-below-stick-meta":"","astra-migrate-meta-layouts":"default","ast-page-background-enabled":"default","ast-page-background-meta":{"desktop":{"background-color":"","background-image":"","background-repeat":"repeat","background-position":"center center","background-size":"auto","background-attachment":"scroll","background-type":"","background-media":"","overlay-type":"","overlay-color":"","overlay-opacity":"","overlay-gradient":""},"tablet":{"background-color":"","background-image":"","background-repeat":"repeat","background-position":"center center","background-size":"auto","background-attachment":"scroll","background-type":"","background-media":"","overlay-type":"","overlay-color":"","overlay-opacity":"","overlay-gradient":""},"mobile":{"background-color":"","background-image":"","background-repeat":"repeat","background-position":"center center","background-size":"auto","background-attachment":"scroll","background-type":"","background-media":"","overlay-type":"","overlay-color":"","overlay-opacity":"","overlay-gradient":""}},"ast-content-background-meta":{"desktop":{"background-color":"var(--ast-global-color-5)","background-image":"","background-repeat":"repeat","background-position":"center center","background-size":"auto","background-attachment":"scroll","background-type":"","background-media":"","overlay-type":"","overlay-color":"","overlay-opacity":"","overlay-gradient":""},"tablet":{"background-color":"var(--ast-global-color-5)","background-image":"","background-repeat":"repeat","background-position":"center center","background-size":"auto","background-attachment":"scroll","background-type":"","background-media":"","overlay-type":"","overlay-color":"","overlay-opacity":"","overlay-gradient":""},"mobile":{"background-color":"var(--ast-global-color-5)","background-image":"","background-repeat":"repeat","background-position":"center center","background-size":"auto","background-attachment":"scroll","background-type":"","background-media":"","overlay-type":"","overlay-color":"","overlay-opacity":"","overlay-gradient":""}},"footnotes":""},"class_list":["post-3135","page","type-page","status-publish","hentry"],"acf":[],"_links":{"self":[{"href":"https:\/\/www.museoemigrazioneitaliana.org\/es\/wp-json\/wp\/v2\/pages\/3135","targetHints":{"allow":["GET"]}}],"collection":[{"href":"https:\/\/www.museoemigrazioneitaliana.org\/es\/wp-json\/wp\/v2\/pages"}],"about":[{"href":"https:\/\/www.museoemigrazioneitaliana.org\/es\/wp-json\/wp\/v2\/types\/page"}],"author":[{"embeddable":true,"href":"https:\/\/www.museoemigrazioneitaliana.org\/es\/wp-json\/wp\/v2\/users\/1"}],"replies":[{"embeddable":true,"href":"https:\/\/www.museoemigrazioneitaliana.org\/es\/wp-json\/wp\/v2\/comments?post=3135"}],"version-history":[{"count":2,"href":"https:\/\/www.museoemigrazioneitaliana.org\/es\/wp-json\/wp\/v2\/pages\/3135\/revisions"}],"predecessor-version":[{"id":3207,"href":"https:\/\/www.museoemigrazioneitaliana.org\/es\/wp-json\/wp\/v2\/pages\/3135\/revisions\/3207"}],"wp:attachment":[{"href":"https:\/\/www.museoemigrazioneitaliana.org\/es\/wp-json\/wp\/v2\/media?parent=3135"}],"curies":[{"name":"wp","href":"https:\/\/api.w.org\/{rel}","templated":true}]}}