{"id":129,"date":"2020-09-17T15:53:49","date_gmt":"2020-09-17T13:53:49","guid":{"rendered":"https:\/\/mei.ms-dev.it\/?page_id=129"},"modified":"2022-01-26T10:15:34","modified_gmt":"2022-01-26T09:15:34","slug":"perspectivas","status":"publish","type":"page","link":"https:\/\/www.museoemigrazioneitaliana.org\/es\/approfondimenti\/","title":{"rendered":"Perspectivas"},"content":{"rendered":"<p>Esta secci\u00f3n presenta art\u00edculos y estudios que profundizan en distintos temas<\/p>\n\t\t\t\t\t<ul id=\"menu-approfondimenti\"><li id=\"menu-item-501\"><a href=\"https:\/\/www.museoemigrazioneitaliana.org\/es\/perspectivas\/\">Perspectivas<\/a>\n<ul>\n\t<li id=\"menu-item-499\"><a href=\"https:\/\/www.museoemigrazioneitaliana.org\/es\/perspectivas\/los-primeros-viajes-transoceanicos\/\">Los primeros viajes transoce\u00e1nicos<\/a><\/li>\n\t<li id=\"menu-item-498\"><a href=\"https:\/\/www.museoemigrazioneitaliana.org\/es\/perspectivas\/merica-y-miss-liberty\/\">Merica' es Miss Libertad<\/a><\/li>\n\t<li id=\"menu-item-497\"><a href=\"https:\/\/www.museoemigrazioneitaliana.org\/es\/perspectivas\/tontitown\/\">Tontitown<\/a><\/li>\n\t<li id=\"menu-item-496\"><a href=\"https:\/\/www.museoemigrazioneitaliana.org\/es\/perspectivas\/garantias-y-autonomia\/\">Protecci\u00f3n y autonom\u00eda<\/a><\/li>\n\t<li id=\"menu-item-495\"><a href=\"https:\/\/www.museoemigrazioneitaliana.org\/es\/perspectivas\/viajar-con-letras\/\">Viajar con cartas<\/a><\/li>\n\t<li id=\"menu-item-494\"><a href=\"https:\/\/www.museoemigrazioneitaliana.org\/es\/perspectivas\/lemigracion-entre-arte-y-literatura-en-elceano-por-edmondo-de-amicis-ilustrado-por-arnaldo-ferraguti\/\">Emigraci\u00f3n entre arte y literatura. En el oc\u00e9ano de Edmondo De Amicis ilustrado por Arnaldo Ferraguti<\/a><\/li>\n\t<li id=\"menu-item-493\"><a href=\"https:\/\/www.museoemigrazioneitaliana.org\/es\/perspectivas\/villa-regina-una-colonia-italiana-en-la-patagonia\/\">Villa Regina. Una colonia italiana en la Patagonia<\/a><\/li>\n\t<li id=\"menu-item-492\"><a href=\"https:\/\/www.museoemigrazioneitaliana.org\/es\/perspectivas\/la-estructura-desgarrada\/\">La estructura desgarrada<\/a><\/li>\n<\/ul>\n<\/li>\n<\/ul>","protected":false},"excerpt":{"rendered":"<p>En esta secci\u00f3n se presentan art\u00edculos y estudios que profundizan en diferentes temas Perspectivas Los primeros viajes transoce\u00e1nicos \"Merica\" es Miss Liberty Tontitown Tutele e autonomia Viajar con letras Emigraci\u00f3n entre arte y literatura. Sobre el oc\u00e9ano de Edmondo De Amicis ilustrado por Arnaldo Ferraguti Villa Regina. Una colonia italiana en la Patagonia La estructura desgarrada<\/p>","protected":false},"author":1,"featured_media":0,"parent":0,"menu_order":0,"comment_status":"closed","ping_status":"open","template":"","meta":{"_acf_changed":false,"site-sidebar-layout":"default","site-content-layout":"default","ast-site-content-layout":"default","site-content-style":"default","site-sidebar-style":"default","ast-global-header-display":"","ast-banner-title-visibility":"","ast-main-header-display":"","ast-hfb-above-header-display":"","ast-hfb-below-header-display":"","ast-hfb-mobile-header-display":"","site-post-title":"","ast-breadcrumbs-content":"","ast-featured-img":"","footer-sml-layout":"","ast-disable-related-posts":"","theme-transparent-header-meta":"default","adv-header-id-meta":"","stick-header-meta":"","header-above-stick-meta":"","header-main-stick-meta":"","header-below-stick-meta":"","astra-migrate-meta-layouts":"default","ast-page-background-enabled":"default","ast-page-background-meta":{"desktop":{"background-color":"","background-image":"","background-repeat":"repeat","background-position":"center center","background-size":"auto","background-attachment":"scroll","background-type":"","background-media":"","overlay-type":"","overlay-color":"","overlay-opacity":"","overlay-gradient":""},"tablet":{"background-color":"","background-image":"","background-repeat":"repeat","background-position":"center center","background-size":"auto","background-attachment":"scroll","background-type":"","background-media":"","overlay-type":"","overlay-color":"","overlay-opacity":"","overlay-gradient":""},"mobile":{"background-color":"","background-image":"","background-repeat":"repeat","background-position":"center center","background-size":"auto","background-attachment":"scroll","background-type":"","background-media":"","overlay-type":"","overlay-color":"","overlay-opacity":"","overlay-gradient":""}},"ast-content-background-meta":{"desktop":{"background-color":"var(--ast-global-color-5)","background-image":"","background-repeat":"repeat","background-position":"center center","background-size":"auto","background-attachment":"scroll","background-type":"","background-media":"","overlay-type":"","overlay-color":"","overlay-opacity":"","overlay-gradient":""},"tablet":{"background-color":"var(--ast-global-color-5)","background-image":"","background-repeat":"repeat","background-position":"center center","background-size":"auto","background-attachment":"scroll","background-type":"","background-media":"","overlay-type":"","overlay-color":"","overlay-opacity":"","overlay-gradient":""},"mobile":{"background-color":"var(--ast-global-color-5)","background-image":"","background-repeat":"repeat","background-position":"center center","background-size":"auto","background-attachment":"scroll","background-type":"","background-media":"","overlay-type":"","overlay-color":"","overlay-opacity":"","overlay-gradient":""}},"footnotes":""},"class_list":["post-129","page","type-page","status-publish","hentry"],"acf":[],"_links":{"self":[{"href":"https:\/\/www.museoemigrazioneitaliana.org\/es\/wp-json\/wp\/v2\/pages\/129","targetHints":{"allow":["GET"]}}],"collection":[{"href":"https:\/\/www.museoemigrazioneitaliana.org\/es\/wp-json\/wp\/v2\/pages"}],"about":[{"href":"https:\/\/www.museoemigrazioneitaliana.org\/es\/wp-json\/wp\/v2\/types\/page"}],"author":[{"embeddable":true,"href":"https:\/\/www.museoemigrazioneitaliana.org\/es\/wp-json\/wp\/v2\/users\/1"}],"replies":[{"embeddable":true,"href":"https:\/\/www.museoemigrazioneitaliana.org\/es\/wp-json\/wp\/v2\/comments?post=129"}],"version-history":[{"count":2,"href":"https:\/\/www.museoemigrazioneitaliana.org\/es\/wp-json\/wp\/v2\/pages\/129\/revisions"}],"predecessor-version":[{"id":1496,"href":"https:\/\/www.museoemigrazioneitaliana.org\/es\/wp-json\/wp\/v2\/pages\/129\/revisions\/1496"}],"wp:attachment":[{"href":"https:\/\/www.museoemigrazioneitaliana.org\/es\/wp-json\/wp\/v2\/media?parent=129"}],"curies":[{"name":"wp","href":"https:\/\/api.w.org\/{rel}","templated":true}]}}