{"id":123,"date":"2020-09-17T15:51:55","date_gmt":"2020-09-17T13:51:55","guid":{"rendered":"https:\/\/mei.ms-dev.it\/?page_id=123"},"modified":"2023-11-03T22:23:49","modified_gmt":"2023-11-03T21:23:49","slug":"los-jovenes-cuentan-sus-historias","status":"publish","type":"page","link":"https:\/\/www.museoemigrazioneitaliana.org\/es\/migranti-oggi\/i-giovani-si-raccontano\/","title":{"rendered":"Los j\u00f3venes cuentan sus historias"},"content":{"rendered":"<h6>1. Chiara Suergio - Australia<\/h6>\n\t<iframe loading=\"lazy\" title=\"01 Chiara Suergio - Australia\" width=\"500\" height=\"281\" src=\"https:\/\/www.youtube.com\/embed\/8F6tZQ_YC2c?list=PLMu5z-QAYunn2fy2xXxXZdGWv3RInRVEr\" frameborder=\"0\" allow=\"accelerometer; autoplay; clipboard-write; encrypted-media; gyroscope; picture-in-picture\" allowfullscreen=\"\"><\/iframe>\n\t<h6>2. Eugenio Di Sabatino - Australia<\/h6>\n\t<iframe loading=\"lazy\" title=\"02 Eugenio Di Sabatino - Australia\" width=\"500\" height=\"281\" src=\"https:\/\/www.youtube.com\/embed\/ItpYLMDiAiQ?list=PLMu5z-QAYunn2fy2xXxXZdGWv3RInRVEr\" frameborder=\"0\" allow=\"accelerometer; autoplay; clipboard-write; encrypted-media; gyroscope; picture-in-picture\" allowfullscreen=\"\"><\/iframe>\n\t<h6>3. Giovanni Di Lieto - Australia<\/h6>\n\t<iframe loading=\"lazy\" title=\"03 Giovanni Di Lieto - Australia\" width=\"500\" height=\"281\" src=\"https:\/\/www.youtube.com\/embed\/Af-BHoTZmw8?list=PLMu5z-QAYunn2fy2xXxXZdGWv3RInRVEr\" frameborder=\"0\" allow=\"accelerometer; autoplay; clipboard-write; encrypted-media; gyroscope; picture-in-picture\" allowfullscreen=\"\"><\/iframe>\n\t<h6>4. Sara Lucchetti - Australia<\/h6>\n\t<iframe loading=\"lazy\" title=\"04 Sara Lucchetti - Australia\" width=\"500\" height=\"281\" src=\"https:\/\/www.youtube.com\/embed\/uUL9WWGpZuY?list=PLMu5z-QAYunn2fy2xXxXZdGWv3RInRVEr\" frameborder=\"0\" allow=\"accelerometer; autoplay; clipboard-write; encrypted-media; gyroscope; picture-in-picture\" allowfullscreen=\"\"><\/iframe>\n\t<h6>5. Marco Marroni - Australia - Melbourne<\/h6>\n\t<iframe loading=\"lazy\" title=\"05 - Marco Marroni - Australia - Melbourne\" width=\"500\" height=\"281\" src=\"https:\/\/www.youtube.com\/embed\/v9TyM_z1qrw?list=PLMu5z-QAYunn2fy2xXxXZdGWv3RInRVEr\" frameborder=\"0\" allow=\"accelerometer; autoplay; clipboard-write; encrypted-media; gyroscope; picture-in-picture\" allowfullscreen=\"\"><\/iframe>\n\t<h6>6. Federico Levi - Estonia - Tallin<\/h6>\n\t<iframe loading=\"lazy\" title=\"06 - Federico Levi - Estonia - Tallin\" width=\"500\" height=\"281\" src=\"https:\/\/www.youtube.com\/embed\/-wAsWjFGuBY?list=PLMu5z-QAYunn2fy2xXxXZdGWv3RInRVEr\" frameborder=\"0\" allow=\"accelerometer; autoplay; clipboard-write; encrypted-media; gyroscope; picture-in-picture\" allowfullscreen=\"\"><\/iframe>\n\t<h6>7. Silvia Lorenzi - Estonia - Tallin<\/h6>\n\t<iframe loading=\"lazy\" title=\"07 - Silvia Lorenzi - Estonia - Tallin\" width=\"500\" height=\"281\" src=\"https:\/\/www.youtube.com\/embed\/1_HXMqd8YKQ?list=PLMu5z-QAYunn2fy2xXxXZdGWv3RInRVEr\" frameborder=\"0\" allow=\"accelerometer; autoplay; clipboard-write; encrypted-media; gyroscope; picture-in-picture\" allowfullscreen=\"\"><\/iframe>\n\t<h6>8. Enrico Barone - Estonia - Tallin<\/h6>\n\t<iframe loading=\"lazy\" title=\"08 - Enrico Barone - Estonia - Tallin\" width=\"500\" height=\"281\" src=\"https:\/\/www.youtube.com\/embed\/UCZSmLb749U?list=PLMu5z-QAYunn2fy2xXxXZdGWv3RInRVEr\" frameborder=\"0\" allow=\"accelerometer; autoplay; clipboard-write; encrypted-media; gyroscope; picture-in-picture\" allowfullscreen=\"\"><\/iframe>\n\t<h6>9. Christian Callegari - Estonia - Tallin<\/h6>\n\t<iframe loading=\"lazy\" title=\"09 - Christian Callegari - Estonia - Tallin\" width=\"500\" height=\"281\" src=\"https:\/\/www.youtube.com\/embed\/zxTuOMf_HBk?list=PLMu5z-QAYunn2fy2xXxXZdGWv3RInRVEr\" frameborder=\"0\" allow=\"accelerometer; autoplay; clipboard-write; encrypted-media; gyroscope; picture-in-picture\" allowfullscreen=\"\"><\/iframe>\n\t<h6>10. Davide Ticchi - Estonia - Tallin<\/h6>\n\t<iframe loading=\"lazy\" title=\"10 - Davide Ticchi - Estonia - Tallin\" width=\"500\" height=\"281\" src=\"https:\/\/www.youtube.com\/embed\/r1zkAhE1S70?list=PLMu5z-QAYunn2fy2xXxXZdGWv3RInRVEr\" frameborder=\"0\" allow=\"accelerometer; autoplay; clipboard-write; encrypted-media; gyroscope; picture-in-picture\" allowfullscreen=\"\"><\/iframe>\n\t<h6>11. Irene Cresci - Estonia - Tallin<\/h6>\n\t<iframe loading=\"lazy\" title=\"11 - Irene Cresci - Estonia - Tallin\" width=\"500\" height=\"281\" src=\"https:\/\/www.youtube.com\/embed\/W96M0cS0mx4?list=PLMu5z-QAYunn2fy2xXxXZdGWv3RInRVEr\" frameborder=\"0\" allow=\"accelerometer; autoplay; clipboard-write; encrypted-media; gyroscope; picture-in-picture\" allowfullscreen=\"\"><\/iframe>\n\t<h6>12. Christian Francone - EE.UU. - Nueva York<\/h6>\n\t<iframe loading=\"lazy\" title=\"12 - Christian Francone - Estados Unidos - Nueva York\" width=\"500\" height=\"281\" src=\"https:\/\/www.youtube.com\/embed\/NqHRgRY5tr8?list=PLMu5z-QAYunn2fy2xXxXZdGWv3RInRVEr\" frameborder=\"0\" allow=\"accelerometer; autoplay; clipboard-write; encrypted-media; gyroscope; picture-in-picture\" allowfullscreen=\"\"><\/iframe>\n\t<h6>13. Gino Gialdini - Estados Unidos - Nueva York<\/h6>\n\t<iframe loading=\"lazy\" title=\"13 - Gino Gialdini - Estados Unidos - Nueva York\" width=\"500\" height=\"281\" src=\"https:\/\/www.youtube.com\/embed\/Z_OyV1fifpI?list=PLMu5z-QAYunn2fy2xXxXZdGWv3RInRVEr\" frameborder=\"0\" allow=\"accelerometer; autoplay; clipboard-write; encrypted-media; gyroscope; picture-in-picture\" allowfullscreen=\"\"><\/iframe>\n\t<h6>14. Massimo Veccia - Estados Unidos - Nueva York<\/h6>\n\t<iframe loading=\"lazy\" title=\"14 - Massimo Veccia - Estados Unidos - Nueva York\" width=\"500\" height=\"281\" src=\"https:\/\/www.youtube.com\/embed\/jmUoyb2URjg?list=PLMu5z-QAYunn2fy2xXxXZdGWv3RInRVEr\" frameborder=\"0\" allow=\"accelerometer; autoplay; clipboard-write; encrypted-media; gyroscope; picture-in-picture\" allowfullscreen=\"\"><\/iframe>\n\t<h6>15. Stefano Nicoli - Espa\u00f1a - Barcelona<\/h6>\n\t<iframe loading=\"lazy\" title=\"15 - Stefano Nicoli - Espa\u00f1a - Barcelona\" width=\"500\" height=\"281\" src=\"https:\/\/www.youtube.com\/embed\/BE0SDhLnar8?list=PLMu5z-QAYunn2fy2xXxXZdGWv3RInRVEr\" frameborder=\"0\" allow=\"accelerometer; autoplay; clipboard-write; encrypted-media; gyroscope; picture-in-picture\" allowfullscreen=\"\"><\/iframe>\n\t<h6>16. Alessandra Gonnella - Inglaterra - Londres<\/h6>\n\t<iframe loading=\"lazy\" title=\"16 - Alessandra Gonnella - Inglaterra - Londres\" width=\"500\" height=\"281\" src=\"https:\/\/www.youtube.com\/embed\/3E7PEMGUM-Y?list=PLMu5z-QAYunn2fy2xXxXZdGWv3RInRVEr\" frameborder=\"0\" allow=\"accelerometer; autoplay; clipboard-write; encrypted-media; gyroscope; picture-in-picture\" allowfullscreen=\"\"><\/iframe>\n\t<h6>17. Alessia Affinita - Inglaterra - Londres<\/h6>\n\t<iframe loading=\"lazy\" title=\"17 - Alessia Affinita - Inglaterra - Londres\" width=\"500\" height=\"281\" src=\"https:\/\/www.youtube.com\/embed\/6aRNgrZYdyQ?list=PLMu5z-QAYunn2fy2xXxXZdGWv3RInRVEr\" frameborder=\"0\" allow=\"accelerometer; autoplay; clipboard-write; encrypted-media; gyroscope; picture-in-picture\" allowfullscreen=\"\"><\/iframe>\n\t<h6>18. Filippo Baglini - Inglaterra - Londres<\/h6>\n\t<iframe loading=\"lazy\" title=\"18 - Filippo Baglini - Inglaterra - Londres\" width=\"500\" height=\"281\" src=\"https:\/\/www.youtube.com\/embed\/6VcbRIMmIHw?list=PLMu5z-QAYunn2fy2xXxXZdGWv3RInRVEr\" frameborder=\"0\" allow=\"accelerometer; autoplay; clipboard-write; encrypted-media; gyroscope; picture-in-picture\" allowfullscreen=\"\"><\/iframe>\n\t<h6>19 - Francesco Fanelli - Inglaterra - Londres<\/h6>\n\t<iframe loading=\"lazy\" title=\"19 - Francesco Fanelli - Inglaterra - Londres\" width=\"500\" height=\"281\" src=\"https:\/\/www.youtube.com\/embed\/41eeTwUjEbs?list=PLMu5z-QAYunn2fy2xXxXZdGWv3RInRVEr\" frameborder=\"0\" allow=\"accelerometer; autoplay; clipboard-write; encrypted-media; gyroscope; picture-in-picture\" allowfullscreen=\"\"><\/iframe>\n\t<h6>20 - Matteo Chincarini - Alemania - M\u00fanich<\/h6>\n\t<iframe loading=\"lazy\" title=\"20 - Matteo Chincarini - Alemania - M\u00fanich\" width=\"500\" height=\"281\" src=\"https:\/\/www.youtube.com\/embed\/7xu8SOXLMjA?list=PLMu5z-QAYunn2fy2xXxXZdGWv3RInRVEr\" frameborder=\"0\" allow=\"accelerometer; autoplay; clipboard-write; encrypted-media; gyroscope; picture-in-picture\" allowfullscreen=\"\"><\/iframe>\n\t<h6>21 - Alessandra Altamura - Alemania - M\u00fanich<\/h6>\n\t<h6>22 - Giacomo Beccari - Alemania - M\u00fanich<\/h6>\n\t<iframe loading=\"lazy\" title=\"22 - Giacomo Beccari - Alemania - M\u00fanich\" width=\"500\" height=\"281\" src=\"https:\/\/www.youtube.com\/embed\/p7_YPztH2To?list=PLMu5z-QAYunn2fy2xXxXZdGWv3RInRVEr\" frameborder=\"0\" allow=\"accelerometer; autoplay; clipboard-write; encrypted-media; gyroscope; picture-in-picture\" allowfullscreen=\"\"><\/iframe>\n\t<h6>23 - Valeria Milani - Alemania - M\u00fanich<\/h6>\n\t<iframe loading=\"lazy\" title=\"23 - Valeria Milani - Alemania - M\u00fanich\" width=\"500\" height=\"281\" src=\"https:\/\/www.youtube.com\/embed\/jwSGgW_TvFQ?list=PLMu5z-QAYunn2fy2xXxXZdGWv3RInRVEr\" frameborder=\"0\" allow=\"accelerometer; autoplay; clipboard-write; encrypted-media; gyroscope; picture-in-picture\" allowfullscreen=\"\"><\/iframe>\n\t<h6>24 - Arianna Polidori - EE.UU. - Los \u00c1ngeles<\/h6>\n\t<iframe loading=\"lazy\" title=\"24 - Arianna Pulidori - EE.UU. - Los \u00c1ngeles\" width=\"500\" height=\"281\" src=\"https:\/\/www.youtube.com\/embed\/1INWx6ToEsA?list=PLMu5z-QAYunn2fy2xXxXZdGWv3RInRVEr\" frameborder=\"0\" allow=\"accelerometer; autoplay; clipboard-write; encrypted-media; gyroscope; picture-in-picture\" allowfullscreen=\"\"><\/iframe>\n\t<h6>25 - Edoardo Di Silvestri - EE.UU. - Los \u00c1ngeles<\/h6>\n\t<iframe loading=\"lazy\" title=\"25 - Edoardo Di Silvestri - EE.UU. - Los \u00c1ngeles\" width=\"500\" height=\"281\" src=\"https:\/\/www.youtube.com\/embed\/tkS1SP4g7xg?list=PLMu5z-QAYunn2fy2xXxXZdGWv3RInRVEr\" frameborder=\"0\" allow=\"accelerometer; autoplay; clipboard-write; encrypted-media; gyroscope; picture-in-picture\" allowfullscreen=\"\"><\/iframe>\n\t<h6>26 - Marco Tommaselli - EE.UU. - Los \u00c1ngeles<\/h6>\n\t<iframe loading=\"lazy\" title=\"26 - Marco Tommaselli - EE.UU. - Los Angeles\" width=\"500\" height=\"281\" src=\"https:\/\/www.youtube.com\/embed\/rXSVX40xuY8?list=PLMu5z-QAYunn2fy2xXxXZdGWv3RInRVEr\" frameborder=\"0\" allow=\"accelerometer; autoplay; clipboard-write; encrypted-media; gyroscope; picture-in-picture\" allowfullscreen=\"\"><\/iframe>\n\t<h6>27 - Massimo Forti - EE.UU. - Los \u00c1ngeles<\/h6>\n\t<iframe loading=\"lazy\" title=\"27 - Massimo Forti - EE.UU. - Los \u00c1ngeles\" width=\"500\" height=\"281\" src=\"https:\/\/www.youtube.com\/embed\/zZcBanP6nsg?list=PLMu5z-QAYunn2fy2xXxXZdGWv3RInRVEr\" frameborder=\"0\" allow=\"accelerometer; autoplay; clipboard-write; encrypted-media; gyroscope; picture-in-picture\" allowfullscreen=\"\"><\/iframe>\n\t<h6>28 - Milena Guerra - EE.UU. - Los \u00c1ngeles<\/h6>\n\t<iframe loading=\"lazy\" title=\"28 - Milena Guerra - EE.UU. - Los \u00c1ngeles\" width=\"500\" height=\"281\" src=\"https:\/\/www.youtube.com\/embed\/jST4TttIjt4?list=PLMu5z-QAYunn2fy2xXxXZdGWv3RInRVEr\" frameborder=\"0\" allow=\"accelerometer; autoplay; clipboard-write; encrypted-media; gyroscope; picture-in-picture\" allowfullscreen=\"\"><\/iframe>\n\t<h6>29 - Simone Bartesaghi - EE.UU. - Los \u00c1ngeles<\/h6>\n\t<iframe loading=\"lazy\" title=\"29 - Simone Bartesaghi - EE.UU. - Los \u00c1ngeles\" width=\"500\" height=\"281\" src=\"https:\/\/www.youtube.com\/embed\/7ASQ1RnVyc4?list=PLMu5z-QAYunn2fy2xXxXZdGWv3RInRVEr\" frameborder=\"0\" allow=\"accelerometer; autoplay; clipboard-write; encrypted-media; gyroscope; picture-in-picture\" allowfullscreen=\"\"><\/iframe>\n\t<h6>30 - DaniloCortellini - Reino Unido - Londres<\/h6>\n\t<iframe loading=\"lazy\" title=\"Danilo Cortellini - LONDRES\" width=\"500\" height=\"281\" src=\"https:\/\/www.youtube.com\/embed\/7jlvFAyctj4?feature=oembed\" frameborder=\"0\" allow=\"accelerometer; autoplay; clipboard-write; encrypted-media; gyroscope; picture-in-picture\" allowfullscreen=\"\"><\/iframe>\n\t<p>&nbsp;<\/p>\n<p><strong>Enlace al v\u00eddeo completo<\/strong><\/p>\n\t<h2><a href=\"https:\/\/www.fondazionepaolocresci.it\/video-online\/\" target=\"_blank\" rel=\"noopener\">Italia adi\u00f3s, no volver\u00e9<\/a><\/h2>\n<p><strong>Editado por Barbara Pavarotti en colaboraci\u00f3n con Marinella Mazzanti<\/strong><\/p>\n<p><strong>Narraci\u00f3n de Pietro Luigi Biagioni<\/strong><\/p>\n<p><strong>M\u00fasica original de Massimo Priviero<\/strong><\/p>\n<p>El v\u00eddeo documental es el resultado de 30 entrevistas a 30 j\u00f3venes italianos que se han marchado al extranjero en busca de trabajo en los \u00faltimos a\u00f1os.<\/p>\n<p>Para identificar a j\u00f3venes emigrantes en tres continentes, la Fundaci\u00f3n Paolo Cresci se puso en contacto en 2017 con 70 grupos de Facebook de italianos de todo el mundo, lanzando un llamamiento a unas 350.000 personas.<\/p>\n<p>Las entrevistas, realizadas en Barcelona, Londres, Los \u00c1ngeles, Melbourne, M\u00fanich, Nueva York y Tallin, ofrecen una visi\u00f3n de un fen\u00f3meno que tambi\u00e9n hoy adquiere cifras significativas: en los once a\u00f1os 2011-2021, seg\u00fan datos del ISTAT, 451.585 j\u00f3venes italianos de entre 18 y 34 a\u00f1os trasladaron su residencia al extranjero, mientras que 134.543 procedentes del extranjero se mudaron a Italia. En total, 317.042 j\u00f3venes abandonaron Italia (saldo migratorio).<\/p>\n<p>A diferencia de los del siglo pasado y del anterior, que se marcharon con una maleta de cart\u00f3n y con la angustia de la separaci\u00f3n y el dolor de la tierra perdida en el coraz\u00f3n, en la era de la globalizaci\u00f3n y de los viajes f\u00e1ciles, estos j\u00f3venes se marchan conscientes de s\u00ed mismos y de sus capacidades que no pudieron aplicar en Italia. Italia, un pa\u00eds envejecido y pesimista, ya no parece un lugar para los j\u00f3venes.<\/p>\n<p>&nbsp;<\/p>\n\t\t\t\t<img decoding=\"async\" src=\"https:\/\/www.museoemigrazioneitaliana.org\/wp-content\/plugins\/bb-plugin\/img\/pixel.png\" alt=\"\" itemprop=\"image\" onerror=\"this.style.display='none'\">\n\t\t\t\t<img loading=\"lazy\" decoding=\"async\" src=\"https:\/\/www.museoemigrazioneitaliana.org\/wp-content\/uploads\/2023\/11\/Italia-addio-non-tornero.jpg\" alt=\"Italia adi\u00f3s, no volver\u00e9\" itemprop=\"image\" height=\"2481\" width=\"1754\" title=\"Italia adi\u00f3s, no volver\u00e9\" onerror=\"this.style.display='none'\">\n\t<p><strong>El tr\u00e1iler<\/strong><\/p>\n\t<iframe loading=\"lazy\" title=\"ITALIA ADDIO NON TORNERO&#039; se estrena en Mediaset FOCUS (Canal 35) - Trailer\" width=\"500\" height=\"281\" src=\"https:\/\/www.youtube.com\/embed\/6IR03bSZhtM?feature=oembed\" frameborder=\"0\" allow=\"accelerometer; autoplay; clipboard-write; encrypted-media; gyroscope; picture-in-picture\" allowfullscreen=\"\"><\/iframe>","protected":false},"excerpt":{"rendered":"<p>1. Chiara Suergio &#8211; Australia 2. Eugenio Di Sabatino &#8211; Australia 3. Giovanni Di Lieto &#8211; Australia 4. Sara Lucchetti &#8211; Australia 5. Marco Marroni &#8211; Australia&nbsp; &#8211; Melbourne 6. Federico Levi &#8211; Estonia &#8211; Tallinn 7. Silvia Lorenzi &#8211; Estonia &#8211; Tallinn 8. Enrico Barone &#8211; Estonia &#8211; Tallinn 9. Christian Callegari &#8211; Estonia [&hellip;]<\/p>\n","protected":false},"author":1,"featured_media":0,"parent":115,"menu_order":0,"comment_status":"closed","ping_status":"open","template":"","meta":{"_acf_changed":false,"site-sidebar-layout":"default","site-content-layout":"default","ast-site-content-layout":"default","site-content-style":"default","site-sidebar-style":"default","ast-global-header-display":"","ast-banner-title-visibility":"","ast-main-header-display":"","ast-hfb-above-header-display":"","ast-hfb-below-header-display":"","ast-hfb-mobile-header-display":"","site-post-title":"","ast-breadcrumbs-content":"","ast-featured-img":"","footer-sml-layout":"","ast-disable-related-posts":"","theme-transparent-header-meta":"default","adv-header-id-meta":"","stick-header-meta":"","header-above-stick-meta":"","header-main-stick-meta":"","header-below-stick-meta":"","astra-migrate-meta-layouts":"set","ast-page-background-enabled":"default","ast-page-background-meta":{"desktop":{"background-color":"","background-image":"","background-repeat":"repeat","background-position":"center center","background-size":"auto","background-attachment":"scroll","background-type":"","background-media":"","overlay-type":"","overlay-color":"","overlay-opacity":"","overlay-gradient":""},"tablet":{"background-color":"","background-image":"","background-repeat":"repeat","background-position":"center center","background-size":"auto","background-attachment":"scroll","background-type":"","background-media":"","overlay-type":"","overlay-color":"","overlay-opacity":"","overlay-gradient":""},"mobile":{"background-color":"","background-image":"","background-repeat":"repeat","background-position":"center center","background-size":"auto","background-attachment":"scroll","background-type":"","background-media":"","overlay-type":"","overlay-color":"","overlay-opacity":"","overlay-gradient":""}},"ast-content-background-meta":{"desktop":{"background-color":"var(--ast-global-color-5)","background-image":"","background-repeat":"repeat","background-position":"center center","background-size":"auto","background-attachment":"scroll","background-type":"","background-media":"","overlay-type":"","overlay-color":"","overlay-opacity":"","overlay-gradient":""},"tablet":{"background-color":"var(--ast-global-color-5)","background-image":"","background-repeat":"repeat","background-position":"center center","background-size":"auto","background-attachment":"scroll","background-type":"","background-media":"","overlay-type":"","overlay-color":"","overlay-opacity":"","overlay-gradient":""},"mobile":{"background-color":"var(--ast-global-color-5)","background-image":"","background-repeat":"repeat","background-position":"center center","background-size":"auto","background-attachment":"scroll","background-type":"","background-media":"","overlay-type":"","overlay-color":"","overlay-opacity":"","overlay-gradient":""}},"footnotes":""},"class_list":["post-123","page","type-page","status-publish","hentry"],"acf":[],"_links":{"self":[{"href":"https:\/\/www.museoemigrazioneitaliana.org\/es\/wp-json\/wp\/v2\/pages\/123","targetHints":{"allow":["GET"]}}],"collection":[{"href":"https:\/\/www.museoemigrazioneitaliana.org\/es\/wp-json\/wp\/v2\/pages"}],"about":[{"href":"https:\/\/www.museoemigrazioneitaliana.org\/es\/wp-json\/wp\/v2\/types\/page"}],"author":[{"embeddable":true,"href":"https:\/\/www.museoemigrazioneitaliana.org\/es\/wp-json\/wp\/v2\/users\/1"}],"replies":[{"embeddable":true,"href":"https:\/\/www.museoemigrazioneitaliana.org\/es\/wp-json\/wp\/v2\/comments?post=123"}],"version-history":[{"count":6,"href":"https:\/\/www.museoemigrazioneitaliana.org\/es\/wp-json\/wp\/v2\/pages\/123\/revisions"}],"predecessor-version":[{"id":3511,"href":"https:\/\/www.museoemigrazioneitaliana.org\/es\/wp-json\/wp\/v2\/pages\/123\/revisions\/3511"}],"up":[{"embeddable":true,"href":"https:\/\/www.museoemigrazioneitaliana.org\/es\/wp-json\/wp\/v2\/pages\/115"}],"wp:attachment":[{"href":"https:\/\/www.museoemigrazioneitaliana.org\/es\/wp-json\/wp\/v2\/media?parent=123"}],"curies":[{"name":"wp","href":"https:\/\/api.w.org\/{rel}","templated":true}]}}