{"id":111,"date":"2020-09-17T15:47:22","date_gmt":"2020-09-17T13:47:22","guid":{"rendered":"https:\/\/mei.ms-dev.it\/?page_id=111"},"modified":"2022-03-10T10:55:02","modified_gmt":"2022-03-10T09:55:02","slug":"historias-de-intolerancia","status":"publish","type":"page","link":"https:\/\/www.museoemigrazioneitaliana.org\/es\/la-vita-sociale\/storie-di-intolleranza\/","title":{"rendered":"Historias de intolerancia"},"content":{"rendered":"<p>La historia de la emigraci\u00f3n italiana est\u00e1 salpicada de tr\u00e1gicos episodios de xenofobia, ocurridos tanto en Europa como en Am\u00e9rica, especialmente en la \u00faltima d\u00e9cada del siglo XIX. Las cifras hablan por s\u00ed solas.<\/p>\n<p>En Estados Unidos: en 1891, 11 linchamientos en Nueva Orleans; en 1893, un linchamiento en Denver; en 1895, 6 asesinatos en Walsenburg; en 1896, 5 linchamientos en Tallulah. En Europa: en 1893, varias v\u00edctimas en incidentes en Aigues Mortes, Francia; en 1896, 3 asesinatos en Zurich. Adem\u00e1s, una serie de incidentes -siempre sangrientos pero con desenlaces no mortales- marcaron todo el periodo de la gran emigraci\u00f3n.<\/p>\n<p>Los elementos comunes a todos los episodios fueron: los prejuicios raciales y culturales; el temor a las repercusiones econ\u00f3micas de la afluencia masiva de inmigrantes; y la influencia de la situaci\u00f3n pol\u00edtica general de los pa\u00edses implicados en el fen\u00f3meno migratorio.<\/p>\n<p>Lo fuerte que era la aversi\u00f3n por motivos raciales, especialmente hacia los italianos, considerados poco menos que negros, acostumbrados a los trabajos m\u00e1s duros y que viv\u00edan muy escasamente, queda claro en las innumerables caricaturas despectivas publicadas en peri\u00f3dicos y revistas de muchos pa\u00edses.<\/p>\n\t\t\t\t\t<ul id=\"menu-la-vita-sociale\"><li id=\"menu-item-424\"><a href=\"https:\/\/www.museoemigrazioneitaliana.org\/es\/vida-social\/\">Vida social<\/a>\n<ul>\n\t<li id=\"menu-item-428\"><a href=\"https:\/\/www.museoemigrazioneitaliana.org\/es\/vida-social\/pequena-italia-y-la-dolce-casa\/\">Las \"Peque\u00f1as Italias\" y la dolce casa<\/a><\/li>\n\t<li id=\"menu-item-426\"><a href=\"https:\/\/www.museoemigrazioneitaliana.org\/es\/vida-social\/fundadores-y-colonizadores-de-ciudades\/\">Fundadores y colonizadores de ciudades<\/a><\/li>\n\t<li id=\"menu-item-425\"><a href=\"https:\/\/www.museoemigrazioneitaliana.org\/es\/vida-social\/trabajo-en-equipo\/\">Agrupaci\u00f3n<\/a><\/li>\n\t<li id=\"menu-item-427\"><a href=\"https:\/\/www.museoemigrazioneitaliana.org\/es\/vida-social\/la-escuela-entre-dos-mundos\/\">La escuela entre dos mundos<\/a><\/li>\n\t<li id=\"menu-item-429\"><a href=\"https:\/\/www.museoemigrazioneitaliana.org\/es\/vida-social\/historias-de-intolerancia\/\">Historias de intolerancia<\/a><\/li>\n\t<li id=\"menu-item-430\"><a href=\"https:\/\/www.museoemigrazioneitaliana.org\/es\/vida-social\/hacia-una-identidad-compleja\/\">Hacia una identidad compleja<\/a><\/li>\n<\/ul>\n<\/li>\n<\/ul>","protected":false},"excerpt":{"rendered":"<p>La storia dell&#8217;emigrazione italiana \u00e8 costellata da tragici episodi di xenofobia, verificatisi sia in Europa che in America specialmente nell&#8217;ultimo decennio dell&#8217;Ottocento. Le cifre si commentano da sole. Negli Stati Uniti: nel 1891, 11 linciaggi a New Orleans; nel 1893, un linciaggio a Denver; nel 1895, 6 assassinii a Walsenburg; nel 1896, 5 linciaggi a [&hellip;]<\/p>\n","protected":false},"author":1,"featured_media":0,"parent":101,"menu_order":0,"comment_status":"closed","ping_status":"open","template":"","meta":{"_acf_changed":false,"site-sidebar-layout":"default","site-content-layout":"default","ast-site-content-layout":"default","site-content-style":"default","site-sidebar-style":"default","ast-global-header-display":"","ast-banner-title-visibility":"","ast-main-header-display":"","ast-hfb-above-header-display":"","ast-hfb-below-header-display":"","ast-hfb-mobile-header-display":"","site-post-title":"","ast-breadcrumbs-content":"","ast-featured-img":"","footer-sml-layout":"","ast-disable-related-posts":"","theme-transparent-header-meta":"default","adv-header-id-meta":"","stick-header-meta":"","header-above-stick-meta":"","header-main-stick-meta":"","header-below-stick-meta":"","astra-migrate-meta-layouts":"default","ast-page-background-enabled":"default","ast-page-background-meta":{"desktop":{"background-color":"","background-image":"","background-repeat":"repeat","background-position":"center center","background-size":"auto","background-attachment":"scroll","background-type":"","background-media":"","overlay-type":"","overlay-color":"","overlay-opacity":"","overlay-gradient":""},"tablet":{"background-color":"","background-image":"","background-repeat":"repeat","background-position":"center center","background-size":"auto","background-attachment":"scroll","background-type":"","background-media":"","overlay-type":"","overlay-color":"","overlay-opacity":"","overlay-gradient":""},"mobile":{"background-color":"","background-image":"","background-repeat":"repeat","background-position":"center center","background-size":"auto","background-attachment":"scroll","background-type":"","background-media":"","overlay-type":"","overlay-color":"","overlay-opacity":"","overlay-gradient":""}},"ast-content-background-meta":{"desktop":{"background-color":"var(--ast-global-color-5)","background-image":"","background-repeat":"repeat","background-position":"center center","background-size":"auto","background-attachment":"scroll","background-type":"","background-media":"","overlay-type":"","overlay-color":"","overlay-opacity":"","overlay-gradient":""},"tablet":{"background-color":"var(--ast-global-color-5)","background-image":"","background-repeat":"repeat","background-position":"center center","background-size":"auto","background-attachment":"scroll","background-type":"","background-media":"","overlay-type":"","overlay-color":"","overlay-opacity":"","overlay-gradient":""},"mobile":{"background-color":"var(--ast-global-color-5)","background-image":"","background-repeat":"repeat","background-position":"center center","background-size":"auto","background-attachment":"scroll","background-type":"","background-media":"","overlay-type":"","overlay-color":"","overlay-opacity":"","overlay-gradient":""}},"footnotes":""},"class_list":["post-111","page","type-page","status-publish","hentry"],"acf":[],"_links":{"self":[{"href":"https:\/\/www.museoemigrazioneitaliana.org\/es\/wp-json\/wp\/v2\/pages\/111","targetHints":{"allow":["GET"]}}],"collection":[{"href":"https:\/\/www.museoemigrazioneitaliana.org\/es\/wp-json\/wp\/v2\/pages"}],"about":[{"href":"https:\/\/www.museoemigrazioneitaliana.org\/es\/wp-json\/wp\/v2\/types\/page"}],"author":[{"embeddable":true,"href":"https:\/\/www.museoemigrazioneitaliana.org\/es\/wp-json\/wp\/v2\/users\/1"}],"replies":[{"embeddable":true,"href":"https:\/\/www.museoemigrazioneitaliana.org\/es\/wp-json\/wp\/v2\/comments?post=111"}],"version-history":[{"count":2,"href":"https:\/\/www.museoemigrazioneitaliana.org\/es\/wp-json\/wp\/v2\/pages\/111\/revisions"}],"predecessor-version":[{"id":3178,"href":"https:\/\/www.museoemigrazioneitaliana.org\/es\/wp-json\/wp\/v2\/pages\/111\/revisions\/3178"}],"up":[{"embeddable":true,"href":"https:\/\/www.museoemigrazioneitaliana.org\/es\/wp-json\/wp\/v2\/pages\/101"}],"wp:attachment":[{"href":"https:\/\/www.museoemigrazioneitaliana.org\/es\/wp-json\/wp\/v2\/media?parent=111"}],"curies":[{"name":"wp","href":"https:\/\/api.w.org\/{rel}","templated":true}]}}