{"id":109,"date":"2020-09-17T15:47:04","date_gmt":"2020-09-17T13:47:04","guid":{"rendered":"https:\/\/mei.ms-dev.it\/?page_id=109"},"modified":"2022-03-10T10:54:00","modified_gmt":"2022-03-10T09:54:00","slug":"la-escuela-entre-dos-mundos","status":"publish","type":"page","link":"https:\/\/www.museoemigrazioneitaliana.org\/es\/la-vita-sociale\/la-scuola-tra-due-mondi\/","title":{"rendered":"La escuela entre dos mundos"},"content":{"rendered":"<p>Todos los gobiernos de los pa\u00edses de inmigraci\u00f3n han llevado a cabo, de diferentes maneras y con distintos m\u00e9todos, una labor de integraci\u00f3n con los extranjeros. El hombre que emigraba solo pensaba en ganar dinero para mantener a su familia en casa y acelerar su regreso y, con este objetivo, rechazaba tenazmente cualquier contacto con la lengua desconocida, con costumbres diferentes, incluso con las agradables relacionadas con el tiempo libre. Por otra parte, la presencia de la unidad familiar aceleraba el asentamiento y las mujeres tambi\u00e9n ejerc\u00edan su influencia sobre los hombres sin esposa ni hijos que frecuentaban su casa o eran hu\u00e9spedes en ella como internos.<\/p>\n<p>La pol\u00edtica de integraci\u00f3n m\u00e1s eficaz aplicada por los pa\u00edses de acogida se logr\u00f3 mediante la escolarizaci\u00f3n (desde el ciclo escolar obligatorio para los ni\u00f1os hasta cursos de lengua y cultura general para los adultos) e intervenciones de tipo asistencial destinadas a adquirir r\u00e1pidamente las costumbres y h\u00e1bitos locales.<\/p>\n<p>A su vez, los gobiernos italianos tambi\u00e9n se dieron cuenta de la importancia de mantener a las viejas y nuevas generaciones de emigrantes vinculadas a su patria. Fue Crispi el primero en aprobar una ley org\u00e1nica sobre las escuelas italianas en el extranjero en 1889, pero no se asignaron fondos suficientes para aumentar considerablemente su n\u00famero, al menos en los pa\u00edses a los que se dirig\u00edan masivamente los emigrantes.<\/p>\n<p>Tambi\u00e9n en 1889 se fund\u00f3 la \"Sociedad Dante Alighieri\", una de cuyas tareas era difundir la lengua y la cultura italianas en el extranjero. Los puntos d\u00e9biles de las escuelas eran, en definitiva, los contrastes entre escuelas laicas y confesionales -no remediados ni siquiera por el concordato de 1929 entre el Estado italiano y el Vaticano- y su financiaci\u00f3n, que segu\u00eda siendo cr\u00f3nicamente insuficiente.<\/p>\n\t\t\t\t\t<ul id=\"menu-la-vita-sociale\"><li id=\"menu-item-424\"><a href=\"https:\/\/www.museoemigrazioneitaliana.org\/es\/vida-social\/\">Vida social<\/a>\n<ul>\n\t<li id=\"menu-item-428\"><a href=\"https:\/\/www.museoemigrazioneitaliana.org\/es\/vida-social\/pequena-italia-y-la-dolce-casa\/\">Las \"Peque\u00f1as Italias\" y la dolce casa<\/a><\/li>\n\t<li id=\"menu-item-426\"><a href=\"https:\/\/www.museoemigrazioneitaliana.org\/es\/vida-social\/fundadores-y-colonizadores-de-ciudades\/\">Fundadores y colonizadores de ciudades<\/a><\/li>\n\t<li id=\"menu-item-425\"><a href=\"https:\/\/www.museoemigrazioneitaliana.org\/es\/vida-social\/trabajo-en-equipo\/\">Agrupaci\u00f3n<\/a><\/li>\n\t<li id=\"menu-item-427\"><a href=\"https:\/\/www.museoemigrazioneitaliana.org\/es\/vida-social\/la-escuela-entre-dos-mundos\/\">La escuela entre dos mundos<\/a><\/li>\n\t<li id=\"menu-item-429\"><a href=\"https:\/\/www.museoemigrazioneitaliana.org\/es\/vida-social\/historias-de-intolerancia\/\">Historias de intolerancia<\/a><\/li>\n\t<li id=\"menu-item-430\"><a href=\"https:\/\/www.museoemigrazioneitaliana.org\/es\/vida-social\/hacia-una-identidad-compleja\/\">Hacia una identidad compleja<\/a><\/li>\n<\/ul>\n<\/li>\n<\/ul>","protected":false},"excerpt":{"rendered":"<p>Tutti i governi dei paesi d&#8217;immigrazione hanno svolto, in modi e con metodi diversi, opera di integrazione nei confronti degli stranieri. L&#8217;uomo emigrato da solo pensava a guadagnare per il sostentamento dei suoi in patria e per affrettare i tempi del ritorno e, in quest&#8217;ottica, rifiutava con tenacia ogni contatto con la lingua sconosciuta, con [&hellip;]<\/p>\n","protected":false},"author":1,"featured_media":0,"parent":101,"menu_order":0,"comment_status":"closed","ping_status":"open","template":"","meta":{"_acf_changed":false,"site-sidebar-layout":"default","site-content-layout":"default","ast-site-content-layout":"default","site-content-style":"default","site-sidebar-style":"default","ast-global-header-display":"","ast-banner-title-visibility":"","ast-main-header-display":"","ast-hfb-above-header-display":"","ast-hfb-below-header-display":"","ast-hfb-mobile-header-display":"","site-post-title":"","ast-breadcrumbs-content":"","ast-featured-img":"","footer-sml-layout":"","ast-disable-related-posts":"","theme-transparent-header-meta":"default","adv-header-id-meta":"","stick-header-meta":"","header-above-stick-meta":"","header-main-stick-meta":"","header-below-stick-meta":"","astra-migrate-meta-layouts":"default","ast-page-background-enabled":"default","ast-page-background-meta":{"desktop":{"background-color":"","background-image":"","background-repeat":"repeat","background-position":"center center","background-size":"auto","background-attachment":"scroll","background-type":"","background-media":"","overlay-type":"","overlay-color":"","overlay-opacity":"","overlay-gradient":""},"tablet":{"background-color":"","background-image":"","background-repeat":"repeat","background-position":"center center","background-size":"auto","background-attachment":"scroll","background-type":"","background-media":"","overlay-type":"","overlay-color":"","overlay-opacity":"","overlay-gradient":""},"mobile":{"background-color":"","background-image":"","background-repeat":"repeat","background-position":"center center","background-size":"auto","background-attachment":"scroll","background-type":"","background-media":"","overlay-type":"","overlay-color":"","overlay-opacity":"","overlay-gradient":""}},"ast-content-background-meta":{"desktop":{"background-color":"var(--ast-global-color-5)","background-image":"","background-repeat":"repeat","background-position":"center center","background-size":"auto","background-attachment":"scroll","background-type":"","background-media":"","overlay-type":"","overlay-color":"","overlay-opacity":"","overlay-gradient":""},"tablet":{"background-color":"var(--ast-global-color-5)","background-image":"","background-repeat":"repeat","background-position":"center center","background-size":"auto","background-attachment":"scroll","background-type":"","background-media":"","overlay-type":"","overlay-color":"","overlay-opacity":"","overlay-gradient":""},"mobile":{"background-color":"var(--ast-global-color-5)","background-image":"","background-repeat":"repeat","background-position":"center center","background-size":"auto","background-attachment":"scroll","background-type":"","background-media":"","overlay-type":"","overlay-color":"","overlay-opacity":"","overlay-gradient":""}},"footnotes":""},"class_list":["post-109","page","type-page","status-publish","hentry"],"acf":[],"_links":{"self":[{"href":"https:\/\/www.museoemigrazioneitaliana.org\/es\/wp-json\/wp\/v2\/pages\/109","targetHints":{"allow":["GET"]}}],"collection":[{"href":"https:\/\/www.museoemigrazioneitaliana.org\/es\/wp-json\/wp\/v2\/pages"}],"about":[{"href":"https:\/\/www.museoemigrazioneitaliana.org\/es\/wp-json\/wp\/v2\/types\/page"}],"author":[{"embeddable":true,"href":"https:\/\/www.museoemigrazioneitaliana.org\/es\/wp-json\/wp\/v2\/users\/1"}],"replies":[{"embeddable":true,"href":"https:\/\/www.museoemigrazioneitaliana.org\/es\/wp-json\/wp\/v2\/comments?post=109"}],"version-history":[{"count":2,"href":"https:\/\/www.museoemigrazioneitaliana.org\/es\/wp-json\/wp\/v2\/pages\/109\/revisions"}],"predecessor-version":[{"id":3176,"href":"https:\/\/www.museoemigrazioneitaliana.org\/es\/wp-json\/wp\/v2\/pages\/109\/revisions\/3176"}],"up":[{"embeddable":true,"href":"https:\/\/www.museoemigrazioneitaliana.org\/es\/wp-json\/wp\/v2\/pages\/101"}],"wp:attachment":[{"href":"https:\/\/www.museoemigrazioneitaliana.org\/es\/wp-json\/wp\/v2\/media?parent=109"}],"curies":[{"name":"wp","href":"https:\/\/api.w.org\/{rel}","templated":true}]}}