{"id":105,"date":"2020-09-17T15:46:16","date_gmt":"2020-09-17T13:46:16","guid":{"rendered":"https:\/\/mei.ms-dev.it\/?page_id=105"},"modified":"2022-03-10T10:52:09","modified_gmt":"2022-03-10T09:52:09","slug":"fundadores-y-colonizadores-de-ciudades","status":"publish","type":"page","link":"https:\/\/www.museoemigrazioneitaliana.org\/es\/la-vita-sociale\/fondatori-di-citta-e-colonizzatori\/","title":{"rendered":"Fundadores y colonizadores de ciudades"},"content":{"rendered":"<p>La inmigraci\u00f3n italiana en Estados Unidos, aunque compuesta en gran parte por agricultores, se ha mantenido alejada de la agricultura, con excepciones en los estados del sur. Dos nombres destacan sobre todos los dem\u00e1s: Tontitown, en Arkansas, una colonia con una historia turbulenta, fundada en 1898 y que sigue siendo hoy una peque\u00f1a ciudad con un fuerte componente italiano, y, en California, la Italian- Swiss Agricoltural Colony, fundada en 1881 en el valle de Sonoma por el ligur Andrea Sbarboro, precursor de todas las empresas creadas por italianos en los \"condados del vino\".<\/p>\n<p>La situaci\u00f3n en Am\u00e9rica Latina era diferente. En Brasil, en los estados de Rio Grande del Sud, Paran\u00e1 y Santa Caterina, campesinos del V\u00e9neto, Friul, Trento y Lombard\u00eda fundaron n\u00facleos coloniales a los que dieron los nombres de sus pa\u00edses de origen. La colonizaci\u00f3n no fue f\u00e1cil a pesar de las ayudas y facilidades concedidas por los distintos gobiernos estatales.<\/p>\n<p>En Argentina, se puede tomar como ejemplo Villa Regina, en la provincia de R\u00edo Negro, donde, con una expresi\u00f3n que puede parecer ret\u00f3rica pero que no lo es, los colonos italianos transformaron el desierto en espl\u00e9ndidas extensiones de huertos y vi\u00f1edos, de plantaciones de alfalfa, ma\u00edz y hortalizas varias. El \"secreto\" de esta transformaci\u00f3n fue, adem\u00e1s del infatigable trabajo de los colonos, un grandioso sistema de riego que dise\u00f1\u00f3 el ingeniero Cipolletti utilizando las aguas del R\u00edo Negro y de otros r\u00edos de la zona.<\/p>\n<p>Una trayectoria singular de varios italianos ha sido la de fundadores de ciudades. A veces ha sucedido que peque\u00f1os empresarios, que trabajaban en la construcci\u00f3n ferroviaria, han tenido la inteligencia de preceder a las v\u00edas en lugar de seguirlas y, por ello, han adquirido parcelas de terreno aptas para las futuras estaciones, y las ciudades que crecer\u00edan a su alrededor, instalando tambi\u00e9n aserraderos para la producci\u00f3n de traviesas y la construcci\u00f3n de refugios.<\/p>\n<p>Haber participado en esta g\u00e9nesis les vali\u00f3 a los protagonistas el t\u00edtulo de \"fundadores de la ciudad\", que, en los confines y la memoria de la ciudad incipiente, se corresponde lejanamente con el de los \"padres peregrinos\" norteamericanos. No se trata de un oficio, ni de una profesi\u00f3n, sino de una actividad polifac\u00e9tica ligada a la especificidad y temporalidad de las nuevas fronteras.<\/p>\n\t\t\t\t\t<ul id=\"menu-la-vita-sociale\"><li id=\"menu-item-424\"><a href=\"https:\/\/www.museoemigrazioneitaliana.org\/es\/vida-social\/\">Vida social<\/a>\n<ul>\n\t<li id=\"menu-item-428\"><a href=\"https:\/\/www.museoemigrazioneitaliana.org\/es\/vida-social\/pequena-italia-y-la-dolce-casa\/\">Las \"Peque\u00f1as Italias\" y la dolce casa<\/a><\/li>\n\t<li id=\"menu-item-426\"><a href=\"https:\/\/www.museoemigrazioneitaliana.org\/es\/vida-social\/fundadores-y-colonizadores-de-ciudades\/\">Fundadores y colonizadores de ciudades<\/a><\/li>\n\t<li id=\"menu-item-425\"><a href=\"https:\/\/www.museoemigrazioneitaliana.org\/es\/vida-social\/trabajo-en-equipo\/\">Agrupaci\u00f3n<\/a><\/li>\n\t<li id=\"menu-item-427\"><a href=\"https:\/\/www.museoemigrazioneitaliana.org\/es\/vida-social\/la-escuela-entre-dos-mundos\/\">La escuela entre dos mundos<\/a><\/li>\n\t<li id=\"menu-item-429\"><a href=\"https:\/\/www.museoemigrazioneitaliana.org\/es\/vida-social\/historias-de-intolerancia\/\">Historias de intolerancia<\/a><\/li>\n\t<li id=\"menu-item-430\"><a href=\"https:\/\/www.museoemigrazioneitaliana.org\/es\/vida-social\/hacia-una-identidad-compleja\/\">Hacia una identidad compleja<\/a><\/li>\n<\/ul>\n<\/li>\n<\/ul>","protected":false},"excerpt":{"rendered":"<p>L&#8217;immigrazione italiana negli Stati Uniti, pur essendo composta in gran parte da contadini, si \u00e8 tenuta lontana dall&#8217;agricoltura con eccezioni negli Stati del Sud. Due nomi risaltano su tutti gli altri: Tontitown, in Arkansas, colonia dalla travagliata storia, fondata nel 1898 e ancora oggi un piccolo paese con una forte componente italiana, e, in California, [&hellip;]<\/p>\n","protected":false},"author":1,"featured_media":0,"parent":101,"menu_order":0,"comment_status":"closed","ping_status":"open","template":"","meta":{"_acf_changed":false,"site-sidebar-layout":"default","site-content-layout":"default","ast-site-content-layout":"default","site-content-style":"default","site-sidebar-style":"default","ast-global-header-display":"","ast-banner-title-visibility":"","ast-main-header-display":"","ast-hfb-above-header-display":"","ast-hfb-below-header-display":"","ast-hfb-mobile-header-display":"","site-post-title":"","ast-breadcrumbs-content":"","ast-featured-img":"","footer-sml-layout":"","ast-disable-related-posts":"","theme-transparent-header-meta":"default","adv-header-id-meta":"","stick-header-meta":"","header-above-stick-meta":"","header-main-stick-meta":"","header-below-stick-meta":"","astra-migrate-meta-layouts":"default","ast-page-background-enabled":"default","ast-page-background-meta":{"desktop":{"background-color":"","background-image":"","background-repeat":"repeat","background-position":"center center","background-size":"auto","background-attachment":"scroll","background-type":"","background-media":"","overlay-type":"","overlay-color":"","overlay-opacity":"","overlay-gradient":""},"tablet":{"background-color":"","background-image":"","background-repeat":"repeat","background-position":"center center","background-size":"auto","background-attachment":"scroll","background-type":"","background-media":"","overlay-type":"","overlay-color":"","overlay-opacity":"","overlay-gradient":""},"mobile":{"background-color":"","background-image":"","background-repeat":"repeat","background-position":"center center","background-size":"auto","background-attachment":"scroll","background-type":"","background-media":"","overlay-type":"","overlay-color":"","overlay-opacity":"","overlay-gradient":""}},"ast-content-background-meta":{"desktop":{"background-color":"var(--ast-global-color-5)","background-image":"","background-repeat":"repeat","background-position":"center center","background-size":"auto","background-attachment":"scroll","background-type":"","background-media":"","overlay-type":"","overlay-color":"","overlay-opacity":"","overlay-gradient":""},"tablet":{"background-color":"var(--ast-global-color-5)","background-image":"","background-repeat":"repeat","background-position":"center center","background-size":"auto","background-attachment":"scroll","background-type":"","background-media":"","overlay-type":"","overlay-color":"","overlay-opacity":"","overlay-gradient":""},"mobile":{"background-color":"var(--ast-global-color-5)","background-image":"","background-repeat":"repeat","background-position":"center center","background-size":"auto","background-attachment":"scroll","background-type":"","background-media":"","overlay-type":"","overlay-color":"","overlay-opacity":"","overlay-gradient":""}},"footnotes":""},"class_list":["post-105","page","type-page","status-publish","hentry"],"acf":[],"_links":{"self":[{"href":"https:\/\/www.museoemigrazioneitaliana.org\/es\/wp-json\/wp\/v2\/pages\/105","targetHints":{"allow":["GET"]}}],"collection":[{"href":"https:\/\/www.museoemigrazioneitaliana.org\/es\/wp-json\/wp\/v2\/pages"}],"about":[{"href":"https:\/\/www.museoemigrazioneitaliana.org\/es\/wp-json\/wp\/v2\/types\/page"}],"author":[{"embeddable":true,"href":"https:\/\/www.museoemigrazioneitaliana.org\/es\/wp-json\/wp\/v2\/users\/1"}],"replies":[{"embeddable":true,"href":"https:\/\/www.museoemigrazioneitaliana.org\/es\/wp-json\/wp\/v2\/comments?post=105"}],"version-history":[{"count":2,"href":"https:\/\/www.museoemigrazioneitaliana.org\/es\/wp-json\/wp\/v2\/pages\/105\/revisions"}],"predecessor-version":[{"id":3174,"href":"https:\/\/www.museoemigrazioneitaliana.org\/es\/wp-json\/wp\/v2\/pages\/105\/revisions\/3174"}],"up":[{"embeddable":true,"href":"https:\/\/www.museoemigrazioneitaliana.org\/es\/wp-json\/wp\/v2\/pages\/101"}],"wp:attachment":[{"href":"https:\/\/www.museoemigrazioneitaliana.org\/es\/wp-json\/wp\/v2\/media?parent=105"}],"curies":[{"name":"wp","href":"https:\/\/api.w.org\/{rel}","templated":true}]}}