{"id":101,"date":"2020-09-17T15:45:36","date_gmt":"2020-09-17T13:45:36","guid":{"rendered":"https:\/\/mei.ms-dev.it\/?page_id=101"},"modified":"2022-03-10T10:50:29","modified_gmt":"2022-03-10T09:50:29","slug":"vida-social","status":"publish","type":"page","link":"https:\/\/www.museoemigrazioneitaliana.org\/es\/la-vita-sociale\/","title":{"rendered":"Vida social"},"content":{"rendered":"<p>La vida social de los emigrantes se desarrollaba casi exclusivamente dentro de las Peque\u00f1as Italias. Los barrios italianos estaban siempre densamente poblados y reproduc\u00edan la energ\u00eda y la confusi\u00f3n t\u00edpicas de Italia, rodeados de vendedores ambulantes de comida y buhoneros.  La vida comunitaria era muy sentida por los emigrantes italianos, que se sent\u00edan como en casa en sus barrios, y a menudo tambi\u00e9n manifestaban formas de cerraz\u00f3n hacia el mundo exterior, debido tambi\u00e9n a las dificultades ling\u00fc\u00edsticas, sobre todo en los pa\u00edses angl\u00f3fonos. Esto ralentiz\u00f3 enormemente cualquier forma de integraci\u00f3n, que fue m\u00e1s r\u00e1pida en los pa\u00edses latinoamericanos debido a su proximidad ling\u00fc\u00edstica y cultural.<\/p>\n<p>Las Peque\u00f1as Italias adquir\u00edan a menudo una connotaci\u00f3n regional, alimentada por la cadena migratoria. El punto de referencia era la iglesia del barrio, coraz\u00f3n de la fiesta patronal, y todos aquellos negocios donde se pod\u00eda socializar con los compatriotas, como tabernas, bares, tiendas; aqu\u00ed, a menudo era posible comprar alimentos de la tierra de origen.<\/p>\n<p>En las Peque\u00f1as Italias nacieron las asociaciones entre compatriotas: las primeras en surgir fueron las de ayuda mutua, fundamentales para superar cualquier dificultad de los miembros en un pa\u00eds extranjero.<\/p>\n\t<iframe loading=\"lazy\" title=\"EL IDIOMA - Emigraci\u00f3n italiana\" width=\"500\" height=\"281\" src=\"https:\/\/www.youtube.com\/embed\/ZOggnRur6gw?feature=oembed\" frameborder=\"0\" allow=\"accelerometer; autoplay; clipboard-write; encrypted-media; gyroscope; picture-in-picture\" allowfullscreen><\/iframe>\n\t\t\t\t\t<ul id=\"menu-la-vita-sociale\"><li id=\"menu-item-424\"><a href=\"https:\/\/www.museoemigrazioneitaliana.org\/es\/vida-social\/\">Vida social<\/a>\n<ul>\n\t<li id=\"menu-item-428\"><a href=\"https:\/\/www.museoemigrazioneitaliana.org\/es\/vida-social\/pequena-italia-y-la-dolce-casa\/\">Las \"Peque\u00f1as Italias\" y la dolce casa<\/a><\/li>\n\t<li id=\"menu-item-426\"><a href=\"https:\/\/www.museoemigrazioneitaliana.org\/es\/vida-social\/fundadores-y-colonizadores-de-ciudades\/\">Fundadores y colonizadores de ciudades<\/a><\/li>\n\t<li id=\"menu-item-425\"><a href=\"https:\/\/www.museoemigrazioneitaliana.org\/es\/vida-social\/trabajo-en-equipo\/\">Agrupaci\u00f3n<\/a><\/li>\n\t<li id=\"menu-item-427\"><a href=\"https:\/\/www.museoemigrazioneitaliana.org\/es\/vida-social\/la-escuela-entre-dos-mundos\/\">La escuela entre dos mundos<\/a><\/li>\n\t<li id=\"menu-item-429\"><a href=\"https:\/\/www.museoemigrazioneitaliana.org\/es\/vida-social\/historias-de-intolerancia\/\">Historias de intolerancia<\/a><\/li>\n\t<li id=\"menu-item-430\"><a href=\"https:\/\/www.museoemigrazioneitaliana.org\/es\/vida-social\/hacia-una-identidad-compleja\/\">Hacia una identidad compleja<\/a><\/li>\n<\/ul>\n<\/li>\n<\/ul>","protected":false},"excerpt":{"rendered":"<p>La vita sociale degli emigranti si svolgeva quasi per intero all&#8217;interno delle Piccole Italie. I quartieri italiani erano sempre densamente popolati, e riproducevano quell&#8217;energia e quella confusione tipica dell&#8217;Italia, contornati da venditori di cibo di strada e ambulanti.\u00a0 La vita di comunit\u00e0 era molto sentita dagli emigranti italiani, che nel loro quartiere si sentivano a [&hellip;]<\/p>\n","protected":false},"author":1,"featured_media":0,"parent":0,"menu_order":0,"comment_status":"closed","ping_status":"open","template":"","meta":{"_acf_changed":false,"site-sidebar-layout":"default","site-content-layout":"default","ast-site-content-layout":"default","site-content-style":"default","site-sidebar-style":"default","ast-global-header-display":"","ast-banner-title-visibility":"","ast-main-header-display":"","ast-hfb-above-header-display":"","ast-hfb-below-header-display":"","ast-hfb-mobile-header-display":"","site-post-title":"","ast-breadcrumbs-content":"","ast-featured-img":"","footer-sml-layout":"","ast-disable-related-posts":"","theme-transparent-header-meta":"default","adv-header-id-meta":"","stick-header-meta":"","header-above-stick-meta":"","header-main-stick-meta":"","header-below-stick-meta":"","astra-migrate-meta-layouts":"default","ast-page-background-enabled":"default","ast-page-background-meta":{"desktop":{"background-color":"","background-image":"","background-repeat":"repeat","background-position":"center center","background-size":"auto","background-attachment":"scroll","background-type":"","background-media":"","overlay-type":"","overlay-color":"","overlay-opacity":"","overlay-gradient":""},"tablet":{"background-color":"","background-image":"","background-repeat":"repeat","background-position":"center center","background-size":"auto","background-attachment":"scroll","background-type":"","background-media":"","overlay-type":"","overlay-color":"","overlay-opacity":"","overlay-gradient":""},"mobile":{"background-color":"","background-image":"","background-repeat":"repeat","background-position":"center center","background-size":"auto","background-attachment":"scroll","background-type":"","background-media":"","overlay-type":"","overlay-color":"","overlay-opacity":"","overlay-gradient":""}},"ast-content-background-meta":{"desktop":{"background-color":"var(--ast-global-color-5)","background-image":"","background-repeat":"repeat","background-position":"center center","background-size":"auto","background-attachment":"scroll","background-type":"","background-media":"","overlay-type":"","overlay-color":"","overlay-opacity":"","overlay-gradient":""},"tablet":{"background-color":"var(--ast-global-color-5)","background-image":"","background-repeat":"repeat","background-position":"center center","background-size":"auto","background-attachment":"scroll","background-type":"","background-media":"","overlay-type":"","overlay-color":"","overlay-opacity":"","overlay-gradient":""},"mobile":{"background-color":"var(--ast-global-color-5)","background-image":"","background-repeat":"repeat","background-position":"center center","background-size":"auto","background-attachment":"scroll","background-type":"","background-media":"","overlay-type":"","overlay-color":"","overlay-opacity":"","overlay-gradient":""}},"footnotes":""},"class_list":["post-101","page","type-page","status-publish","hentry"],"acf":[],"_links":{"self":[{"href":"https:\/\/www.museoemigrazioneitaliana.org\/es\/wp-json\/wp\/v2\/pages\/101","targetHints":{"allow":["GET"]}}],"collection":[{"href":"https:\/\/www.museoemigrazioneitaliana.org\/es\/wp-json\/wp\/v2\/pages"}],"about":[{"href":"https:\/\/www.museoemigrazioneitaliana.org\/es\/wp-json\/wp\/v2\/types\/page"}],"author":[{"embeddable":true,"href":"https:\/\/www.museoemigrazioneitaliana.org\/es\/wp-json\/wp\/v2\/users\/1"}],"replies":[{"embeddable":true,"href":"https:\/\/www.museoemigrazioneitaliana.org\/es\/wp-json\/wp\/v2\/comments?post=101"}],"version-history":[{"count":2,"href":"https:\/\/www.museoemigrazioneitaliana.org\/es\/wp-json\/wp\/v2\/pages\/101\/revisions"}],"predecessor-version":[{"id":3172,"href":"https:\/\/www.museoemigrazioneitaliana.org\/es\/wp-json\/wp\/v2\/pages\/101\/revisions\/3172"}],"wp:attachment":[{"href":"https:\/\/www.museoemigrazioneitaliana.org\/es\/wp-json\/wp\/v2\/media?parent=101"}],"curies":[{"name":"wp","href":"https:\/\/api.w.org\/{rel}","templated":true}]}}