{"id":99,"date":"2020-09-17T15:45:16","date_gmt":"2020-09-17T13:45:16","guid":{"rendered":"https:\/\/mei.ms-dev.it\/?page_id=99"},"modified":"2022-03-10T10:44:16","modified_gmt":"2022-03-10T09:44:16","slug":"fur-das-heimatland","status":"publish","type":"page","link":"https:\/\/www.museoemigrazioneitaliana.org\/de\/il-legame-con-litalia\/per-la-patria\/","title":{"rendered":"F\u00fcr das Heimatland"},"content":{"rendered":"<p>Der Stift ist ein Werkzeug, das in den H\u00e4nden derjenigen, die nicht wissen, wie man es benutzt, nicht gef\u00fcgig ist, und deshalb stand in den Briefen der Auswanderer oft \"nichts\". Die \u00dcberweisungen hingegen zeugten unmissverst\u00e4ndlich davon, dass es nicht an Arbeit und Gesundheit fehlte und dass das Migrationsprojekt verwirklicht wurde. Diese hart erarbeiteten Ersparnisse, die das Gl\u00fcck so vieler Familien verbesserten, waren auch eine St\u00fctze f\u00fcr die industrielle Entwicklung unseres Landes.<\/p>\n<p>Nach einer Studie von Francesco Balletta \u00fcberstiegen in den ersten f\u00fcnfzehn Jahren des 20. Jahrhunderts die \u00dcberweisungen aus dem Ausland j\u00e4hrlich die Einnahmen aus den direkten Steuern des italienischen Staates.<\/p>\n<p>In Wirklichkeit waren sie sogar noch gr\u00f6\u00dfer, denn die Studie bezieht sich nur auf das, was \u00fcber die Banco di Napoli gesammelt wurde, das einzige Kreditinstitut, das seit 1901 institutionell mit dieser Aufgabe betraut war. Die Ersparnisse, die aus dem Ausland \u00fcber unz\u00e4hlige \"Bankiers\" und kleine Bankiers geschickt wurden, entziehen sich daher der Berechnung, ganz zu schweigen von denen, die \"von Hand\" nach Italien geschickt oder gebracht wurden. Nat\u00fcrlich dienten die \u00dcberweisungen in erster Linie dazu, die Schulden der Familie aus der Vergangenheit und die Schulden, die zur Finanzierung der Auswanderung aufgenommen wurden, zu begleichen.<\/p>\n<p>Die Beziehung zu Italien endete nat\u00fcrlich nicht mit den \u00dcberweisungen an die Familien. Selbst bei Naturkatastrophen wie Erdbeben und \u00dcberschwemmungen schickten Gemeinschaften in aller Welt Geld in die Heimat. Eine ebenso gro\u00dfz\u00fcgige Reaktion erfolgte w\u00e4hrend des Ersten und Zweiten Weltkriegs, als nicht nur Geld, sondern auch wehrf\u00e4hige M\u00e4nner aus dem Ausland kamen.<\/p>\n<p>Auch in den 1930er Jahren, w\u00e4hrend der Sanktionen gegen Italien wegen des Krieges in \u00c4thiopien, leisteten die Emigranten und ihre Nachkommen einen konkreten Beitrag.<\/p>\n\t\t\t\t\t<ul id=\"menu-il-legame-con-litalia\"><li id=\"menu-item-417\"><a href=\"https:\/\/www.museoemigrazioneitaliana.org\/de\/die-verbindung-mit-italien\/\">Die Verbindung zu Italien<\/a>\n<ul>\n\t<li id=\"menu-item-423\"><a href=\"https:\/\/www.museoemigrazioneitaliana.org\/de\/die-verbindung-mit-italien\/ich-schreibe-diesen-brief-an-sie\/\">Ich schreibe diesen Brief an Sie<\/a><\/li>\n\t<li id=\"menu-item-420\"><a href=\"https:\/\/www.museoemigrazioneitaliana.org\/de\/die-verbindung-mit-italien\/mein-ganzes-leben\/\">Mein ganzes Leben<\/a><\/li>\n\t<li id=\"menu-item-419\"><a href=\"https:\/\/www.museoemigrazioneitaliana.org\/de\/die-verbindung-mit-italien\/heilige-und-prozessionen\/\">Heilige und Prozessionen<\/a><\/li>\n\t<li id=\"menu-item-418\"><a href=\"https:\/\/www.museoemigrazioneitaliana.org\/de\/die-verbindung-mit-italien\/fur-das-heimatland\/\">F\u00fcr das Heimatland<\/a><\/li>\n<\/ul>\n<\/li>\n<\/ul>","protected":false},"excerpt":{"rendered":"<p>La penna \u00e8 uno strumento non docile nelle mani di chi non sa usarla e perci\u00f2 le lettere degli emigrati spesso non dicevano &#8220;niente&#8221;. Le rimesse, invece, attestavano, senza possibilit\u00e0 di equivoci, che il lavoro e la salute non mancavano e che il progetto migratorio si stava realizzando. Quei sudati risparmi, che sollevarono le sorti [&hellip;]<\/p>\n","protected":false},"author":1,"featured_media":0,"parent":91,"menu_order":0,"comment_status":"closed","ping_status":"open","template":"","meta":{"_acf_changed":false,"site-sidebar-layout":"default","site-content-layout":"default","ast-site-content-layout":"default","site-content-style":"default","site-sidebar-style":"default","ast-global-header-display":"","ast-banner-title-visibility":"","ast-main-header-display":"","ast-hfb-above-header-display":"","ast-hfb-below-header-display":"","ast-hfb-mobile-header-display":"","site-post-title":"","ast-breadcrumbs-content":"","ast-featured-img":"","footer-sml-layout":"","ast-disable-related-posts":"","theme-transparent-header-meta":"default","adv-header-id-meta":"","stick-header-meta":"","header-above-stick-meta":"","header-main-stick-meta":"","header-below-stick-meta":"","astra-migrate-meta-layouts":"default","ast-page-background-enabled":"default","ast-page-background-meta":{"desktop":{"background-color":"","background-image":"","background-repeat":"repeat","background-position":"center center","background-size":"auto","background-attachment":"scroll","background-type":"","background-media":"","overlay-type":"","overlay-color":"","overlay-opacity":"","overlay-gradient":""},"tablet":{"background-color":"","background-image":"","background-repeat":"repeat","background-position":"center center","background-size":"auto","background-attachment":"scroll","background-type":"","background-media":"","overlay-type":"","overlay-color":"","overlay-opacity":"","overlay-gradient":""},"mobile":{"background-color":"","background-image":"","background-repeat":"repeat","background-position":"center center","background-size":"auto","background-attachment":"scroll","background-type":"","background-media":"","overlay-type":"","overlay-color":"","overlay-opacity":"","overlay-gradient":""}},"ast-content-background-meta":{"desktop":{"background-color":"var(--ast-global-color-5)","background-image":"","background-repeat":"repeat","background-position":"center center","background-size":"auto","background-attachment":"scroll","background-type":"","background-media":"","overlay-type":"","overlay-color":"","overlay-opacity":"","overlay-gradient":""},"tablet":{"background-color":"var(--ast-global-color-5)","background-image":"","background-repeat":"repeat","background-position":"center center","background-size":"auto","background-attachment":"scroll","background-type":"","background-media":"","overlay-type":"","overlay-color":"","overlay-opacity":"","overlay-gradient":""},"mobile":{"background-color":"var(--ast-global-color-5)","background-image":"","background-repeat":"repeat","background-position":"center center","background-size":"auto","background-attachment":"scroll","background-type":"","background-media":"","overlay-type":"","overlay-color":"","overlay-opacity":"","overlay-gradient":""}},"footnotes":""},"class_list":["post-99","page","type-page","status-publish","hentry"],"acf":[],"_links":{"self":[{"href":"https:\/\/www.museoemigrazioneitaliana.org\/de\/wp-json\/wp\/v2\/pages\/99","targetHints":{"allow":["GET"]}}],"collection":[{"href":"https:\/\/www.museoemigrazioneitaliana.org\/de\/wp-json\/wp\/v2\/pages"}],"about":[{"href":"https:\/\/www.museoemigrazioneitaliana.org\/de\/wp-json\/wp\/v2\/types\/page"}],"author":[{"embeddable":true,"href":"https:\/\/www.museoemigrazioneitaliana.org\/de\/wp-json\/wp\/v2\/users\/1"}],"replies":[{"embeddable":true,"href":"https:\/\/www.museoemigrazioneitaliana.org\/de\/wp-json\/wp\/v2\/comments?post=99"}],"version-history":[{"count":2,"href":"https:\/\/www.museoemigrazioneitaliana.org\/de\/wp-json\/wp\/v2\/pages\/99\/revisions"}],"predecessor-version":[{"id":3162,"href":"https:\/\/www.museoemigrazioneitaliana.org\/de\/wp-json\/wp\/v2\/pages\/99\/revisions\/3162"}],"up":[{"embeddable":true,"href":"https:\/\/www.museoemigrazioneitaliana.org\/de\/wp-json\/wp\/v2\/pages\/91"}],"wp:attachment":[{"href":"https:\/\/www.museoemigrazioneitaliana.org\/de\/wp-json\/wp\/v2\/media?parent=99"}],"curies":[{"name":"wp","href":"https:\/\/api.w.org\/{rel}","templated":true}]}}